{"id":28635,"date":"2025-09-11T09:26:17","date_gmt":"2025-09-11T06:26:17","guid":{"rendered":"https:\/\/keluvo.com\/se\/product\/musikalisk-mugg\/"},"modified":"2025-09-30T11:18:09","modified_gmt":"2025-09-30T08:18:09","slug":"musikalisk-mugg","status":"publish","type":"product","link":"https:\/\/keluvo.com\/se\/product\/musikalisk-mugg\/","title":{"rendered":"Musikalisk mugg"},"content":{"rendered":"<p style=\"text-align: center\"><span style=\"font-weight: 400\">\u2615<strong>Introducera Den Musikaliska Muggen \u2013 Ditt Glada S\u00e4tt Att Smutta Och Le Varje Dag.<\/strong>\ud83c\udfbb<\/span><\/p>\n<p style=\"text-align: center\"><span style=\"font-weight: 400\">Drick med stil. Den h\u00e4r coola muggen har ett roligt handtag format som ett musikinstrument &#8211; perfekt f\u00f6r musik\u00e4lskare.<\/span><\/p>\n<p><img decoding=\"async\" class=\"size-full wp-image-17221 aligncenter\" src=\"https:\/\/keluvo.com\/template\/wp-content\/uploads\/sites\/5\/2025\/05\/c1e6f602-6b63-4a20-84a4-951b9528e8a9.webp\" alt=\"\" \/><\/p>\n<h2 style=\"text-align: center\">Huvudf\u00f6rdelar \ud83c\udfb6<\/h2>\n<p><span style=\"font-weight: 400\">God f\u00f6r kaffe, te eller andra drycker<\/span><\/p>\n<p><span style=\"font-weight: 400\">G\u00f6r din dag ljusare med roliga musikvibbar<\/span><\/p>\n<p><span style=\"font-weight: 400\">Stark och s\u00e4ker &#8211; tillverkad av h\u00f6gkvalitativ keramik<\/span><\/p>\n<p><span style=\"font-weight: 400\">Finns i roliga stilar &#8211; v\u00e4lj mellan 14 olika musikinstrument<\/span><\/p>\n<p><span style=\"font-weight: 400\">God present till v\u00e4nner, musiker och musikfans<\/span><\/p>\n<p><img decoding=\"async\" class=\"size-full wp-image-17223 aligncenter\" src=\"https:\/\/keluvo.com\/template\/wp-content\/uploads\/sites\/5\/2025\/05\/6b0ad4fb-83d7-4e48-8107-e107537d660f.webp\" alt=\"\" \/><\/p>\n<h2 style=\"text-align: center\">Huvuderbjudande <span style=\"font-weight: 400\">\u2615<\/span><\/h2>\n<p style=\"text-align: center\"><span style=\"font-weight: 400\">Den h\u00e4r muggen \u00e4r inte bara f\u00f6r drycker &#8211; det \u00e4r en liten bit av gl\u00e4dje! Oavsett om du \u00e4r musik\u00e4lskare eller bara vill ha en rolig mugg \u00e4r den h\u00e4r n\u00e5got f\u00f6r dig. Med tryck av musiknoter och ett speciellt handtag ger den energi och leenden till din dag. Perfekt f\u00f6r morgnar, avkopplande kv\u00e4llar eller roliga presenter.<\/span><\/p>\n<h2 style=\"text-align: center\">\ud83d\udce6Paketet Inneh\u00e5ller<\/h2>\n<ul>\n<li style=\"font-weight: 400\"><span style=\"font-weight: 400\">1x keramisk musikmugg (300 ml).<\/span><\/li>\n<\/ul>\n","protected":false},"excerpt":{"rendered":"<p>\u2615Introducera Den Musikaliska Muggen \u2013 Ditt Glada S\u00e4tt Att Smutta Och Le Varje Dag.\ud83c\udfbb Drick med stil. Den h\u00e4r coola [&hellip;]<\/p>\n","protected":false},"featured_media":28631,"comment_status":"open","ping_status":"closed","template":"","meta":{"site-sidebar-layout":"default","site-content-layout":"","ast-site-content-layout":"default","site-content-style":"default","site-sidebar-style":"default","ast-global-header-display":"","ast-banner-title-visibility":"","ast-main-header-display":"","ast-hfb-above-header-display":"","ast-hfb-below-header-display":"","ast-hfb-mobile-header-display":"","site-post-title":"","ast-breadcrumbs-content":"","ast-featured-img":"","footer-sml-layout":"","theme-transparent-header-meta":"default","adv-header-id-meta":"","stick-header-meta":"","header-above-stick-meta":"","header-main-stick-meta":"","header-below-stick-meta":"","astra-migrate-meta-layouts":"set","ast-page-background-enabled":"default","ast-page-background-meta":{"desktop":{"background-color":"var(--ast-global-color-4)","background-image":"","background-repeat":"repeat","background-position":"center center","background-size":"auto","background-attachment":"scroll","background-type":"","background-media":"","overlay-type":"","overlay-color":"","overlay-opacity":"","overlay-gradient":""},"tablet":{"background-color":"","background-image":"","background-repeat":"repeat","background-position":"center center","background-size":"auto","background-attachment":"scroll","background-type":"","background-media":"","overlay-type":"","overlay-color":"","overlay-opacity":"","overlay-gradient":""},"mobile":{"background-color":"","background-image":"","background-repeat":"repeat","background-position":"center center","background-size":"auto","background-attachment":"scroll","background-type":"","background-media":"","overlay-type":"","overlay-color":"","overlay-opacity":"","overlay-gradient":""}},"ast-content-background-meta":{"desktop":{"background-color":"var(--ast-global-color-5)","background-image":"","background-repeat":"repeat","background-position":"center center","background-size":"auto","background-attachment":"scroll","background-type":"","background-media":"","overlay-type":"","overlay-color":"","overlay-opacity":"","overlay-gradient":""},"tablet":{"background-color":"var(--ast-global-color-5)","background-image":"","background-repeat":"repeat","background-position":"center center","background-size":"auto","background-attachment":"scroll","background-type":"","background-media":"","overlay-type":"","overlay-color":"","overlay-opacity":"","overlay-gradient":""},"mobile":{"background-color":"var(--ast-global-color-5)","background-image":"","background-repeat":"repeat","background-position":"center center","background-size":"auto","background-attachment":"scroll","background-type":"","background-media":"","overlay-type":"","overlay-color":"","overlay-opacity":"","overlay-gradient":""}}},"product_brand":[],"product_cat":[1001],"product_tag":[],"class_list":{"0":"post-28635","1":"product","2":"type-product","3":"status-publish","4":"has-post-thumbnail","6":"product_cat-household-goods","7":"pa_41909_qjjmeso2-a","8":"pa_41909_qjjmeso2-b","9":"pa_41909_qjjmeso2-c","10":"pa_41909_qjjmeso2-d","11":"pa_41909_qjjmeso2-e","12":"pa_41909_qjjmeso2-f","13":"pa_41909_qjjmeso2-g","14":"pa_41909_qjjmeso2-h","15":"pa_41909_qjjmeso2-i","16":"pa_41909_qjjmeso2-j","17":"pa_41909_qjjmeso2-k","18":"pa_41909_qjjmeso2-l","19":"pa_41909_qjjmeso2-m","20":"pa_41909_qjjmeso2-n","21":"desktop-align-left","22":"tablet-align-left","23":"mobile-align-left","25":"first","26":"instock","27":"shipping-taxable","28":"purchasable","29":"product-type-variable"},"_links":{"self":[{"href":"https:\/\/keluvo.com\/se\/wp-json\/wp\/v2\/product\/28635","targetHints":{"allow":["GET"]}}],"collection":[{"href":"https:\/\/keluvo.com\/se\/wp-json\/wp\/v2\/product"}],"about":[{"href":"https:\/\/keluvo.com\/se\/wp-json\/wp\/v2\/types\/product"}],"replies":[{"embeddable":true,"href":"https:\/\/keluvo.com\/se\/wp-json\/wp\/v2\/comments?post=28635"}],"wp:featuredmedia":[{"embeddable":true,"href":"https:\/\/keluvo.com\/se\/wp-json\/wp\/v2\/media\/28631"}],"wp:attachment":[{"href":"https:\/\/keluvo.com\/se\/wp-json\/wp\/v2\/media?parent=28635"}],"wp:term":[{"taxonomy":"product_brand","embeddable":true,"href":"https:\/\/keluvo.com\/se\/wp-json\/wp\/v2\/product_brand?post=28635"},{"taxonomy":"product_cat","embeddable":true,"href":"https:\/\/keluvo.com\/se\/wp-json\/wp\/v2\/product_cat?post=28635"},{"taxonomy":"product_tag","embeddable":true,"href":"https:\/\/keluvo.com\/se\/wp-json\/wp\/v2\/product_tag?post=28635"}],"curies":[{"name":"wp","href":"https:\/\/api.w.org\/{rel}","templated":true}]}}