{"id":28625,"date":"2025-09-11T09:25:38","date_gmt":"2025-09-11T06:25:38","guid":{"rendered":"https:\/\/keluvo.com\/se\/product\/korvtillverkare\/"},"modified":"2025-09-22T20:04:41","modified_gmt":"2025-09-22T17:04:41","slug":"korvtillverkare","status":"publish","type":"product","link":"https:\/\/keluvo.com\/se\/product\/korvtillverkare\/","title":{"rendered":"Korvtillverkare"},"content":{"rendered":"<p style=\"text-align: center\"><b>\ud83c\udf2dIntroduktion av korvtillverkaren &#8211; ditt enkla verktyg f\u00f6r att g\u00f6ra f\u00e4rska, v\u00e4lsmakande korvar hemma.\ud83d\udc69\u200d\ud83c\udf73<\/b><b><br \/>\n<\/b><\/p>\n<p style=\"text-align: center\"><span style=\"font-weight: 400\">Make korvar snabbt, ingen r\u00f6ra, ingen stress &#8211; bara f\u00e4rskt k\u00f6tt, enkla steg och roligt f\u00f6r alla.<\/span><\/p>\n<p><img decoding=\"async\" class=\"size-full wp-image-17206 aligncenter\" src=\"https:\/\/keluvo.com\/template\/wp-content\/uploads\/sites\/5\/2025\/05\/sausage-ezgif.com-video-to-webp-converter.webp\" alt=\"\" \/><\/p>\n<h2 style=\"text-align: center\">Huvudf\u00f6rdelar<\/h2>\n<p><span style=\"font-weight: 400\">S\u00e4ker att anv\u00e4nda &#8211; tillverkad av rostfritt st\u00e5l av livsmedelskvalitet<\/span><\/p>\n<p><span style=\"font-weight: 400\">L\u00e4tt att trycka och fylla korvar snabbt<\/span><\/p>\n<p><span style=\"font-weight: 400\">Ingen glidning &#8211; stannar p\u00e5 plats medan du arbetar<\/span><\/p>\n<p><span style=\"font-weight: 400\">Rolig aktivitet f\u00f6r semester och familjem\u00e5ltider<\/span><\/p>\n<p><span style=\"font-weight: 400\">Levereras med 5 storlekar av r\u00f6r f\u00f6r alla typer av sausages<\/span><\/p>\n<p><img decoding=\"async\" class=\"size-full wp-image-17211 aligncenter\" src=\"https:\/\/keluvo.com\/template\/wp-content\/uploads\/sites\/5\/2025\/05\/2545a3b5-8c1b-4d42-b0ce-9a691796c09d.webp\" alt=\"\" \/><\/p>\n<h2 style=\"text-align: center\">\ud83d\udc68\u200d\ud83c\udf73Main Erbjudande<\/h2>\n<p style=\"text-align: center\"><span style=\"font-weight: 400\">Den h\u00e4r korvtillverkaren hj\u00e4lper dig att skapa f\u00e4rska, hemlagade korvar p\u00e5 n\u00e5gra minuter. L\u00e4gg bara till dina favoritk\u00f6tt, tryck och njut! Den \u00e4r stark, s\u00e4ker och perfekt f\u00f6r familjekul eller speciella evenemang. Med 5 munstycksstorlekar kan du g\u00f6ra smala korvar eller stora, saftiga korvar. Du beh\u00f6ver inte k\u00f6pa korv fr\u00e5n aff\u00e4ren &#8211; nu kan du g\u00f6ra din egen!<\/span><\/p>\n<h2 style=\"text-align: center\">\ud83d\udce6Paketet Inneh\u00e5ller<\/h2>\n<ul>\n<li style=\"font-weight: 400\"><span style=\"font-weight: 400\">1x korvstoppningsmaskin.<\/span><\/li>\n<li style=\"font-weight: 400\"><span style=\"font-weight: 400\">4x munstycken f\u00f6r korvfyllning.<\/span><\/li>\n<\/ul>\n","protected":false},"excerpt":{"rendered":"<p>\ud83c\udf2dIntroduktion av korvtillverkaren &#8211; ditt enkla verktyg f\u00f6r att g\u00f6ra f\u00e4rska, v\u00e4lsmakande korvar hemma.\ud83d\udc69\u200d\ud83c\udf73 Make korvar snabbt, ingen r\u00f6ra, ingen [&hellip;]<\/p>\n","protected":false},"featured_media":28621,"comment_status":"open","ping_status":"closed","template":"","meta":{"site-sidebar-layout":"default","site-content-layout":"","ast-site-content-layout":"default","site-content-style":"default","site-sidebar-style":"default","ast-global-header-display":"","ast-banner-title-visibility":"","ast-main-header-display":"","ast-hfb-above-header-display":"","ast-hfb-below-header-display":"","ast-hfb-mobile-header-display":"","site-post-title":"","ast-breadcrumbs-content":"","ast-featured-img":"","footer-sml-layout":"","theme-transparent-header-meta":"default","adv-header-id-meta":"","stick-header-meta":"","header-above-stick-meta":"","header-main-stick-meta":"","header-below-stick-meta":"","astra-migrate-meta-layouts":"set","ast-page-background-enabled":"default","ast-page-background-meta":{"desktop":{"background-color":"var(--ast-global-color-4)","background-image":"","background-repeat":"repeat","background-position":"center center","background-size":"auto","background-attachment":"scroll","background-type":"","background-media":"","overlay-type":"","overlay-color":"","overlay-opacity":"","overlay-gradient":""},"tablet":{"background-color":"","background-image":"","background-repeat":"repeat","background-position":"center center","background-size":"auto","background-attachment":"scroll","background-type":"","background-media":"","overlay-type":"","overlay-color":"","overlay-opacity":"","overlay-gradient":""},"mobile":{"background-color":"","background-image":"","background-repeat":"repeat","background-position":"center center","background-size":"auto","background-attachment":"scroll","background-type":"","background-media":"","overlay-type":"","overlay-color":"","overlay-opacity":"","overlay-gradient":""}},"ast-content-background-meta":{"desktop":{"background-color":"var(--ast-global-color-5)","background-image":"","background-repeat":"repeat","background-position":"center center","background-size":"auto","background-attachment":"scroll","background-type":"","background-media":"","overlay-type":"","overlay-color":"","overlay-opacity":"","overlay-gradient":""},"tablet":{"background-color":"var(--ast-global-color-5)","background-image":"","background-repeat":"repeat","background-position":"center center","background-size":"auto","background-attachment":"scroll","background-type":"","background-media":"","overlay-type":"","overlay-color":"","overlay-opacity":"","overlay-gradient":""},"mobile":{"background-color":"var(--ast-global-color-5)","background-image":"","background-repeat":"repeat","background-position":"center center","background-size":"auto","background-attachment":"scroll","background-type":"","background-media":"","overlay-type":"","overlay-color":"","overlay-opacity":"","overlay-gradient":""}}},"product_brand":[],"product_cat":[1001],"product_tag":[],"class_list":{"0":"post-28625","1":"product","2":"type-product","3":"status-publish","4":"has-post-thumbnail","6":"product_cat-household-goods","7":"pa_32277_4hs258nh-a","8":"pa_32277_4hs258nh-b","9":"desktop-align-left","10":"tablet-align-left","11":"mobile-align-left","13":"first","14":"instock","15":"shipping-taxable","16":"purchasable","17":"product-type-simple"},"_links":{"self":[{"href":"https:\/\/keluvo.com\/se\/wp-json\/wp\/v2\/product\/28625","targetHints":{"allow":["GET"]}}],"collection":[{"href":"https:\/\/keluvo.com\/se\/wp-json\/wp\/v2\/product"}],"about":[{"href":"https:\/\/keluvo.com\/se\/wp-json\/wp\/v2\/types\/product"}],"replies":[{"embeddable":true,"href":"https:\/\/keluvo.com\/se\/wp-json\/wp\/v2\/comments?post=28625"}],"wp:featuredmedia":[{"embeddable":true,"href":"https:\/\/keluvo.com\/se\/wp-json\/wp\/v2\/media\/28621"}],"wp:attachment":[{"href":"https:\/\/keluvo.com\/se\/wp-json\/wp\/v2\/media?parent=28625"}],"wp:term":[{"taxonomy":"product_brand","embeddable":true,"href":"https:\/\/keluvo.com\/se\/wp-json\/wp\/v2\/product_brand?post=28625"},{"taxonomy":"product_cat","embeddable":true,"href":"https:\/\/keluvo.com\/se\/wp-json\/wp\/v2\/product_cat?post=28625"},{"taxonomy":"product_tag","embeddable":true,"href":"https:\/\/keluvo.com\/se\/wp-json\/wp\/v2\/product_tag?post=28625"}],"curies":[{"name":"wp","href":"https:\/\/api.w.org\/{rel}","templated":true}]}}