{"id":28600,"date":"2025-09-11T09:24:30","date_gmt":"2025-09-11T06:24:30","guid":{"rendered":"https:\/\/keluvo.com\/se\/product\/rengoringsmedel-for-skor\/"},"modified":"2025-09-22T20:05:28","modified_gmt":"2025-09-22T17:05:28","slug":"rengoringsmedel-for-skor","status":"publish","type":"product","link":"https:\/\/keluvo.com\/se\/product\/rengoringsmedel-for-skor\/","title":{"rendered":"Reng\u00f6ringsmedel f\u00f6r skor"},"content":{"rendered":"<p style=\"text-align: center\"><b>\ud83e\uddfdIntroducerar reng\u00f6ringsmedlet f\u00f6r vita skor &#8211; din magiska kr\u00e4m f\u00f6r att f\u00e5 gamla skor att se helt nya ut.\ud83d\udc5f<\/b><b><br \/>\n<\/b><\/p>\n<p style=\"text-align: center\"><span style=\"font-weight: 400\">G\u00f6r skor vita igen p\u00e5 bara en minut, inget behov av vatten, ingen r\u00f6ra, inga skador.<\/span><\/p>\n<p><img decoding=\"async\" class=\"size-full wp-image-17179 aligncenter\" src=\"https:\/\/keluvo.com\/template\/wp-content\/uploads\/sites\/5\/2025\/05\/pasta-ezgif.com-video-to-webp-converter.webp\" alt=\"\" \/><\/p>\n<h2 style=\"text-align: center\">Huvudf\u00f6rdelar<\/h2>\n<p><span style=\"font-weight: 400\">Reng\u00f6r skor snabbt utan att skrubba<\/span><\/p>\n<p><span style=\"font-weight: 400\">S\u00e4ker f\u00f6r h\u00e4nderna och skadar inte skon<\/span><\/p>\n<p><span style=\"font-weight: 400\">Borttar smuts, fl\u00e4ckar och gula m\u00e4rken enkelt<\/span><\/p>\n<p><span style=\"font-weight: 400\">H\u00e5ller skor vita l\u00e4ngre med en dammblockerande sk\u00f6ld<\/span><\/p>\n<p><span style=\"font-weight: 400\">Fungerar p\u00e5 m\u00e5nga saker &#8211; skor, v\u00e4skor, till och med bilinteri\u00f6rer<\/span><\/p>\n<p><img decoding=\"async\" class=\"size-full wp-image-17183 aligncenter\" src=\"https:\/\/keluvo.com\/template\/wp-content\/uploads\/sites\/5\/2025\/05\/61hZZ69bszL.jpg\" alt=\"\" \/><\/p>\n<h2 style=\"text-align: center\">Menerbjudande<\/h2>\n<p style=\"text-align: center\"><span style=\"font-weight: 400\">Den h\u00e4r kraftfulla kr\u00e4men \u00e4r gjord bara f\u00f6r vita skor. Den reng\u00f6r p\u00e5 djupet, avl\u00e4gsnar sv\u00e5r smuts och ger tillbaka glansen. Inga fler smutsiga eller tr\u00e5kiga skor &#8211; bara ljusa vita varje dag. Perfekt f\u00f6r alla som vill h\u00e5lla skorna fr\u00e4scha och nya.<\/span><\/p>\n<h2 style=\"text-align: center\">\ud83d\udce6Paketet inneh\u00e5ller<\/h2>\n<ul>\n<li style=\"font-weight: 400\"><span style=\"font-weight: 400\">1x flaska vit skokr\u00e4m (100g)<\/span><\/li>\n<li style=\"font-weight: 400\"><span style=\"font-weight: 400\">1x reng\u00f6ringssvamp<\/span><b>.<\/b><\/li>\n<\/ul>\n<p>&nbsp;<\/p>\n","protected":false},"excerpt":{"rendered":"<p>\ud83e\uddfdIntroducerar reng\u00f6ringsmedlet f\u00f6r vita skor &#8211; din magiska kr\u00e4m f\u00f6r att f\u00e5 gamla skor att se helt nya ut.\ud83d\udc5f G\u00f6r [&hellip;]<\/p>\n","protected":false},"featured_media":28596,"comment_status":"open","ping_status":"closed","template":"","meta":{"site-sidebar-layout":"default","site-content-layout":"","ast-site-content-layout":"default","site-content-style":"default","site-sidebar-style":"default","ast-global-header-display":"","ast-banner-title-visibility":"","ast-main-header-display":"","ast-hfb-above-header-display":"","ast-hfb-below-header-display":"","ast-hfb-mobile-header-display":"","site-post-title":"","ast-breadcrumbs-content":"","ast-featured-img":"","footer-sml-layout":"","theme-transparent-header-meta":"default","adv-header-id-meta":"","stick-header-meta":"","header-above-stick-meta":"","header-main-stick-meta":"","header-below-stick-meta":"","astra-migrate-meta-layouts":"set","ast-page-background-enabled":"default","ast-page-background-meta":{"desktop":{"background-color":"var(--ast-global-color-4)","background-image":"","background-repeat":"repeat","background-position":"center center","background-size":"auto","background-attachment":"scroll","background-type":"","background-media":"","overlay-type":"","overlay-color":"","overlay-opacity":"","overlay-gradient":""},"tablet":{"background-color":"","background-image":"","background-repeat":"repeat","background-position":"center center","background-size":"auto","background-attachment":"scroll","background-type":"","background-media":"","overlay-type":"","overlay-color":"","overlay-opacity":"","overlay-gradient":""},"mobile":{"background-color":"","background-image":"","background-repeat":"repeat","background-position":"center center","background-size":"auto","background-attachment":"scroll","background-type":"","background-media":"","overlay-type":"","overlay-color":"","overlay-opacity":"","overlay-gradient":""}},"ast-content-background-meta":{"desktop":{"background-color":"var(--ast-global-color-5)","background-image":"","background-repeat":"repeat","background-position":"center center","background-size":"auto","background-attachment":"scroll","background-type":"","background-media":"","overlay-type":"","overlay-color":"","overlay-opacity":"","overlay-gradient":""},"tablet":{"background-color":"var(--ast-global-color-5)","background-image":"","background-repeat":"repeat","background-position":"center center","background-size":"auto","background-attachment":"scroll","background-type":"","background-media":"","overlay-type":"","overlay-color":"","overlay-opacity":"","overlay-gradient":""},"mobile":{"background-color":"var(--ast-global-color-5)","background-image":"","background-repeat":"repeat","background-position":"center center","background-size":"auto","background-attachment":"scroll","background-type":"","background-media":"","overlay-type":"","overlay-color":"","overlay-opacity":"","overlay-gradient":""}}},"product_brand":[],"product_cat":[1001],"product_tag":[],"class_list":{"0":"post-28600","1":"product","2":"type-product","3":"status-publish","4":"has-post-thumbnail","6":"product_cat-household-goods","7":"desktop-align-left","8":"tablet-align-left","9":"mobile-align-left","11":"first","12":"instock","13":"shipping-taxable","14":"purchasable","15":"product-type-simple"},"_links":{"self":[{"href":"https:\/\/keluvo.com\/se\/wp-json\/wp\/v2\/product\/28600","targetHints":{"allow":["GET"]}}],"collection":[{"href":"https:\/\/keluvo.com\/se\/wp-json\/wp\/v2\/product"}],"about":[{"href":"https:\/\/keluvo.com\/se\/wp-json\/wp\/v2\/types\/product"}],"replies":[{"embeddable":true,"href":"https:\/\/keluvo.com\/se\/wp-json\/wp\/v2\/comments?post=28600"}],"wp:featuredmedia":[{"embeddable":true,"href":"https:\/\/keluvo.com\/se\/wp-json\/wp\/v2\/media\/28596"}],"wp:attachment":[{"href":"https:\/\/keluvo.com\/se\/wp-json\/wp\/v2\/media?parent=28600"}],"wp:term":[{"taxonomy":"product_brand","embeddable":true,"href":"https:\/\/keluvo.com\/se\/wp-json\/wp\/v2\/product_brand?post=28600"},{"taxonomy":"product_cat","embeddable":true,"href":"https:\/\/keluvo.com\/se\/wp-json\/wp\/v2\/product_cat?post=28600"},{"taxonomy":"product_tag","embeddable":true,"href":"https:\/\/keluvo.com\/se\/wp-json\/wp\/v2\/product_tag?post=28600"}],"curies":[{"name":"wp","href":"https:\/\/api.w.org\/{rel}","templated":true}]}}