{"id":28580,"date":"2025-09-11T09:23:50","date_gmt":"2025-09-11T06:23:50","guid":{"rendered":"https:\/\/keluvo.com\/se\/product\/nyckelhallare\/"},"modified":"2025-09-22T20:02:56","modified_gmt":"2025-09-22T17:02:56","slug":"nyckelhallare","status":"publish","type":"product","link":"https:\/\/keluvo.com\/se\/product\/nyckelhallare\/","title":{"rendered":"Nyckelh\u00e5llare"},"content":{"rendered":"<p style=\"text-align: center\"><strong>\ud83d\udd11Introduktion av nyckelh\u00e5llaren &#8211; ditt eleganta s\u00e4tt att b\u00e4ra och skydda dina nycklar.\ud83d\udc30<\/strong><\/p>\n<p style=\"text-align: center\"><span style=\"font-weight: 400\">Den h\u00e4r nyckelh\u00e5llaren h\u00e5ller dina nycklar s\u00e4kra, organiserade och repfria. Den \u00e4r kompakt, smart och \u00e4r en perfekt vardagstillbeh\u00f6r eller omt\u00e4nksam present.<\/span><\/p>\n<p><img decoding=\"async\" class=\"size-full wp-image-17163 aligncenter\" src=\"https:\/\/keluvo.com\/template\/wp-content\/uploads\/sites\/5\/2025\/05\/key-ezgif.com-video-to-webp-converter.webp\" alt=\"\" \/><\/p>\n<h2 style=\"text-align: center\">Huvudf\u00f6rdelar <strong>\ud83d\udc30<\/strong><\/h2>\n<p><span style=\"font-weight: 400\">H\u00e5ller 5-8 nycklar &#8211; gott om plats f\u00f6r hem-, bil- eller kontorsnycklar.<\/span><span style=\"font-weight: 400\"><br \/>\n<\/span><\/p>\n<p><span style=\"font-weight: 400\">Mjukt skydd &#8211; inga fler repor p\u00e5 din telefon eller i din v\u00e4ska.<\/span><span style=\"font-weight: 400\"><br \/>\n<\/span><\/p>\n<p><span style=\"font-weight: 400\">Snygg och unik &#8211; ger charm till dina vardagliga n\u00f6dv\u00e4ndigheter.<\/span><\/p>\n<p><span style=\"font-weight: 400\">Bra present &#8211; perfekt f\u00f6r f\u00f6delsedagar, h\u00f6gtider och speciella tillf\u00e4llen.<\/span><\/p>\n<p><img decoding=\"async\" class=\"size-full wp-image-17166 aligncenter\" src=\"https:\/\/keluvo.com\/template\/wp-content\/uploads\/sites\/5\/2025\/05\/fe39fd6e-e16b-4517-9f0b-51d9c17099a9.webp\" alt=\"\" \/><\/p>\n<h2 style=\"text-align: center\">Hur den h\u00e4r produkten hj\u00e4lper dig \ud83d\udccc<\/h2>\n<p style=\"text-align: center\"><span style=\"font-weight: 400\">Nyckelh\u00e5llaren h\u00e5ller dina nycklar s\u00e4kra och dina fickor rena.<\/span><\/p>\n<ul>\n<li style=\"font-weight: 400\"><span style=\"font-weight: 400\">Vardaglig anv\u00e4ndning utan klirrande eller repor<\/span><span style=\"font-weight: 400\"><br \/>\n<\/span><\/li>\n<li style=\"font-weight: 400\"><span style=\"font-weight: 400\">Giv en liten men omt\u00e4nksam present<\/span><\/li>\n<li style=\"font-weight: 400\"><span style=\"font-weight: 400\">H\u00e5ll dig organiserad n\u00e4r du \u00e4r p\u00e5 spr\u00e5ng<\/span><\/li>\n<\/ul>\n<h2 style=\"text-align: center\">\ud83d\udce6Paketet inneh\u00e5ller<\/h2>\n<ul>\n<li style=\"font-weight: 400\"><span style=\"font-weight: 400\">1x nyckelh\u00e5llare (nyckelf\u00f6rpackning).<\/span><\/li>\n<\/ul>\n<p>&nbsp;<\/p>\n","protected":false},"excerpt":{"rendered":"<p>\ud83d\udd11Introduktion av nyckelh\u00e5llaren &#8211; ditt eleganta s\u00e4tt att b\u00e4ra och skydda dina nycklar.\ud83d\udc30 Den h\u00e4r nyckelh\u00e5llaren h\u00e5ller dina nycklar s\u00e4kra, [&hellip;]<\/p>\n","protected":false},"featured_media":28576,"comment_status":"open","ping_status":"closed","template":"","meta":{"site-sidebar-layout":"default","site-content-layout":"","ast-site-content-layout":"default","site-content-style":"default","site-sidebar-style":"default","ast-global-header-display":"","ast-banner-title-visibility":"","ast-main-header-display":"","ast-hfb-above-header-display":"","ast-hfb-below-header-display":"","ast-hfb-mobile-header-display":"","site-post-title":"","ast-breadcrumbs-content":"","ast-featured-img":"","footer-sml-layout":"","theme-transparent-header-meta":"default","adv-header-id-meta":"","stick-header-meta":"","header-above-stick-meta":"","header-main-stick-meta":"","header-below-stick-meta":"","astra-migrate-meta-layouts":"set","ast-page-background-enabled":"default","ast-page-background-meta":{"desktop":{"background-color":"var(--ast-global-color-4)","background-image":"","background-repeat":"repeat","background-position":"center center","background-size":"auto","background-attachment":"scroll","background-type":"","background-media":"","overlay-type":"","overlay-color":"","overlay-opacity":"","overlay-gradient":""},"tablet":{"background-color":"","background-image":"","background-repeat":"repeat","background-position":"center center","background-size":"auto","background-attachment":"scroll","background-type":"","background-media":"","overlay-type":"","overlay-color":"","overlay-opacity":"","overlay-gradient":""},"mobile":{"background-color":"","background-image":"","background-repeat":"repeat","background-position":"center center","background-size":"auto","background-attachment":"scroll","background-type":"","background-media":"","overlay-type":"","overlay-color":"","overlay-opacity":"","overlay-gradient":""}},"ast-content-background-meta":{"desktop":{"background-color":"var(--ast-global-color-5)","background-image":"","background-repeat":"repeat","background-position":"center center","background-size":"auto","background-attachment":"scroll","background-type":"","background-media":"","overlay-type":"","overlay-color":"","overlay-opacity":"","overlay-gradient":""},"tablet":{"background-color":"var(--ast-global-color-5)","background-image":"","background-repeat":"repeat","background-position":"center center","background-size":"auto","background-attachment":"scroll","background-type":"","background-media":"","overlay-type":"","overlay-color":"","overlay-opacity":"","overlay-gradient":""},"mobile":{"background-color":"var(--ast-global-color-5)","background-image":"","background-repeat":"repeat","background-position":"center center","background-size":"auto","background-attachment":"scroll","background-type":"","background-media":"","overlay-type":"","overlay-color":"","overlay-opacity":"","overlay-gradient":""}}},"product_brand":[],"product_cat":[1001],"product_tag":[],"class_list":{"0":"post-28580","1":"product","2":"type-product","3":"status-publish","4":"has-post-thumbnail","6":"product_cat-household-goods","7":"pa_21753_q7y0528c-gul","8":"pa_21753_q7y0528c-rod","9":"pa_21753_q7y0528c-rosa","10":"pa_21753_q7y0528c-svart","11":"desktop-align-left","12":"tablet-align-left","13":"mobile-align-left","15":"first","16":"instock","17":"shipping-taxable","18":"purchasable","19":"product-type-variable"},"_links":{"self":[{"href":"https:\/\/keluvo.com\/se\/wp-json\/wp\/v2\/product\/28580","targetHints":{"allow":["GET"]}}],"collection":[{"href":"https:\/\/keluvo.com\/se\/wp-json\/wp\/v2\/product"}],"about":[{"href":"https:\/\/keluvo.com\/se\/wp-json\/wp\/v2\/types\/product"}],"replies":[{"embeddable":true,"href":"https:\/\/keluvo.com\/se\/wp-json\/wp\/v2\/comments?post=28580"}],"wp:featuredmedia":[{"embeddable":true,"href":"https:\/\/keluvo.com\/se\/wp-json\/wp\/v2\/media\/28576"}],"wp:attachment":[{"href":"https:\/\/keluvo.com\/se\/wp-json\/wp\/v2\/media?parent=28580"}],"wp:term":[{"taxonomy":"product_brand","embeddable":true,"href":"https:\/\/keluvo.com\/se\/wp-json\/wp\/v2\/product_brand?post=28580"},{"taxonomy":"product_cat","embeddable":true,"href":"https:\/\/keluvo.com\/se\/wp-json\/wp\/v2\/product_cat?post=28580"},{"taxonomy":"product_tag","embeddable":true,"href":"https:\/\/keluvo.com\/se\/wp-json\/wp\/v2\/product_tag?post=28580"}],"curies":[{"name":"wp","href":"https:\/\/api.w.org\/{rel}","templated":true}]}}