{"id":28538,"date":"2025-09-11T09:22:15","date_gmt":"2025-09-11T06:22:15","guid":{"rendered":"https:\/\/keluvo.com\/se\/product\/djurkonst-skulptur\/"},"modified":"2025-09-22T20:05:05","modified_gmt":"2025-09-22T17:05:05","slug":"djurkonst-skulptur","status":"publish","type":"product","link":"https:\/\/keluvo.com\/se\/product\/djurkonst-skulptur\/","title":{"rendered":"Djurkonst skulptur"},"content":{"rendered":"<p style=\"text-align: center\"><strong>\ud83d\udc08L\u00e4gg till k\u00e4nsla och elegans i ditt utrymme med denna minimalistiska djurskulptur.<span style=\"font-weight: 400\">\ud83c\udf81<\/span><\/strong><\/p>\n<p style=\"text-align: center\"><span style=\"font-weight: 400\">Den h\u00e4r handgjorda djurkonstskulpturen blandar modern design med k\u00e4nslom\u00e4ssigt uttryck, vilket g\u00f6r den till ett unikt f\u00f6rem\u00e5l f\u00f6r ditt hem eller kontor. Dess minimalistiska j\u00e4rnform ser fantastisk ut p\u00e5 ett bord, en hylla eller en v\u00e4gg &#8211; och kommer s\u00e4kert att f\u00e5nga uppm\u00e4rksamhet var den \u00e4n placeras.<\/span><\/p>\n<p><img decoding=\"async\" class=\"size-full wp-image-17511 aligncenter\" src=\"https:\/\/keluvo.com\/template\/wp-content\/uploads\/sites\/5\/2025\/05\/420bb812-fc64-486a-9fec-05b6ded3ccde.webp\" alt=\"\" \/><\/p>\n<h2 style=\"text-align: center\">\ud83c\udf1f Huvudf\u00f6rdelar<\/h2>\n<p><span style=\"font-weight: 400\">\ud83c\udfa8 I\u00f6gonfallande minimalistisk konst style<\/span><span style=\"font-weight: 400\"><br \/>\n<\/span><\/p>\n<p><span style=\"font-weight: 400\">\ud83d\uddbc\ufe0f Kan placeras p\u00e5 ett bord eller h\u00e4ngas p\u00e5 en v\u00e4gg<\/span><span style=\"font-weight: 400\"><br \/>\n<\/span><\/p>\n<p><span style=\"font-weight: 400\">\ud83c\udfe0 Perfekt f\u00f6r hem-, kontors- eller studiodekoration<\/span><span style=\"font-weight: 400\"><br \/>\n<\/span><\/p>\n<p><span style=\"font-weight: 400\">\ud83d\udcac Skapar k\u00e4nslor och konversationer<\/span><span style=\"font-weight: 400\"><br \/>\n<\/span><\/p>\n<p><span style=\"font-weight: 400\">\ud83d\udcaa Tillverkad av h\u00e5llbart, rostbest\u00e4ndigt j\u00e4rn<\/span><\/p>\n<p><span style=\"font-weight: 400\">\ud83c\udf81 Bra present till konst\u00e4lskare eller hush\u00e5ll<\/span><\/p>\n<p><img decoding=\"async\" class=\"size-full wp-image-17509 aligncenter\" src=\"https:\/\/keluvo.com\/template\/wp-content\/uploads\/sites\/5\/2025\/05\/99c83f9e-4342-48cc-9c94-eac0104950d1.webp\" alt=\"\" \/><\/p>\n<h2 style=\"text-align: center\">\ud83d\udccf Produktdetaljer<\/h2>\n<ul>\n<li style=\"font-weight: 400\"><span style=\"font-weight: 400\">Material: h\u00f6gkvalitativt j\u00e4rn<\/span><span style=\"font-weight: 400\"><br \/>\n<\/span><\/li>\n<li style=\"font-weight: 400\"><span style=\"font-weight: 400\">Storlek: som visas i produktbilderna<\/span><span style=\"font-weight: 400\"><br \/>\n<\/span><\/li>\n<li style=\"font-weight: 400\"><span style=\"font-weight: 400\">Vikt: 45g<\/span><span style=\"font-weight: 400\"><br \/>\n<\/span><\/li>\n<li style=\"font-weight: 400\"><span style=\"font-weight: 400\">Stil: minimalistisk konstdekor<\/span><\/li>\n<li style=\"font-weight: 400\"><span style=\"font-weight: 400\">Anv\u00e4ndning: inomhusskulptur f\u00f6r dekor och display<\/span><\/li>\n<\/ul>\n<h2 style=\"text-align: center\">\ud83d\udce6 Paketet inneh\u00e5ller<\/h2>\n<ul>\n<li style=\"font-weight: 400\"><span style=\"font-weight: 400\">1x djurkonstskulptur.<\/span><\/li>\n<\/ul>\n","protected":false},"excerpt":{"rendered":"<p>\ud83d\udc08L\u00e4gg till k\u00e4nsla och elegans i ditt utrymme med denna minimalistiska djurskulptur.\ud83c\udf81 Den h\u00e4r handgjorda djurkonstskulpturen blandar modern design med [&hellip;]<\/p>\n","protected":false},"featured_media":28534,"comment_status":"open","ping_status":"closed","template":"","meta":{"site-sidebar-layout":"default","site-content-layout":"","ast-site-content-layout":"default","site-content-style":"default","site-sidebar-style":"default","ast-global-header-display":"","ast-banner-title-visibility":"","ast-main-header-display":"","ast-hfb-above-header-display":"","ast-hfb-below-header-display":"","ast-hfb-mobile-header-display":"","site-post-title":"","ast-breadcrumbs-content":"","ast-featured-img":"","footer-sml-layout":"","theme-transparent-header-meta":"default","adv-header-id-meta":"","stick-header-meta":"","header-above-stick-meta":"","header-main-stick-meta":"","header-below-stick-meta":"","astra-migrate-meta-layouts":"set","ast-page-background-enabled":"default","ast-page-background-meta":{"desktop":{"background-color":"var(--ast-global-color-4)","background-image":"","background-repeat":"repeat","background-position":"center center","background-size":"auto","background-attachment":"scroll","background-type":"","background-media":"","overlay-type":"","overlay-color":"","overlay-opacity":"","overlay-gradient":""},"tablet":{"background-color":"","background-image":"","background-repeat":"repeat","background-position":"center center","background-size":"auto","background-attachment":"scroll","background-type":"","background-media":"","overlay-type":"","overlay-color":"","overlay-opacity":"","overlay-gradient":""},"mobile":{"background-color":"","background-image":"","background-repeat":"repeat","background-position":"center center","background-size":"auto","background-attachment":"scroll","background-type":"","background-media":"","overlay-type":"","overlay-color":"","overlay-opacity":"","overlay-gradient":""}},"ast-content-background-meta":{"desktop":{"background-color":"var(--ast-global-color-5)","background-image":"","background-repeat":"repeat","background-position":"center center","background-size":"auto","background-attachment":"scroll","background-type":"","background-media":"","overlay-type":"","overlay-color":"","overlay-opacity":"","overlay-gradient":""},"tablet":{"background-color":"var(--ast-global-color-5)","background-image":"","background-repeat":"repeat","background-position":"center center","background-size":"auto","background-attachment":"scroll","background-type":"","background-media":"","overlay-type":"","overlay-color":"","overlay-opacity":"","overlay-gradient":""},"mobile":{"background-color":"var(--ast-global-color-5)","background-image":"","background-repeat":"repeat","background-position":"center center","background-size":"auto","background-attachment":"scroll","background-type":"","background-media":"","overlay-type":"","overlay-color":"","overlay-opacity":"","overlay-gradient":""}}},"product_brand":[],"product_cat":[1001],"product_tag":[],"class_list":{"0":"post-28538","1":"product","2":"type-product","3":"status-publish","4":"has-post-thumbnail","6":"product_cat-household-goods","7":"pa_32250_m5bls9kn-a","8":"pa_32250_m5bls9kn-b","9":"pa_32250_m5bls9kn-c","10":"pa_32250_m5bls9kn-d","11":"pa_32250_m5bls9kn-e","12":"pa_32250_m5bls9kn-f","13":"pa_32250_m5bls9kn-g","14":"pa_32250_m5bls9kn-h","15":"pa_32250_m5bls9kn-i","16":"desktop-align-left","17":"tablet-align-left","18":"mobile-align-left","20":"first","21":"instock","22":"shipping-taxable","23":"purchasable","24":"product-type-variable"},"_links":{"self":[{"href":"https:\/\/keluvo.com\/se\/wp-json\/wp\/v2\/product\/28538","targetHints":{"allow":["GET"]}}],"collection":[{"href":"https:\/\/keluvo.com\/se\/wp-json\/wp\/v2\/product"}],"about":[{"href":"https:\/\/keluvo.com\/se\/wp-json\/wp\/v2\/types\/product"}],"replies":[{"embeddable":true,"href":"https:\/\/keluvo.com\/se\/wp-json\/wp\/v2\/comments?post=28538"}],"wp:featuredmedia":[{"embeddable":true,"href":"https:\/\/keluvo.com\/se\/wp-json\/wp\/v2\/media\/28534"}],"wp:attachment":[{"href":"https:\/\/keluvo.com\/se\/wp-json\/wp\/v2\/media?parent=28538"}],"wp:term":[{"taxonomy":"product_brand","embeddable":true,"href":"https:\/\/keluvo.com\/se\/wp-json\/wp\/v2\/product_brand?post=28538"},{"taxonomy":"product_cat","embeddable":true,"href":"https:\/\/keluvo.com\/se\/wp-json\/wp\/v2\/product_cat?post=28538"},{"taxonomy":"product_tag","embeddable":true,"href":"https:\/\/keluvo.com\/se\/wp-json\/wp\/v2\/product_tag?post=28538"}],"curies":[{"name":"wp","href":"https:\/\/api.w.org\/{rel}","templated":true}]}}