{"id":28454,"date":"2025-09-11T09:18:09","date_gmt":"2025-09-11T06:18:09","guid":{"rendered":"https:\/\/keluvo.com\/se\/product\/kinetisk-skrivbordsleksak\/"},"modified":"2025-09-22T20:04:49","modified_gmt":"2025-09-22T17:04:49","slug":"kinetisk-skrivbordsleksak","status":"publish","type":"product","link":"https:\/\/keluvo.com\/se\/product\/kinetisk-skrivbordsleksak\/","title":{"rendered":"Kinetisk skrivbordsleksak"},"content":{"rendered":"<p style=\"text-align: center\"><strong><span style=\"font-weight: 400\">\ud83c\udf00<\/span>Spinna bort stress och h\u00e5ll fokus &#8211; allt fr\u00e5n ditt skrivbord.<span style=\"font-weight: 400\">\ud83c\udf81 <\/span><\/strong><\/p>\n<p style=\"text-align: center\"><span style=\"font-weight: 400\">Den gravitationsutmanande kinetiska skrivbordsleksaken \u00e4r ett elegant och fascinerande verktyg som \u00e4r utformat f\u00f6r att lugna ditt sinne, minska stress och f\u00f6rb\u00e4ttra fokus. Med varje j\u00e4mnt snurr skapar den en hypnotisk r\u00f6relse som hj\u00e4lper dig att slappna av och ladda upp &#8211; perfekt f\u00f6r arbete, studier eller kreativt t\u00e4nkande.<\/span><\/p>\n<p><img decoding=\"async\" class=\"size-full wp-image-17626 aligncenter\" src=\"https:\/\/keluvo.com\/template\/wp-content\/uploads\/sites\/5\/2025\/05\/gravity-ezgif.com-video-to-webp-converter.webp\" alt=\"\" \/><\/p>\n<h2 style=\"text-align: center\">\ud83c\udf1f Huvudf\u00f6rdelar<\/h2>\n<p><span style=\"font-weight: 400\">\ud83c\udf00 Mesmeriserande r\u00f6relse hj\u00e4lper till att minska stress och \u00e5ngest<\/span><span style=\"font-weight: 400\"><br \/>\n<\/span><\/p>\n<p><span style=\"font-weight: 400\">\ud83d\udca1 \u00d6kar fokus och koncentration vid skrivbordet<\/span><span style=\"font-weight: 400\"><br \/>\n<\/span><\/p>\n<p><span style=\"font-weight: 400\">\u2728 Mjuk, gravitationsutmanande snurr f\u00f6r visuell avslappning<\/span><span style=\"font-weight: 400\"><br \/>\n<\/span><\/p>\n<p><span style=\"font-weight: 400\">\ud83d\udcaa Tillverkad av h\u00e5llbar, h\u00f6gkvalitativ aluminiumlegering<\/span><\/p>\n<p><span style=\"font-weight: 400\">\ud83c\udf81 Bra present till kollegor, v\u00e4nner eller dig sj\u00e4lv<\/span><\/p>\n<p><img decoding=\"async\" class=\"size-full wp-image-17630 aligncenter\" src=\"https:\/\/keluvo.com\/template\/wp-content\/uploads\/sites\/5\/2025\/05\/9bb3c259-e6da-481b-b3a7-8c5c76431bd1.webp\" alt=\"\" \/><\/p>\n<h2 style=\"text-align: center\">\ud83d\udccf Produktdetaljer<\/h2>\n<ul>\n<li style=\"font-weight: 400\"><span style=\"font-weight: 400\">Material: aluminiumlegering<\/span><span style=\"font-weight: 400\"><br \/>\n<\/span><\/li>\n<li style=\"font-weight: 400\"><span style=\"font-weight: 400\">Produktstorlek: 6.5 \u00d7 4 cm<\/span><span style=\"font-weight: 400\"><br \/>\n<\/span><\/li>\n<li style=\"font-weight: 400\"><span style=\"font-weight: 400\">Vikt: 117 g<\/span><\/li>\n<\/ul>\n<h2 style=\"text-align: center\">\ud83d\udce6 Paketet inneh\u00e5ller<\/h2>\n<ul>\n<li style=\"font-weight: 400\"><span style=\"font-weight: 400\">1x gravitationstrotsande kinetisk skrivbordsleksak.<\/span><\/li>\n<\/ul>\n","protected":false},"excerpt":{"rendered":"<p>\ud83c\udf00Spinna bort stress och h\u00e5ll fokus &#8211; allt fr\u00e5n ditt skrivbord.\ud83c\udf81 Den gravitationsutmanande kinetiska skrivbordsleksaken \u00e4r ett elegant och fascinerande [&hellip;]<\/p>\n","protected":false},"featured_media":28450,"comment_status":"open","ping_status":"closed","template":"","meta":{"site-sidebar-layout":"default","site-content-layout":"","ast-site-content-layout":"default","site-content-style":"default","site-sidebar-style":"default","ast-global-header-display":"","ast-banner-title-visibility":"","ast-main-header-display":"","ast-hfb-above-header-display":"","ast-hfb-below-header-display":"","ast-hfb-mobile-header-display":"","site-post-title":"","ast-breadcrumbs-content":"","ast-featured-img":"","footer-sml-layout":"","theme-transparent-header-meta":"default","adv-header-id-meta":"","stick-header-meta":"","header-above-stick-meta":"","header-main-stick-meta":"","header-below-stick-meta":"","astra-migrate-meta-layouts":"set","ast-page-background-enabled":"default","ast-page-background-meta":{"desktop":{"background-color":"var(--ast-global-color-4)","background-image":"","background-repeat":"repeat","background-position":"center center","background-size":"auto","background-attachment":"scroll","background-type":"","background-media":"","overlay-type":"","overlay-color":"","overlay-opacity":"","overlay-gradient":""},"tablet":{"background-color":"","background-image":"","background-repeat":"repeat","background-position":"center center","background-size":"auto","background-attachment":"scroll","background-type":"","background-media":"","overlay-type":"","overlay-color":"","overlay-opacity":"","overlay-gradient":""},"mobile":{"background-color":"","background-image":"","background-repeat":"repeat","background-position":"center center","background-size":"auto","background-attachment":"scroll","background-type":"","background-media":"","overlay-type":"","overlay-color":"","overlay-opacity":"","overlay-gradient":""}},"ast-content-background-meta":{"desktop":{"background-color":"var(--ast-global-color-5)","background-image":"","background-repeat":"repeat","background-position":"center center","background-size":"auto","background-attachment":"scroll","background-type":"","background-media":"","overlay-type":"","overlay-color":"","overlay-opacity":"","overlay-gradient":""},"tablet":{"background-color":"var(--ast-global-color-5)","background-image":"","background-repeat":"repeat","background-position":"center center","background-size":"auto","background-attachment":"scroll","background-type":"","background-media":"","overlay-type":"","overlay-color":"","overlay-opacity":"","overlay-gradient":""},"mobile":{"background-color":"var(--ast-global-color-5)","background-image":"","background-repeat":"repeat","background-position":"center center","background-size":"auto","background-attachment":"scroll","background-type":"","background-media":"","overlay-type":"","overlay-color":"","overlay-opacity":"","overlay-gradient":""}}},"product_brand":[],"product_cat":[1001],"product_tag":[],"class_list":{"0":"post-28454","1":"product","2":"type-product","3":"status-publish","4":"has-post-thumbnail","6":"product_cat-household-goods","7":"pa_38134_4mmwn4to-gra-rosguld","8":"pa_38134_4mmwn4to-gra-silver","9":"pa_38134_4mmwn4to-guld-silver","10":"pa_38134_4mmwn4to-silver-guld","11":"pa_38134_4mmwn4to-silver-silver","12":"pa_38134_4mmwn4to-svart-silver","13":"desktop-align-left","14":"tablet-align-left","15":"mobile-align-left","17":"first","18":"instock","19":"shipping-taxable","20":"purchasable","21":"product-type-variable"},"_links":{"self":[{"href":"https:\/\/keluvo.com\/se\/wp-json\/wp\/v2\/product\/28454","targetHints":{"allow":["GET"]}}],"collection":[{"href":"https:\/\/keluvo.com\/se\/wp-json\/wp\/v2\/product"}],"about":[{"href":"https:\/\/keluvo.com\/se\/wp-json\/wp\/v2\/types\/product"}],"replies":[{"embeddable":true,"href":"https:\/\/keluvo.com\/se\/wp-json\/wp\/v2\/comments?post=28454"}],"wp:featuredmedia":[{"embeddable":true,"href":"https:\/\/keluvo.com\/se\/wp-json\/wp\/v2\/media\/28450"}],"wp:attachment":[{"href":"https:\/\/keluvo.com\/se\/wp-json\/wp\/v2\/media?parent=28454"}],"wp:term":[{"taxonomy":"product_brand","embeddable":true,"href":"https:\/\/keluvo.com\/se\/wp-json\/wp\/v2\/product_brand?post=28454"},{"taxonomy":"product_cat","embeddable":true,"href":"https:\/\/keluvo.com\/se\/wp-json\/wp\/v2\/product_cat?post=28454"},{"taxonomy":"product_tag","embeddable":true,"href":"https:\/\/keluvo.com\/se\/wp-json\/wp\/v2\/product_tag?post=28454"}],"curies":[{"name":"wp","href":"https:\/\/api.w.org\/{rel}","templated":true}]}}