{"id":28445,"date":"2025-09-11T09:17:34","date_gmt":"2025-09-11T06:17:34","guid":{"rendered":"https:\/\/keluvo.com\/se\/product\/harspray\/"},"modified":"2025-09-22T20:04:23","modified_gmt":"2025-09-22T17:04:23","slug":"harspray","status":"publish","type":"product","link":"https:\/\/keluvo.com\/se\/product\/harspray\/","title":{"rendered":"H\u00e5rspray"},"content":{"rendered":"<p style=\"text-align: center\"><strong><span style=\"font-weight: 400\">\ud83e\uddf4<\/span>Fr\u00e4scha upp h\u00e5ret direkt &#8211; inget vatten, inget kr\u00e5ngel.<span style=\"font-weight: 400\">\ud83d\udca7<\/span><\/strong><\/p>\n<p style=\"text-align: center\"><span style=\"font-weight: 400\">Den h\u00e4r torrschampoh\u00e5rsprayen ger ditt h\u00e5r en ren, fr\u00e4sch och fluffig look p\u00e5 n\u00e5gra sekunder. Det absorberar olja, avl\u00e4gsnar smuts och ger volym &#8211; perfekt f\u00f6r hektiska morgnar, resor eller n\u00e4r som helst n\u00e4r du beh\u00f6ver en snabb h\u00e5rfix utan att tv\u00e4tta.<\/span><\/p>\n<p><img decoding=\"async\" class=\"size-full wp-image-17659 aligncenter\" src=\"https:\/\/keluvo.com\/template\/wp-content\/uploads\/sites\/5\/2025\/05\/hair-ezgif.com-video-to-webp-converter.webp\" alt=\"\" \/><\/p>\n<h2 style=\"text-align: center\">\ud83c\udf1f Huvudf\u00f6rdelar<\/h2>\n<p><span style=\"font-weight: 400\">\ud83d\udca8 Fr\u00e4schar upp h\u00e5ret direkt utan vatten<\/span><span style=\"font-weight: 400\"><br \/>\n<\/span><\/p>\n<p><span style=\"font-weight: 400\">\u2728 Ger volym och fluff utan statisk elektricitet<\/span><span style=\"font-weight: 400\"><br \/>\n<\/span><\/p>\n<p><span style=\"font-weight: 400\">\ud83d\udca7 Kontrollerar olja och tar bort smuts vid r\u00f6tterna<\/span><span style=\"font-weight: 400\"><br \/>\n<\/span><\/p>\n<p><span style=\"font-weight: 400\">\ud83e\uddf4 L\u00e4tt formula f\u00f6r en ren och luftig k\u00e4nsla<\/span><span style=\"font-weight: 400\"><br \/>\n<\/span><\/p>\n<p><span style=\"font-weight: 400\">\ud83d\udd52 Perfekt f\u00f6r snabba fixar och lata h\u00e5rdagar<\/span><span style=\"font-weight: 400\"><br \/>\n<\/span><\/p>\n<p><span style=\"font-weight: 400\">\ud83d\udeab Beh\u00f6ver inte sk\u00f6ljas eller tv\u00e4ttas efter anv\u00e4ndning<\/span><\/p>\n<p><img decoding=\"async\" class=\"size-full wp-image-17661 aligncenter\" src=\"https:\/\/keluvo.com\/template\/wp-content\/uploads\/sites\/5\/2025\/05\/1-10.jpg\" alt=\"\" width=\"\/\" \/><\/p>\n<h2 style=\"text-align: center\">\ud83d\udccf Produktdetaljer<\/h2>\n<ul>\n<li style=\"font-weight: 400\"><span style=\"font-weight: 400\">Inneh\u00e5ll: 100ml<\/span><span style=\"font-weight: 400\"><br \/>\n<\/span><\/li>\n<li style=\"font-weight: 400\"><span style=\"font-weight: 400\">H\u00e5llbarhet: 3 \u00e5r<\/span><span style=\"font-weight: 400\"><br \/>\n<\/span><\/li>\n<li style=\"font-weight: 400\"><span style=\"font-weight: 400\">F\u00f6rvaring: f\u00f6rvara svalt och torrt<\/span><\/li>\n<li style=\"font-weight: 400\"><span style=\"font-weight: 400\">Funktion: oljekontroll, torrreng\u00f6ring, volymboost, beh\u00f6ver inte sk\u00f6ljas<\/span><\/li>\n<\/ul>\n<h2 style=\"text-align: center\">\ud83d\udce6 F\u00f6rpackningen inneh\u00e5ller<\/h2>\n<ul>\n<li style=\"font-weight: 400\"><span style=\"font-weight: 400\">1x torrschampo h\u00e5rspray.<\/span><\/li>\n<\/ul>\n","protected":false},"excerpt":{"rendered":"<p>\ud83e\uddf4Fr\u00e4scha upp h\u00e5ret direkt &#8211; inget vatten, inget kr\u00e5ngel.\ud83d\udca7 Den h\u00e4r torrschampoh\u00e5rsprayen ger ditt h\u00e5r en ren, fr\u00e4sch och fluffig [&hellip;]<\/p>\n","protected":false},"featured_media":28441,"comment_status":"open","ping_status":"closed","template":"","meta":{"site-sidebar-layout":"default","site-content-layout":"","ast-site-content-layout":"default","site-content-style":"default","site-sidebar-style":"default","ast-global-header-display":"","ast-banner-title-visibility":"","ast-main-header-display":"","ast-hfb-above-header-display":"","ast-hfb-below-header-display":"","ast-hfb-mobile-header-display":"","site-post-title":"","ast-breadcrumbs-content":"","ast-featured-img":"","footer-sml-layout":"","theme-transparent-header-meta":"default","adv-header-id-meta":"","stick-header-meta":"","header-above-stick-meta":"","header-main-stick-meta":"","header-below-stick-meta":"","astra-migrate-meta-layouts":"set","ast-page-background-enabled":"default","ast-page-background-meta":{"desktop":{"background-color":"var(--ast-global-color-4)","background-image":"","background-repeat":"repeat","background-position":"center center","background-size":"auto","background-attachment":"scroll","background-type":"","background-media":"","overlay-type":"","overlay-color":"","overlay-opacity":"","overlay-gradient":""},"tablet":{"background-color":"","background-image":"","background-repeat":"repeat","background-position":"center center","background-size":"auto","background-attachment":"scroll","background-type":"","background-media":"","overlay-type":"","overlay-color":"","overlay-opacity":"","overlay-gradient":""},"mobile":{"background-color":"","background-image":"","background-repeat":"repeat","background-position":"center center","background-size":"auto","background-attachment":"scroll","background-type":"","background-media":"","overlay-type":"","overlay-color":"","overlay-opacity":"","overlay-gradient":""}},"ast-content-background-meta":{"desktop":{"background-color":"var(--ast-global-color-5)","background-image":"","background-repeat":"repeat","background-position":"center center","background-size":"auto","background-attachment":"scroll","background-type":"","background-media":"","overlay-type":"","overlay-color":"","overlay-opacity":"","overlay-gradient":""},"tablet":{"background-color":"var(--ast-global-color-5)","background-image":"","background-repeat":"repeat","background-position":"center center","background-size":"auto","background-attachment":"scroll","background-type":"","background-media":"","overlay-type":"","overlay-color":"","overlay-opacity":"","overlay-gradient":""},"mobile":{"background-color":"var(--ast-global-color-5)","background-image":"","background-repeat":"repeat","background-position":"center center","background-size":"auto","background-attachment":"scroll","background-type":"","background-media":"","overlay-type":"","overlay-color":"","overlay-opacity":"","overlay-gradient":""}}},"product_brand":[],"product_cat":[992],"product_tag":[],"class_list":{"0":"post-28445","1":"product","2":"type-product","3":"status-publish","4":"has-post-thumbnail","6":"product_cat-beauty-and-hygiene-products","7":"desktop-align-left","8":"tablet-align-left","9":"mobile-align-left","11":"first","12":"instock","13":"shipping-taxable","14":"purchasable","15":"product-type-simple"},"_links":{"self":[{"href":"https:\/\/keluvo.com\/se\/wp-json\/wp\/v2\/product\/28445","targetHints":{"allow":["GET"]}}],"collection":[{"href":"https:\/\/keluvo.com\/se\/wp-json\/wp\/v2\/product"}],"about":[{"href":"https:\/\/keluvo.com\/se\/wp-json\/wp\/v2\/types\/product"}],"replies":[{"embeddable":true,"href":"https:\/\/keluvo.com\/se\/wp-json\/wp\/v2\/comments?post=28445"}],"wp:featuredmedia":[{"embeddable":true,"href":"https:\/\/keluvo.com\/se\/wp-json\/wp\/v2\/media\/28441"}],"wp:attachment":[{"href":"https:\/\/keluvo.com\/se\/wp-json\/wp\/v2\/media?parent=28445"}],"wp:term":[{"taxonomy":"product_brand","embeddable":true,"href":"https:\/\/keluvo.com\/se\/wp-json\/wp\/v2\/product_brand?post=28445"},{"taxonomy":"product_cat","embeddable":true,"href":"https:\/\/keluvo.com\/se\/wp-json\/wp\/v2\/product_cat?post=28445"},{"taxonomy":"product_tag","embeddable":true,"href":"https:\/\/keluvo.com\/se\/wp-json\/wp\/v2\/product_tag?post=28445"}],"curies":[{"name":"wp","href":"https:\/\/api.w.org\/{rel}","templated":true}]}}