{"id":28250,"date":"2025-09-10T16:32:34","date_gmt":"2025-09-10T13:32:34","guid":{"rendered":"https:\/\/keluvo.com\/se\/product\/ansiktsskydd\/"},"modified":"2025-09-12T14:36:55","modified_gmt":"2025-09-12T11:36:55","slug":"ansiktsskydd","status":"publish","type":"product","link":"https:\/\/keluvo.com\/se\/product\/ansiktsskydd\/","title":{"rendered":"Ansiktsskydd"},"content":{"rendered":"<p style=\"text-align: center\"><b>Vi presenterar ansiktsskyddet &#8211; ditt starka och tydliga skydd f\u00f6r hela ansiktet!<\/b><\/p>\n<p style=\"text-align: center\"><span style=\"font-weight: 400\">Det h\u00e4r l\u00e4tta ansiktsskyddet t\u00e4cker \u00f6gon, n\u00e4sa och mun f\u00f6r att skydda dig mot damm, droppar, spray och st\u00e4nk &#8211; samtidigt som du h\u00e5ller dig klar och bekv\u00e4m!<\/span><\/p>\n<p><img decoding=\"async\" class=\"alignnone size-full wp-image-16930 aligncenter\" src=\"https:\/\/keluvo.com\/template\/wp-content\/uploads\/sites\/5\/2025\/05\/fd5075ab-ab25-4302-ac32-26504860ccd1.gif.gif\" alt=\"\" \/><\/p>\n<h2 style=\"text-align: center\">Huvudf\u00f6rdelar<\/h2>\n<p><span style=\"font-weight: 400\">Fullst\u00e4ndigt skydd f\u00f6r ansiktet &#8211; \u00f6gon, n\u00e4sa och mun t\u00e4ckta<\/span><span style=\"font-weight: 400\"><br \/>\n<\/span><\/p>\n<p><span style=\"font-weight: 400\">L\u00e4tt och andningsbar &#8211; l\u00e4tt att b\u00e4ra under l\u00e5nga timmar<\/span><span style=\"font-weight: 400\"><br \/>\n<\/span><\/p>\n<p><span style=\"font-weight: 400\">Tillverkad av imfritt material &#8211; alltid klar, ingen imma<\/span><span style=\"font-weight: 400\"><br \/>\n<\/span><\/p>\n<p><span style=\"font-weight: 400\">Vattent\u00e5lig och h\u00e5llbar &#8211; byggd f\u00f6r daglig anv\u00e4ndning<\/span><span style=\"font-weight: 400\"><br \/>\n<\/span><\/p>\n<p><span style=\"font-weight: 400\">Justerbart sp\u00e4nne &#8211; passar de flesta enkelt<\/span><\/p>\n<p><img decoding=\"async\" class=\"alignnone size-full wp-image-16928 aligncenter\" src=\"https:\/\/keluvo.com\/template\/wp-content\/uploads\/sites\/5\/2025\/05\/94b82e08-3ef0-42c9-aa79-8cb713e13d4c.webp.webp\" alt=\"\" \/><\/p>\n<h2 style=\"text-align: center\">Hur Den H\u00e4r Produkten Hj\u00e4lper Dig<\/h2>\n<p style=\"text-align: center\"><span style=\"font-weight: 400\">Ansiktsskyddet \u00e4r perfekt f\u00f6r att h\u00e5lla dig s\u00e4ker n\u00e4r du arbetar, reser eller g\u00f6r utomhusaktiviteter.<\/span><\/p>\n<p style=\"text-align: center\"><span style=\"font-weight: 400\"> Den \u00e4r perfekt f\u00f6r att:<\/span><\/p>\n<ul>\n<li style=\"font-weight: 400\"><span style=\"font-weight: 400\">Skydda mot damm, gr\u00e4s, tr\u00e4flis och droppar<\/span><span style=\"font-weight: 400\"><br \/>\n<\/span><\/li>\n<li style=\"font-weight: 400\"><span style=\"font-weight: 400\">H\u00e5lla dig s\u00e4ker p\u00e5 kontor, i k\u00f6k, tr\u00e4dg\u00e5rdar och p\u00e5 offentliga platser<\/span><span style=\"font-weight: 400\"><br \/>\n<\/span><\/li>\n<li style=\"font-weight: 400\"><span style=\"font-weight: 400\">L\u00e4tt att b\u00e4ra med sig i ryggs\u00e4cken eller v\u00e4skan f\u00f6r snabb anv\u00e4ndning n\u00e4r som helst<\/span><\/li>\n<\/ul>\n<h2 style=\"text-align: center\">Anv\u00e4ndning<\/h2>\n<ol>\n<li style=\"font-weight: 400\"><span style=\"font-weight: 400\">Avl\u00e4gsna skyddsfilmen p\u00e5 b\u00e5da sidor av skyddet.<\/span><span style=\"font-weight: 400\"><br \/>\n<\/span><\/li>\n<li style=\"font-weight: 400\"><span style=\"font-weight: 400\">Justera remmen med hj\u00e4lp av sp\u00e4nnet s\u00e5 att den passar ditt huvud bekv\u00e4mt.<\/span><span style=\"font-weight: 400\"><br \/>\n<\/span><\/li>\n<li style=\"font-weight: 400\"><span style=\"font-weight: 400\">B\u00e4r den n\u00e4r det beh\u00f6vs f\u00f6r att h\u00e5lla dig skyddad och s\u00e4ker.<\/span><\/li>\n<\/ol>\n<h2 style=\"text-align: center\">Paketet Inneh\u00e5ller<\/h2>\n<ul>\n<li><span style=\"font-weight: 400\">1x helt\u00e4ckande ansiktsskydd (med justerbart sp\u00e4nne).<\/span><\/li>\n<\/ul>\n","protected":false},"excerpt":{"rendered":"<p>Vi presenterar ansiktsskyddet &#8211; ditt starka och tydliga skydd f\u00f6r hela ansiktet! Det h\u00e4r l\u00e4tta ansiktsskyddet t\u00e4cker \u00f6gon, n\u00e4sa och [&hellip;]<\/p>\n","protected":false},"featured_media":28246,"comment_status":"open","ping_status":"closed","template":"","meta":{"site-sidebar-layout":"default","site-content-layout":"","ast-site-content-layout":"default","site-content-style":"default","site-sidebar-style":"default","ast-global-header-display":"","ast-banner-title-visibility":"","ast-main-header-display":"","ast-hfb-above-header-display":"","ast-hfb-below-header-display":"","ast-hfb-mobile-header-display":"","site-post-title":"","ast-breadcrumbs-content":"","ast-featured-img":"","footer-sml-layout":"","theme-transparent-header-meta":"default","adv-header-id-meta":"","stick-header-meta":"","header-above-stick-meta":"","header-main-stick-meta":"","header-below-stick-meta":"","astra-migrate-meta-layouts":"set","ast-page-background-enabled":"default","ast-page-background-meta":{"desktop":{"background-color":"var(--ast-global-color-4)","background-image":"","background-repeat":"repeat","background-position":"center center","background-size":"auto","background-attachment":"scroll","background-type":"","background-media":"","overlay-type":"","overlay-color":"","overlay-opacity":"","overlay-gradient":""},"tablet":{"background-color":"","background-image":"","background-repeat":"repeat","background-position":"center center","background-size":"auto","background-attachment":"scroll","background-type":"","background-media":"","overlay-type":"","overlay-color":"","overlay-opacity":"","overlay-gradient":""},"mobile":{"background-color":"","background-image":"","background-repeat":"repeat","background-position":"center center","background-size":"auto","background-attachment":"scroll","background-type":"","background-media":"","overlay-type":"","overlay-color":"","overlay-opacity":"","overlay-gradient":""}},"ast-content-background-meta":{"desktop":{"background-color":"var(--ast-global-color-5)","background-image":"","background-repeat":"repeat","background-position":"center center","background-size":"auto","background-attachment":"scroll","background-type":"","background-media":"","overlay-type":"","overlay-color":"","overlay-opacity":"","overlay-gradient":""},"tablet":{"background-color":"var(--ast-global-color-5)","background-image":"","background-repeat":"repeat","background-position":"center center","background-size":"auto","background-attachment":"scroll","background-type":"","background-media":"","overlay-type":"","overlay-color":"","overlay-opacity":"","overlay-gradient":""},"mobile":{"background-color":"var(--ast-global-color-5)","background-image":"","background-repeat":"repeat","background-position":"center center","background-size":"auto","background-attachment":"scroll","background-type":"","background-media":"","overlay-type":"","overlay-color":"","overlay-opacity":"","overlay-gradient":""}}},"product_brand":[],"product_cat":[991,996],"product_tag":[],"class_list":{"0":"post-28250","1":"product","2":"type-product","3":"status-publish","4":"has-post-thumbnail","6":"product_cat-health-care-supplies","7":"product_cat-tools","8":"pa_30349_zo3lgb2j-bla","9":"pa_30349_zo3lgb2j-gra","10":"pa_30349_zo3lgb2j-rod","11":"pa_30349_zo3lgb2j-svart","12":"desktop-align-left","13":"tablet-align-left","14":"mobile-align-left","16":"first","17":"instock","18":"shipping-taxable","19":"purchasable","20":"product-type-variable"},"_links":{"self":[{"href":"https:\/\/keluvo.com\/se\/wp-json\/wp\/v2\/product\/28250","targetHints":{"allow":["GET"]}}],"collection":[{"href":"https:\/\/keluvo.com\/se\/wp-json\/wp\/v2\/product"}],"about":[{"href":"https:\/\/keluvo.com\/se\/wp-json\/wp\/v2\/types\/product"}],"replies":[{"embeddable":true,"href":"https:\/\/keluvo.com\/se\/wp-json\/wp\/v2\/comments?post=28250"}],"wp:featuredmedia":[{"embeddable":true,"href":"https:\/\/keluvo.com\/se\/wp-json\/wp\/v2\/media\/28246"}],"wp:attachment":[{"href":"https:\/\/keluvo.com\/se\/wp-json\/wp\/v2\/media?parent=28250"}],"wp:term":[{"taxonomy":"product_brand","embeddable":true,"href":"https:\/\/keluvo.com\/se\/wp-json\/wp\/v2\/product_brand?post=28250"},{"taxonomy":"product_cat","embeddable":true,"href":"https:\/\/keluvo.com\/se\/wp-json\/wp\/v2\/product_cat?post=28250"},{"taxonomy":"product_tag","embeddable":true,"href":"https:\/\/keluvo.com\/se\/wp-json\/wp\/v2\/product_tag?post=28250"}],"curies":[{"name":"wp","href":"https:\/\/api.w.org\/{rel}","templated":true}]}}