{"id":28216,"date":"2025-09-10T16:30:39","date_gmt":"2025-09-10T13:30:39","guid":{"rendered":"https:\/\/keluvo.com\/se\/product\/krokar-for-upphangning\/"},"modified":"2025-09-12T14:35:31","modified_gmt":"2025-09-12T11:35:31","slug":"krokar-for-upphangning","status":"publish","type":"product","link":"https:\/\/keluvo.com\/se\/product\/krokar-for-upphangning\/","title":{"rendered":"Krokar f\u00f6r upph\u00e4ngning"},"content":{"rendered":"<p style=\"text-align: center\"><strong>\ud83c\udf31 Vi presenterar de h\u00e4ngande krokarna &#8211; ditt enkla s\u00e4tt att vattna och ta hand om v\u00e4xter utan att kl\u00e4ttra! \ud83c\udf3c<\/strong><\/p>\n<p style=\"text-align: center\"><span style=\"font-weight: 400\">Med de h\u00e4r starka, inf\u00e4llbara krokarna kan du dra ner dina v\u00e4xter f\u00f6r att vattna eller mata dem utan att anv\u00e4nda en stege. Snabbt, s\u00e4kert och enkelt!<\/span><\/p>\n<p><img decoding=\"async\" class=\"size-full wp-image-16665 aligncenter\" src=\"https:\/\/keluvo.com\/template\/wp-content\/uploads\/sites\/5\/2025\/04\/Hanginghook-ezgif.com-video-to-webp-converter.webp\" alt=\"\" \/><\/p>\n<h2 style=\"text-align: center\">Huvudf\u00f6rdelar<\/h2>\n<p><span style=\"font-weight: 400\">Stark och h\u00e5llbar \u2013 h\u00e5ller upp till 15 kg s\u00e4kert<\/span><span style=\"font-weight: 400\"><br \/>\n<\/span><\/p>\n<p><span style=\"font-weight: 400\">Utdragbart band \u2013 str\u00e4cker sig upp till 90 cm f\u00f6r enkel r\u00e4ckvidd<\/span><span style=\"font-weight: 400\"><br \/>\n<\/span><\/p>\n<p><span style=\"font-weight: 400\">L\u00e5s p\u00e5 valfri h\u00f6jd \u2013 stannar exakt d\u00e4r du vill<\/span><span style=\"font-weight: 400\"><br \/>\n<\/span><\/p>\n<p><span style=\"font-weight: 400\">Perfekt f\u00f6r h\u00e4ngande v\u00e4xter, blomkorgar och f\u00e5gelburar<\/span><\/p>\n<p><span style=\"font-weight: 400\">L\u00e4tt att anv\u00e4nda \u2013 dra bara f\u00f6rsiktigt ned\u00e5t f\u00f6r att st\u00e4lla in h\u00f6jden<\/span><\/p>\n<p><img decoding=\"async\" class=\"size-full wp-image-16666 aligncenter\" src=\"https:\/\/keluvo.com\/template\/wp-content\/uploads\/sites\/5\/2025\/04\/dd8a590d-e30b-41c2-a1eb-5377d2d1deeb.webp\" alt=\"\" \/><\/p>\n<h2 style=\"text-align: center\">Hur Den H\u00e4r Produkten Hj\u00e4lper Dig<\/h2>\n<p style=\"text-align: center\"><span style=\"font-weight: 400\">De utdragbara h\u00e4ngkrokarna g\u00f6r det enkelt och s\u00e4kert att ta hand om dina h\u00e4ngande v\u00e4xter.<\/span><\/p>\n<p style=\"text-align: center\"><span style=\"font-weight: 400\"> De \u00e4r perfekta f\u00f6r:<\/span><\/p>\n<ul>\n<li style=\"font-weight: 400\"><span style=\"font-weight: 400\">Vattna v\u00e4xter utan att sl\u00e4pa ut en stege<\/span><span style=\"font-weight: 400\"><br \/>\n<\/span><\/li>\n<li style=\"font-weight: 400\"><span style=\"font-weight: 400\">Mata amplar snabbt och enkelt<\/span><\/li>\n<li style=\"font-weight: 400\"><span style=\"font-weight: 400\">Dekorera tr\u00e4dg\u00e5rdar, balkonger, verandor och inomhusutrymmen.<\/span><\/li>\n<\/ul>\n<h2 style=\"text-align: center\">Paketet Inneh\u00e5ller<\/h2>\n<ul>\n<li style=\"font-weight: 400\"><span style=\"font-weight: 400\">1, 2, 4x inf\u00e4llbar h\u00e4ngande krok med justerbar nylonrem.<\/span><\/li>\n<\/ul>\n","protected":false},"excerpt":{"rendered":"<p>\ud83c\udf31 Vi presenterar de h\u00e4ngande krokarna &#8211; ditt enkla s\u00e4tt att vattna och ta hand om v\u00e4xter utan att kl\u00e4ttra! [&hellip;]<\/p>\n","protected":false},"featured_media":28212,"comment_status":"open","ping_status":"closed","template":"","meta":{"site-sidebar-layout":"default","site-content-layout":"","ast-site-content-layout":"default","site-content-style":"default","site-sidebar-style":"default","ast-global-header-display":"","ast-banner-title-visibility":"","ast-main-header-display":"","ast-hfb-above-header-display":"","ast-hfb-below-header-display":"","ast-hfb-mobile-header-display":"","site-post-title":"","ast-breadcrumbs-content":"","ast-featured-img":"","footer-sml-layout":"","theme-transparent-header-meta":"default","adv-header-id-meta":"","stick-header-meta":"","header-above-stick-meta":"","header-main-stick-meta":"","header-below-stick-meta":"","astra-migrate-meta-layouts":"set","ast-page-background-enabled":"default","ast-page-background-meta":{"desktop":{"background-color":"var(--ast-global-color-4)","background-image":"","background-repeat":"repeat","background-position":"center center","background-size":"auto","background-attachment":"scroll","background-type":"","background-media":"","overlay-type":"","overlay-color":"","overlay-opacity":"","overlay-gradient":""},"tablet":{"background-color":"","background-image":"","background-repeat":"repeat","background-position":"center center","background-size":"auto","background-attachment":"scroll","background-type":"","background-media":"","overlay-type":"","overlay-color":"","overlay-opacity":"","overlay-gradient":""},"mobile":{"background-color":"","background-image":"","background-repeat":"repeat","background-position":"center center","background-size":"auto","background-attachment":"scroll","background-type":"","background-media":"","overlay-type":"","overlay-color":"","overlay-opacity":"","overlay-gradient":""}},"ast-content-background-meta":{"desktop":{"background-color":"var(--ast-global-color-5)","background-image":"","background-repeat":"repeat","background-position":"center center","background-size":"auto","background-attachment":"scroll","background-type":"","background-media":"","overlay-type":"","overlay-color":"","overlay-opacity":"","overlay-gradient":""},"tablet":{"background-color":"var(--ast-global-color-5)","background-image":"","background-repeat":"repeat","background-position":"center center","background-size":"auto","background-attachment":"scroll","background-type":"","background-media":"","overlay-type":"","overlay-color":"","overlay-opacity":"","overlay-gradient":""},"mobile":{"background-color":"var(--ast-global-color-5)","background-image":"","background-repeat":"repeat","background-position":"center center","background-size":"auto","background-attachment":"scroll","background-type":"","background-media":"","overlay-type":"","overlay-color":"","overlay-opacity":"","overlay-gradient":""}}},"product_brand":[],"product_cat":[1001],"product_tag":[],"class_list":{"0":"post-28216","1":"product","2":"type-product","3":"status-publish","4":"has-post-thumbnail","6":"product_cat-household-goods","7":"pa_22312_ccd5sbtn-1-st","8":"pa_22312_ccd5sbtn-2st","9":"pa_22312_ccd5sbtn-4-st","10":"pa_22312_ity30hkn-svart","11":"pa_22312_ity30hkn-vit","12":"desktop-align-left","13":"tablet-align-left","14":"mobile-align-left","16":"first","17":"instock","18":"shipping-taxable","19":"purchasable","20":"product-type-variable","21":"has-default-attributes"},"_links":{"self":[{"href":"https:\/\/keluvo.com\/se\/wp-json\/wp\/v2\/product\/28216","targetHints":{"allow":["GET"]}}],"collection":[{"href":"https:\/\/keluvo.com\/se\/wp-json\/wp\/v2\/product"}],"about":[{"href":"https:\/\/keluvo.com\/se\/wp-json\/wp\/v2\/types\/product"}],"replies":[{"embeddable":true,"href":"https:\/\/keluvo.com\/se\/wp-json\/wp\/v2\/comments?post=28216"}],"wp:featuredmedia":[{"embeddable":true,"href":"https:\/\/keluvo.com\/se\/wp-json\/wp\/v2\/media\/28212"}],"wp:attachment":[{"href":"https:\/\/keluvo.com\/se\/wp-json\/wp\/v2\/media?parent=28216"}],"wp:term":[{"taxonomy":"product_brand","embeddable":true,"href":"https:\/\/keluvo.com\/se\/wp-json\/wp\/v2\/product_brand?post=28216"},{"taxonomy":"product_cat","embeddable":true,"href":"https:\/\/keluvo.com\/se\/wp-json\/wp\/v2\/product_cat?post=28216"},{"taxonomy":"product_tag","embeddable":true,"href":"https:\/\/keluvo.com\/se\/wp-json\/wp\/v2\/product_tag?post=28216"}],"curies":[{"name":"wp","href":"https:\/\/api.w.org\/{rel}","templated":true}]}}