{"id":28142,"date":"2025-09-10T16:26:50","date_gmt":"2025-09-10T13:26:50","guid":{"rendered":"https:\/\/keluvo.com\/se\/product\/minimalistisk-planbok-i-lader\/"},"modified":"2025-09-10T16:27:11","modified_gmt":"2025-09-10T13:27:11","slug":"minimalistisk-planbok-i-lader","status":"publish","type":"product","link":"https:\/\/keluvo.com\/se\/product\/minimalistisk-planbok-i-lader\/","title":{"rendered":"Minimalistisk pl\u00e5nbok i l\u00e4der"},"content":{"rendered":"<p style=\"text-align: center\"><b>\ud83d\udcb3 Vi presenterar den minimalistiska l\u00e4derpl\u00e5nboken &#8211; din snygga och s\u00e4kra organisat\u00f6r f\u00f6r vardag och resa! \ud83d\udcf1<\/b><\/p>\n<p style=\"text-align: center\"><span style=\"font-weight: 400\">Denna smarta pl\u00e5nbok har plats f\u00f6r kort, kontanter, ett pass och till och med din telefon. Dessutom skyddar den din privata information med RFID-blockeringsteknik!<\/span><\/p>\n<p><img decoding=\"async\" class=\"size-full wp-image-16713 aligncenter\" src=\"https:\/\/keluvo.com\/template\/wp-content\/uploads\/sites\/5\/2025\/05\/Wallet-ezgif.com-video-to-webp-converter.webp\" alt=\"\" \/><\/p>\n<h2 style=\"text-align: center\">Huvudf\u00f6rdelar<\/h2>\n<p><span style=\"font-weight: 400\">Tillverkad av mjukt, vattent\u00e4tt och slitstarkt \u00e4kta l\u00e4der<\/span><span style=\"font-weight: 400\"><br \/>\n<\/span><\/p>\n<p><span style=\"font-weight: 400\">Avancerad RFID-blockering &#8211; skyddar dina kreditkort fr\u00e5n skanning<\/span><span style=\"font-weight: 400\"><br \/>\n<\/span><\/p>\n<p><span style=\"font-weight: 400\">Stor kapacitet &#8211; rymmer upp till 36 kort, kontanter, pass och telefon<\/span><span style=\"font-weight: 400\"><br \/>\n<\/span><\/p>\n<p><span style=\"font-weight: 400\">S\u00e4ker blixtl\u00e5sdesign &#8211; inget ramlar ut<\/span><span style=\"font-weight: 400\"><br \/>\n<\/span><\/p>\n<p><span style=\"font-weight: 400\">L\u00e4tt och elegant &#8211; perfekt f\u00f6r resor eller daglig anv\u00e4ndning<\/span><\/p>\n<p><img decoding=\"async\" class=\"size-full wp-image-16717 aligncenter\" src=\"https:\/\/keluvo.com\/template\/wp-content\/uploads\/sites\/5\/2025\/05\/Sd4f8ec8829864f2794ceda1f7e9e3bb28.jpg_960x960q75.jpg_.jpg\" alt=\"\" \/><\/p>\n<h2 style=\"text-align: center\">Hur Den H\u00e4r Produkten Hj\u00e4lper Dig<\/h2>\n<p style=\"text-align: center\"><span style=\"font-weight: 400\">Den minimalistiska l\u00e4derpl\u00e5nboken h\u00e5ller dina viktiga f\u00f6rem\u00e5l organiserade, skyddade och l\u00e4tta att hitta.<\/span><\/p>\n<p style=\"text-align: center\"><span style=\"font-weight: 400\">Den \u00e4r perfekt f\u00f6r:<\/span><\/p>\n<ul>\n<li style=\"font-weight: 400\"><span style=\"font-weight: 400\">Vardagliga \u00e4renden, aff\u00e4rsm\u00f6ten och semestrar<\/span><span style=\"font-weight: 400\"><br \/>\n<\/span><\/li>\n<li style=\"font-weight: 400\"><span style=\"font-weight: 400\">H\u00e5lla dina kort och kontanter st\u00f6ldskyddade<\/span><\/li>\n<li style=\"font-weight: 400\"><span style=\"font-weight: 400\">Ha med dig telefon, pass och andra viktiga saker p\u00e5 ett och samma st\u00e4lle.<\/span><\/li>\n<\/ul>\n<h2 style=\"text-align: center\">\ud83d\udce6 I Paketet Ing\u00e5r<\/h2>\n<ul>\n<li style=\"font-weight: 400\"><span style=\"font-weight: 400\">1x minimalistisk l\u00e4derpl\u00e5nbok.<\/span><\/li>\n<\/ul>\n","protected":false},"excerpt":{"rendered":"<p>\ud83d\udcb3 Vi presenterar den minimalistiska l\u00e4derpl\u00e5nboken &#8211; din snygga och s\u00e4kra organisat\u00f6r f\u00f6r vardag och resa! \ud83d\udcf1 Denna smarta pl\u00e5nbok [&hellip;]<\/p>\n","protected":false},"featured_media":28138,"comment_status":"open","ping_status":"closed","template":"","meta":{"site-sidebar-layout":"default","site-content-layout":"","ast-site-content-layout":"default","site-content-style":"default","site-sidebar-style":"default","ast-global-header-display":"","ast-banner-title-visibility":"","ast-main-header-display":"","ast-hfb-above-header-display":"","ast-hfb-below-header-display":"","ast-hfb-mobile-header-display":"","site-post-title":"","ast-breadcrumbs-content":"","ast-featured-img":"","footer-sml-layout":"","theme-transparent-header-meta":"default","adv-header-id-meta":"","stick-header-meta":"","header-above-stick-meta":"","header-main-stick-meta":"","header-below-stick-meta":"","astra-migrate-meta-layouts":"set","ast-page-background-enabled":"default","ast-page-background-meta":{"desktop":{"background-color":"var(--ast-global-color-4)","background-image":"","background-repeat":"repeat","background-position":"center center","background-size":"auto","background-attachment":"scroll","background-type":"","background-media":"","overlay-type":"","overlay-color":"","overlay-opacity":"","overlay-gradient":""},"tablet":{"background-color":"","background-image":"","background-repeat":"repeat","background-position":"center center","background-size":"auto","background-attachment":"scroll","background-type":"","background-media":"","overlay-type":"","overlay-color":"","overlay-opacity":"","overlay-gradient":""},"mobile":{"background-color":"","background-image":"","background-repeat":"repeat","background-position":"center center","background-size":"auto","background-attachment":"scroll","background-type":"","background-media":"","overlay-type":"","overlay-color":"","overlay-opacity":"","overlay-gradient":""}},"ast-content-background-meta":{"desktop":{"background-color":"var(--ast-global-color-5)","background-image":"","background-repeat":"repeat","background-position":"center center","background-size":"auto","background-attachment":"scroll","background-type":"","background-media":"","overlay-type":"","overlay-color":"","overlay-opacity":"","overlay-gradient":""},"tablet":{"background-color":"var(--ast-global-color-5)","background-image":"","background-repeat":"repeat","background-position":"center center","background-size":"auto","background-attachment":"scroll","background-type":"","background-media":"","overlay-type":"","overlay-color":"","overlay-opacity":"","overlay-gradient":""},"mobile":{"background-color":"var(--ast-global-color-5)","background-image":"","background-repeat":"repeat","background-position":"center center","background-size":"auto","background-attachment":"scroll","background-type":"","background-media":"","overlay-type":"","overlay-color":"","overlay-opacity":"","overlay-gradient":""}}},"product_brand":[],"product_cat":[994],"product_tag":[],"class_list":{"0":"post-28142","1":"product","2":"type-product","3":"status-publish","4":"has-post-thumbnail","6":"product_cat-clothing-for-women","7":"pa_23445_hw4vdnat-brun","8":"pa_23445_hw4vdnat-gron","9":"pa_23445_hw4vdnat-himmelbla","10":"pa_23445_hw4vdnat-ljuslila","11":"pa_23445_hw4vdnat-rosa","12":"pa_23445_hw4vdnat-rosarod","13":"pa_23445_hw4vdnat-rott-vin","14":"pa_23445_hw4vdnat-svart","15":"desktop-align-left","16":"tablet-align-left","17":"mobile-align-left","19":"first","20":"instock","21":"shipping-taxable","22":"purchasable","23":"product-type-variable"},"_links":{"self":[{"href":"https:\/\/keluvo.com\/se\/wp-json\/wp\/v2\/product\/28142","targetHints":{"allow":["GET"]}}],"collection":[{"href":"https:\/\/keluvo.com\/se\/wp-json\/wp\/v2\/product"}],"about":[{"href":"https:\/\/keluvo.com\/se\/wp-json\/wp\/v2\/types\/product"}],"replies":[{"embeddable":true,"href":"https:\/\/keluvo.com\/se\/wp-json\/wp\/v2\/comments?post=28142"}],"wp:featuredmedia":[{"embeddable":true,"href":"https:\/\/keluvo.com\/se\/wp-json\/wp\/v2\/media\/28138"}],"wp:attachment":[{"href":"https:\/\/keluvo.com\/se\/wp-json\/wp\/v2\/media?parent=28142"}],"wp:term":[{"taxonomy":"product_brand","embeddable":true,"href":"https:\/\/keluvo.com\/se\/wp-json\/wp\/v2\/product_brand?post=28142"},{"taxonomy":"product_cat","embeddable":true,"href":"https:\/\/keluvo.com\/se\/wp-json\/wp\/v2\/product_cat?post=28142"},{"taxonomy":"product_tag","embeddable":true,"href":"https:\/\/keluvo.com\/se\/wp-json\/wp\/v2\/product_tag?post=28142"}],"curies":[{"name":"wp","href":"https:\/\/api.w.org\/{rel}","templated":true}]}}