{"id":28124,"date":"2025-09-10T16:25:51","date_gmt":"2025-09-10T13:25:51","guid":{"rendered":"https:\/\/keluvo.com\/se\/product\/mobelhjul\/"},"modified":"2025-09-22T20:03:10","modified_gmt":"2025-09-22T17:03:10","slug":"mobelhjul","status":"publish","type":"product","link":"https:\/\/keluvo.com\/se\/product\/mobelhjul\/","title":{"rendered":"M\u00f6belhjul"},"content":{"rendered":"<p style=\"text-align: center\"><b>\ud83c\udfe0 Vi presenterar m\u00f6belhjulen &#8211; din smidiga hj\u00e4lpreda f\u00f6r enkel f\u00f6rvaring! \ud83d\udecc<\/b><\/p>\n<p style=\"text-align: center\"><span style=\"font-weight: 400\">De h\u00e4r sm\u00e5 men starka hjulen f\u00e4sts direkt p\u00e5 f\u00f6rvaringsl\u00e5dor, hyllor eller backar. Flytta dina f\u00f6rem\u00e5l utan att lyfta &#8211; rulla dem bara!<\/span><\/p>\n<p><img decoding=\"async\" class=\"size-full wp-image-16941 aligncenter\" src=\"https:\/\/keluvo.com\/template\/wp-content\/uploads\/sites\/5\/2025\/05\/wheeel-ezgif.com-video-to-webp-converter.webp\" alt=\"\" \/><\/p>\n<h2 style=\"text-align: center\">Huvudf\u00f6rdelar<\/h2>\n<p><span style=\"font-weight: 400\">Sj\u00e4lvh\u00e4ftande hjul &#8211; inga verktyg eller skruvar beh\u00f6vs<\/span><span style=\"font-weight: 400\"><br \/>\n<\/span><\/p>\n<p><span style=\"font-weight: 400\">Rullar mjukt och tyst &#8211; inget mer sl\u00e4pande eller lyftande<\/span><span style=\"font-weight: 400\"><br \/>\n<\/span><\/p>\n<p><span style=\"font-weight: 400\">Tillverkad av stark ABS och rostfritt st\u00e5l &#8211; byggd f\u00f6r att h\u00e5lla<\/span><span style=\"font-weight: 400\"><br \/>\n<\/span><\/p>\n<p><span style=\"font-weight: 400\">S\u00e4ker och enkel att anv\u00e4nda &#8211; rundade kanter skadar inte dina h\u00e4nder<\/span><\/p>\n<p><span style=\"font-weight: 400\">Fungerar p\u00e5 m\u00e5nga ytor &#8211; plastbackar, l\u00e5dor under s\u00e4ngen, hyllor med mera<\/span><\/p>\n<p><img decoding=\"async\" class=\"size-full wp-image-16943 aligncenter\" src=\"https:\/\/keluvo.com\/template\/wp-content\/uploads\/sites\/5\/2025\/05\/b0c5bb40-ea69-44eb-86e9-c8733ec39cbc.webp\" alt=\"\" \/><\/p>\n<h2 style=\"text-align: center\">Hur den h\u00e4r produkten hj\u00e4lper dig<\/h2>\n<p style=\"text-align: center\"><span style=\"font-weight: 400\">De sj\u00e4lvh\u00e4ftande m\u00f6belhjulen hj\u00e4lper till att f\u00f6rvandla alla f\u00f6rvaringsl\u00e5dor till mobila p\u00e5 n\u00e5gra sekunder.<\/span><\/p>\n<p style=\"text-align: center\"><span style=\"font-weight: 400\"> De \u00e4r perfekta f\u00f6r:<\/span><\/p>\n<ul>\n<li style=\"font-weight: 400\"><span style=\"font-weight: 400\">Flytta tunga l\u00e5dor utan att skada ryggen<\/span><span style=\"font-weight: 400\"><br \/>\n<\/span><\/li>\n<li style=\"font-weight: 400\"><span style=\"font-weight: 400\">Glidande f\u00f6rvaring fr\u00e5n under s\u00e4ngar eller hyllor<\/span><\/li>\n<li style=\"font-weight: 400\"><span style=\"font-weight: 400\">G\u00f6ra reng\u00f6ring och organisering enklare.<\/span><\/li>\n<\/ul>\n<h2 style=\"text-align: center\">\ud83d\udce6Paketet inneh\u00e5ller<\/h2>\n<ul>\n<li style=\"font-weight: 400\"><span style=\"font-weight: 400\">4, 8, 12, 16\u00d7 sj\u00e4lvh\u00e4ftande m\u00f6belhjul (Storlek: 4,5 cm x 2,8 cm x 1,4 cm).<\/span><\/li>\n<\/ul>\n<p>&nbsp;<\/p>\n","protected":false},"excerpt":{"rendered":"<p>\ud83c\udfe0 Vi presenterar m\u00f6belhjulen &#8211; din smidiga hj\u00e4lpreda f\u00f6r enkel f\u00f6rvaring! \ud83d\udecc De h\u00e4r sm\u00e5 men starka hjulen f\u00e4sts direkt [&hellip;]<\/p>\n","protected":false},"featured_media":28120,"comment_status":"open","ping_status":"closed","template":"","meta":{"site-sidebar-layout":"default","site-content-layout":"","ast-site-content-layout":"default","site-content-style":"default","site-sidebar-style":"default","ast-global-header-display":"","ast-banner-title-visibility":"","ast-main-header-display":"","ast-hfb-above-header-display":"","ast-hfb-below-header-display":"","ast-hfb-mobile-header-display":"","site-post-title":"","ast-breadcrumbs-content":"","ast-featured-img":"","footer-sml-layout":"","theme-transparent-header-meta":"default","adv-header-id-meta":"","stick-header-meta":"","header-above-stick-meta":"","header-main-stick-meta":"","header-below-stick-meta":"","astra-migrate-meta-layouts":"set","ast-page-background-enabled":"default","ast-page-background-meta":{"desktop":{"background-color":"var(--ast-global-color-4)","background-image":"","background-repeat":"repeat","background-position":"center center","background-size":"auto","background-attachment":"scroll","background-type":"","background-media":"","overlay-type":"","overlay-color":"","overlay-opacity":"","overlay-gradient":""},"tablet":{"background-color":"","background-image":"","background-repeat":"repeat","background-position":"center center","background-size":"auto","background-attachment":"scroll","background-type":"","background-media":"","overlay-type":"","overlay-color":"","overlay-opacity":"","overlay-gradient":""},"mobile":{"background-color":"","background-image":"","background-repeat":"repeat","background-position":"center center","background-size":"auto","background-attachment":"scroll","background-type":"","background-media":"","overlay-type":"","overlay-color":"","overlay-opacity":"","overlay-gradient":""}},"ast-content-background-meta":{"desktop":{"background-color":"var(--ast-global-color-5)","background-image":"","background-repeat":"repeat","background-position":"center center","background-size":"auto","background-attachment":"scroll","background-type":"","background-media":"","overlay-type":"","overlay-color":"","overlay-opacity":"","overlay-gradient":""},"tablet":{"background-color":"var(--ast-global-color-5)","background-image":"","background-repeat":"repeat","background-position":"center center","background-size":"auto","background-attachment":"scroll","background-type":"","background-media":"","overlay-type":"","overlay-color":"","overlay-opacity":"","overlay-gradient":""},"mobile":{"background-color":"var(--ast-global-color-5)","background-image":"","background-repeat":"repeat","background-position":"center center","background-size":"auto","background-attachment":"scroll","background-type":"","background-media":"","overlay-type":"","overlay-color":"","overlay-opacity":"","overlay-gradient":""}}},"product_brand":[],"product_cat":[1001],"product_tag":[],"class_list":{"0":"post-28124","1":"product","2":"type-product","3":"status-publish","4":"has-post-thumbnail","6":"product_cat-household-goods","7":"pa_18874_7ig86mb4-4-st","8":"pa_18874_7ig86mb4-8-st","9":"pa_18874_7ig86mb4-12-st","10":"pa_18874_7ig86mb4-16-st","11":"desktop-align-left","12":"tablet-align-left","13":"mobile-align-left","15":"first","16":"instock","17":"shipping-taxable","18":"purchasable","19":"product-type-variable"},"_links":{"self":[{"href":"https:\/\/keluvo.com\/se\/wp-json\/wp\/v2\/product\/28124","targetHints":{"allow":["GET"]}}],"collection":[{"href":"https:\/\/keluvo.com\/se\/wp-json\/wp\/v2\/product"}],"about":[{"href":"https:\/\/keluvo.com\/se\/wp-json\/wp\/v2\/types\/product"}],"replies":[{"embeddable":true,"href":"https:\/\/keluvo.com\/se\/wp-json\/wp\/v2\/comments?post=28124"}],"wp:featuredmedia":[{"embeddable":true,"href":"https:\/\/keluvo.com\/se\/wp-json\/wp\/v2\/media\/28120"}],"wp:attachment":[{"href":"https:\/\/keluvo.com\/se\/wp-json\/wp\/v2\/media?parent=28124"}],"wp:term":[{"taxonomy":"product_brand","embeddable":true,"href":"https:\/\/keluvo.com\/se\/wp-json\/wp\/v2\/product_brand?post=28124"},{"taxonomy":"product_cat","embeddable":true,"href":"https:\/\/keluvo.com\/se\/wp-json\/wp\/v2\/product_cat?post=28124"},{"taxonomy":"product_tag","embeddable":true,"href":"https:\/\/keluvo.com\/se\/wp-json\/wp\/v2\/product_tag?post=28124"}],"curies":[{"name":"wp","href":"https:\/\/api.w.org\/{rel}","templated":true}]}}