{"id":28103,"date":"2025-09-10T16:24:52","date_gmt":"2025-09-10T13:24:52","guid":{"rendered":"https:\/\/keluvo.com\/se\/product\/antenn\/"},"modified":"2025-09-22T20:04:13","modified_gmt":"2025-09-22T17:04:13","slug":"antenn","status":"publish","type":"product","link":"https:\/\/keluvo.com\/se\/product\/antenn\/","title":{"rendered":"Antenn"},"content":{"rendered":"<p style=\"text-align: center\"><b>\ud83d\udce1 Vi presenterar bilantennen med hajfena &#8211; din snygga uppgradering f\u00f6r b\u00e4ttre signal och en coolare k\u00f6rning! \ud83d\ude97<\/b><\/p>\n<p style=\"text-align: center\"><span style=\"font-weight: 400\">Den h\u00e4r eleganta antennen med hajfena ger din bil ett modernt utseende samtidigt som den f\u00f6rst\u00e4rker din radiosignal. Ingen borrning, inga skador &#8211; bara dra av, klistra fast och k\u00f6r!<\/span><\/p>\n<p><img decoding=\"async\" class=\"size-full wp-image-16764 aligncenter\" src=\"https:\/\/keluvo.com\/template\/wp-content\/uploads\/sites\/5\/2025\/05\/antenna-ezgif.com-video-to-webp-converter.webp\" alt=\"\" \/><\/p>\n<h2 style=\"text-align: center\">Huvudf\u00f6rdelar<\/h2>\n<p><span style=\"font-weight: 400\">F\u00f6rst\u00e4rker FM\/AM-signalen &#8211; klart ljud, b\u00e4ttre mottagning<\/span><span style=\"font-weight: 400\"><br \/>\n<\/span><\/p>\n<p><span style=\"font-weight: 400\">Snygg hajfenedesign &#8211; ger en modern, lyxig touch<\/span><span style=\"font-weight: 400\"><br \/>\n<\/span><\/p>\n<p><span style=\"font-weight: 400\">Tillverkad av stark ABS-plast &#8211; bleks inte, spricker inte och flagnar inte<\/span><span style=\"font-weight: 400\"><br \/>\n<\/span><\/p>\n<p><span style=\"font-weight: 400\">Vattent\u00e4t, dammt\u00e4t och s\u00e4ker att tv\u00e4tta i biltv\u00e4tt<\/span><\/p>\n<p><span style=\"font-weight: 400\">L\u00e4tt att installera &#8211; ingen borrning eller specialverktyg beh\u00f6vs<\/span><\/p>\n<p><img decoding=\"async\" class=\"size-full wp-image-16769 aligncenter\" src=\"https:\/\/keluvo.com\/template\/wp-content\/uploads\/sites\/5\/2025\/05\/4eeffa42-68d2-4f9e-8bb0-8335d0d2d9ee.webp\" alt=\"\" \/><\/p>\n<h2 style=\"text-align: center\">Hur Den H\u00e4r Produkten Hj\u00e4lper Dig<\/h2>\n<p style=\"text-align: center\"><span style=\"font-weight: 400\">Den h\u00e4r hajfenade bilantennen ers\u00e4tter din gamla antenn med en snygg, h\u00f6gpresterande antenn.<\/span><\/p>\n<p style=\"text-align: center\"><span style=\"font-weight: 400\"> Den \u00e4r perfekt f\u00f6r:<\/span><\/p>\n<ul>\n<li style=\"font-weight: 400\"><span style=\"font-weight: 400\">Bil\u00e4gare som vill ha b\u00e4ttre radiomottagning<\/span><span style=\"font-weight: 400\"><br \/>\n<\/span><\/li>\n<li style=\"font-weight: 400\"><span style=\"font-weight: 400\">F\u00f6rst\u00e4rker biltaket med en cool, unik look<\/span><\/li>\n<li style=\"font-weight: 400\"><span style=\"font-weight: 400\">Snabba uppgraderingar utan att skada bilens yta.<\/span><\/li>\n<\/ul>\n<h2 style=\"text-align: center\">\ud83d\udce6 Paketet Inneh\u00e5ller<\/h2>\n<ul>\n<li style=\"font-weight: 400\"><span style=\"font-weight: 400\">1x hajfena bilradioantenn (med FM\/AM-anslutningskabel inuti).<\/span><\/li>\n<\/ul>\n","protected":false},"excerpt":{"rendered":"<p>\ud83d\udce1 Vi presenterar bilantennen med hajfena &#8211; din snygga uppgradering f\u00f6r b\u00e4ttre signal och en coolare k\u00f6rning! \ud83d\ude97 Den h\u00e4r [&hellip;]<\/p>\n","protected":false},"featured_media":28099,"comment_status":"open","ping_status":"closed","template":"","meta":{"site-sidebar-layout":"default","site-content-layout":"","ast-site-content-layout":"default","site-content-style":"default","site-sidebar-style":"default","ast-global-header-display":"","ast-banner-title-visibility":"","ast-main-header-display":"","ast-hfb-above-header-display":"","ast-hfb-below-header-display":"","ast-hfb-mobile-header-display":"","site-post-title":"","ast-breadcrumbs-content":"","ast-featured-img":"","footer-sml-layout":"","theme-transparent-header-meta":"default","adv-header-id-meta":"","stick-header-meta":"","header-above-stick-meta":"","header-main-stick-meta":"","header-below-stick-meta":"","astra-migrate-meta-layouts":"set","ast-page-background-enabled":"default","ast-page-background-meta":{"desktop":{"background-color":"var(--ast-global-color-4)","background-image":"","background-repeat":"repeat","background-position":"center center","background-size":"auto","background-attachment":"scroll","background-type":"","background-media":"","overlay-type":"","overlay-color":"","overlay-opacity":"","overlay-gradient":""},"tablet":{"background-color":"","background-image":"","background-repeat":"repeat","background-position":"center center","background-size":"auto","background-attachment":"scroll","background-type":"","background-media":"","overlay-type":"","overlay-color":"","overlay-opacity":"","overlay-gradient":""},"mobile":{"background-color":"","background-image":"","background-repeat":"repeat","background-position":"center center","background-size":"auto","background-attachment":"scroll","background-type":"","background-media":"","overlay-type":"","overlay-color":"","overlay-opacity":"","overlay-gradient":""}},"ast-content-background-meta":{"desktop":{"background-color":"var(--ast-global-color-5)","background-image":"","background-repeat":"repeat","background-position":"center center","background-size":"auto","background-attachment":"scroll","background-type":"","background-media":"","overlay-type":"","overlay-color":"","overlay-opacity":"","overlay-gradient":""},"tablet":{"background-color":"var(--ast-global-color-5)","background-image":"","background-repeat":"repeat","background-position":"center center","background-size":"auto","background-attachment":"scroll","background-type":"","background-media":"","overlay-type":"","overlay-color":"","overlay-opacity":"","overlay-gradient":""},"mobile":{"background-color":"var(--ast-global-color-5)","background-image":"","background-repeat":"repeat","background-position":"center center","background-size":"auto","background-attachment":"scroll","background-type":"","background-media":"","overlay-type":"","overlay-color":"","overlay-opacity":"","overlay-gradient":""}}},"product_brand":[],"product_cat":[998],"product_tag":[],"class_list":{"0":"post-28103","1":"product","2":"type-product","3":"status-publish","4":"has-post-thumbnail","6":"product_cat-automotive-products","7":"pa_19207_y0jxco4l-bla","8":"pa_19207_y0jxco4l-morkgra","9":"pa_19207_y0jxco4l-rod","10":"pa_19207_y0jxco4l-silver","11":"pa_19207_y0jxco4l-svart","12":"pa_19207_y0jxco4l-vit","13":"desktop-align-left","14":"tablet-align-left","15":"mobile-align-left","17":"first","18":"instock","19":"shipping-taxable","20":"purchasable","21":"product-type-variable"},"_links":{"self":[{"href":"https:\/\/keluvo.com\/se\/wp-json\/wp\/v2\/product\/28103","targetHints":{"allow":["GET"]}}],"collection":[{"href":"https:\/\/keluvo.com\/se\/wp-json\/wp\/v2\/product"}],"about":[{"href":"https:\/\/keluvo.com\/se\/wp-json\/wp\/v2\/types\/product"}],"replies":[{"embeddable":true,"href":"https:\/\/keluvo.com\/se\/wp-json\/wp\/v2\/comments?post=28103"}],"wp:featuredmedia":[{"embeddable":true,"href":"https:\/\/keluvo.com\/se\/wp-json\/wp\/v2\/media\/28099"}],"wp:attachment":[{"href":"https:\/\/keluvo.com\/se\/wp-json\/wp\/v2\/media?parent=28103"}],"wp:term":[{"taxonomy":"product_brand","embeddable":true,"href":"https:\/\/keluvo.com\/se\/wp-json\/wp\/v2\/product_brand?post=28103"},{"taxonomy":"product_cat","embeddable":true,"href":"https:\/\/keluvo.com\/se\/wp-json\/wp\/v2\/product_cat?post=28103"},{"taxonomy":"product_tag","embeddable":true,"href":"https:\/\/keluvo.com\/se\/wp-json\/wp\/v2\/product_tag?post=28103"}],"curies":[{"name":"wp","href":"https:\/\/api.w.org\/{rel}","templated":true}]}}