{"id":28046,"date":"2025-09-10T16:22:07","date_gmt":"2025-09-10T13:22:07","guid":{"rendered":"https:\/\/keluvo.com\/se\/product\/handvaska-planbok\/"},"modified":"2025-09-22T20:04:59","modified_gmt":"2025-09-22T17:04:59","slug":"handvaska-planbok","status":"publish","type":"product","link":"https:\/\/keluvo.com\/se\/product\/handvaska-planbok\/","title":{"rendered":"Handv\u00e4ska pl\u00e5nbok"},"content":{"rendered":"<p style=\"text-align: center\"><b>\ud83d\udc5c Vi presenterar minihandv\u00e4skan med pl\u00e5nbok &#8211; din snygga och s\u00e4kra vardagsv\u00e4ska! \ud83d\udcb3<\/b><\/p>\n<p style=\"text-align: center\"><span style=\"font-weight: 400\">Den h\u00e4r s\u00f6ta och kompakta v\u00e4skan \u00e4r perfekt f\u00f6r att h\u00e5lla dina dagliga n\u00f6dv\u00e4ndigheter. Den \u00e4r snygg, s\u00e4ker och passar alla outfits!<\/span><\/p>\n<p><img decoding=\"async\" class=\"size-full wp-image-17007 aligncenter\" src=\"https:\/\/keluvo.com\/template\/wp-content\/uploads\/sites\/5\/2025\/05\/bag-ezgif.com-video-to-webp-converter.webp\" alt=\"\" \/><\/p>\n<h2 style=\"text-align: center\">Huvudf\u00f6rdelar<\/h2>\n<p><span style=\"font-weight: 400\">B\u00e4r den p\u00e5 ditt s\u00e4tt &#8211; enkel axel- eller crossbody-stil<\/span><span style=\"font-weight: 400\"><br \/>\n<\/span><\/p>\n<p><span style=\"font-weight: 400\">Mjukt och slitstarkt syntetiskt l\u00e4der &#8211; k\u00e4nns bra och h\u00e5ller l\u00e4nge<\/span><span style=\"font-weight: 400\"><br \/>\n<\/span><\/p>\n<p><span style=\"font-weight: 400\">S\u00e4ker dragkedja och sn\u00e4ppst\u00e4ngning &#8211; h\u00e5ller allt s\u00e4kert<\/span><span style=\"font-weight: 400\"><br \/>\n<\/span><\/p>\n<p><span style=\"font-weight: 400\">Innerficka med dragkedja &#8211; l\u00e4tt att organisera kort, nycklar och sm\u00e5saker<\/span><\/p>\n<p><span style=\"font-weight: 400\">Snygg och enkel &#8211; passar alla looks, alla dagar<\/span><\/p>\n<p><img decoding=\"async\" class=\"size-full wp-image-17012 aligncenter\" src=\"https:\/\/keluvo.com\/template\/wp-content\/uploads\/sites\/5\/2025\/05\/47848d27-497a-4688-964e-5a3b14b1fa6c.webp\" alt=\"\" \/><\/p>\n<h2 style=\"text-align: center\">Hur Den H\u00e4r Produkten Hj\u00e4lper Dig<\/h2>\n<p style=\"text-align: center\"><span style=\"font-weight: 400\">Mini-handv\u00e4skan \u00e4r den perfekta blandningen av mode och funktion.<\/span><\/p>\n<p style=\"text-align: center\"><span style=\"font-weight: 400\"> Den \u00e4r perfekt f\u00f6r:<\/span><\/p>\n<ul>\n<li style=\"font-weight: 400\"><span style=\"font-weight: 400\">Snabba resor, arbetsm\u00f6ten och dagliga \u00e4renden<\/span><span style=\"font-weight: 400\"><br \/>\n<\/span><\/li>\n<li style=\"font-weight: 400\"><span style=\"font-weight: 400\">H\u00e5ll h\u00e4nderna fria och dina viktigaste saker n\u00e4ra<\/span><\/li>\n<li style=\"font-weight: 400\"><span style=\"font-weight: 400\">Alla som \u00e4lskar en kompakt, ren och elegant stil.<\/span><\/li>\n<\/ul>\n<h2 style=\"text-align: center\">\ud83d\udce6 Paketet Inneh\u00e5ller<\/h2>\n<ul>\n<li style=\"font-weight: 400\"><span style=\"font-weight: 400\">1x handv\u00e4ska pl\u00e5nbok.<\/span><\/li>\n<\/ul>\n","protected":false},"excerpt":{"rendered":"<p>\ud83d\udc5c Vi presenterar minihandv\u00e4skan med pl\u00e5nbok &#8211; din snygga och s\u00e4kra vardagsv\u00e4ska! \ud83d\udcb3 Den h\u00e4r s\u00f6ta och kompakta v\u00e4skan \u00e4r [&hellip;]<\/p>\n","protected":false},"featured_media":28042,"comment_status":"open","ping_status":"closed","template":"","meta":{"site-sidebar-layout":"default","site-content-layout":"","ast-site-content-layout":"default","site-content-style":"default","site-sidebar-style":"default","ast-global-header-display":"","ast-banner-title-visibility":"","ast-main-header-display":"","ast-hfb-above-header-display":"","ast-hfb-below-header-display":"","ast-hfb-mobile-header-display":"","site-post-title":"","ast-breadcrumbs-content":"","ast-featured-img":"","footer-sml-layout":"","theme-transparent-header-meta":"default","adv-header-id-meta":"","stick-header-meta":"","header-above-stick-meta":"","header-main-stick-meta":"","header-below-stick-meta":"","astra-migrate-meta-layouts":"set","ast-page-background-enabled":"default","ast-page-background-meta":{"desktop":{"background-color":"var(--ast-global-color-4)","background-image":"","background-repeat":"repeat","background-position":"center center","background-size":"auto","background-attachment":"scroll","background-type":"","background-media":"","overlay-type":"","overlay-color":"","overlay-opacity":"","overlay-gradient":""},"tablet":{"background-color":"","background-image":"","background-repeat":"repeat","background-position":"center center","background-size":"auto","background-attachment":"scroll","background-type":"","background-media":"","overlay-type":"","overlay-color":"","overlay-opacity":"","overlay-gradient":""},"mobile":{"background-color":"","background-image":"","background-repeat":"repeat","background-position":"center center","background-size":"auto","background-attachment":"scroll","background-type":"","background-media":"","overlay-type":"","overlay-color":"","overlay-opacity":"","overlay-gradient":""}},"ast-content-background-meta":{"desktop":{"background-color":"var(--ast-global-color-5)","background-image":"","background-repeat":"repeat","background-position":"center center","background-size":"auto","background-attachment":"scroll","background-type":"","background-media":"","overlay-type":"","overlay-color":"","overlay-opacity":"","overlay-gradient":""},"tablet":{"background-color":"var(--ast-global-color-5)","background-image":"","background-repeat":"repeat","background-position":"center center","background-size":"auto","background-attachment":"scroll","background-type":"","background-media":"","overlay-type":"","overlay-color":"","overlay-opacity":"","overlay-gradient":""},"mobile":{"background-color":"var(--ast-global-color-5)","background-image":"","background-repeat":"repeat","background-position":"center center","background-size":"auto","background-attachment":"scroll","background-type":"","background-media":"","overlay-type":"","overlay-color":"","overlay-opacity":"","overlay-gradient":""}}},"product_brand":[],"product_cat":[994],"product_tag":[],"class_list":{"0":"post-28046","1":"product","2":"type-product","3":"status-publish","4":"has-post-thumbnail","6":"product_cat-clothing-for-women","7":"pa_19402_0cnx9f8t-bla","8":"pa_19402_0cnx9f8t-brun","9":"pa_19402_0cnx9f8t-gron","10":"pa_19402_0cnx9f8t-himmelbla","11":"pa_19402_0cnx9f8t-ljusgra","12":"pa_19402_0cnx9f8t-morkbla","13":"pa_19402_0cnx9f8t-morkgra","14":"pa_19402_0cnx9f8t-morkrosa","15":"pa_19402_0cnx9f8t-rod","16":"pa_19402_0cnx9f8t-rosa","17":"pa_19402_0cnx9f8t-rott-vin","18":"pa_19402_0cnx9f8t-svart","19":"desktop-align-left","20":"tablet-align-left","21":"mobile-align-left","23":"first","24":"instock","25":"shipping-taxable","26":"purchasable","27":"product-type-variable"},"_links":{"self":[{"href":"https:\/\/keluvo.com\/se\/wp-json\/wp\/v2\/product\/28046","targetHints":{"allow":["GET"]}}],"collection":[{"href":"https:\/\/keluvo.com\/se\/wp-json\/wp\/v2\/product"}],"about":[{"href":"https:\/\/keluvo.com\/se\/wp-json\/wp\/v2\/types\/product"}],"replies":[{"embeddable":true,"href":"https:\/\/keluvo.com\/se\/wp-json\/wp\/v2\/comments?post=28046"}],"wp:featuredmedia":[{"embeddable":true,"href":"https:\/\/keluvo.com\/se\/wp-json\/wp\/v2\/media\/28042"}],"wp:attachment":[{"href":"https:\/\/keluvo.com\/se\/wp-json\/wp\/v2\/media?parent=28046"}],"wp:term":[{"taxonomy":"product_brand","embeddable":true,"href":"https:\/\/keluvo.com\/se\/wp-json\/wp\/v2\/product_brand?post=28046"},{"taxonomy":"product_cat","embeddable":true,"href":"https:\/\/keluvo.com\/se\/wp-json\/wp\/v2\/product_cat?post=28046"},{"taxonomy":"product_tag","embeddable":true,"href":"https:\/\/keluvo.com\/se\/wp-json\/wp\/v2\/product_tag?post=28046"}],"curies":[{"name":"wp","href":"https:\/\/api.w.org\/{rel}","templated":true}]}}