{"id":28025,"date":"2025-09-10T16:21:02","date_gmt":"2025-09-10T13:21:02","guid":{"rendered":"https:\/\/keluvo.com\/se\/product\/moissanite-ring\/"},"modified":"2025-09-30T11:18:06","modified_gmt":"2025-09-30T08:18:06","slug":"moissanite-ring","status":"publish","type":"product","link":"https:\/\/keluvo.com\/se\/product\/moissanite-ring\/","title":{"rendered":"Moissanite-ring"},"content":{"rendered":"<p style=\"text-align: center\"><b>\ud83d\udc8dIntroducerar den 4ct ovala moissanitringen &#8211; din gnistrande symbol f\u00f6r k\u00e4rlek och elegans!\ud83e\udd0d<\/b><\/p>\n<p style=\"text-align: center\"><span style=\"font-weight: 400\">Den h\u00e4r fantastiska solit\u00e4rringen har en briljant moissanitsten som ser ut precis som en diamant men kostar mycket mindre. Den \u00e4r vacker, certifierad och gjord f\u00f6r att h\u00e5lla.<\/span><\/p>\n<p><img decoding=\"async\" class=\"size-full wp-image-17061 aligncenter\" src=\"https:\/\/keluvo.com\/template\/wp-content\/uploads\/sites\/5\/2025\/05\/Ring-ezgif.com-video-to-webp-converter.webp\" alt=\"\" \/><\/p>\n<h2 style=\"text-align: center\">Huvudf\u00f6rdelar<\/h2>\n<p>4ct oval moissanit med D f\u00e4rgklass &#8211; ren, ljus och f\u00e4rgl\u00f6s<\/p>\n<p>VVS1 klarhet &#8211; n\u00e4stan felfri, gnistrar fr\u00e5n alla vinklar<\/p>\n<p>H\u00e4rdad av rostfritt st\u00e5l &#8211; stark, gl\u00e4nsande och klassisk<\/p>\n<p>Certifierad av GRA &#8211; bevis p\u00e5 verklig kvalitet och v\u00e4rde<\/p>\n<p>En fantastisk present f\u00f6r f\u00f6rlovningar, \u00e5rsdagar eller speciella \u00f6verraskningar<\/p>\n<p><img decoding=\"async\" class=\"size-full wp-image-17066 aligncenter\" src=\"https:\/\/keluvo.com\/template\/wp-content\/uploads\/sites\/5\/2025\/05\/main-image-4.jpeg\" alt=\"\" \/><\/p>\n<h2 style=\"text-align: center\">Hur Den H\u00e4r Produkten Hj\u00e4lper Dig<\/h2>\n<p style=\"text-align: center\"><span style=\"font-weight: 400\">Den ovala moissanitringen ger sk\u00f6nhet och glans utan det h\u00f6ga priset p\u00e5 en diamant.<\/span><\/p>\n<p style=\"text-align: center\"><span style=\"font-weight: 400\"> Den \u00e4r perfekt f\u00f6r:<\/span><\/p>\n<ul>\n<li style=\"font-weight: 400\"><span style=\"font-weight: 400\">Fria till den du \u00e4lskar<\/span><span style=\"font-weight: 400\"><br \/>\n<\/span><\/li>\n<li style=\"font-weight: 400\"><span style=\"font-weight: 400\">Fira ett stort \u00f6gonblick<\/span><span style=\"font-weight: 400\"><br \/>\n<\/span><\/li>\n<li style=\"font-weight: 400\"><span style=\"font-weight: 400\">G\u00e5va n\u00e5gon speciell med ett smycke som de kommer att v\u00e4rdes\u00e4tta f\u00f6r alltid.<\/span><\/li>\n<\/ul>\n<h2 style=\"text-align: center\">\ud83d\udce6 Paketet Inneh\u00e5ller<\/h2>\n<ul>\n<li><span style=\"font-weight: 400\">1x moissanit oval ring.<\/span><span style=\"font-weight: 400\"><br \/>\n<\/span><\/li>\n<\/ul>\n<p>&nbsp;<\/p>\n","protected":false},"excerpt":{"rendered":"<p>\ud83d\udc8dIntroducerar den 4ct ovala moissanitringen &#8211; din gnistrande symbol f\u00f6r k\u00e4rlek och elegans!\ud83e\udd0d Den h\u00e4r fantastiska solit\u00e4rringen har en briljant [&hellip;]<\/p>\n","protected":false},"featured_media":28021,"comment_status":"open","ping_status":"closed","template":"","meta":{"site-sidebar-layout":"default","site-content-layout":"","ast-site-content-layout":"default","site-content-style":"default","site-sidebar-style":"default","ast-global-header-display":"","ast-banner-title-visibility":"","ast-main-header-display":"","ast-hfb-above-header-display":"","ast-hfb-below-header-display":"","ast-hfb-mobile-header-display":"","site-post-title":"","ast-breadcrumbs-content":"","ast-featured-img":"","footer-sml-layout":"","theme-transparent-header-meta":"default","adv-header-id-meta":"","stick-header-meta":"","header-above-stick-meta":"","header-main-stick-meta":"","header-below-stick-meta":"","astra-migrate-meta-layouts":"set","ast-page-background-enabled":"default","ast-page-background-meta":{"desktop":{"background-color":"var(--ast-global-color-4)","background-image":"","background-repeat":"repeat","background-position":"center center","background-size":"auto","background-attachment":"scroll","background-type":"","background-media":"","overlay-type":"","overlay-color":"","overlay-opacity":"","overlay-gradient":""},"tablet":{"background-color":"","background-image":"","background-repeat":"repeat","background-position":"center center","background-size":"auto","background-attachment":"scroll","background-type":"","background-media":"","overlay-type":"","overlay-color":"","overlay-opacity":"","overlay-gradient":""},"mobile":{"background-color":"","background-image":"","background-repeat":"repeat","background-position":"center center","background-size":"auto","background-attachment":"scroll","background-type":"","background-media":"","overlay-type":"","overlay-color":"","overlay-opacity":"","overlay-gradient":""}},"ast-content-background-meta":{"desktop":{"background-color":"var(--ast-global-color-5)","background-image":"","background-repeat":"repeat","background-position":"center center","background-size":"auto","background-attachment":"scroll","background-type":"","background-media":"","overlay-type":"","overlay-color":"","overlay-opacity":"","overlay-gradient":""},"tablet":{"background-color":"var(--ast-global-color-5)","background-image":"","background-repeat":"repeat","background-position":"center center","background-size":"auto","background-attachment":"scroll","background-type":"","background-media":"","overlay-type":"","overlay-color":"","overlay-opacity":"","overlay-gradient":""},"mobile":{"background-color":"var(--ast-global-color-5)","background-image":"","background-repeat":"repeat","background-position":"center center","background-size":"auto","background-attachment":"scroll","background-type":"","background-media":"","overlay-type":"","overlay-color":"","overlay-opacity":"","overlay-gradient":""}}},"product_brand":[],"product_cat":[994],"product_tag":[],"class_list":{"0":"post-28025","1":"product","2":"type-product","3":"status-publish","4":"has-post-thumbnail","6":"product_cat-clothing-for-women","7":"pa_38220_xm7cbtee-4-148-mm","8":"pa_38220_xm7cbtee-5-156-mm","9":"pa_38220_xm7cbtee-6-165-mm","10":"pa_38220_xm7cbtee-7-173-mm","11":"pa_38220_xm7cbtee-8-182-mm","12":"pa_38220_xm7cbtee-9-190-mm","13":"desktop-align-left","14":"tablet-align-left","15":"mobile-align-left","17":"first","18":"instock","19":"shipping-taxable","20":"purchasable","21":"product-type-variable"},"_links":{"self":[{"href":"https:\/\/keluvo.com\/se\/wp-json\/wp\/v2\/product\/28025","targetHints":{"allow":["GET"]}}],"collection":[{"href":"https:\/\/keluvo.com\/se\/wp-json\/wp\/v2\/product"}],"about":[{"href":"https:\/\/keluvo.com\/se\/wp-json\/wp\/v2\/types\/product"}],"replies":[{"embeddable":true,"href":"https:\/\/keluvo.com\/se\/wp-json\/wp\/v2\/comments?post=28025"}],"wp:featuredmedia":[{"embeddable":true,"href":"https:\/\/keluvo.com\/se\/wp-json\/wp\/v2\/media\/28021"}],"wp:attachment":[{"href":"https:\/\/keluvo.com\/se\/wp-json\/wp\/v2\/media?parent=28025"}],"wp:term":[{"taxonomy":"product_brand","embeddable":true,"href":"https:\/\/keluvo.com\/se\/wp-json\/wp\/v2\/product_brand?post=28025"},{"taxonomy":"product_cat","embeddable":true,"href":"https:\/\/keluvo.com\/se\/wp-json\/wp\/v2\/product_cat?post=28025"},{"taxonomy":"product_tag","embeddable":true,"href":"https:\/\/keluvo.com\/se\/wp-json\/wp\/v2\/product_tag?post=28025"}],"curies":[{"name":"wp","href":"https:\/\/api.w.org\/{rel}","templated":true}]}}