{"id":27967,"date":"2025-09-10T16:17:23","date_gmt":"2025-09-10T13:17:23","guid":{"rendered":"https:\/\/keluvo.com\/se\/product\/sminkbox\/"},"modified":"2025-09-12T14:21:53","modified_gmt":"2025-09-12T11:21:53","slug":"sminkbox","status":"publish","type":"product","link":"https:\/\/keluvo.com\/se\/product\/sminkbox\/","title":{"rendered":"Sminkbox"},"content":{"rendered":"<p style=\"text-align: center\"><b>Sminkbox &#8211; din kompakta sk\u00f6nhetsl\u00e5da med ljus och stil.<\/b><\/p>\n<p style=\"text-align: center\"><span style=\"font-weight: 400\">Denna resesminkl\u00e5da har en s\u00f6t design, perfekta f\u00f6rvaringsutrymmen och en inbyggd LED-spegel f\u00f6r perfekt belysning varje g\u00e5ng du glammar upp dig!<\/span><\/p>\n<p><img decoding=\"async\" class=\"size-full wp-image-17145 aligncenter\" src=\"https:\/\/keluvo.com\/template\/wp-content\/uploads\/sites\/5\/2025\/04\/2-17.jpg\" alt=\"\" \/><\/p>\n<h2 style=\"text-align: center\">Huvudf\u00f6rdelar<\/h2>\n<p><span style=\"font-weight: 400\">Inbyggd LED-spegel &#8211; v\u00e4lj mellan varmt, naturligt eller kallt ljus<\/span><\/p>\n<p><span style=\"font-weight: 400\">Kompakt och organiserad &#8211; h\u00e5ller ordning p\u00e5 smink och smycken<\/span><\/p>\n<p><span style=\"font-weight: 400\">Snygg och stark &#8211; tillverkad av mjukt, slitstarkt l\u00e4der<\/span><\/p>\n<p><span style=\"font-weight: 400\">Perfekt present &#8211; levereras i en vacker l\u00e5da f\u00f6r enkel g\u00e5va<\/span><\/p>\n<p><img decoding=\"async\" class=\"size-full wp-image-16236 aligncenter\" src=\"https:\/\/keluvo.com\/template\/wp-content\/uploads\/sites\/5\/2025\/04\/318bddd5-9c5f-457a-9d2c-27ea746edb27.webp\" alt=\"\" \/><\/p>\n<h2 style=\"text-align: center\">Hur den h\u00e4r produkten hj\u00e4lper dig<\/h2>\n<p style=\"text-align: center\"><b><\/b><span style=\"font-weight: 400\">Sminkbox g\u00f6r sk\u00f6nhetsrutiner enklare och mer speciella.<\/span><\/p>\n<p style=\"text-align: center\"><span style=\"font-weight: 400\"> Den \u00e4r perfekt f\u00f6r:<\/span><\/p>\n<ul>\n<li style=\"font-weight: 400\"><span style=\"font-weight: 400\">Sminka dig n\u00e4r du \u00e4r p\u00e5 spr\u00e5ng<\/span><\/li>\n<li style=\"font-weight: 400\"><span style=\"font-weight: 400\">H\u00e5lla dina sk\u00f6nhetsartiklar och smycken p\u00e5 ett st\u00e4lle<\/span><\/li>\n<li style=\"font-weight: 400\"><span style=\"font-weight: 400\">G\u00e5 bort med till n\u00e5gon du \u00e4lskar (eller dig sj\u00e4lv!)<\/span><\/li>\n<\/ul>\n<h2 style=\"text-align: center\">Hur du anv\u00e4nder<\/h2>\n<ol>\n<li style=\"font-weight: 400\"><span style=\"font-weight: 400\">\u00d6ppna l\u00e5dan f\u00f6r att komma \u00e5t LED-spegeln och f\u00f6rvaringssektionerna.<\/span><\/li>\n<li style=\"font-weight: 400\"><span style=\"font-weight: 400\">Tryck f\u00f6r att justera ljuset f\u00f6r felfri makeup varje g\u00e5ng.<\/span><\/li>\n<li style=\"font-weight: 400\"><span style=\"font-weight: 400\">F\u00f6rvara dina borstar, l\u00e4ppstift, ringar och \u00f6rh\u00e4ngen enkelt.<\/span><\/li>\n<li style=\"font-weight: 400\"><span style=\"font-weight: 400\">St\u00e4ng och b\u00e4r &#8211; vacker, organiserad och resklar!<\/span><\/li>\n<\/ol>\n<h2 style=\"text-align: center\">Paketet inneh\u00e5ller<\/h2>\n<ul>\n<li style=\"font-weight: 400\"><span style=\"font-weight: 400\">1x sminkl\u00e5da<\/span><\/li>\n<li style=\"font-weight: 400\"><span style=\"font-weight: 400\">1x inbyggd LED-sminkspegel med 3 ljusl\u00e4gen<\/span><\/li>\n<li style=\"font-weight: 400\"><span style=\"font-weight: 400\">Levereras i en presentask (perfekt f\u00f6r g\u00e5vor).<\/span><\/li>\n<\/ul>\n","protected":false},"excerpt":{"rendered":"<p>Sminkbox &#8211; din kompakta sk\u00f6nhetsl\u00e5da med ljus och stil. Denna resesminkl\u00e5da har en s\u00f6t design, perfekta f\u00f6rvaringsutrymmen och en inbyggd [&hellip;]<\/p>\n","protected":false},"featured_media":27964,"comment_status":"open","ping_status":"closed","template":"","meta":{"site-sidebar-layout":"default","site-content-layout":"","ast-site-content-layout":"default","site-content-style":"default","site-sidebar-style":"default","ast-global-header-display":"","ast-banner-title-visibility":"","ast-main-header-display":"","ast-hfb-above-header-display":"","ast-hfb-below-header-display":"","ast-hfb-mobile-header-display":"","site-post-title":"","ast-breadcrumbs-content":"","ast-featured-img":"","footer-sml-layout":"","theme-transparent-header-meta":"default","adv-header-id-meta":"","stick-header-meta":"","header-above-stick-meta":"","header-main-stick-meta":"","header-below-stick-meta":"","astra-migrate-meta-layouts":"set","ast-page-background-enabled":"default","ast-page-background-meta":{"desktop":{"background-color":"var(--ast-global-color-4)","background-image":"","background-repeat":"repeat","background-position":"center center","background-size":"auto","background-attachment":"scroll","background-type":"","background-media":"","overlay-type":"","overlay-color":"","overlay-opacity":"","overlay-gradient":""},"tablet":{"background-color":"","background-image":"","background-repeat":"repeat","background-position":"center center","background-size":"auto","background-attachment":"scroll","background-type":"","background-media":"","overlay-type":"","overlay-color":"","overlay-opacity":"","overlay-gradient":""},"mobile":{"background-color":"","background-image":"","background-repeat":"repeat","background-position":"center center","background-size":"auto","background-attachment":"scroll","background-type":"","background-media":"","overlay-type":"","overlay-color":"","overlay-opacity":"","overlay-gradient":""}},"ast-content-background-meta":{"desktop":{"background-color":"var(--ast-global-color-5)","background-image":"","background-repeat":"repeat","background-position":"center center","background-size":"auto","background-attachment":"scroll","background-type":"","background-media":"","overlay-type":"","overlay-color":"","overlay-opacity":"","overlay-gradient":""},"tablet":{"background-color":"var(--ast-global-color-5)","background-image":"","background-repeat":"repeat","background-position":"center center","background-size":"auto","background-attachment":"scroll","background-type":"","background-media":"","overlay-type":"","overlay-color":"","overlay-opacity":"","overlay-gradient":""},"mobile":{"background-color":"var(--ast-global-color-5)","background-image":"","background-repeat":"repeat","background-position":"center center","background-size":"auto","background-attachment":"scroll","background-type":"","background-media":"","overlay-type":"","overlay-color":"","overlay-opacity":"","overlay-gradient":""}}},"product_brand":[],"product_cat":[992],"product_tag":[],"class_list":{"0":"post-27967","1":"product","2":"type-product","3":"status-publish","4":"has-post-thumbnail","6":"product_cat-beauty-and-hygiene-products","7":"pa_35990_0k4myue3-gron","8":"pa_35990_0k4myue3-rosa","9":"pa_35990_0k4myue3-vit","10":"desktop-align-left","11":"tablet-align-left","12":"mobile-align-left","14":"first","15":"instock","16":"shipping-taxable","17":"purchasable","18":"product-type-variable"},"_links":{"self":[{"href":"https:\/\/keluvo.com\/se\/wp-json\/wp\/v2\/product\/27967","targetHints":{"allow":["GET"]}}],"collection":[{"href":"https:\/\/keluvo.com\/se\/wp-json\/wp\/v2\/product"}],"about":[{"href":"https:\/\/keluvo.com\/se\/wp-json\/wp\/v2\/types\/product"}],"replies":[{"embeddable":true,"href":"https:\/\/keluvo.com\/se\/wp-json\/wp\/v2\/comments?post=27967"}],"wp:featuredmedia":[{"embeddable":true,"href":"https:\/\/keluvo.com\/se\/wp-json\/wp\/v2\/media\/27964"}],"wp:attachment":[{"href":"https:\/\/keluvo.com\/se\/wp-json\/wp\/v2\/media?parent=27967"}],"wp:term":[{"taxonomy":"product_brand","embeddable":true,"href":"https:\/\/keluvo.com\/se\/wp-json\/wp\/v2\/product_brand?post=27967"},{"taxonomy":"product_cat","embeddable":true,"href":"https:\/\/keluvo.com\/se\/wp-json\/wp\/v2\/product_cat?post=27967"},{"taxonomy":"product_tag","embeddable":true,"href":"https:\/\/keluvo.com\/se\/wp-json\/wp\/v2\/product_tag?post=27967"}],"curies":[{"name":"wp","href":"https:\/\/api.w.org\/{rel}","templated":true}]}}