{"id":27924,"date":"2025-09-10T16:14:45","date_gmt":"2025-09-10T13:14:45","guid":{"rendered":"https:\/\/keluvo.com\/se\/product\/hornklammeruppsattning\/"},"modified":"2025-09-10T16:14:53","modified_gmt":"2025-09-10T13:14:53","slug":"hornklammeruppsattning","status":"publish","type":"product","link":"https:\/\/keluvo.com\/se\/product\/hornklammeruppsattning\/","title":{"rendered":"H\u00f6rnklammerupps\u00e4ttning"},"content":{"rendered":"<p style=\"text-align: center\"><strong>Vi Presenterar H\u00f6rnkl\u00e4mmsetet \u2013 Din Enkla Och Starka Hj\u00e4lpreda F\u00f6r Perfekta H\u00f6rn!<\/strong><\/p>\n<p style=\"text-align: center\"><span style=\"font-weight: 400\">Dessa kl\u00e4mmor h\u00e5ller tr\u00e4et t\u00e4tt och rakt, vilket g\u00f6r det snabbt och enkelt att bygga och fixa projekt!<\/span><\/p>\n<p><img decoding=\"async\" class=\"alignnone size-full wp-image-16885 aligncenter\" src=\"https:\/\/keluvo.com\/template\/wp-content\/uploads\/sites\/5\/2025\/05\/Cornerclampset-ezgif.com-video-to-webp-converter.webp\" alt=\"\" \/><\/p>\n<h2 style=\"text-align: center\">Huvudf\u00f6rdelar<\/h2>\n<p><span style=\"font-weight: 400\">Tillverkad av starkt, h\u00f6gkvalitativt ABS-material \u2013 byggd f\u00f6r att h\u00e5lla<\/span><span style=\"font-weight: 400\"><br \/>\n<\/span><\/p>\n<p><span style=\"font-weight: 400\">Hj\u00e4lper dig att enkelt h\u00e5lla ihop h\u00f6rn medan du arbetar<\/span><span style=\"font-weight: 400\"><br \/>\n<\/span><\/p>\n<p><span style=\"font-weight: 400\">Gott f\u00f6r tr\u00e4bearbetning, svetsning, skruvning och limning<\/span><span style=\"font-weight: 400\"><br \/>\n<\/span><\/p>\n<p><span style=\"font-weight: 400\">Perfekt f\u00f6r att g\u00f6ra sk\u00e5p, hyllor, l\u00e5dor och tavelramar<\/span><span style=\"font-weight: 400\"><br \/>\n<\/span><\/p>\n<p><span style=\"font-weight: 400\">Enkel att anv\u00e4nda \u2013 sparar tid och g\u00f6r att dina projekt ser bra ut<\/span><\/p>\n<p><img decoding=\"async\" class=\"alignnone size-full wp-image-16889 aligncenter\" src=\"https:\/\/keluvo.com\/template\/wp-content\/uploads\/sites\/5\/2025\/05\/211f047b-9359-4194-a5df-2c3029b597cf.webp.webp\" alt=\"\" \/><\/p>\n<h2 style=\"text-align: center\">Hur Den H\u00e4r Produkten Hj\u00e4lper Dig<\/h2>\n<p style=\"text-align: center\"><span style=\"font-weight: 400\">H\u00f6rnkl\u00e4mmsetet \u00e4r perfekt f\u00f6r alla som \u00e4lskar DIY-projekt, tr\u00e4bearbetning eller snabba hemreparationer.<\/span><\/p>\n<p style=\"text-align: center\"><span style=\"font-weight: 400\"> Det \u00e4r perfekt f\u00f6r:<\/span><\/p>\n<ul>\n<li style=\"font-weight: 400\"><span style=\"font-weight: 400\">Bygga eller fixera sk\u00e5p och m\u00f6bler<\/span><span style=\"font-weight: 400\"><br \/>\n<\/span><\/li>\n<li style=\"font-weight: 400\"><span style=\"font-weight: 400\">Montera tavelramar och l\u00e5dor<\/span><span style=\"font-weight: 400\"><br \/>\n<\/span><\/li>\n<li style=\"font-weight: 400\"><span style=\"font-weight: 400\">F\u00f6rst\u00e4rka h\u00f6rn med l\u00e4tthet<\/span><\/li>\n<\/ul>\n<h2 style=\"text-align: center\">Hur Man Anv\u00e4nder<\/h2>\n<ol>\n<li style=\"font-weight: 400\"><span style=\"font-weight: 400\">Placera kl\u00e4mman p\u00e5 h\u00f6rnet d\u00e4r tv\u00e5 tr\u00e4bitar m\u00f6ts.<\/span><span style=\"font-weight: 400\"><br \/>\n<\/span><\/li>\n<li style=\"font-weight: 400\"><span style=\"font-weight: 400\">Dra \u00e5t kl\u00e4mman f\u00f6r att h\u00e5lla bitarna p\u00e5 plats.<\/span><span style=\"font-weight: 400\"><br \/>\n<\/span><\/li>\n<li style=\"font-weight: 400\"><span style=\"font-weight: 400\">Spika, skruva eller limma ditt projekt utan oro!<\/span><span style=\"font-weight: 400\"><br \/>\n<\/span><\/li>\n<li style=\"font-weight: 400\"><span style=\"font-weight: 400\">Ta bort kl\u00e4mman n\u00e4r du \u00e4r klar.<\/span><\/li>\n<\/ol>\n<h2 style=\"text-align: center\">Paketet Inneh\u00e5ller<\/h2>\n<ul>\n<li style=\"font-weight: 400\"><span style=\"font-weight: 400\">1, 2 eller 4x h\u00f6rnkl\u00e4mmor (beroende p\u00e5 ditt val)<\/span><span style=\"font-weight: 400\"><br \/>\n<\/span><\/li>\n<li style=\"font-weight: 400\"><span style=\"font-weight: 400\">Storlek: 7,8 cm x 8,5 cm x 5,1 cm<\/span><span style=\"font-weight: 400\"><br \/>\n<\/span><\/li>\n<li style=\"font-weight: 400\"><span style=\"font-weight: 400\">Kl\u00e4mmomr\u00e5de: 0,5 cm &#8211; 2,3 cm.<\/span><\/li>\n<\/ul>\n","protected":false},"excerpt":{"rendered":"<p>Vi Presenterar H\u00f6rnkl\u00e4mmsetet \u2013 Din Enkla Och Starka Hj\u00e4lpreda F\u00f6r Perfekta H\u00f6rn! Dessa kl\u00e4mmor h\u00e5ller tr\u00e4et t\u00e4tt och rakt, vilket [&hellip;]<\/p>\n","protected":false},"featured_media":27920,"comment_status":"open","ping_status":"closed","template":"","meta":{"site-sidebar-layout":"default","site-content-layout":"","ast-site-content-layout":"default","site-content-style":"default","site-sidebar-style":"default","ast-global-header-display":"","ast-banner-title-visibility":"","ast-main-header-display":"","ast-hfb-above-header-display":"","ast-hfb-below-header-display":"","ast-hfb-mobile-header-display":"","site-post-title":"","ast-breadcrumbs-content":"","ast-featured-img":"","footer-sml-layout":"","theme-transparent-header-meta":"default","adv-header-id-meta":"","stick-header-meta":"","header-above-stick-meta":"","header-main-stick-meta":"","header-below-stick-meta":"","astra-migrate-meta-layouts":"set","ast-page-background-enabled":"default","ast-page-background-meta":{"desktop":{"background-color":"var(--ast-global-color-4)","background-image":"","background-repeat":"repeat","background-position":"center center","background-size":"auto","background-attachment":"scroll","background-type":"","background-media":"","overlay-type":"","overlay-color":"","overlay-opacity":"","overlay-gradient":""},"tablet":{"background-color":"","background-image":"","background-repeat":"repeat","background-position":"center center","background-size":"auto","background-attachment":"scroll","background-type":"","background-media":"","overlay-type":"","overlay-color":"","overlay-opacity":"","overlay-gradient":""},"mobile":{"background-color":"","background-image":"","background-repeat":"repeat","background-position":"center center","background-size":"auto","background-attachment":"scroll","background-type":"","background-media":"","overlay-type":"","overlay-color":"","overlay-opacity":"","overlay-gradient":""}},"ast-content-background-meta":{"desktop":{"background-color":"var(--ast-global-color-5)","background-image":"","background-repeat":"repeat","background-position":"center center","background-size":"auto","background-attachment":"scroll","background-type":"","background-media":"","overlay-type":"","overlay-color":"","overlay-opacity":"","overlay-gradient":""},"tablet":{"background-color":"var(--ast-global-color-5)","background-image":"","background-repeat":"repeat","background-position":"center center","background-size":"auto","background-attachment":"scroll","background-type":"","background-media":"","overlay-type":"","overlay-color":"","overlay-opacity":"","overlay-gradient":""},"mobile":{"background-color":"var(--ast-global-color-5)","background-image":"","background-repeat":"repeat","background-position":"center center","background-size":"auto","background-attachment":"scroll","background-type":"","background-media":"","overlay-type":"","overlay-color":"","overlay-opacity":"","overlay-gradient":""}}},"product_brand":[],"product_cat":[996],"product_tag":[],"class_list":{"0":"post-27924","1":"product","2":"type-product","3":"status-publish","4":"has-post-thumbnail","6":"product_cat-tools","7":"pa_44284_k7mm12sh-1-st","8":"pa_44284_k7mm12sh-2-st","9":"pa_44284_k7mm12sh-4-st","10":"desktop-align-left","11":"tablet-align-left","12":"mobile-align-left","14":"first","15":"instock","16":"shipping-taxable","17":"purchasable","18":"product-type-variable"},"_links":{"self":[{"href":"https:\/\/keluvo.com\/se\/wp-json\/wp\/v2\/product\/27924","targetHints":{"allow":["GET"]}}],"collection":[{"href":"https:\/\/keluvo.com\/se\/wp-json\/wp\/v2\/product"}],"about":[{"href":"https:\/\/keluvo.com\/se\/wp-json\/wp\/v2\/types\/product"}],"replies":[{"embeddable":true,"href":"https:\/\/keluvo.com\/se\/wp-json\/wp\/v2\/comments?post=27924"}],"wp:featuredmedia":[{"embeddable":true,"href":"https:\/\/keluvo.com\/se\/wp-json\/wp\/v2\/media\/27920"}],"wp:attachment":[{"href":"https:\/\/keluvo.com\/se\/wp-json\/wp\/v2\/media?parent=27924"}],"wp:term":[{"taxonomy":"product_brand","embeddable":true,"href":"https:\/\/keluvo.com\/se\/wp-json\/wp\/v2\/product_brand?post=27924"},{"taxonomy":"product_cat","embeddable":true,"href":"https:\/\/keluvo.com\/se\/wp-json\/wp\/v2\/product_cat?post=27924"},{"taxonomy":"product_tag","embeddable":true,"href":"https:\/\/keluvo.com\/se\/wp-json\/wp\/v2\/product_tag?post=27924"}],"curies":[{"name":"wp","href":"https:\/\/api.w.org\/{rel}","templated":true}]}}