{"id":27894,"date":"2025-09-10T16:13:07","date_gmt":"2025-09-10T13:13:07","guid":{"rendered":"https:\/\/keluvo.com\/se\/product\/lyckoring-med-draksvans\/"},"modified":"2025-09-10T16:13:12","modified_gmt":"2025-09-10T13:13:12","slug":"lyckoring-med-draksvans","status":"publish","type":"product","link":"https:\/\/keluvo.com\/se\/product\/lyckoring-med-draksvans\/","title":{"rendered":"Lyckoring med draksvans"},"content":{"rendered":"<p style=\"text-align: center\"><strong>Vi Presenterar Draksvansens Lyckoring \u2013 Din Symbol F\u00f6r Styrka, K\u00e4rlek Och Lycka!<\/strong><\/p>\n<p style=\"text-align: center\"><span style=\"font-weight: 400\">Denna fantastiska draksvansring lyser med stil och mening. Den \u00e4r designad f\u00f6r att ge dig tur, mod och lycka varje dag! Dessutom \u00e4r den justerbar, vilket inneb\u00e4r att alla kan b\u00e4ra den!<\/span><\/p>\n<p><img decoding=\"async\" class=\"alignnone size-full wp-image-16878 aligncenter\" src=\"https:\/\/keluvo.com\/template\/wp-content\/uploads\/sites\/5\/2025\/05\/Sd41cb4bedefb4db8b7cc034c93dc7380F.jpg_960x960q75.jpg_.jpeg\" alt=\"\" \/><\/p>\n<h2 style=\"text-align: center\">Huvudf\u00f6rdelar<\/h2>\n<p><span style=\"font-weight: 400\">Tillverkad av h\u00f6gkvalitativt silver \u2013 s\u00e4ker, gl\u00e4nsande och antiallergisk<\/span><span style=\"font-weight: 400\"><br \/>\n<\/span><\/p>\n<p><span style=\"font-weight: 400\">Justerbar passform \u2013 bekv\u00e4m f\u00f6r alla fingerstorlekar<\/span><span style=\"font-weight: 400\"><br \/>\n<\/span><\/p>\n<p><span style=\"font-weight: 400\">Vacker drakdesign \u2013 symboliserar k\u00e4rlek, tro och skydd<\/span><span style=\"font-weight: 400\"><br \/>\n<\/span><\/p>\n<p><span style=\"font-weight: 400\">Finns i tv\u00e5 f\u00e4rger \u2013 elegant guld eller fr\u00e4scht silver<\/span><span style=\"font-weight: 400\"><br \/>\n<\/span><\/p>\n<p><span style=\"font-weight: 400\">Stark och h\u00e5llbar \u2013 gjord f\u00f6r att h\u00e5lla och vara ljus<\/span><\/p>\n<p><img decoding=\"async\" class=\"alignnone size-full wp-image-16880 aligncenter\" src=\"https:\/\/keluvo.com\/template\/wp-content\/uploads\/sites\/5\/2025\/05\/See50b2ae3f8c448a9a471159d2adcb47Z.jpg_960x960q75.jpg_.jpeg\" alt=\"\" \/><\/p>\n<h2 style=\"text-align: center\">Hur Den H\u00e4r Produkten Hj\u00e4lper Dig<\/h2>\n<p style=\"text-align: center\"><span style=\"font-weight: 400\">Drakens svansring \u00e4r inte bara ett smycke \u2013 det \u00e4r din personliga lyckoamulett.<\/span><\/p>\n<p style=\"text-align: center\"><span style=\"font-weight: 400\"> Den \u00e4r perfekt f\u00f6r:<\/span><\/p>\n<ul>\n<li style=\"font-weight: 400\"><span style=\"font-weight: 400\">Att ge en touch av mening och sk\u00f6nhet till dina dagliga outfits<\/span><span style=\"font-weight: 400\"><br \/>\n<\/span><\/li>\n<li style=\"font-weight: 400\"><span style=\"font-weight: 400\">G\u00e5va n\u00e5gon speciell med en symbol f\u00f6r k\u00e4rlek och goda \u00f6nskningar<\/span><span style=\"font-weight: 400\"><br \/>\n<\/span><\/li>\n<li style=\"font-weight: 400\"><span style=\"font-weight: 400\">Skydda dig sj\u00e4lv med en ring som symboliserar styrka och lycka<\/span><\/li>\n<\/ul>\n<h2 style=\"text-align: center\">Hur Den Anv\u00e4nds<\/h2>\n<ol>\n<li style=\"font-weight: 400\"><span style=\"font-weight: 400\">Justera f\u00f6rsiktigt den \u00f6ppna designen s\u00e5 att den passar ditt finger perfekt.<\/span><span style=\"font-weight: 400\"><br \/>\n<\/span><\/li>\n<li style=\"font-weight: 400\"><span style=\"font-weight: 400\">B\u00e4r den varje dag eller vid speciella tillf\u00e4llen.<\/span><span style=\"font-weight: 400\"><br \/>\n<\/span><\/li>\n<li style=\"font-weight: 400\"><span style=\"font-weight: 400\">K\u00e4nn den positiva energin och njut av komplimangerna!<\/span><\/li>\n<\/ol>\n<h2 style=\"text-align: center\">Paketet Inneh\u00e5ller<\/h2>\n<ul>\n<li><span style=\"font-weight: 400\">1x draksvans lyckoring.<\/span><\/li>\n<\/ul>\n","protected":false},"excerpt":{"rendered":"<p>Vi Presenterar Draksvansens Lyckoring \u2013 Din Symbol F\u00f6r Styrka, K\u00e4rlek Och Lycka! Denna fantastiska draksvansring lyser med stil och mening. [&hellip;]<\/p>\n","protected":false},"featured_media":27890,"comment_status":"open","ping_status":"closed","template":"","meta":{"site-sidebar-layout":"default","site-content-layout":"","ast-site-content-layout":"default","site-content-style":"default","site-sidebar-style":"default","ast-global-header-display":"","ast-banner-title-visibility":"","ast-main-header-display":"","ast-hfb-above-header-display":"","ast-hfb-below-header-display":"","ast-hfb-mobile-header-display":"","site-post-title":"","ast-breadcrumbs-content":"","ast-featured-img":"","footer-sml-layout":"","theme-transparent-header-meta":"default","adv-header-id-meta":"","stick-header-meta":"","header-above-stick-meta":"","header-main-stick-meta":"","header-below-stick-meta":"","astra-migrate-meta-layouts":"set","ast-page-background-enabled":"default","ast-page-background-meta":{"desktop":{"background-color":"var(--ast-global-color-4)","background-image":"","background-repeat":"repeat","background-position":"center center","background-size":"auto","background-attachment":"scroll","background-type":"","background-media":"","overlay-type":"","overlay-color":"","overlay-opacity":"","overlay-gradient":""},"tablet":{"background-color":"","background-image":"","background-repeat":"repeat","background-position":"center center","background-size":"auto","background-attachment":"scroll","background-type":"","background-media":"","overlay-type":"","overlay-color":"","overlay-opacity":"","overlay-gradient":""},"mobile":{"background-color":"","background-image":"","background-repeat":"repeat","background-position":"center center","background-size":"auto","background-attachment":"scroll","background-type":"","background-media":"","overlay-type":"","overlay-color":"","overlay-opacity":"","overlay-gradient":""}},"ast-content-background-meta":{"desktop":{"background-color":"var(--ast-global-color-5)","background-image":"","background-repeat":"repeat","background-position":"center center","background-size":"auto","background-attachment":"scroll","background-type":"","background-media":"","overlay-type":"","overlay-color":"","overlay-opacity":"","overlay-gradient":""},"tablet":{"background-color":"var(--ast-global-color-5)","background-image":"","background-repeat":"repeat","background-position":"center center","background-size":"auto","background-attachment":"scroll","background-type":"","background-media":"","overlay-type":"","overlay-color":"","overlay-opacity":"","overlay-gradient":""},"mobile":{"background-color":"var(--ast-global-color-5)","background-image":"","background-repeat":"repeat","background-position":"center center","background-size":"auto","background-attachment":"scroll","background-type":"","background-media":"","overlay-type":"","overlay-color":"","overlay-opacity":"","overlay-gradient":""}}},"product_brand":[],"product_cat":[993],"product_tag":[],"class_list":{"0":"post-27894","1":"product","2":"type-product","3":"status-publish","4":"has-post-thumbnail","6":"product_cat-footwear-accessories","7":"pa_39334_6w3jrk6r-guld","8":"pa_39334_6w3jrk6r-silver","9":"desktop-align-left","10":"tablet-align-left","11":"mobile-align-left","13":"first","14":"instock","15":"shipping-taxable","16":"purchasable","17":"product-type-variable"},"_links":{"self":[{"href":"https:\/\/keluvo.com\/se\/wp-json\/wp\/v2\/product\/27894","targetHints":{"allow":["GET"]}}],"collection":[{"href":"https:\/\/keluvo.com\/se\/wp-json\/wp\/v2\/product"}],"about":[{"href":"https:\/\/keluvo.com\/se\/wp-json\/wp\/v2\/types\/product"}],"replies":[{"embeddable":true,"href":"https:\/\/keluvo.com\/se\/wp-json\/wp\/v2\/comments?post=27894"}],"wp:featuredmedia":[{"embeddable":true,"href":"https:\/\/keluvo.com\/se\/wp-json\/wp\/v2\/media\/27890"}],"wp:attachment":[{"href":"https:\/\/keluvo.com\/se\/wp-json\/wp\/v2\/media?parent=27894"}],"wp:term":[{"taxonomy":"product_brand","embeddable":true,"href":"https:\/\/keluvo.com\/se\/wp-json\/wp\/v2\/product_brand?post=27894"},{"taxonomy":"product_cat","embeddable":true,"href":"https:\/\/keluvo.com\/se\/wp-json\/wp\/v2\/product_cat?post=27894"},{"taxonomy":"product_tag","embeddable":true,"href":"https:\/\/keluvo.com\/se\/wp-json\/wp\/v2\/product_tag?post=27894"}],"curies":[{"name":"wp","href":"https:\/\/api.w.org\/{rel}","templated":true}]}}