{"id":27766,"date":"2025-09-10T16:07:15","date_gmt":"2025-09-10T13:07:15","guid":{"rendered":"https:\/\/keluvo.com\/se\/product\/fjarilsorhangen\/"},"modified":"2025-09-10T16:07:28","modified_gmt":"2025-09-10T13:07:28","slug":"fjarilsorhangen","status":"publish","type":"product","link":"https:\/\/keluvo.com\/se\/product\/fjarilsorhangen\/","title":{"rendered":"Fj\u00e4rils\u00f6rh\u00e4ngen"},"content":{"rendered":"<p style=\"text-align: center\"><b>Vi presenterar fj\u00e4rils\u00f6rh\u00e4ngena &#8211; ditt vackra och enkla s\u00e4tt att gl\u00e4nsa varje dag!<\/b><\/p>\n<p style=\"text-align: center\">Ett par. Omedelbar sk\u00f6nhet. Ingen sm\u00e4rta! <span style=\"font-weight: 400\">Dessa clip-on fj\u00e4rils\u00f6rh\u00e4ngen \u00e4r gjorda f\u00f6r alla. Ingen piercing? Det \u00e4r inget problem. Bara att kl\u00e4mma fast och str\u00e5la!<\/span><\/p>\n<p><img decoding=\"async\" class=\"alignnone size-full wp-image-16796 aligncenter\" src=\"https:\/\/keluvo.com\/template\/wp-content\/uploads\/sites\/5\/2025\/05\/Earrings-ezgif.com-video-to-webp-converter.webp\" alt=\"\" \/><\/p>\n<h2 style=\"text-align: center\">Huvudf\u00f6rdelar<\/h2>\n<p><span style=\"font-weight: 400\">Inga h\u00e5l i \u00f6ronen beh\u00f6vs &#8211; sm\u00e4rtfritt och bekv\u00e4mt<\/span><span style=\"font-weight: 400\"><br \/>\n<\/span><\/p>\n<p><span style=\"font-weight: 400\">Sparklar med gl\u00e4nsande zirkoner och elegant fj\u00e4rilsberlock<\/span><span style=\"font-weight: 400\"><br \/>\n<\/span><\/p>\n<p><span style=\"font-weight: 400\">L\u00e4tta och smidiga &#8211; l\u00e4tta att b\u00e4ra hela dagen<\/span><span style=\"font-weight: 400\"><br \/>\n<\/span><\/p>\n<p><span style=\"font-weight: 400\">Symbol f\u00f6r k\u00e4rlek, sk\u00f6nhet och frihet<\/span><span style=\"font-weight: 400\"><br \/>\n<\/span><\/p>\n<p><span style=\"font-weight: 400\">Perfekta f\u00f6r alla outfits eller evenemang &#8211; br\u00f6llop, fester eller bara varje dag<\/span><\/p>\n<p><img decoding=\"async\" class=\"alignnone size-full wp-image-16795 aligncenter\" src=\"https:\/\/keluvo.com\/template\/wp-content\/uploads\/sites\/5\/2025\/05\/Se6c1ebc02c694e00b2795136eb549d98C.jpg_960x960q75.jpg_.jpeg\" alt=\"\" \/><\/p>\n<h2 style=\"text-align: center\">Hur den h\u00e4r produkten hj\u00e4lper dig<\/h2>\n<p style=\"text-align: center\"><span style=\"font-weight: 400\">Fj\u00e4rils\u00f6rh\u00e4ngena \u00e4r det perfekta s\u00e4ttet att k\u00e4nna sig sj\u00e4lvs\u00e4ker och snygg utan att beh\u00f6va h\u00e5l i \u00f6ronen. Oavsett om du kl\u00e4r upp dig eller h\u00e5ller det avslappnat f\u00e5r de h\u00e4r \u00f6rh\u00e4ngena dig att skina.<\/span><\/p>\n<h2 style=\"text-align: center\">De \u00e4r perfekta f\u00f6r<\/h2>\n<ul>\n<li style=\"font-weight: 400\"><span style=\"font-weight: 400\">Kvinnor som vill ha snygga \u00f6rh\u00e4ngen utan h\u00e5l i \u00f6ronen<\/span><span style=\"font-weight: 400\"><br \/>\n<\/span><\/li>\n<li style=\"font-weight: 400\"><span style=\"font-weight: 400\">Speciella tillf\u00e4llen som f\u00f6delsedagar, br\u00f6llop och baler<\/span><span style=\"font-weight: 400\"><br \/>\n<\/span><\/li>\n<li style=\"font-weight: 400\"><span style=\"font-weight: 400\">Glittrande och charmig till vardags<\/span><span style=\"font-weight: 400\"><br \/>\n<\/span><\/li>\n<\/ul>\n<h2 style=\"text-align: center\">Hur man anv\u00e4nder<\/h2>\n<ol>\n<li style=\"font-weight: 400\"><span style=\"font-weight: 400\">\u00d6ppna f\u00f6rsiktigt kl\u00e4mman p\u00e5 baksidan av varje \u00f6rh\u00e4nge.<\/span><span style=\"font-weight: 400\"><br \/>\n<\/span><\/li>\n<li style=\"font-weight: 400\"><span style=\"font-weight: 400\">Placera det p\u00e5 \u00f6rsnibben och tryck f\u00f6r att st\u00e4nga.<\/span><span style=\"font-weight: 400\"><br \/>\n<\/span><\/li>\n<li style=\"font-weight: 400\"><span style=\"font-weight: 400\">Justera om det beh\u00f6vs f\u00f6r komfort.<\/span><span style=\"font-weight: 400\"><br \/>\n<\/span><\/li>\n<\/ol>\n<h2 style=\"text-align: center\">Paketet inneh\u00e5ller<\/h2>\n<ul>\n<li style=\"font-weight: 400\"><span style=\"font-weight: 400\">1x fj\u00e4rils\u00f6rh\u00e4nge med kl\u00e4mma.<\/span><\/li>\n<\/ul>\n","protected":false},"excerpt":{"rendered":"<p>Vi presenterar fj\u00e4rils\u00f6rh\u00e4ngena &#8211; ditt vackra och enkla s\u00e4tt att gl\u00e4nsa varje dag! Ett par. Omedelbar sk\u00f6nhet. Ingen sm\u00e4rta! Dessa [&hellip;]<\/p>\n","protected":false},"featured_media":27762,"comment_status":"open","ping_status":"closed","template":"","meta":{"site-sidebar-layout":"default","site-content-layout":"","ast-site-content-layout":"default","site-content-style":"default","site-sidebar-style":"default","ast-global-header-display":"","ast-banner-title-visibility":"","ast-main-header-display":"","ast-hfb-above-header-display":"","ast-hfb-below-header-display":"","ast-hfb-mobile-header-display":"","site-post-title":"","ast-breadcrumbs-content":"","ast-featured-img":"","footer-sml-layout":"","theme-transparent-header-meta":"default","adv-header-id-meta":"","stick-header-meta":"","header-above-stick-meta":"","header-main-stick-meta":"","header-below-stick-meta":"","astra-migrate-meta-layouts":"set","ast-page-background-enabled":"default","ast-page-background-meta":{"desktop":{"background-color":"var(--ast-global-color-4)","background-image":"","background-repeat":"repeat","background-position":"center center","background-size":"auto","background-attachment":"scroll","background-type":"","background-media":"","overlay-type":"","overlay-color":"","overlay-opacity":"","overlay-gradient":""},"tablet":{"background-color":"","background-image":"","background-repeat":"repeat","background-position":"center center","background-size":"auto","background-attachment":"scroll","background-type":"","background-media":"","overlay-type":"","overlay-color":"","overlay-opacity":"","overlay-gradient":""},"mobile":{"background-color":"","background-image":"","background-repeat":"repeat","background-position":"center center","background-size":"auto","background-attachment":"scroll","background-type":"","background-media":"","overlay-type":"","overlay-color":"","overlay-opacity":"","overlay-gradient":""}},"ast-content-background-meta":{"desktop":{"background-color":"var(--ast-global-color-5)","background-image":"","background-repeat":"repeat","background-position":"center center","background-size":"auto","background-attachment":"scroll","background-type":"","background-media":"","overlay-type":"","overlay-color":"","overlay-opacity":"","overlay-gradient":""},"tablet":{"background-color":"var(--ast-global-color-5)","background-image":"","background-repeat":"repeat","background-position":"center center","background-size":"auto","background-attachment":"scroll","background-type":"","background-media":"","overlay-type":"","overlay-color":"","overlay-opacity":"","overlay-gradient":""},"mobile":{"background-color":"var(--ast-global-color-5)","background-image":"","background-repeat":"repeat","background-position":"center center","background-size":"auto","background-attachment":"scroll","background-type":"","background-media":"","overlay-type":"","overlay-color":"","overlay-opacity":"","overlay-gradient":""}}},"product_brand":[],"product_cat":[992],"product_tag":[],"class_list":{"0":"post-27766","1":"product","2":"type-product","3":"status-publish","4":"has-post-thumbnail","6":"product_cat-beauty-and-hygiene-products","7":"pa_32219_qq02zzt6-ratt","8":"pa_32219_qq02zzt6-vanster","9":"pa_32219_siek97k8-guld","10":"pa_32219_siek97k8-silver","11":"desktop-align-left","12":"tablet-align-left","13":"mobile-align-left","15":"first","16":"instock","17":"shipping-taxable","18":"purchasable","19":"product-type-variable","20":"has-default-attributes"},"_links":{"self":[{"href":"https:\/\/keluvo.com\/se\/wp-json\/wp\/v2\/product\/27766","targetHints":{"allow":["GET"]}}],"collection":[{"href":"https:\/\/keluvo.com\/se\/wp-json\/wp\/v2\/product"}],"about":[{"href":"https:\/\/keluvo.com\/se\/wp-json\/wp\/v2\/types\/product"}],"replies":[{"embeddable":true,"href":"https:\/\/keluvo.com\/se\/wp-json\/wp\/v2\/comments?post=27766"}],"wp:featuredmedia":[{"embeddable":true,"href":"https:\/\/keluvo.com\/se\/wp-json\/wp\/v2\/media\/27762"}],"wp:attachment":[{"href":"https:\/\/keluvo.com\/se\/wp-json\/wp\/v2\/media?parent=27766"}],"wp:term":[{"taxonomy":"product_brand","embeddable":true,"href":"https:\/\/keluvo.com\/se\/wp-json\/wp\/v2\/product_brand?post=27766"},{"taxonomy":"product_cat","embeddable":true,"href":"https:\/\/keluvo.com\/se\/wp-json\/wp\/v2\/product_cat?post=27766"},{"taxonomy":"product_tag","embeddable":true,"href":"https:\/\/keluvo.com\/se\/wp-json\/wp\/v2\/product_tag?post=27766"}],"curies":[{"name":"wp","href":"https:\/\/api.w.org\/{rel}","templated":true}]}}