{"id":27727,"date":"2025-09-10T16:04:52","date_gmt":"2025-09-10T13:04:52","guid":{"rendered":"https:\/\/keluvo.com\/se\/product\/portabel-rengoringspistol-med-spray\/"},"modified":"2025-09-22T20:03:32","modified_gmt":"2025-09-22T17:03:32","slug":"portabel-rengoringspistol-med-spray","status":"publish","type":"product","link":"https:\/\/keluvo.com\/se\/product\/portabel-rengoringspistol-med-spray\/","title":{"rendered":"Portabel reng\u00f6ringspistol med spray"},"content":{"rendered":"<p style=\"text-align: center\"><b>Vi presenterar den <\/b><strong>b\u00e4rbara reng\u00f6ringspistolen<\/strong><b> &#8211; din kraftfulla hj\u00e4lpreda f\u00f6r snabb och enkel reng\u00f6ring!<\/b><\/p>\n<p style=\"text-align: center\">Reng\u00f6r sv\u00e5r smuts p\u00e5 n\u00e5gra sekunder. <span style=\"font-size: 16px;font-weight: 400\">Den h\u00e4r starka reng\u00f6ringspistolen sprutar bort smuts, olja och fl\u00e4ckar snabbt. Den \u00e4r perfekt f\u00f6r bilar, verktyg, maskiner och till och med sprutm\u00e5lning!<\/span><\/p>\n<p><img decoding=\"async\" class=\"alignnone size-full wp-image-16625 aligncenter\" src=\"https:\/\/keluvo.com\/template\/wp-content\/uploads\/sites\/5\/2025\/04\/Enginecleaninggun-ezgif.com-video-to-webp-converter.webp\" alt=\"\" \/><\/p>\n<h2 style=\"text-align: center\">Huvudf\u00f6rdelar<\/h2>\n<p><span style=\"font-weight: 400\">Borttar snabbt olja, fett, damm och sv\u00e5ra fl\u00e4ckar.<\/span><span style=\"font-weight: 400\"><br \/>\n<\/span><\/p>\n<p><span style=\"font-weight: 400\">Tillverkad av en stark aluminiumlegering &#8211; h\u00e5ller l\u00e4nge.<\/span><span style=\"font-weight: 400\"><br \/>\n<\/span><\/p>\n<p><span style=\"font-weight: 400\">Sparar tid genom att t\u00e4cka stora omr\u00e5den snabbt.<\/span><span style=\"font-weight: 400\"><br \/>\n<\/span><\/p>\n<p><span style=\"font-weight: 400\">L\u00e4tt att h\u00e5lla och anv\u00e4nda med ett bekv\u00e4mt handtag.<\/span><span style=\"font-weight: 400\"><br \/>\n<\/span><\/p>\n<p><span style=\"font-weight: 400\">Perfekt f\u00f6r att tv\u00e4tta bilar, reng\u00f6ra motorer och spruta f\u00e4rg.<\/span><\/p>\n<p><img decoding=\"async\" class=\"alignnone size-full wp-image-16618 aligncenter\" src=\"https:\/\/keluvo.com\/template\/wp-content\/uploads\/sites\/5\/2025\/04\/1c0190dd-6396-470f-8817-f1378fcddbf4.webp.webp\" alt=\"\" \/><\/p>\n<h2 style=\"text-align: center\">Hur Den H\u00e4r Produkten Hj\u00e4lper Dig<\/h2>\n<p style=\"text-align: center\"><span style=\"font-weight: 400\">Den b\u00e4rbara sprutreng\u00f6ringspistolen g\u00f6r sv\u00e5ra reng\u00f6ringsjobb enkla. Oavsett om du tv\u00e4ttar bilen, reng\u00f6r verktyg eller m\u00e5lar, g\u00f6r den det h\u00e5rda arbetet \u00e5t dig.<\/span><\/p>\n<h2 style=\"text-align: center\">Den \u00c4r Perfekt F\u00f6r<\/h2>\n<ul>\n<li style=\"font-weight: 400\"><span style=\"font-weight: 400\">Bil\u00e4gare som vill ha skinande rena bilar<\/span><span style=\"font-weight: 400\"><br \/>\n<\/span><\/li>\n<li style=\"font-weight: 400\"><span style=\"font-weight: 400\">Mekaniker och arbetare som beh\u00f6ver en kraftfull reng\u00f6ring<\/span><span style=\"font-weight: 400\"><br \/>\n<\/span><\/li>\n<li style=\"font-weight: 400\"><span style=\"font-weight: 400\">Snabba och enkla sprutm\u00e5lningsjobb<\/span><\/li>\n<\/ul>\n<h2 style=\"text-align: center\">Anv\u00e4ndning<\/h2>\n<ol>\n<li style=\"font-weight: 400\"><span style=\"font-weight: 400\">Anslut reng\u00f6ringspistolen till din luftkompressor.<\/span><span style=\"font-weight: 400\"><br \/>\n<\/span><\/li>\n<li style=\"font-weight: 400\"><span style=\"font-weight: 400\">Fyll reng\u00f6ringsmedlet med vatten eller den reng\u00f6ringsl\u00f6sning du beh\u00f6ver.<\/span><span style=\"font-weight: 400\"><br \/>\n<\/span><\/li>\n<li style=\"font-weight: 400\"><span style=\"font-weight: 400\">Tryck p\u00e5 handtaget f\u00f6r att spruta och reng\u00f6ra.<\/span><span style=\"font-weight: 400\"><br \/>\n<\/span><\/li>\n<li style=\"font-weight: 400\"><span style=\"font-weight: 400\">R\u00f6r dig \u00f6ver ytan f\u00f6r snabb reng\u00f6ring.<\/span><span style=\"font-weight: 400\"><br \/>\n<\/span><\/li>\n<li style=\"font-weight: 400\"><span style=\"font-weight: 400\">Sk\u00f6lj och torka torrt vid behov.<\/span><span style=\"font-weight: 400\"><br \/>\n<\/span><\/li>\n<\/ol>\n<h2 style=\"text-align: center\">Paketet Inneh\u00e5ller<\/h2>\n<ul>\n<li style=\"font-weight: 400\"><span style=\"font-weight: 400\">1x b\u00e4rbar sprutreng\u00f6ringspistol (h\u00e5llbart aluminiumhandtag)<\/span><\/li>\n<li>1x slang.<\/li>\n<\/ul>\n","protected":false},"excerpt":{"rendered":"<p>Vi presenterar den b\u00e4rbara reng\u00f6ringspistolen &#8211; din kraftfulla hj\u00e4lpreda f\u00f6r snabb och enkel reng\u00f6ring! Reng\u00f6r sv\u00e5r smuts p\u00e5 n\u00e5gra sekunder. [&hellip;]<\/p>\n","protected":false},"featured_media":27723,"comment_status":"open","ping_status":"closed","template":"","meta":{"site-sidebar-layout":"default","site-content-layout":"","ast-site-content-layout":"default","site-content-style":"default","site-sidebar-style":"default","ast-global-header-display":"","ast-banner-title-visibility":"","ast-main-header-display":"","ast-hfb-above-header-display":"","ast-hfb-below-header-display":"","ast-hfb-mobile-header-display":"","site-post-title":"","ast-breadcrumbs-content":"","ast-featured-img":"","footer-sml-layout":"","theme-transparent-header-meta":"default","adv-header-id-meta":"","stick-header-meta":"","header-above-stick-meta":"","header-main-stick-meta":"","header-below-stick-meta":"","astra-migrate-meta-layouts":"set","ast-page-background-enabled":"default","ast-page-background-meta":{"desktop":{"background-color":"var(--ast-global-color-4)","background-image":"","background-repeat":"repeat","background-position":"center center","background-size":"auto","background-attachment":"scroll","background-type":"","background-media":"","overlay-type":"","overlay-color":"","overlay-opacity":"","overlay-gradient":""},"tablet":{"background-color":"","background-image":"","background-repeat":"repeat","background-position":"center center","background-size":"auto","background-attachment":"scroll","background-type":"","background-media":"","overlay-type":"","overlay-color":"","overlay-opacity":"","overlay-gradient":""},"mobile":{"background-color":"","background-image":"","background-repeat":"repeat","background-position":"center center","background-size":"auto","background-attachment":"scroll","background-type":"","background-media":"","overlay-type":"","overlay-color":"","overlay-opacity":"","overlay-gradient":""}},"ast-content-background-meta":{"desktop":{"background-color":"var(--ast-global-color-5)","background-image":"","background-repeat":"repeat","background-position":"center center","background-size":"auto","background-attachment":"scroll","background-type":"","background-media":"","overlay-type":"","overlay-color":"","overlay-opacity":"","overlay-gradient":""},"tablet":{"background-color":"var(--ast-global-color-5)","background-image":"","background-repeat":"repeat","background-position":"center center","background-size":"auto","background-attachment":"scroll","background-type":"","background-media":"","overlay-type":"","overlay-color":"","overlay-opacity":"","overlay-gradient":""},"mobile":{"background-color":"var(--ast-global-color-5)","background-image":"","background-repeat":"repeat","background-position":"center center","background-size":"auto","background-attachment":"scroll","background-type":"","background-media":"","overlay-type":"","overlay-color":"","overlay-opacity":"","overlay-gradient":""}}},"product_brand":[],"product_cat":[998,996],"product_tag":[],"class_list":{"0":"post-27727","1":"product","2":"type-product","3":"status-publish","4":"has-post-thumbnail","6":"product_cat-automotive-products","7":"product_cat-tools","8":"desktop-align-left","9":"tablet-align-left","10":"mobile-align-left","12":"first","13":"instock","14":"shipping-taxable","15":"purchasable","16":"product-type-simple"},"_links":{"self":[{"href":"https:\/\/keluvo.com\/se\/wp-json\/wp\/v2\/product\/27727","targetHints":{"allow":["GET"]}}],"collection":[{"href":"https:\/\/keluvo.com\/se\/wp-json\/wp\/v2\/product"}],"about":[{"href":"https:\/\/keluvo.com\/se\/wp-json\/wp\/v2\/types\/product"}],"replies":[{"embeddable":true,"href":"https:\/\/keluvo.com\/se\/wp-json\/wp\/v2\/comments?post=27727"}],"wp:featuredmedia":[{"embeddable":true,"href":"https:\/\/keluvo.com\/se\/wp-json\/wp\/v2\/media\/27723"}],"wp:attachment":[{"href":"https:\/\/keluvo.com\/se\/wp-json\/wp\/v2\/media?parent=27727"}],"wp:term":[{"taxonomy":"product_brand","embeddable":true,"href":"https:\/\/keluvo.com\/se\/wp-json\/wp\/v2\/product_brand?post=27727"},{"taxonomy":"product_cat","embeddable":true,"href":"https:\/\/keluvo.com\/se\/wp-json\/wp\/v2\/product_cat?post=27727"},{"taxonomy":"product_tag","embeddable":true,"href":"https:\/\/keluvo.com\/se\/wp-json\/wp\/v2\/product_tag?post=27727"}],"curies":[{"name":"wp","href":"https:\/\/api.w.org\/{rel}","templated":true}]}}