{"id":27715,"date":"2025-09-10T16:04:12","date_gmt":"2025-09-10T13:04:12","guid":{"rendered":"https:\/\/keluvo.com\/se\/product\/magnetiskt-schackspel\/"},"modified":"2025-09-12T14:06:34","modified_gmt":"2025-09-12T11:06:34","slug":"magnetiskt-schackspel","status":"publish","type":"product","link":"https:\/\/keluvo.com\/se\/product\/magnetiskt-schackspel\/","title":{"rendered":"Magnetiskt schackspel"},"content":{"rendered":"<p style=\"text-align: center\"><b>Vi presenterar det magnetiska schackspelet &#8211; ditt roliga och smarta s\u00e4tt att spela var som helst, n\u00e4r som helst!<\/b><\/p>\n<p style=\"text-align: center\">Spela unikt schack var som helst utan att f\u00f6rlora pj\u00e4ser. <span style=\"font-weight: 400\">Detta starka magnetiska schackspel \u00e4r extremt roligt och of\u00f6ruts\u00e4gbart. Du kan spela \u00e4ven n\u00e4r du \u00e4r p\u00e5 resande fot eller spelar utomhus. Det \u00e4r roligt, l\u00e4tt att b\u00e4ra med sig och perfekt f\u00f6r alla \u00e5ldrar!<\/span><\/p>\n<p><img decoding=\"async\" class=\"alignnone size-full wp-image-16616 aligncenter\" src=\"https:\/\/keluvo.com\/template\/wp-content\/uploads\/sites\/5\/2025\/04\/ChessGame-ezgif.com-video-to-webp-converter.webp\" alt=\"\" \/><\/p>\n<h2 style=\"text-align: center\">Huvudf\u00f6rdelar<\/h2>\n<p><span style=\"font-weight: 400\">Bitarna h\u00e5lls p\u00e5 plats med dolda magneter &#8211; ramlar inte av<\/span><span style=\"font-weight: 400\"><br \/>\n<\/span><\/p>\n<p><span style=\"font-weight: 400\">Starkt, h\u00e5llbart br\u00e4de och bitar f\u00f6r l\u00e5ngvarigt skoj<\/span><span style=\"font-weight: 400\"><br \/>\n<\/span><\/p>\n<p><span style=\"font-weight: 400\">Gott f\u00f6r att l\u00e4ra sig och f\u00f6rb\u00e4ttra tankef\u00f6rm\u00e5gan<\/span><span style=\"font-weight: 400\"><br \/>\n<\/span><\/p>\n<p><span style=\"font-weight: 400\">Perfekt f\u00f6r att spela med familj och v\u00e4nner<\/span><span style=\"font-weight: 400\"><br \/>\n<\/span><\/p>\n<p><span style=\"font-weight: 400\">L\u00e4tt att b\u00e4ra med en f\u00f6rvaringsv\u00e4ska &#8211; perfekt f\u00f6r resor och camping<\/span><\/p>\n<p><img decoding=\"async\" class=\"alignnone size-full wp-image-16614 aligncenter\" src=\"https:\/\/keluvo.com\/template\/wp-content\/uploads\/sites\/5\/2025\/04\/S43090599e39c4530b5060f7f7d82bde3g.jpg_960x960q75.jpg_.jpeg\" alt=\"\" \/><\/p>\n<h2 style=\"text-align: center\">Hur Den H\u00e4r Produkten Hj\u00e4lper Dig<\/h2>\n<p style=\"text-align: center\"><span style=\"font-weight: 400\">Med det magnetiska schackspelet kan du spela och njuta av en unik typ av schackspel utan att oroa dig f\u00f6r f\u00f6rlorade bitar eller r\u00f6riga br\u00e4dor. Det \u00e4r perfekt f\u00f6r familjetid, v\u00e4nskapliga utmaningar och f\u00f6r att sk\u00e4rpa sinnet.<\/span><\/p>\n<h2 style=\"text-align: center\">Det \u00c4r Perfekt F\u00f6r<\/h2>\n<ul>\n<li style=\"font-weight: 400\"><span style=\"font-weight: 400\">Spelkv\u00e4llar i hemmet<\/span><span style=\"font-weight: 400\"><br \/>\n<\/span><\/li>\n<li style=\"font-weight: 400\"><span style=\"font-weight: 400\">Familjesemestrar<\/span><span style=\"font-weight: 400\"><br \/>\n<\/span><\/li>\n<li style=\"font-weight: 400\"><span style=\"font-weight: 400\">L\u00e4rande och \u00f6vning av tankef\u00f6rm\u00e5ga<\/span><span style=\"font-weight: 400\"><br \/>\n<\/span><\/li>\n<li style=\"font-weight: 400\"><span style=\"font-weight: 400\">Roligt umg\u00e4nge med barn och v\u00e4nner<\/span><\/li>\n<\/ul>\n<h2 style=\"text-align: center\">Hur Man Anv\u00e4nder<\/h2>\n<ol>\n<li style=\"font-weight: 400\"><span style=\"font-weight: 400\">S\u00e4tt upp br\u00e4det och pj\u00e4serna.<\/span><span style=\"font-weight: 400\"><br \/>\n<\/span><\/li>\n<li style=\"font-weight: 400\"><span style=\"font-weight: 400\">Placera magneterna p\u00e5 br\u00e4det utan att de klibbar ihop.<\/span><\/li>\n<li style=\"font-weight: 400\">Packa ner allt i f\u00f6rvaringsv\u00e4skan n\u00e4r du \u00e4r klar.<\/li>\n<\/ol>\n<h2 style=\"text-align: center\">Paketet Inneh\u00e5ller<\/h2>\n<ul>\n<li style=\"font-weight: 400\"><span style=\"font-weight: 400\">1x magnetiskt schackbr\u00e4de<\/span><\/li>\n<li style=\"font-weight: 400\"><span style=\"font-weight: 400\">1x komplett upps\u00e4ttning magnetiska schackpj\u00e4ser (20 st)<\/span><\/li>\n<li style=\"font-weight: 400\"><span style=\"font-weight: 400\">1x f\u00f6rvaringsv\u00e4ska.<\/span><\/li>\n<\/ul>\n","protected":false},"excerpt":{"rendered":"<p>Vi presenterar det magnetiska schackspelet &#8211; ditt roliga och smarta s\u00e4tt att spela var som helst, n\u00e4r som helst! Spela [&hellip;]<\/p>\n","protected":false},"featured_media":27711,"comment_status":"open","ping_status":"closed","template":"","meta":{"site-sidebar-layout":"default","site-content-layout":"","ast-site-content-layout":"default","site-content-style":"default","site-sidebar-style":"default","ast-global-header-display":"","ast-banner-title-visibility":"","ast-main-header-display":"","ast-hfb-above-header-display":"","ast-hfb-below-header-display":"","ast-hfb-mobile-header-display":"","site-post-title":"","ast-breadcrumbs-content":"","ast-featured-img":"","footer-sml-layout":"","theme-transparent-header-meta":"default","adv-header-id-meta":"","stick-header-meta":"","header-above-stick-meta":"","header-main-stick-meta":"","header-below-stick-meta":"","astra-migrate-meta-layouts":"set","ast-page-background-enabled":"default","ast-page-background-meta":{"desktop":{"background-color":"var(--ast-global-color-4)","background-image":"","background-repeat":"repeat","background-position":"center center","background-size":"auto","background-attachment":"scroll","background-type":"","background-media":"","overlay-type":"","overlay-color":"","overlay-opacity":"","overlay-gradient":""},"tablet":{"background-color":"","background-image":"","background-repeat":"repeat","background-position":"center center","background-size":"auto","background-attachment":"scroll","background-type":"","background-media":"","overlay-type":"","overlay-color":"","overlay-opacity":"","overlay-gradient":""},"mobile":{"background-color":"","background-image":"","background-repeat":"repeat","background-position":"center center","background-size":"auto","background-attachment":"scroll","background-type":"","background-media":"","overlay-type":"","overlay-color":"","overlay-opacity":"","overlay-gradient":""}},"ast-content-background-meta":{"desktop":{"background-color":"var(--ast-global-color-5)","background-image":"","background-repeat":"repeat","background-position":"center center","background-size":"auto","background-attachment":"scroll","background-type":"","background-media":"","overlay-type":"","overlay-color":"","overlay-opacity":"","overlay-gradient":""},"tablet":{"background-color":"var(--ast-global-color-5)","background-image":"","background-repeat":"repeat","background-position":"center center","background-size":"auto","background-attachment":"scroll","background-type":"","background-media":"","overlay-type":"","overlay-color":"","overlay-opacity":"","overlay-gradient":""},"mobile":{"background-color":"var(--ast-global-color-5)","background-image":"","background-repeat":"repeat","background-position":"center center","background-size":"auto","background-attachment":"scroll","background-type":"","background-media":"","overlay-type":"","overlay-color":"","overlay-opacity":"","overlay-gradient":""}}},"product_brand":[],"product_cat":[990],"product_tag":[],"class_list":{"0":"post-27715","1":"product","2":"type-product","3":"status-publish","4":"has-post-thumbnail","6":"product_cat-toys-childrens-and-baby-products","7":"desktop-align-left","8":"tablet-align-left","9":"mobile-align-left","11":"first","12":"instock","13":"shipping-taxable","14":"purchasable","15":"product-type-simple"},"_links":{"self":[{"href":"https:\/\/keluvo.com\/se\/wp-json\/wp\/v2\/product\/27715","targetHints":{"allow":["GET"]}}],"collection":[{"href":"https:\/\/keluvo.com\/se\/wp-json\/wp\/v2\/product"}],"about":[{"href":"https:\/\/keluvo.com\/se\/wp-json\/wp\/v2\/types\/product"}],"replies":[{"embeddable":true,"href":"https:\/\/keluvo.com\/se\/wp-json\/wp\/v2\/comments?post=27715"}],"wp:featuredmedia":[{"embeddable":true,"href":"https:\/\/keluvo.com\/se\/wp-json\/wp\/v2\/media\/27711"}],"wp:attachment":[{"href":"https:\/\/keluvo.com\/se\/wp-json\/wp\/v2\/media?parent=27715"}],"wp:term":[{"taxonomy":"product_brand","embeddable":true,"href":"https:\/\/keluvo.com\/se\/wp-json\/wp\/v2\/product_brand?post=27715"},{"taxonomy":"product_cat","embeddable":true,"href":"https:\/\/keluvo.com\/se\/wp-json\/wp\/v2\/product_cat?post=27715"},{"taxonomy":"product_tag","embeddable":true,"href":"https:\/\/keluvo.com\/se\/wp-json\/wp\/v2\/product_tag?post=27715"}],"curies":[{"name":"wp","href":"https:\/\/api.w.org\/{rel}","templated":true}]}}