{"id":27659,"date":"2025-09-10T16:01:57","date_gmt":"2025-09-10T13:01:57","guid":{"rendered":"https:\/\/keluvo.com\/se\/product\/krokar\/"},"modified":"2025-09-12T14:03:46","modified_gmt":"2025-09-12T11:03:46","slug":"krokar","status":"publish","type":"product","link":"https:\/\/keluvo.com\/se\/product\/krokar\/","title":{"rendered":"Krokar"},"content":{"rendered":"<p style=\"text-align: center\"><b>Vi presenterar sugkoppskroken &#8211; din enkla och starka hj\u00e4lpreda f\u00f6r att h\u00e4nga upp saker var som helst! \ud83d\udec1<\/b><\/p>\n<p style=\"text-align: center\">H\u00e4ng upp saker snabbt utan att skada dina v\u00e4ggar. <span style=\"font-size: 16px;font-weight: 400\">Den h\u00e4r smarta kroken f\u00e4ster p\u00e5 m\u00e5nga ytor p\u00e5 n\u00e5gra sekunder. Inga spikar. Inget lim. Ingen r\u00f6ra!<\/span><\/p>\n<p><img decoding=\"async\" class=\"alignnone size-full wp-image-16568 aligncenter\" src=\"https:\/\/keluvo.com\/template\/wp-content\/uploads\/sites\/5\/2025\/04\/Hooks-ezgif.com-video-to-webp-converter.webp\" alt=\"\" \/><\/p>\n<h2 style=\"text-align: center\">De viktigaste f\u00f6rdelarna<\/h2>\n<p><span style=\"font-weight: 400\">Ingen borrning eller verktyg beh\u00f6vs &#8211; f\u00e4ster p\u00e5 en sekund<\/span><span style=\"font-weight: 400\"><br \/>\n<\/span><\/p>\n<p><span style=\"font-weight: 400\">Stark och stabil &#8211; h\u00e5ller tunga f\u00f6rem\u00e5l s\u00e4kert<\/span><span style=\"font-weight: 400\"><br \/>\n<\/span><\/p>\n<p><span style=\"font-weight: 400\">Fungerar i k\u00f6k, badrum, sovrum och mycket mer<\/span><span style=\"font-weight: 400\"><br \/>\n<\/span><\/p>\n<p><span style=\"font-weight: 400\">L\u00f6slig och \u00e5teranv\u00e4ndbar &#8211; byt plats n\u00e4r som helst!<\/span><\/p>\n<p>T\u00e5lig mot vatten, v\u00e4rme och fukt<\/p>\n<p><img decoding=\"async\" class=\"alignnone size-full wp-image-16554 aligncenter\" src=\"https:\/\/keluvo.com\/template\/wp-content\/uploads\/sites\/5\/2025\/04\/0fb94a97-fbf8-4d5f-9e61-a2c3806536e0.webp.webp\" alt=\"\" \/><\/p>\n<h2 style=\"text-align: center\">Hur denna produkt hj\u00e4lper dig<\/h2>\n<p style=\"text-align: center\"><span style=\"font-weight: 400\">Sugkoppskroken g\u00f6r det superenkelt att organisera ditt utrymme. Beh\u00f6ver du en krok i ditt badrum? I k\u00f6ket? Sovrummet? Det \u00e4r inget problem! S\u00e4tt bara fast den och b\u00f6rja anv\u00e4nda den.<\/span><\/p>\n<h2 style=\"text-align: center\">Den \u00e4r perfekt f\u00f6r<\/h2>\n<ul>\n<li style=\"font-weight: 400\"><span style=\"font-weight: 400\">H\u00e4nga upp handdukar, nycklar, v\u00e4skor och k\u00f6ksredskap<\/span><span style=\"font-weight: 400\"><br \/>\n<\/span><\/li>\n<li style=\"font-weight: 400\"><span style=\"font-weight: 400\">Organisera sm\u00e5 utrymmen<\/span><\/li>\n<li style=\"font-weight: 400\">Undvika h\u00e5l i v\u00e4ggarna<\/li>\n<\/ul>\n<h2 style=\"text-align: center\">Hur man anv\u00e4nder<\/h2>\n<ol>\n<li style=\"font-weight: 400\"><span style=\"font-weight: 400\">V\u00e4lj en sl\u00e4t yta som glas, kakel eller metall.<\/span><span style=\"font-weight: 400\"><br \/>\n<\/span><\/li>\n<li style=\"font-weight: 400\"><span style=\"font-weight: 400\">Tryck fast sugkoppen ordentligt p\u00e5 ytan.<\/span><span style=\"font-weight: 400\"><br \/>\n<\/span><\/li>\n<li style=\"font-weight: 400\"><span style=\"font-weight: 400\">H\u00e4ng upp dina f\u00f6rem\u00e5l p\u00e5 kroken.<\/span><span style=\"font-weight: 400\"><br \/>\n<\/span><\/li>\n<li style=\"font-weight: 400\"><span style=\"font-weight: 400\">F\u00f6r att flytta den drar du bara bort den och s\u00e4tter den n\u00e5gon annanstans!<\/span><\/li>\n<\/ol>\n<h2 style=\"text-align: center\">Paketet inneh\u00e5ller<\/h2>\n<ul>\n<li style=\"font-weight: 400\"><span style=\"font-weight: 400\">1,2, 4x sugkoppskrok.<\/span><\/li>\n<\/ul>\n","protected":false},"excerpt":{"rendered":"<p>Vi presenterar sugkoppskroken &#8211; din enkla och starka hj\u00e4lpreda f\u00f6r att h\u00e4nga upp saker var som helst! \ud83d\udec1 H\u00e4ng upp [&hellip;]<\/p>\n","protected":false},"featured_media":27655,"comment_status":"open","ping_status":"closed","template":"","meta":{"site-sidebar-layout":"default","site-content-layout":"","ast-site-content-layout":"default","site-content-style":"default","site-sidebar-style":"default","ast-global-header-display":"","ast-banner-title-visibility":"","ast-main-header-display":"","ast-hfb-above-header-display":"","ast-hfb-below-header-display":"","ast-hfb-mobile-header-display":"","site-post-title":"","ast-breadcrumbs-content":"","ast-featured-img":"","footer-sml-layout":"","theme-transparent-header-meta":"default","adv-header-id-meta":"","stick-header-meta":"","header-above-stick-meta":"","header-main-stick-meta":"","header-below-stick-meta":"","astra-migrate-meta-layouts":"set","ast-page-background-enabled":"default","ast-page-background-meta":{"desktop":{"background-color":"var(--ast-global-color-4)","background-image":"","background-repeat":"repeat","background-position":"center center","background-size":"auto","background-attachment":"scroll","background-type":"","background-media":"","overlay-type":"","overlay-color":"","overlay-opacity":"","overlay-gradient":""},"tablet":{"background-color":"","background-image":"","background-repeat":"repeat","background-position":"center center","background-size":"auto","background-attachment":"scroll","background-type":"","background-media":"","overlay-type":"","overlay-color":"","overlay-opacity":"","overlay-gradient":""},"mobile":{"background-color":"","background-image":"","background-repeat":"repeat","background-position":"center center","background-size":"auto","background-attachment":"scroll","background-type":"","background-media":"","overlay-type":"","overlay-color":"","overlay-opacity":"","overlay-gradient":""}},"ast-content-background-meta":{"desktop":{"background-color":"var(--ast-global-color-5)","background-image":"","background-repeat":"repeat","background-position":"center center","background-size":"auto","background-attachment":"scroll","background-type":"","background-media":"","overlay-type":"","overlay-color":"","overlay-opacity":"","overlay-gradient":""},"tablet":{"background-color":"var(--ast-global-color-5)","background-image":"","background-repeat":"repeat","background-position":"center center","background-size":"auto","background-attachment":"scroll","background-type":"","background-media":"","overlay-type":"","overlay-color":"","overlay-opacity":"","overlay-gradient":""},"mobile":{"background-color":"var(--ast-global-color-5)","background-image":"","background-repeat":"repeat","background-position":"center center","background-size":"auto","background-attachment":"scroll","background-type":"","background-media":"","overlay-type":"","overlay-color":"","overlay-opacity":"","overlay-gradient":""}}},"product_brand":[],"product_cat":[1001],"product_tag":[],"class_list":{"0":"post-27659","1":"product","2":"type-product","3":"status-publish","4":"has-post-thumbnail","6":"product_cat-household-goods","7":"pa_21783_3m6f7q5o-silver","8":"pa_21783_3m6f7q5o-svart","9":"pa_21783_3m6f7q5o-transparent","10":"pa_21783_3m6f7q5o-vit","11":"pa_21783_8jqicjgm-1-st","12":"pa_21783_8jqicjgm-2st","13":"pa_21783_8jqicjgm-4-st","14":"desktop-align-left","15":"tablet-align-left","16":"mobile-align-left","18":"first","19":"instock","20":"shipping-taxable","21":"purchasable","22":"product-type-variable","23":"has-default-attributes"},"_links":{"self":[{"href":"https:\/\/keluvo.com\/se\/wp-json\/wp\/v2\/product\/27659","targetHints":{"allow":["GET"]}}],"collection":[{"href":"https:\/\/keluvo.com\/se\/wp-json\/wp\/v2\/product"}],"about":[{"href":"https:\/\/keluvo.com\/se\/wp-json\/wp\/v2\/types\/product"}],"replies":[{"embeddable":true,"href":"https:\/\/keluvo.com\/se\/wp-json\/wp\/v2\/comments?post=27659"}],"wp:featuredmedia":[{"embeddable":true,"href":"https:\/\/keluvo.com\/se\/wp-json\/wp\/v2\/media\/27655"}],"wp:attachment":[{"href":"https:\/\/keluvo.com\/se\/wp-json\/wp\/v2\/media?parent=27659"}],"wp:term":[{"taxonomy":"product_brand","embeddable":true,"href":"https:\/\/keluvo.com\/se\/wp-json\/wp\/v2\/product_brand?post=27659"},{"taxonomy":"product_cat","embeddable":true,"href":"https:\/\/keluvo.com\/se\/wp-json\/wp\/v2\/product_cat?post=27659"},{"taxonomy":"product_tag","embeddable":true,"href":"https:\/\/keluvo.com\/se\/wp-json\/wp\/v2\/product_tag?post=27659"}],"curies":[{"name":"wp","href":"https:\/\/api.w.org\/{rel}","templated":true}]}}