{"id":27597,"date":"2025-09-10T15:58:44","date_gmt":"2025-09-10T12:58:44","guid":{"rendered":"https:\/\/keluvo.com\/se\/product\/portabel-pillerhallare\/"},"modified":"2025-09-10T15:58:55","modified_gmt":"2025-09-10T12:58:55","slug":"portabel-pillerhallare","status":"publish","type":"product","link":"https:\/\/keluvo.com\/se\/product\/portabel-pillerhallare\/","title":{"rendered":"Portabel pillerh\u00e5llare"},"content":{"rendered":"<p style=\"text-align: center\"><b>Vi presenterar den b\u00e4rbara pillerf\u00f6rvaringen &#8211; ett enkelt s\u00e4tt att h\u00e5lla medicinen s\u00e4ker, torr och redo hela veckan!<\/b><\/p>\n<p style=\"text-align: center\">H\u00e5ll dig organiserad varje dag. <span style=\"font-weight: 400\">Med den h\u00e4r smarta l\u00e5dan kan du planera och b\u00e4ra med dig alla dina piller i sju dagar. Den \u00e4r perfekt f\u00f6r upptagna m\u00e4nniskor och seniorer.<\/span><\/p>\n<p><img decoding=\"async\" class=\"alignnone size-full wp-image-16420 aligncenter\" src=\"https:\/\/keluvo.com\/template\/wp-content\/uploads\/sites\/5\/2025\/04\/04301-ezgif.com-video-to-webp-converter.webp\" alt=\"\" \/><\/p>\n<h2 style=\"text-align: center\">Huvudf\u00f6rdelar<\/h2>\n<p><span style=\"font-weight: 400\">H\u00e5ll pillren s\u00e4kra fr\u00e5n fukt och v\u00e4ta<\/span><\/p>\n<p><span style=\"font-weight: 400\">Planera din medicin f\u00f6r hela veckan<\/span><span style=\"font-weight: 400\"><br \/>\n<\/span><\/p>\n<p><span style=\"font-weight: 400\">L\u00e4tt att b\u00e4ra &#8211; liten och l\u00e4tt<\/span><span style=\"font-weight: 400\"><br \/>\n<\/span><\/p>\n<p><span style=\"font-weight: 400\">Mycket enkel att anv\u00e4nda, \u00e4ven om du har handproblem<\/span><\/p>\n<p><span style=\"font-weight: 400\">Tillverkad av s\u00e4kert, luktfritt material<\/span><\/p>\n<p style=\"text-align: center\"><img decoding=\"async\" class=\"alignnone size-full wp-image-16432\" src=\"https:\/\/keluvo.com\/template\/wp-content\/uploads\/sites\/5\/2025\/04\/Sc83783786fb44e86b5899fbde77a4608y.jpg_960x960q75.jpg_.jpeg\" alt=\"\" \/><\/p>\n<h2 style=\"text-align: center\">Hur Den H\u00e4r Produkten Hj\u00e4lper Dig<\/h2>\n<p style=\"text-align: center\"><span style=\"font-weight: 400\">Med den h\u00e4r pillerf\u00f6rvaringen vet du alltid n\u00e4r och vad du ska ta. Inga fler missade doser! Inget mer b\u00e4rande av m\u00e5nga flaskor. Du kommer att k\u00e4nna dig mer organiserad och mindre stressad.<\/span><\/p>\n<h2 style=\"text-align: center\">Den \u00c4r Perfekt F\u00f6r<\/h2>\n<ul>\n<li style=\"font-weight: 400\"><span style=\"font-weight: 400\">Seniorer som beh\u00f6ver daglig medicin<\/span><span style=\"font-weight: 400\"><br \/>\n<\/span><\/li>\n<li style=\"font-weight: 400\"><span style=\"font-weight: 400\">Bussiga m\u00e4nniskor p\u00e5 spr\u00e5ng<\/span><span style=\"font-weight: 400\"><br \/>\n<\/span><\/li>\n<li style=\"font-weight: 400\"><span style=\"font-weight: 400\">Resor och vardaglig anv\u00e4ndning<\/span><\/li>\n<\/ul>\n<h2 style=\"text-align: center\">S\u00e5 H\u00e4r Anv\u00e4nder Du<\/h2>\n<ol>\n<li style=\"font-weight: 400\"><span style=\"font-weight: 400\">\u00d6ppna varje lock och l\u00e4gg i dina piller f\u00f6r varje dag.<\/span><span style=\"font-weight: 400\"><br \/>\n<\/span><\/li>\n<li style=\"font-weight: 400\"><span style=\"font-weight: 400\">St\u00e4ng locken ordentligt f\u00f6r att h\u00e5lla pillren torra och s\u00e4kra.<\/span><span style=\"font-weight: 400\"><br \/>\n<\/span><\/li>\n<li style=\"font-weight: 400\"><span style=\"font-weight: 400\">Ta ditt piller fr\u00e5n r\u00e4tt sektion varje dag.<\/span><\/li>\n<\/ol>\n<h2 style=\"text-align: center\">Paketet Inneh\u00e5ller<\/h2>\n<ul>\n<li style=\"font-weight: 400\"><span style=\"font-weight: 400\">1x b\u00e4rbar pillerburk.<\/span><\/li>\n<\/ul>\n<p>&nbsp;<\/p>\n","protected":false},"excerpt":{"rendered":"<p>Vi presenterar den b\u00e4rbara pillerf\u00f6rvaringen &#8211; ett enkelt s\u00e4tt att h\u00e5lla medicinen s\u00e4ker, torr och redo hela veckan! H\u00e5ll dig [&hellip;]<\/p>\n","protected":false},"featured_media":27593,"comment_status":"open","ping_status":"closed","template":"","meta":{"site-sidebar-layout":"default","site-content-layout":"","ast-site-content-layout":"default","site-content-style":"default","site-sidebar-style":"default","ast-global-header-display":"","ast-banner-title-visibility":"","ast-main-header-display":"","ast-hfb-above-header-display":"","ast-hfb-below-header-display":"","ast-hfb-mobile-header-display":"","site-post-title":"","ast-breadcrumbs-content":"","ast-featured-img":"","footer-sml-layout":"","theme-transparent-header-meta":"default","adv-header-id-meta":"","stick-header-meta":"","header-above-stick-meta":"","header-main-stick-meta":"","header-below-stick-meta":"","astra-migrate-meta-layouts":"set","ast-page-background-enabled":"default","ast-page-background-meta":{"desktop":{"background-color":"var(--ast-global-color-4)","background-image":"","background-repeat":"repeat","background-position":"center center","background-size":"auto","background-attachment":"scroll","background-type":"","background-media":"","overlay-type":"","overlay-color":"","overlay-opacity":"","overlay-gradient":""},"tablet":{"background-color":"","background-image":"","background-repeat":"repeat","background-position":"center center","background-size":"auto","background-attachment":"scroll","background-type":"","background-media":"","overlay-type":"","overlay-color":"","overlay-opacity":"","overlay-gradient":""},"mobile":{"background-color":"","background-image":"","background-repeat":"repeat","background-position":"center center","background-size":"auto","background-attachment":"scroll","background-type":"","background-media":"","overlay-type":"","overlay-color":"","overlay-opacity":"","overlay-gradient":""}},"ast-content-background-meta":{"desktop":{"background-color":"var(--ast-global-color-5)","background-image":"","background-repeat":"repeat","background-position":"center center","background-size":"auto","background-attachment":"scroll","background-type":"","background-media":"","overlay-type":"","overlay-color":"","overlay-opacity":"","overlay-gradient":""},"tablet":{"background-color":"var(--ast-global-color-5)","background-image":"","background-repeat":"repeat","background-position":"center center","background-size":"auto","background-attachment":"scroll","background-type":"","background-media":"","overlay-type":"","overlay-color":"","overlay-opacity":"","overlay-gradient":""},"mobile":{"background-color":"var(--ast-global-color-5)","background-image":"","background-repeat":"repeat","background-position":"center center","background-size":"auto","background-attachment":"scroll","background-type":"","background-media":"","overlay-type":"","overlay-color":"","overlay-opacity":"","overlay-gradient":""}}},"product_brand":[],"product_cat":[991],"product_tag":[],"class_list":{"0":"post-27597","1":"product","2":"type-product","3":"status-publish","4":"has-post-thumbnail","6":"product_cat-health-care-supplies","7":"pa_32083_2g5zll0q-svart","8":"pa_32083_2g5zll0q-vit","9":"pa_32083_wavdn717-fyrkant","10":"pa_32083_wavdn717-rektangel","11":"desktop-align-left","12":"tablet-align-left","13":"mobile-align-left","15":"first","16":"instock","17":"shipping-taxable","18":"purchasable","19":"product-type-variable","20":"has-default-attributes"},"_links":{"self":[{"href":"https:\/\/keluvo.com\/se\/wp-json\/wp\/v2\/product\/27597","targetHints":{"allow":["GET"]}}],"collection":[{"href":"https:\/\/keluvo.com\/se\/wp-json\/wp\/v2\/product"}],"about":[{"href":"https:\/\/keluvo.com\/se\/wp-json\/wp\/v2\/types\/product"}],"replies":[{"embeddable":true,"href":"https:\/\/keluvo.com\/se\/wp-json\/wp\/v2\/comments?post=27597"}],"wp:featuredmedia":[{"embeddable":true,"href":"https:\/\/keluvo.com\/se\/wp-json\/wp\/v2\/media\/27593"}],"wp:attachment":[{"href":"https:\/\/keluvo.com\/se\/wp-json\/wp\/v2\/media?parent=27597"}],"wp:term":[{"taxonomy":"product_brand","embeddable":true,"href":"https:\/\/keluvo.com\/se\/wp-json\/wp\/v2\/product_brand?post=27597"},{"taxonomy":"product_cat","embeddable":true,"href":"https:\/\/keluvo.com\/se\/wp-json\/wp\/v2\/product_cat?post=27597"},{"taxonomy":"product_tag","embeddable":true,"href":"https:\/\/keluvo.com\/se\/wp-json\/wp\/v2\/product_tag?post=27597"}],"curies":[{"name":"wp","href":"https:\/\/api.w.org\/{rel}","templated":true}]}}