{"id":27536,"date":"2025-09-10T15:56:59","date_gmt":"2025-09-10T12:56:59","guid":{"rendered":"https:\/\/keluvo.com\/se\/product\/campingrep\/"},"modified":"2025-09-12T13:58:36","modified_gmt":"2025-09-12T10:58:36","slug":"campingrep","status":"publish","type":"product","link":"https:\/\/keluvo.com\/se\/product\/campingrep\/","title":{"rendered":"Campingrep"},"content":{"rendered":"<p style=\"text-align: center\"><b>Vi presenterar campingrepet &#8211; din starka och s\u00e4kra hj\u00e4lpreda utomhus!<\/b><\/p>\n<p style=\"text-align: center\"><span style=\"font-weight: 400\">S\u00e4kra din utrustning snabbt och enkelt.<\/span><\/p>\n<p><img decoding=\"async\" class=\"alignnone size-full wp-image-16540 aligncenter\" src=\"https:\/\/keluvo.com\/template\/wp-content\/uploads\/sites\/5\/2025\/04\/CampingRope-ezgif.com-video-to-webp-converter.webp\" alt=\"\" \/><\/p>\n<h2 style=\"text-align: center\">Huvudf\u00f6rdelar<\/h2>\n<p>\u2705 Superstarkt och reflekterande &#8211; Tjockt rep som lyser p\u00e5 natten s\u00e5 att du inte snubblar<\/p>\n<p>\u2705 L\u00e4tt att dra \u00e5t &#8211; Dra bara i repet s\u00e5 sitter det kvar<\/p>\n<p>\u2705 Snabbt att lossa &#8211; Med den vridbara designen kan du justera det p\u00e5 n\u00e5gra sekunder<\/p>\n<p>\u2705 Extra s\u00e4kert &#8211; Levereras med 2 lastb\u00e4rande sp\u00e4nnen som h\u00e5ller h\u00e5rt, \u00e4ven i kraftiga vindar<\/p>\n<p>\u2705 Perfekt f\u00f6r utomhusbruk &#8211; Perfekt f\u00f6r t\u00e4lt, campingutrustning, h\u00e4ngmattor med mera<\/p>\n<p><img decoding=\"async\" class=\"alignnone size-full wp-image-16511 aligncenter\" src=\"https:\/\/keluvo.com\/template\/wp-content\/uploads\/sites\/5\/2025\/04\/Sfc93bb92a2b1470ab06f093d51cd4576h.jpg_960x960q75.jpg_.jpeg\" alt=\"\" \/><\/p>\n<h2 style=\"text-align: center\">Extremt Starkt!<\/h2>\n<p style=\"text-align: center\"><span style=\"font-weight: 400\">Campingrepet ger dig styrka och s\u00e4kerhet vart du \u00e4n g\u00e5r. Det \u00e4r tillverkat av slitstark nylon och en stark aluminiumlegering och \u00e4r perfekt f\u00f6r att s\u00e4kra ditt t\u00e4lt, h\u00e4nga upp lampor, s\u00e4tta upp presenningar och h\u00e5lla din utrustning s\u00e4ker. Den \u00e4r l\u00e4tt att s\u00e4tta upp, l\u00e4tt att ta ner och lyser starkt p\u00e5 natten f\u00f6r att h\u00e5lla dig s\u00e4ker. Oavsett om du vandrar, campar eller har kul i tr\u00e4dg\u00e5rden \u00e4r detta rep ett m\u00e5ste!<\/span><\/p>\n<h2 style=\"text-align: center\">Hur Man Anv\u00e4nder<\/h2>\n<ol>\n<li style=\"font-weight: 400\"><span style=\"font-weight: 400\">Haka fast sp\u00e4nnet p\u00e5 t\u00e4ltet, presenningen eller utrustningen.<\/span><span style=\"font-weight: 400\"><br \/>\n<\/span><\/li>\n<li style=\"font-weight: 400\"><span style=\"font-weight: 400\">Dra l\u00e4tt i repet f\u00f6r att dra \u00e5t det.<\/span><span style=\"font-weight: 400\"><br \/>\n<\/span><\/li>\n<li style=\"font-weight: 400\"><span style=\"font-weight: 400\">Anv\u00e4nd vridreglaget f\u00f6r att lossa eller justera n\u00e4r det beh\u00f6vs.<\/span><span style=\"font-weight: 400\"><br \/>\n<\/span><\/li>\n<li style=\"font-weight: 400\"><span style=\"font-weight: 400\">Njut av en trygg och s\u00e4ker upps\u00e4ttning p\u00e5 bara n\u00e5gra sekunder!<\/span><\/li>\n<\/ol>\n<h2 style=\"text-align: center\">Paketet Inneh\u00e5ller<\/h2>\n<ul>\n<li style=\"font-weight: 400\"><span style=\"font-weight: 400\">1, 2, 4x campingrep<\/span><span style=\"font-weight: 400\"><br \/>\n<\/span><\/li>\n<li style=\"font-weight: 400\"><span style=\"font-weight: 400\">2, 4, 8x lastb\u00e4rande sp\u00e4nnen.<\/span><\/li>\n<\/ul>\n<p>&nbsp;<\/p>\n","protected":false},"excerpt":{"rendered":"<p>Vi presenterar campingrepet &#8211; din starka och s\u00e4kra hj\u00e4lpreda utomhus! S\u00e4kra din utrustning snabbt och enkelt. Huvudf\u00f6rdelar \u2705 Superstarkt och [&hellip;]<\/p>\n","protected":false},"featured_media":27532,"comment_status":"open","ping_status":"closed","template":"","meta":{"site-sidebar-layout":"default","site-content-layout":"","ast-site-content-layout":"default","site-content-style":"default","site-sidebar-style":"default","ast-global-header-display":"","ast-banner-title-visibility":"","ast-main-header-display":"","ast-hfb-above-header-display":"","ast-hfb-below-header-display":"","ast-hfb-mobile-header-display":"","site-post-title":"","ast-breadcrumbs-content":"","ast-featured-img":"","footer-sml-layout":"","theme-transparent-header-meta":"default","adv-header-id-meta":"","stick-header-meta":"","header-above-stick-meta":"","header-main-stick-meta":"","header-below-stick-meta":"","astra-migrate-meta-layouts":"set","ast-page-background-enabled":"default","ast-page-background-meta":{"desktop":{"background-color":"var(--ast-global-color-4)","background-image":"","background-repeat":"repeat","background-position":"center center","background-size":"auto","background-attachment":"scroll","background-type":"","background-media":"","overlay-type":"","overlay-color":"","overlay-opacity":"","overlay-gradient":""},"tablet":{"background-color":"","background-image":"","background-repeat":"repeat","background-position":"center center","background-size":"auto","background-attachment":"scroll","background-type":"","background-media":"","overlay-type":"","overlay-color":"","overlay-opacity":"","overlay-gradient":""},"mobile":{"background-color":"","background-image":"","background-repeat":"repeat","background-position":"center center","background-size":"auto","background-attachment":"scroll","background-type":"","background-media":"","overlay-type":"","overlay-color":"","overlay-opacity":"","overlay-gradient":""}},"ast-content-background-meta":{"desktop":{"background-color":"var(--ast-global-color-5)","background-image":"","background-repeat":"repeat","background-position":"center center","background-size":"auto","background-attachment":"scroll","background-type":"","background-media":"","overlay-type":"","overlay-color":"","overlay-opacity":"","overlay-gradient":""},"tablet":{"background-color":"var(--ast-global-color-5)","background-image":"","background-repeat":"repeat","background-position":"center center","background-size":"auto","background-attachment":"scroll","background-type":"","background-media":"","overlay-type":"","overlay-color":"","overlay-opacity":"","overlay-gradient":""},"mobile":{"background-color":"var(--ast-global-color-5)","background-image":"","background-repeat":"repeat","background-position":"center center","background-size":"auto","background-attachment":"scroll","background-type":"","background-media":"","overlay-type":"","overlay-color":"","overlay-opacity":"","overlay-gradient":""}}},"product_brand":[],"product_cat":[1000,996],"product_tag":[],"class_list":{"0":"post-27536","1":"product","2":"type-product","3":"status-publish","4":"has-post-thumbnail","6":"product_cat-hiking-camping-and-leisure-goods","7":"product_cat-tools","8":"pa_30366_87h84pxz-1-st","9":"pa_30366_87h84pxz-2-st","10":"pa_30366_87h84pxz-4-st","11":"pa_30366_gxzjrtel-4m","12":"pa_30366_gxzjrtel-5m","13":"pa_30366_jix4v8cp-gron","14":"pa_30366_jix4v8cp-orange","15":"pa_30366_jix4v8cp-rod","16":"pa_30366_jix4v8cp-svart","17":"desktop-align-left","18":"tablet-align-left","19":"mobile-align-left","21":"first","22":"instock","23":"shipping-taxable","24":"purchasable","25":"product-type-variable","26":"has-default-attributes"},"_links":{"self":[{"href":"https:\/\/keluvo.com\/se\/wp-json\/wp\/v2\/product\/27536","targetHints":{"allow":["GET"]}}],"collection":[{"href":"https:\/\/keluvo.com\/se\/wp-json\/wp\/v2\/product"}],"about":[{"href":"https:\/\/keluvo.com\/se\/wp-json\/wp\/v2\/types\/product"}],"replies":[{"embeddable":true,"href":"https:\/\/keluvo.com\/se\/wp-json\/wp\/v2\/comments?post=27536"}],"wp:featuredmedia":[{"embeddable":true,"href":"https:\/\/keluvo.com\/se\/wp-json\/wp\/v2\/media\/27532"}],"wp:attachment":[{"href":"https:\/\/keluvo.com\/se\/wp-json\/wp\/v2\/media?parent=27536"}],"wp:term":[{"taxonomy":"product_brand","embeddable":true,"href":"https:\/\/keluvo.com\/se\/wp-json\/wp\/v2\/product_brand?post=27536"},{"taxonomy":"product_cat","embeddable":true,"href":"https:\/\/keluvo.com\/se\/wp-json\/wp\/v2\/product_cat?post=27536"},{"taxonomy":"product_tag","embeddable":true,"href":"https:\/\/keluvo.com\/se\/wp-json\/wp\/v2\/product_tag?post=27536"}],"curies":[{"name":"wp","href":"https:\/\/api.w.org\/{rel}","templated":true}]}}