{"id":27491,"date":"2025-09-10T15:53:52","date_gmt":"2025-09-10T12:53:52","guid":{"rendered":"https:\/\/keluvo.com\/se\/product\/badleksak\/"},"modified":"2025-09-22T20:02:30","modified_gmt":"2025-09-22T17:02:30","slug":"badleksak","status":"publish","type":"product","link":"https:\/\/keluvo.com\/se\/product\/badleksak\/","title":{"rendered":"Badleksak"},"content":{"rendered":"<p style=\"text-align: center\"><strong>Vi introducerar den roliga badleksaken &#8211; g\u00f6r varje bad till en plaskfest! \ud83d\udec1<\/strong><\/p>\n<p style=\"text-align: center\"><span style=\"font-weight: 400\">Spraya, st\u00e4nka och le vid varje bad.<\/span><\/p>\n<p><img decoding=\"async\" class=\"alignnone size-full wp-image-16270 aligncenter\" src=\"https:\/\/keluvo.com\/template\/wp-content\/uploads\/sites\/5\/2025\/04\/Bathtoy-ezgif.com-video-to-webp-converter-1.webp\" alt=\"\" \/><\/p>\n<h2 style=\"text-align: center\">Huvudf\u00f6rdelar<\/h2>\n<p><span style=\"font-weight: 400\">\u2705 <strong>Roligt och lekfullt<\/strong> &#8211; s\u00f6ta ankungar, pingviner och dinosaurier sprutar vatten och hoppar in och ut ur sina \u00e4gg<\/span><\/p>\n<p><span style=\"font-weight: 400\">\u2705 <strong>S\u00e4ker och h\u00e5llbar<\/strong> &#8211; tillverkad av tuff, milj\u00f6v\u00e4nlig abs-plast, perfekt f\u00f6r vardagliga bad<\/span><\/p>\n<p><span style=\"font-weight: 400\">\u2705 <strong>F\u00f6r pojkar och flickor<\/strong> &#8211; ljus, rolig design som alla barn kommer att \u00e4lska<\/span><\/p>\n<p><span style=\"font-weight: 400\">\u2705 <strong>Hj\u00e4lper motoriken<\/strong> &#8211; perfekt f\u00f6r barn i \u00e5ldern 12 m\u00e5nader till 6 \u00e5r att bygga upp koordinationen mellan hand och \u00f6ga samtidigt som de har roligt<\/span><\/p>\n<p><span style=\"font-weight: 400\">\u2705 <strong>L\u00e4tt att anv\u00e4nda<\/strong> &#8211; doppa \u00e4gget i vatten och se magin h\u00e4nda, ingen komplicerad installation!<\/span><\/p>\n<p><img decoding=\"async\" class=\"alignnone size-full wp-image-16271 aligncenter\" src=\"https:\/\/keluvo.com\/template\/wp-content\/uploads\/sites\/5\/2025\/04\/Hedb30ae0d8a2424faf6aa8f2d9256b33J.jpg_960x960q75.jpg_.jpeg\" alt=\"\" \/><\/p>\n<h2 style=\"text-align: center\">Huvuderbjudande<\/h2>\n<p style=\"text-align: center\"><span style=\"font-weight: 400\">Den roliga badleksaken \u00e4r den perfekta kompisen f\u00f6r badstunden! Doppa bara \u00e4gget i vatten &#8211; och \u00f6verraskning! Den bed\u00e5rande ankungen, pingvinen eller dinosaurien dyker upp och sprutar vatten. Det \u00e4r inte bara roligt, det \u00e4r ocks\u00e5 ett bra s\u00e4tt att hj\u00e4lpa ditt barn att njuta av bad, f\u00f6rb\u00e4ttra motoriken och skratta medan det blir rent. S\u00e4ker, f\u00e4rgglad och sp\u00e4nnande f\u00f6r bebisar, sm\u00e5barn och yngre barn!<\/span><\/p>\n<h2 style=\"text-align: center\">Anv\u00e4ndning<\/h2>\n<ul>\n<li><span style=\"font-weight: 400\">Fyll badkaret eller poolen med vatten.<\/span><\/li>\n<li><span style=\"font-weight: 400\">S\u00e4nk ner hela \u00e4gget i vattnet.<\/span><\/li>\n<li><span style=\"font-weight: 400\">Se det s\u00f6ta djuret hoppa ut och spruta vatten!<\/span><\/li>\n<li><span style=\"font-weight: 400\">Lyft \u00e4gget &#8211; vattnet rinner ut och djuret g\u00f6mmer sig tillbaka i skalet.<\/span><\/li>\n<li><span style=\"font-weight: 400\">Tryck p\u00e5 huvudet under vattnet f\u00f6r att f\u00e5 det att spruta \u00e4nnu mer!<\/span><\/li>\n<\/ul>\n<h2 style=\"text-align: center\">Paketet inneh\u00e5ller<\/h2>\n<ul>\n<li style=\"font-weight: 400\"><span style=\"font-weight: 400\">1x badleksak.<\/span><\/li>\n<\/ul>\n","protected":false},"excerpt":{"rendered":"<p>Vi introducerar den roliga badleksaken &#8211; g\u00f6r varje bad till en plaskfest! \ud83d\udec1 Spraya, st\u00e4nka och le vid varje bad. [&hellip;]<\/p>\n","protected":false},"featured_media":27487,"comment_status":"open","ping_status":"closed","template":"","meta":{"site-sidebar-layout":"default","site-content-layout":"","ast-site-content-layout":"default","site-content-style":"default","site-sidebar-style":"default","ast-global-header-display":"","ast-banner-title-visibility":"","ast-main-header-display":"","ast-hfb-above-header-display":"","ast-hfb-below-header-display":"","ast-hfb-mobile-header-display":"","site-post-title":"","ast-breadcrumbs-content":"","ast-featured-img":"","footer-sml-layout":"","theme-transparent-header-meta":"default","adv-header-id-meta":"","stick-header-meta":"","header-above-stick-meta":"","header-main-stick-meta":"","header-below-stick-meta":"","astra-migrate-meta-layouts":"set","ast-page-background-enabled":"default","ast-page-background-meta":{"desktop":{"background-color":"var(--ast-global-color-4)","background-image":"","background-repeat":"repeat","background-position":"center center","background-size":"auto","background-attachment":"scroll","background-type":"","background-media":"","overlay-type":"","overlay-color":"","overlay-opacity":"","overlay-gradient":""},"tablet":{"background-color":"","background-image":"","background-repeat":"repeat","background-position":"center center","background-size":"auto","background-attachment":"scroll","background-type":"","background-media":"","overlay-type":"","overlay-color":"","overlay-opacity":"","overlay-gradient":""},"mobile":{"background-color":"","background-image":"","background-repeat":"repeat","background-position":"center center","background-size":"auto","background-attachment":"scroll","background-type":"","background-media":"","overlay-type":"","overlay-color":"","overlay-opacity":"","overlay-gradient":""}},"ast-content-background-meta":{"desktop":{"background-color":"var(--ast-global-color-5)","background-image":"","background-repeat":"repeat","background-position":"center center","background-size":"auto","background-attachment":"scroll","background-type":"","background-media":"","overlay-type":"","overlay-color":"","overlay-opacity":"","overlay-gradient":""},"tablet":{"background-color":"var(--ast-global-color-5)","background-image":"","background-repeat":"repeat","background-position":"center center","background-size":"auto","background-attachment":"scroll","background-type":"","background-media":"","overlay-type":"","overlay-color":"","overlay-opacity":"","overlay-gradient":""},"mobile":{"background-color":"var(--ast-global-color-5)","background-image":"","background-repeat":"repeat","background-position":"center center","background-size":"auto","background-attachment":"scroll","background-type":"","background-media":"","overlay-type":"","overlay-color":"","overlay-opacity":"","overlay-gradient":""}}},"product_brand":[],"product_cat":[990],"product_tag":[],"class_list":{"0":"post-27491","1":"product","2":"type-product","3":"status-publish","4":"has-post-thumbnail","6":"product_cat-toys-childrens-and-baby-products","7":"pa_19396_2b9iv6zr-bla","8":"pa_19396_2b9iv6zr-gul","9":"pa_19396_2b9iv6zr-rod","10":"pa_19396_2b9iv6zr-rosa","11":"pa_19396_2b9iv6zr-svart","12":"desktop-align-left","13":"tablet-align-left","14":"mobile-align-left","16":"first","17":"instock","18":"shipping-taxable","19":"purchasable","20":"product-type-variable"},"_links":{"self":[{"href":"https:\/\/keluvo.com\/se\/wp-json\/wp\/v2\/product\/27491","targetHints":{"allow":["GET"]}}],"collection":[{"href":"https:\/\/keluvo.com\/se\/wp-json\/wp\/v2\/product"}],"about":[{"href":"https:\/\/keluvo.com\/se\/wp-json\/wp\/v2\/types\/product"}],"replies":[{"embeddable":true,"href":"https:\/\/keluvo.com\/se\/wp-json\/wp\/v2\/comments?post=27491"}],"wp:featuredmedia":[{"embeddable":true,"href":"https:\/\/keluvo.com\/se\/wp-json\/wp\/v2\/media\/27487"}],"wp:attachment":[{"href":"https:\/\/keluvo.com\/se\/wp-json\/wp\/v2\/media?parent=27491"}],"wp:term":[{"taxonomy":"product_brand","embeddable":true,"href":"https:\/\/keluvo.com\/se\/wp-json\/wp\/v2\/product_brand?post=27491"},{"taxonomy":"product_cat","embeddable":true,"href":"https:\/\/keluvo.com\/se\/wp-json\/wp\/v2\/product_cat?post=27491"},{"taxonomy":"product_tag","embeddable":true,"href":"https:\/\/keluvo.com\/se\/wp-json\/wp\/v2\/product_tag?post=27491"}],"curies":[{"name":"wp","href":"https:\/\/api.w.org\/{rel}","templated":true}]}}