{"id":27471,"date":"2025-09-10T15:52:59","date_gmt":"2025-09-10T12:52:59","guid":{"rendered":"https:\/\/keluvo.com\/se\/product\/telefonhallare\/"},"modified":"2025-09-10T15:53:10","modified_gmt":"2025-09-10T12:53:10","slug":"telefonhallare","status":"publish","type":"product","link":"https:\/\/keluvo.com\/se\/product\/telefonhallare\/","title":{"rendered":"Telefonh\u00e5llare"},"content":{"rendered":"<p style=\"text-align: center\"><strong>Vi Presenterar Den S\u00f6ta Larvformade Telefonh\u00e5llaren \u2013 Din Roliga Och Flexibla Hj\u00e4lpreda!<\/strong><\/p>\n<p style=\"text-align: center\"><span style=\"font-weight: 400\">Nu slipper du tappa eller f\u00f6rlora din telefon. H\u00e5ll den s\u00e4ker och n\u00e4ra till hands med den h\u00e4r s\u00f6ta och smarta h\u00e5llaren!<\/span><\/p>\n<p><img decoding=\"async\" class=\"size-full wp-image-16221 aligncenter\" src=\"https:\/\/keluvo.com\/template\/wp-content\/uploads\/sites\/5\/2025\/04\/caterpilar-ezgif.com-video-to-webp-converter.webp\" alt=\"\" \/><\/p>\n<h2 style=\"text-align: center\">Huvudf\u00f6rdelar<\/h2>\n<p><span style=\"font-weight: 400\">\u2705 <\/span><b>Rolig och flexibel<\/b><span style=\"font-weight: 400\"> \u2013 B\u00f6js och formas f\u00f6r att h\u00e5lla din telefon var du \u00e4n beh\u00f6ver<\/span><\/p>\n<p><span style=\"font-weight: 400\"> \u2705 <\/span><b>Starkt och s\u00e4kert grepp<\/b><span style=\"font-weight: 400\"> \u2013 Kraftfulla sugkoppar f\u00e4ster p\u00e5 skrivbord, v\u00e4ggar, cyklar och mycket mer<\/span><\/p>\n<p><span style=\"font-weight: 400\"> \u2705 <\/span><b>H\u00e5llbar design<\/b><span style=\"font-weight: 400\"> \u2013 Tillverkad av t\u00e5lig silikon som klarar v\u00e4rme upp till 105 \u00b0C<\/span><\/p>\n<p><span style=\"font-weight: 400\"> \u2705 <\/span><b>L\u00e4tt att b\u00e4ra<\/b><span style=\"font-weight: 400\"> \u2013 L\u00e4tt och perfekt f\u00f6r anv\u00e4ndning hemma, p\u00e5 jobbet eller p\u00e5 spr\u00e5ng<\/span><\/p>\n<p><span style=\"font-weight: 400\"> \u2705 <\/span><b>Fungerar f\u00f6r m\u00e5nga anv\u00e4ndningsomr\u00e5den<\/b><span style=\"font-weight: 400\"> \u2013 Titta p\u00e5 videor, ring samtal, anv\u00e4nd GPS \u2013 handsfree och enkelt!<\/span><\/p>\n<p><img decoding=\"async\" class=\"size-full wp-image-16210 aligncenter\" src=\"https:\/\/keluvo.com\/template\/wp-content\/uploads\/sites\/5\/2025\/04\/f61dbd6d-9717-4315-9f4c-334f9123315c.webp\" alt=\"\" \/><\/p>\n<h2 style=\"text-align: center\">Den Perfekta Kompisen F\u00f6r Din Telefon!<\/h2>\n<p style=\"text-align: center\"><span style=\"font-weight: 400\">Den <\/span><b>s\u00f6ta telefonh\u00e5llaren med larv<\/b><span style=\"font-weight: 400\"> \u00e4r den perfekta kompisen f\u00f6r din telefon! Oavsett om du kopplar av hemma, cyklar eller arbetar vid skrivbordet, h\u00e5ller den h\u00e4r smarta lilla h\u00e5llaren din telefon precis d\u00e4r du beh\u00f6ver den. Dessutom ger dess lekfulla larvform en rolig touch till din dag. Den \u00e4r stark, b\u00f6jbar och redo att f\u00f6lja med vart du \u00e4n g\u00e5r!<\/span><\/p>\n<h2 style=\"text-align: center\">Hur Man Anv\u00e4nder Den<\/h2>\n<ol>\n<li style=\"font-weight: 400\"><span style=\"font-weight: 400\">V\u00e4lj den plats d\u00e4r du vill h\u00e5lla din telefon (skrivbord, v\u00e4gg, cykel etc.).<\/span><\/li>\n<li style=\"font-weight: 400\"><span style=\"font-weight: 400\">F\u00e4st sugkopparna ordentligt p\u00e5 ytan.<\/span><\/li>\n<li style=\"font-weight: 400\"><span style=\"font-weight: 400\">Justera de b\u00f6jbara larvarmarna f\u00f6r att h\u00e5lla telefonen i b\u00e4sta vinkel.<\/span><\/li>\n<li style=\"font-weight: 400\"><span style=\"font-weight: 400\">Njut av handsfree-samtal, videor eller enkel GPS-navigering!<\/span><\/li>\n<\/ol>\n<h2 style=\"text-align: center\">Paketet Inneh\u00e5ller<\/h2>\n<ul>\n<li style=\"font-weight: 400\"><span style=\"font-weight: 400\">1x caterpillar telefonh\u00e5llare.<\/span><\/li>\n<\/ul>\n<p>&nbsp;<\/p>\n","protected":false},"excerpt":{"rendered":"<p>Vi Presenterar Den S\u00f6ta Larvformade Telefonh\u00e5llaren \u2013 Din Roliga Och Flexibla Hj\u00e4lpreda! Nu slipper du tappa eller f\u00f6rlora din telefon. [&hellip;]<\/p>\n","protected":false},"featured_media":27467,"comment_status":"open","ping_status":"closed","template":"","meta":{"site-sidebar-layout":"default","site-content-layout":"","ast-site-content-layout":"default","site-content-style":"default","site-sidebar-style":"default","ast-global-header-display":"","ast-banner-title-visibility":"","ast-main-header-display":"","ast-hfb-above-header-display":"","ast-hfb-below-header-display":"","ast-hfb-mobile-header-display":"","site-post-title":"","ast-breadcrumbs-content":"","ast-featured-img":"","footer-sml-layout":"","theme-transparent-header-meta":"default","adv-header-id-meta":"","stick-header-meta":"","header-above-stick-meta":"","header-main-stick-meta":"","header-below-stick-meta":"","astra-migrate-meta-layouts":"set","ast-page-background-enabled":"default","ast-page-background-meta":{"desktop":{"background-color":"var(--ast-global-color-4)","background-image":"","background-repeat":"repeat","background-position":"center center","background-size":"auto","background-attachment":"scroll","background-type":"","background-media":"","overlay-type":"","overlay-color":"","overlay-opacity":"","overlay-gradient":""},"tablet":{"background-color":"","background-image":"","background-repeat":"repeat","background-position":"center center","background-size":"auto","background-attachment":"scroll","background-type":"","background-media":"","overlay-type":"","overlay-color":"","overlay-opacity":"","overlay-gradient":""},"mobile":{"background-color":"","background-image":"","background-repeat":"repeat","background-position":"center center","background-size":"auto","background-attachment":"scroll","background-type":"","background-media":"","overlay-type":"","overlay-color":"","overlay-opacity":"","overlay-gradient":""}},"ast-content-background-meta":{"desktop":{"background-color":"var(--ast-global-color-5)","background-image":"","background-repeat":"repeat","background-position":"center center","background-size":"auto","background-attachment":"scroll","background-type":"","background-media":"","overlay-type":"","overlay-color":"","overlay-opacity":"","overlay-gradient":""},"tablet":{"background-color":"var(--ast-global-color-5)","background-image":"","background-repeat":"repeat","background-position":"center center","background-size":"auto","background-attachment":"scroll","background-type":"","background-media":"","overlay-type":"","overlay-color":"","overlay-opacity":"","overlay-gradient":""},"mobile":{"background-color":"var(--ast-global-color-5)","background-image":"","background-repeat":"repeat","background-position":"center center","background-size":"auto","background-attachment":"scroll","background-type":"","background-media":"","overlay-type":"","overlay-color":"","overlay-opacity":"","overlay-gradient":""}}},"product_brand":[],"product_cat":[1001],"product_tag":[],"class_list":{"0":"post-27471","1":"product","2":"type-product","3":"status-publish","4":"has-post-thumbnail","6":"product_cat-household-goods","7":"pa_44345_cmpgtr6k-bla","8":"pa_44345_cmpgtr6k-gron","9":"pa_44345_cmpgtr6k-rosa","10":"pa_44345_cmpgtr6k-svart","11":"desktop-align-left","12":"tablet-align-left","13":"mobile-align-left","15":"first","16":"instock","17":"shipping-taxable","18":"purchasable","19":"product-type-variable"},"_links":{"self":[{"href":"https:\/\/keluvo.com\/se\/wp-json\/wp\/v2\/product\/27471","targetHints":{"allow":["GET"]}}],"collection":[{"href":"https:\/\/keluvo.com\/se\/wp-json\/wp\/v2\/product"}],"about":[{"href":"https:\/\/keluvo.com\/se\/wp-json\/wp\/v2\/types\/product"}],"replies":[{"embeddable":true,"href":"https:\/\/keluvo.com\/se\/wp-json\/wp\/v2\/comments?post=27471"}],"wp:featuredmedia":[{"embeddable":true,"href":"https:\/\/keluvo.com\/se\/wp-json\/wp\/v2\/media\/27467"}],"wp:attachment":[{"href":"https:\/\/keluvo.com\/se\/wp-json\/wp\/v2\/media?parent=27471"}],"wp:term":[{"taxonomy":"product_brand","embeddable":true,"href":"https:\/\/keluvo.com\/se\/wp-json\/wp\/v2\/product_brand?post=27471"},{"taxonomy":"product_cat","embeddable":true,"href":"https:\/\/keluvo.com\/se\/wp-json\/wp\/v2\/product_cat?post=27471"},{"taxonomy":"product_tag","embeddable":true,"href":"https:\/\/keluvo.com\/se\/wp-json\/wp\/v2\/product_tag?post=27471"}],"curies":[{"name":"wp","href":"https:\/\/api.w.org\/{rel}","templated":true}]}}