{"id":27455,"date":"2025-09-10T15:52:07","date_gmt":"2025-09-10T12:52:07","guid":{"rendered":"https:\/\/keluvo.com\/se\/product\/fargborttagningsmedel\/"},"modified":"2025-09-10T15:52:20","modified_gmt":"2025-09-10T12:52:20","slug":"fargborttagningsmedel","status":"publish","type":"product","link":"https:\/\/keluvo.com\/se\/product\/fargborttagningsmedel\/","title":{"rendered":"F\u00e4rgborttagningsmedel"},"content":{"rendered":"<p style=\"text-align: center\"><b>Vi presenterar f\u00e4rgborttagaren &#8211; ditt enkla s\u00e4tt att fr\u00e4scha upp och f\u00f6rnya! \ud83c\udfa8<\/b><\/p>\n<p style=\"text-align: center\"><span style=\"font-weight: 400\">F\u00e5 dina v\u00e4ggar, m\u00f6bler, bilar och leksaker att se helt nya ut igen &#8211; enkelt och snabbt!<\/span><\/p>\n<p><img decoding=\"async\" class=\"size-full wp-image-16193 aligncenter\" src=\"https:\/\/keluvo.com\/template\/wp-content\/uploads\/sites\/5\/2025\/04\/5075b5b2-8a26-4992-8919-69770bd3b254-ezgif.com-video-to-webp-converter.webp\" alt=\"\" \/><\/p>\n<h2 style=\"text-align: center\">Huvudf\u00f6rdelar<\/h2>\n<p><span style=\"font-weight: 400\">\u2705 <\/span><b>Avl\u00e4gsnar f\u00e4rg snabbt<\/b><span style=\"font-weight: 400\"> &#8211; Tar snabbt bort gammal, o\u00f6nskad f\u00e4rg fr\u00e5n m\u00e5nga ytor<\/span><\/p>\n<p><span style=\"font-weight: 400\"> \u2705 <\/span><b>Kraftfull och effektiv<\/b><span style=\"font-weight: 400\"> &#8211; Starkt l\u00f6sningsmedel arbetar snabbt f\u00f6r att skala bort f\u00e4rg<\/span><\/p>\n<p><span style=\"font-weight: 400\"> \u2705 <\/span><b>S\u00e4ker att anv\u00e4nda<\/b><span style=\"font-weight: 400\"> &#8211; Ingen skada p\u00e5 ytan, dina h\u00e4nder eller milj\u00f6n<\/span><\/p>\n<p><span style=\"font-weight: 400\"> \u2705 <\/span><b>Enkel att applicera<\/b><span style=\"font-weight: 400\"> &#8211; Bara spraya, v\u00e4nta och sk\u00f6lj bort<\/span><\/p>\n<p><span style=\"font-weight: 400\"> \u2705 <\/span><b>Perfekt f\u00f6r m\u00e5nga jobb<\/b><span style=\"font-weight: 400\"> &#8211; Perfekt f\u00f6r bilar, v\u00e4ggar, m\u00f6bler, metall, leksaker och mycket mer<\/span><\/p>\n<p><img decoding=\"async\" class=\"size-full wp-image-16194 aligncenter\" src=\"https:\/\/keluvo.com\/template\/wp-content\/uploads\/sites\/5\/2025\/04\/ezgif.com-video-to-webp-converter.webp\" alt=\"\" \/><\/p>\n<h2 style=\"text-align: center\">Varf\u00f6r det h\u00e4r \u00e4r f\u00f6r dig<\/h2>\n<p style=\"text-align: center\"><span style=\"font-weight: 400\">F\u00e4rgborttagaren \u00e4r din b\u00e4sta v\u00e4n f\u00f6r hemmaprojekt, bilarbeten och renoveringar! Den tar enkelt bort gammal f\u00e4rg utan att skada ytan under. Oavsett om du fr\u00e4schar upp gamla m\u00f6bler, tar bort graffiti eller f\u00f6rbereder en bil f\u00f6r en ny lack, sparar den h\u00e4r f\u00e4rgborttagaren tid, anstr\u00e4ngning och stress. Bli f\u00f6r\u00e4lskad i ditt hem eller din bil igen!<\/span><\/p>\n<h2 style=\"text-align: center\">Anv\u00e4ndning<\/h2>\n<ol>\n<li style=\"font-weight: 400\"><span style=\"font-weight: 400\">Skaka f\u00e4rgborttagaren v\u00e4l f\u00f6re anv\u00e4ndning.<\/span><span style=\"font-weight: 400\"><br \/>\n<\/span><\/li>\n<li style=\"font-weight: 400\"><span style=\"font-weight: 400\">Spraya den p\u00e5 den m\u00e5lade ytan som du vill reng\u00f6ra.<\/span><span style=\"font-weight: 400\"><br \/>\n<\/span><\/li>\n<li style=\"font-weight: 400\"><span style=\"font-weight: 400\">V\u00e4nta ca 15 minuter tills f\u00e4rgen bubblar och flagnar.<\/span><span style=\"font-weight: 400\"><br \/>\n<\/span><\/li>\n<li style=\"font-weight: 400\"><span style=\"font-weight: 400\">Sk\u00f6lj med vatten f\u00f6r att tv\u00e4tta bort den gamla f\u00e4rgen.<\/span><span style=\"font-weight: 400\"><br \/>\n<\/span><\/li>\n<li style=\"font-weight: 400\"><span style=\"font-weight: 400\">Njut av din rena, fr\u00e4scha yta som \u00e4r redo f\u00f6r en ny f\u00e4rg!<\/span><\/li>\n<\/ol>\n<h2 style=\"text-align: center\">Paketet inneh\u00e5ller<\/h2>\n<ul>\n<li style=\"font-weight: 400\"><span style=\"font-weight: 400\">1, 2, 3x flaskor med 100ml f\u00e4rgborttagare<\/span><\/li>\n<li style=\"font-weight: 400\"><span style=\"font-weight: 400\">1, 2, 3x pensel.<\/span><\/li>\n<\/ul>\n<p>&nbsp;<\/p>\n","protected":false},"excerpt":{"rendered":"<p>Vi presenterar f\u00e4rgborttagaren &#8211; ditt enkla s\u00e4tt att fr\u00e4scha upp och f\u00f6rnya! \ud83c\udfa8 F\u00e5 dina v\u00e4ggar, m\u00f6bler, bilar och leksaker [&hellip;]<\/p>\n","protected":false},"featured_media":27451,"comment_status":"open","ping_status":"closed","template":"","meta":{"site-sidebar-layout":"default","site-content-layout":"","ast-site-content-layout":"default","site-content-style":"default","site-sidebar-style":"default","ast-global-header-display":"","ast-banner-title-visibility":"","ast-main-header-display":"","ast-hfb-above-header-display":"","ast-hfb-below-header-display":"","ast-hfb-mobile-header-display":"","site-post-title":"","ast-breadcrumbs-content":"","ast-featured-img":"","footer-sml-layout":"","theme-transparent-header-meta":"default","adv-header-id-meta":"","stick-header-meta":"","header-above-stick-meta":"","header-main-stick-meta":"","header-below-stick-meta":"","astra-migrate-meta-layouts":"set","ast-page-background-enabled":"default","ast-page-background-meta":{"desktop":{"background-color":"var(--ast-global-color-4)","background-image":"","background-repeat":"repeat","background-position":"center center","background-size":"auto","background-attachment":"scroll","background-type":"","background-media":"","overlay-type":"","overlay-color":"","overlay-opacity":"","overlay-gradient":""},"tablet":{"background-color":"","background-image":"","background-repeat":"repeat","background-position":"center center","background-size":"auto","background-attachment":"scroll","background-type":"","background-media":"","overlay-type":"","overlay-color":"","overlay-opacity":"","overlay-gradient":""},"mobile":{"background-color":"","background-image":"","background-repeat":"repeat","background-position":"center center","background-size":"auto","background-attachment":"scroll","background-type":"","background-media":"","overlay-type":"","overlay-color":"","overlay-opacity":"","overlay-gradient":""}},"ast-content-background-meta":{"desktop":{"background-color":"var(--ast-global-color-5)","background-image":"","background-repeat":"repeat","background-position":"center center","background-size":"auto","background-attachment":"scroll","background-type":"","background-media":"","overlay-type":"","overlay-color":"","overlay-opacity":"","overlay-gradient":""},"tablet":{"background-color":"var(--ast-global-color-5)","background-image":"","background-repeat":"repeat","background-position":"center center","background-size":"auto","background-attachment":"scroll","background-type":"","background-media":"","overlay-type":"","overlay-color":"","overlay-opacity":"","overlay-gradient":""},"mobile":{"background-color":"var(--ast-global-color-5)","background-image":"","background-repeat":"repeat","background-position":"center center","background-size":"auto","background-attachment":"scroll","background-type":"","background-media":"","overlay-type":"","overlay-color":"","overlay-opacity":"","overlay-gradient":""}}},"product_brand":[],"product_cat":[1001,996],"product_tag":[],"class_list":{"0":"post-27455","1":"product","2":"type-product","3":"status-publish","4":"has-post-thumbnail","6":"product_cat-household-goods","7":"product_cat-tools","8":"pa_29385_c5bhxg32-1-st","9":"pa_29385_c5bhxg32-2-st","10":"pa_29385_c5bhxg32-3-st","11":"desktop-align-left","12":"tablet-align-left","13":"mobile-align-left","15":"first","16":"instock","17":"shipping-taxable","18":"purchasable","19":"product-type-variable"},"_links":{"self":[{"href":"https:\/\/keluvo.com\/se\/wp-json\/wp\/v2\/product\/27455","targetHints":{"allow":["GET"]}}],"collection":[{"href":"https:\/\/keluvo.com\/se\/wp-json\/wp\/v2\/product"}],"about":[{"href":"https:\/\/keluvo.com\/se\/wp-json\/wp\/v2\/types\/product"}],"replies":[{"embeddable":true,"href":"https:\/\/keluvo.com\/se\/wp-json\/wp\/v2\/comments?post=27455"}],"wp:featuredmedia":[{"embeddable":true,"href":"https:\/\/keluvo.com\/se\/wp-json\/wp\/v2\/media\/27451"}],"wp:attachment":[{"href":"https:\/\/keluvo.com\/se\/wp-json\/wp\/v2\/media?parent=27455"}],"wp:term":[{"taxonomy":"product_brand","embeddable":true,"href":"https:\/\/keluvo.com\/se\/wp-json\/wp\/v2\/product_brand?post=27455"},{"taxonomy":"product_cat","embeddable":true,"href":"https:\/\/keluvo.com\/se\/wp-json\/wp\/v2\/product_cat?post=27455"},{"taxonomy":"product_tag","embeddable":true,"href":"https:\/\/keluvo.com\/se\/wp-json\/wp\/v2\/product_tag?post=27455"}],"curies":[{"name":"wp","href":"https:\/\/api.w.org\/{rel}","templated":true}]}}