{"id":27445,"date":"2025-09-10T14:55:59","date_gmt":"2025-09-10T11:55:59","guid":{"rendered":"https:\/\/keluvo.com\/se\/product\/klockarmband\/"},"modified":"2025-09-16T01:25:51","modified_gmt":"2025-09-15T22:25:51","slug":"klockarmband","status":"publish","type":"product","link":"https:\/\/keluvo.com\/se\/product\/klockarmband\/","title":{"rendered":"Klockarmband"},"content":{"rendered":"<p style=\"text-align: center\"><strong>Elegant, tidl\u00f6s och redo att b\u00e4ras \u231a<\/strong><\/p>\n<p style=\"text-align: center\"><span style=\"font-weight: 400\">Detta set inneh\u00e5ller en vacker damklocka och ett matchande armband. Det \u00e4r en perfekt kombination f\u00f6r alla outfits, oavsett om du vill kl\u00e4 upp dig eller h\u00e5lla det avslappnat.<\/span><\/p>\n<p><img decoding=\"async\" class=\"size-full wp-image-15641 aligncenter\" src=\"https:\/\/keluvo.com\/template\/wp-content\/uploads\/sites\/5\/2025\/04\/9af670ff-9f89-409a-ab7a-f49a956690e2.webp\" alt=\"\" \/><\/p>\n<h2 style=\"text-align: center\">Huvudf\u00f6rdelar<\/h2>\n<p><b>Snygg design<\/b><span style=\"font-weight: 400\"> &#8211; enkel och elegant f\u00f6r att matcha alla looks<\/span><span style=\"font-weight: 400\">\u00a0<\/span><\/p>\n<p><b>Kvartsr\u00f6relse<\/b><span style=\"font-weight: 400\"> &#8211; visar tiden exakt och p\u00e5litligt<\/span><span style=\"font-weight: 400\"><br \/>\n<\/span><b><\/b><\/p>\n<p><b>Bekv\u00e4m passform<\/b><span style=\"font-weight: 400\"> &#8211; l\u00e4tt och enkel att b\u00e4ra hela dagen<\/span><span style=\"font-weight: 400\"><br \/>\n<\/span><\/p>\n<p><b>Gjord f\u00f6r att h\u00e5lla<\/b><span style=\"font-weight: 400\"> &#8211; h\u00e5llbar legering och l\u00e4der t\u00e5l daglig anv\u00e4ndning<\/span><span style=\"font-weight: 400\"><br \/>\n<\/span><\/p>\n<p><b>Gott att ge bort<\/b><span style=\"font-weight: 400\"> &#8211; ett h\u00e4rligt set f\u00f6r f\u00f6delsedagar, helgdagar eller andra tillf\u00e4llen<\/span><\/p>\n<p><img decoding=\"async\" class=\"size-full wp-image-15642 aligncenter\" src=\"https:\/\/keluvo.com\/template\/wp-content\/uploads\/sites\/5\/2025\/04\/5c14b054-5750-416d-b0ba-80616ee025ce.webp\" alt=\"\" \/><\/p>\n<h2 style=\"text-align: center\">Perfekt f\u00f6r alla evenemang<\/h2>\n<p style=\"text-align: center\"><span style=\"font-weight: 400\">Detta fashionabla set med klocka och armband ger en elegant touch till din outfit. Det \u00e4r perfekt f\u00f6r jobbet, dejter eller speciella evenemang. Med en smal passform och elegant utseende \u00e4r den b\u00e5de praktisk och vacker, vilket g\u00f6r den till en favorit f\u00f6r stil\u00e4lskare.<\/span><\/p>\n<h2 style=\"text-align: center\">Paketet inneh\u00e5ller<b><\/b><\/h2>\n<ul>\n<li style=\"font-weight: 400\"><span style=\"font-weight: 400\">1x damklocka<\/span><span style=\"font-weight: 400\"><br \/>\n<\/span><\/li>\n<li style=\"font-weight: 400\"><span style=\"font-weight: 400\">1x matchande modearmband<\/span><span style=\"font-weight: 400\"><br \/>\n<\/span><\/li>\n<li style=\"font-weight: 400\"><i><span style=\"font-weight: 400\">Klockask ing\u00e5r ej<\/span><\/i><\/li>\n<li style=\"font-weight: 400\"><span style=\"font-weight: 400\">Klockstorleksdetaljer:<\/span><span style=\"font-weight: 400\"><br \/>\n<\/span><span style=\"font-weight: 400\"> \u2022 Boettens diameter: 33 mm<\/span><span style=\"font-weight: 400\"><br \/>\n<\/span><span style=\"font-weight: 400\"> \u2022 Boettens tjocklek: 8 mm<\/span><span style=\"font-weight: 400\"><br \/>\n<\/span><span style=\"font-weight: 400\"> \u2022 Armbandets bredd: 15 mm<\/span><span style=\"font-weight: 400\"><br \/>\n<\/span><span style=\"font-weight: 400\"> \u2022 Armbandets l\u00e4ngd: 200 mm.<\/span><\/li>\n<\/ul>\n","protected":false},"excerpt":{"rendered":"<p>Elegant, tidl\u00f6s och redo att b\u00e4ras \u231a Detta set inneh\u00e5ller en vacker damklocka och ett matchande armband. Det \u00e4r en [&hellip;]<\/p>\n","protected":false},"featured_media":27441,"comment_status":"open","ping_status":"closed","template":"","meta":{"site-sidebar-layout":"default","site-content-layout":"","ast-site-content-layout":"default","site-content-style":"default","site-sidebar-style":"default","ast-global-header-display":"","ast-banner-title-visibility":"","ast-main-header-display":"","ast-hfb-above-header-display":"","ast-hfb-below-header-display":"","ast-hfb-mobile-header-display":"","site-post-title":"","ast-breadcrumbs-content":"","ast-featured-img":"","footer-sml-layout":"","theme-transparent-header-meta":"default","adv-header-id-meta":"","stick-header-meta":"","header-above-stick-meta":"","header-main-stick-meta":"","header-below-stick-meta":"","astra-migrate-meta-layouts":"set","ast-page-background-enabled":"default","ast-page-background-meta":{"desktop":{"background-color":"var(--ast-global-color-4)","background-image":"","background-repeat":"repeat","background-position":"center center","background-size":"auto","background-attachment":"scroll","background-type":"","background-media":"","overlay-type":"","overlay-color":"","overlay-opacity":"","overlay-gradient":""},"tablet":{"background-color":"","background-image":"","background-repeat":"repeat","background-position":"center center","background-size":"auto","background-attachment":"scroll","background-type":"","background-media":"","overlay-type":"","overlay-color":"","overlay-opacity":"","overlay-gradient":""},"mobile":{"background-color":"","background-image":"","background-repeat":"repeat","background-position":"center center","background-size":"auto","background-attachment":"scroll","background-type":"","background-media":"","overlay-type":"","overlay-color":"","overlay-opacity":"","overlay-gradient":""}},"ast-content-background-meta":{"desktop":{"background-color":"var(--ast-global-color-5)","background-image":"","background-repeat":"repeat","background-position":"center center","background-size":"auto","background-attachment":"scroll","background-type":"","background-media":"","overlay-type":"","overlay-color":"","overlay-opacity":"","overlay-gradient":""},"tablet":{"background-color":"var(--ast-global-color-5)","background-image":"","background-repeat":"repeat","background-position":"center center","background-size":"auto","background-attachment":"scroll","background-type":"","background-media":"","overlay-type":"","overlay-color":"","overlay-opacity":"","overlay-gradient":""},"mobile":{"background-color":"var(--ast-global-color-5)","background-image":"","background-repeat":"repeat","background-position":"center center","background-size":"auto","background-attachment":"scroll","background-type":"","background-media":"","overlay-type":"","overlay-color":"","overlay-opacity":"","overlay-gradient":""}}},"product_brand":[],"product_cat":[994,993],"product_tag":[],"class_list":{"0":"post-27445","1":"product","2":"type-product","3":"status-publish","4":"has-post-thumbnail","6":"product_cat-clothing-for-women","7":"product_cat-footwear-accessories","8":"desktop-align-left","9":"tablet-align-left","10":"mobile-align-left","12":"first","13":"instock","14":"shipping-taxable","15":"purchasable","16":"product-type-simple"},"_links":{"self":[{"href":"https:\/\/keluvo.com\/se\/wp-json\/wp\/v2\/product\/27445","targetHints":{"allow":["GET"]}}],"collection":[{"href":"https:\/\/keluvo.com\/se\/wp-json\/wp\/v2\/product"}],"about":[{"href":"https:\/\/keluvo.com\/se\/wp-json\/wp\/v2\/types\/product"}],"replies":[{"embeddable":true,"href":"https:\/\/keluvo.com\/se\/wp-json\/wp\/v2\/comments?post=27445"}],"wp:featuredmedia":[{"embeddable":true,"href":"https:\/\/keluvo.com\/se\/wp-json\/wp\/v2\/media\/27441"}],"wp:attachment":[{"href":"https:\/\/keluvo.com\/se\/wp-json\/wp\/v2\/media?parent=27445"}],"wp:term":[{"taxonomy":"product_brand","embeddable":true,"href":"https:\/\/keluvo.com\/se\/wp-json\/wp\/v2\/product_brand?post=27445"},{"taxonomy":"product_cat","embeddable":true,"href":"https:\/\/keluvo.com\/se\/wp-json\/wp\/v2\/product_cat?post=27445"},{"taxonomy":"product_tag","embeddable":true,"href":"https:\/\/keluvo.com\/se\/wp-json\/wp\/v2\/product_tag?post=27445"}],"curies":[{"name":"wp","href":"https:\/\/api.w.org\/{rel}","templated":true}]}}