{"id":27372,"date":"2025-09-10T14:52:13","date_gmt":"2025-09-10T11:52:13","guid":{"rendered":"https:\/\/keluvo.com\/se\/product\/dinosaurie-slangbella-leksak\/"},"modified":"2025-09-16T01:25:36","modified_gmt":"2025-09-15T22:25:36","slug":"dinosaurie-slangbella-leksak","status":"publish","type":"product","link":"https:\/\/keluvo.com\/se\/product\/dinosaurie-slangbella-leksak\/","title":{"rendered":"Dinosaurie slangbella leksak"},"content":{"rendered":"<p style=\"text-align: center\"><strong>Stretchiga, F\u00e5niga Och S\u00e5 Roliga<\/strong><span style=\"font-weight: 400\"><br \/>\n<\/span><\/p>\n<p style=\"text-align: center\">De h\u00e4r minidinosaurierna str\u00e4cker sig, kramas och flyger genom luften med bara en fingerr\u00f6relse! Perfekta f\u00f6r barn, fester och roliga pauser n\u00e4r som helst.<\/p>\n<p><img fetchpriority=\"high\" decoding=\"async\" class=\"size-full wp-image-15844 aligncenter\" src=\"https:\/\/keluvo.com\/template\/wp-content\/uploads\/sites\/5\/2025\/04\/desc-Trim-ezgif.com-video-to-webp-converter-1.webp\" alt=\"\" width=\"720\" height=\"1280\" \/><\/p>\n<h2 style=\"text-align: center\">Huvudf\u00f6rdelar<\/h2>\n<p><b>Super stretchiga och mjuka<\/b><span style=\"font-weight: 400\"> &#8211; tillverkade av mjukt gummi som \u00e4r roligt att kn\u00e4ppa p\u00e5<\/span><span style=\"font-weight: 400\"><br \/>\n<\/span><b><\/b><\/p>\n<p><b>S\u00e4kra och \u00e5teranv\u00e4ndbara<\/b><span style=\"font-weight: 400\"> &#8211; tv\u00e4ttbart TPR-material, enkelt att reng\u00f6ra och anv\u00e4nda igen<\/span><span style=\"font-weight: 400\"><br \/>\n<\/span><b><\/b><\/p>\n<p><b>L\u00e4tta att spela<\/b><span style=\"font-weight: 400\"> &#8211; bara dra, sikta och sl\u00e4pp! Se din dinosaurie flyga<\/span><span style=\"font-weight: 400\"><br \/>\n<\/span><b><\/b><\/p>\n<p><b>Stresslindring<\/b><span style=\"font-weight: 400\"> &#8211; perfekt som en fidgetleksak f\u00f6r barn och vuxna<\/span><span style=\"font-weight: 400\"><br \/>\n<\/span><b><\/b><\/p>\n<p><b>Perfekt f\u00f6r fester<\/b><span style=\"font-weight: 400\"> &#8211; stor hit p\u00e5 f\u00f6delsedagar, skolevenemang och helgdagar<\/span><\/p>\n<p><img decoding=\"async\" class=\"size-full wp-image-15845 aligncenter\" src=\"https:\/\/keluvo.com\/template\/wp-content\/uploads\/sites\/5\/2025\/04\/10f23d14-50fc-4938-b69e-1edaa8a57307.webp\" alt=\"\" width=\"800\" height=\"800\" \/><\/p>\n<h2 style=\"text-align: center\">Perfekt F\u00f6r Alla Barn<\/h2>\n<p style=\"text-align: center\"><span style=\"font-weight: 400\">Detta paket med 10 flygande dinosaurie-slinghotleksaker \u00e4r perfekt f\u00f6r skoj p\u00e5 spr\u00e5ng. Oavsett om det \u00e4r en fest, ett pris i klassrummet eller bara ett f\u00e5nigt spel hemma, kommer dessa dinosaurier att f\u00e5 alla att skratta. De \u00e4r enkla att anv\u00e4nda, s\u00e4kra f\u00f6r alla \u00e5ldrar (3+) och fulla av f\u00e5nigt skoj!<\/span><\/p>\n<h2><img decoding=\"async\" class=\"size-full wp-image-15846 aligncenter\" src=\"https:\/\/keluvo.com\/template\/wp-content\/uploads\/sites\/5\/2025\/04\/57c4855d-0082-4c54-ba0d-bea72d40079c.webp\" alt=\"\" \/><\/h2>\n<h2 style=\"text-align: center\">Anv\u00e4ndning<\/h2>\n<ol>\n<li style=\"font-weight: 400\"><span style=\"font-weight: 400\">Stick in fingret genom h\u00e5let under dinons huvud.<\/span><span style=\"font-weight: 400\"><br \/>\n<\/span><\/li>\n<li style=\"font-weight: 400\"><span style=\"font-weight: 400\">Dra tillbaka svansen med andra handen.<\/span><span style=\"font-weight: 400\"><br \/>\n<\/span><\/li>\n<li style=\"font-weight: 400\"><span style=\"font-weight: 400\">Sikta p\u00e5 m\u00e5let.<\/span><span style=\"font-weight: 400\"><br \/>\n<\/span><\/li>\n<li style=\"font-weight: 400\"><span style=\"font-weight: 400\">Sl\u00e4pp taget och se den flyga!<\/span><span style=\"font-weight: 400\"><br \/>\n<\/span><\/li>\n<\/ol>\n<p><img decoding=\"async\" class=\"size-full wp-image-15848 aligncenter\" src=\"https:\/\/keluvo.com\/template\/wp-content\/uploads\/sites\/5\/2025\/04\/variant-image-2-18.jpeg\" alt=\"\" width=\"1000\" height=\"1000\" \/><\/p>\n<h2><\/h2>\n<h2 style=\"text-align: center\">F\u00f6rpackningen Inneh\u00e5ller<\/h2>\n<ul>\n<li style=\"font-weight: 400\"><span style=\"font-weight: 400\">10x dinosaurieslingor<\/span><span style=\"font-weight: 400\"><br \/>\n<\/span><\/li>\n<li style=\"font-weight: 400\"><span style=\"font-weight: 400\">F\u00f6rpackade i ett partyv\u00e4nligt paket.<\/span><\/li>\n<\/ul>\n<p>&nbsp;<\/p>\n","protected":false},"excerpt":{"rendered":"<p>Stretchiga, F\u00e5niga Och S\u00e5 Roliga De h\u00e4r minidinosaurierna str\u00e4cker sig, kramas och flyger genom luften med bara en fingerr\u00f6relse! Perfekta [&hellip;]<\/p>\n","protected":false},"featured_media":27368,"comment_status":"open","ping_status":"closed","template":"","meta":{"site-sidebar-layout":"default","site-content-layout":"","ast-site-content-layout":"default","site-content-style":"default","site-sidebar-style":"default","ast-global-header-display":"","ast-banner-title-visibility":"","ast-main-header-display":"","ast-hfb-above-header-display":"","ast-hfb-below-header-display":"","ast-hfb-mobile-header-display":"","site-post-title":"","ast-breadcrumbs-content":"","ast-featured-img":"","footer-sml-layout":"","theme-transparent-header-meta":"default","adv-header-id-meta":"","stick-header-meta":"","header-above-stick-meta":"","header-main-stick-meta":"","header-below-stick-meta":"","astra-migrate-meta-layouts":"set","ast-page-background-enabled":"default","ast-page-background-meta":{"desktop":{"background-color":"var(--ast-global-color-4)","background-image":"","background-repeat":"repeat","background-position":"center center","background-size":"auto","background-attachment":"scroll","background-type":"","background-media":"","overlay-type":"","overlay-color":"","overlay-opacity":"","overlay-gradient":""},"tablet":{"background-color":"","background-image":"","background-repeat":"repeat","background-position":"center center","background-size":"auto","background-attachment":"scroll","background-type":"","background-media":"","overlay-type":"","overlay-color":"","overlay-opacity":"","overlay-gradient":""},"mobile":{"background-color":"","background-image":"","background-repeat":"repeat","background-position":"center center","background-size":"auto","background-attachment":"scroll","background-type":"","background-media":"","overlay-type":"","overlay-color":"","overlay-opacity":"","overlay-gradient":""}},"ast-content-background-meta":{"desktop":{"background-color":"var(--ast-global-color-5)","background-image":"","background-repeat":"repeat","background-position":"center center","background-size":"auto","background-attachment":"scroll","background-type":"","background-media":"","overlay-type":"","overlay-color":"","overlay-opacity":"","overlay-gradient":""},"tablet":{"background-color":"var(--ast-global-color-5)","background-image":"","background-repeat":"repeat","background-position":"center center","background-size":"auto","background-attachment":"scroll","background-type":"","background-media":"","overlay-type":"","overlay-color":"","overlay-opacity":"","overlay-gradient":""},"mobile":{"background-color":"var(--ast-global-color-5)","background-image":"","background-repeat":"repeat","background-position":"center center","background-size":"auto","background-attachment":"scroll","background-type":"","background-media":"","overlay-type":"","overlay-color":"","overlay-opacity":"","overlay-gradient":""}}},"product_brand":[],"product_cat":[990],"product_tag":[],"class_list":{"0":"post-27372","1":"product","2":"type-product","3":"status-publish","4":"has-post-thumbnail","6":"product_cat-toys-childrens-and-baby-products","7":"desktop-align-left","8":"tablet-align-left","9":"mobile-align-left","11":"first","12":"instock","13":"shipping-taxable","14":"purchasable","15":"product-type-simple"},"_links":{"self":[{"href":"https:\/\/keluvo.com\/se\/wp-json\/wp\/v2\/product\/27372","targetHints":{"allow":["GET"]}}],"collection":[{"href":"https:\/\/keluvo.com\/se\/wp-json\/wp\/v2\/product"}],"about":[{"href":"https:\/\/keluvo.com\/se\/wp-json\/wp\/v2\/types\/product"}],"replies":[{"embeddable":true,"href":"https:\/\/keluvo.com\/se\/wp-json\/wp\/v2\/comments?post=27372"}],"wp:featuredmedia":[{"embeddable":true,"href":"https:\/\/keluvo.com\/se\/wp-json\/wp\/v2\/media\/27368"}],"wp:attachment":[{"href":"https:\/\/keluvo.com\/se\/wp-json\/wp\/v2\/media?parent=27372"}],"wp:term":[{"taxonomy":"product_brand","embeddable":true,"href":"https:\/\/keluvo.com\/se\/wp-json\/wp\/v2\/product_brand?post=27372"},{"taxonomy":"product_cat","embeddable":true,"href":"https:\/\/keluvo.com\/se\/wp-json\/wp\/v2\/product_cat?post=27372"},{"taxonomy":"product_tag","embeddable":true,"href":"https:\/\/keluvo.com\/se\/wp-json\/wp\/v2\/product_tag?post=27372"}],"curies":[{"name":"wp","href":"https:\/\/api.w.org\/{rel}","templated":true}]}}