{"id":27334,"date":"2025-09-10T14:50:20","date_gmt":"2025-09-10T11:50:20","guid":{"rendered":"https:\/\/keluvo.com\/se\/product\/kylmatta\/"},"modified":"2025-09-12T00:26:28","modified_gmt":"2025-09-11T21:26:28","slug":"kylmatta","status":"publish","type":"product","link":"https:\/\/keluvo.com\/se\/product\/kylmatta\/","title":{"rendered":"Kylmatta"},"content":{"rendered":"<p style=\"text-align: center\"><b>Kyl ner ditt husdjur &#8211; med kylmattan med kudde!<\/b><b><br \/>\n<\/b><\/p>\n<p style=\"text-align: center\"><span style=\"font-weight: 400\">Kylmattan hj\u00e4lper din hund eller katt att h\u00e5lla sig bekv\u00e4m under varma dagar. Den \u00e4r mjuk, s\u00e4ker och har till och med en inbyggd kudde f\u00f6r den b\u00e4sta djurs\u00f6mnen n\u00e5gonsin!<\/span><\/p>\n<p><img decoding=\"async\" class=\"size-full wp-image-15865 aligncenter\" src=\"https:\/\/keluvo.com\/template\/wp-content\/uploads\/sites\/5\/2025\/04\/Untitled-video-Made-with-Clipchamp.gif\" alt=\"\" \/><\/p>\n<h2 style=\"text-align: center\">Huvudf\u00f6rdelar<\/h2>\n<p><b><\/b><span style=\"font-weight: 400\"> \u2705 <\/span><b>H\u00e5ller husdjur svala<\/b><span style=\"font-weight: 400\"> &#8211; Speciellt tyg hj\u00e4lper till att s\u00e4nka kroppsv\u00e4rmen naturligt<\/span><\/p>\n<p><span style=\"font-weight: 400\"> \u2705 <\/span><b>Mjuk och s\u00e4ker<\/b><span style=\"font-weight: 400\"> &#8211; Ingen gel, ingen r\u00f6ra, bara s\u00e4ker kylkomfort<\/span><\/p>\n<p><span style=\"font-weight: 400\"> \u2705 <\/span><b>Inbyggd kudde<\/b><span style=\"font-weight: 400\"> &#8211; Extra mysig plats f\u00f6r ditt husdjur att vila huvudet p\u00e5<\/span><\/p>\n<p><span style=\"font-weight: 400\"> \u2705 <\/span><b>Perfekt f\u00f6r resor<\/b><span style=\"font-weight: 400\"> &#8211; L\u00e4tt, hopf\u00e4llbar och l\u00e4tt att b\u00e4ra<\/span><\/p>\n<p><span style=\"font-weight: 400\"> \u2705 <\/span><b>L\u00e4tt att reng\u00f6ra<\/b><span style=\"font-weight: 400\"> &#8211; Sl\u00e4ng den i tv\u00e4ttmaskinen f\u00f6r en ny reng\u00f6ring<\/span><\/p>\n<p><img decoding=\"async\" class=\"size-full wp-image-15869 aligncenter\" src=\"https:\/\/keluvo.com\/template\/wp-content\/uploads\/sites\/5\/2025\/04\/e5ad9bbe-9c16-464b-a6d7-2113407b310a.webp\" alt=\"\" \/><\/p>\n<h2 style=\"text-align: center\">Mer \u00e4n bara en s\u00e4ng<\/h2>\n<p style=\"text-align: center\"><span style=\"font-weight: 400\">Det \u00e4r ett sommarm\u00e5ste f\u00f6r sm\u00e5 hundar och katter. Med det mjuka materialet och den mysiga kudden kommer din lurviga v\u00e4n att h\u00e5lla sig sval och sova b\u00e4ttre, oavsett om du \u00e4r hemma eller p\u00e5 resande fot. Det \u00e4r den perfekta kombinationen av komfort, s\u00e4kerhet och s\u00f6t design!<\/span><\/p>\n<h2 style=\"text-align: center\">Anv\u00e4ndning<\/h2>\n<ol>\n<li style=\"font-weight: 400\"><span style=\"font-weight: 400\">F\u00e4ll ut mattan p\u00e5 ditt husdjurs favoritplats.<\/span><\/li>\n<li style=\"font-weight: 400\"><span style=\"font-weight: 400\">L\u00e5t din hund eller katt ligga ner och koppla av.<\/span><\/li>\n<li style=\"font-weight: 400\"><span style=\"font-weight: 400\">Tv\u00e4tta efter behov &#8211; den kan maskintv\u00e4ttas!<\/span><\/li>\n<\/ol>\n<h2 style=\"text-align: center\">Paketet inneh\u00e5ller<b><\/b><\/h2>\n<ul>\n<li style=\"font-weight: 400\"><span style=\"font-weight: 400\">1x sj\u00e4lvkylande husdjursmatta med inbyggd kudde<\/span><\/li>\n<li style=\"font-weight: 400\"><span style=\"font-weight: 400\">Storlek efter eget val:<\/span><span style=\"font-weight: 400\"><br \/>\n<\/span><span style=\"font-weight: 400\"> \u2022 Liten: 60cm x 40cm<\/span><span style=\"font-weight: 400\"><br \/>\n<\/span><span style=\"font-weight: 400\"> \u2022 Medium: 80cm x 60cm<\/span><\/li>\n<li style=\"font-weight: 400\"><span style=\"font-weight: 400\">L\u00e4tt och hopf\u00e4llbar f\u00f6r enkel f\u00f6rvaring och resa.<\/span><\/li>\n<\/ul>\n<p>&nbsp;<\/p>\n<p>&nbsp;<\/p>\n","protected":false},"excerpt":{"rendered":"<p>Kyl ner ditt husdjur &#8211; med kylmattan med kudde! Kylmattan hj\u00e4lper din hund eller katt att h\u00e5lla sig bekv\u00e4m under [&hellip;]<\/p>\n","protected":false},"featured_media":27330,"comment_status":"open","ping_status":"closed","template":"","meta":{"site-sidebar-layout":"default","site-content-layout":"","ast-site-content-layout":"default","site-content-style":"default","site-sidebar-style":"default","ast-global-header-display":"","ast-banner-title-visibility":"","ast-main-header-display":"","ast-hfb-above-header-display":"","ast-hfb-below-header-display":"","ast-hfb-mobile-header-display":"","site-post-title":"","ast-breadcrumbs-content":"","ast-featured-img":"","footer-sml-layout":"","theme-transparent-header-meta":"default","adv-header-id-meta":"","stick-header-meta":"","header-above-stick-meta":"","header-main-stick-meta":"","header-below-stick-meta":"","astra-migrate-meta-layouts":"set","ast-page-background-enabled":"default","ast-page-background-meta":{"desktop":{"background-color":"var(--ast-global-color-4)","background-image":"","background-repeat":"repeat","background-position":"center center","background-size":"auto","background-attachment":"scroll","background-type":"","background-media":"","overlay-type":"","overlay-color":"","overlay-opacity":"","overlay-gradient":""},"tablet":{"background-color":"","background-image":"","background-repeat":"repeat","background-position":"center center","background-size":"auto","background-attachment":"scroll","background-type":"","background-media":"","overlay-type":"","overlay-color":"","overlay-opacity":"","overlay-gradient":""},"mobile":{"background-color":"","background-image":"","background-repeat":"repeat","background-position":"center center","background-size":"auto","background-attachment":"scroll","background-type":"","background-media":"","overlay-type":"","overlay-color":"","overlay-opacity":"","overlay-gradient":""}},"ast-content-background-meta":{"desktop":{"background-color":"var(--ast-global-color-5)","background-image":"","background-repeat":"repeat","background-position":"center center","background-size":"auto","background-attachment":"scroll","background-type":"","background-media":"","overlay-type":"","overlay-color":"","overlay-opacity":"","overlay-gradient":""},"tablet":{"background-color":"var(--ast-global-color-5)","background-image":"","background-repeat":"repeat","background-position":"center center","background-size":"auto","background-attachment":"scroll","background-type":"","background-media":"","overlay-type":"","overlay-color":"","overlay-opacity":"","overlay-gradient":""},"mobile":{"background-color":"var(--ast-global-color-5)","background-image":"","background-repeat":"repeat","background-position":"center center","background-size":"auto","background-attachment":"scroll","background-type":"","background-media":"","overlay-type":"","overlay-color":"","overlay-opacity":"","overlay-gradient":""}}},"product_brand":[],"product_cat":[997],"product_tag":[],"class_list":{"0":"post-27334","1":"product","2":"type-product","3":"status-publish","4":"has-post-thumbnail","6":"product_cat-pets-products","7":"pa_21629_heatih47-liten","8":"pa_21629_heatih47-medium","9":"pa_21629_l5y1soji-gron","10":"pa_21629_l5y1soji-rosa","11":"desktop-align-left","12":"tablet-align-left","13":"mobile-align-left","15":"first","16":"instock","17":"shipping-taxable","18":"purchasable","19":"product-type-variable","20":"has-default-attributes"},"_links":{"self":[{"href":"https:\/\/keluvo.com\/se\/wp-json\/wp\/v2\/product\/27334","targetHints":{"allow":["GET"]}}],"collection":[{"href":"https:\/\/keluvo.com\/se\/wp-json\/wp\/v2\/product"}],"about":[{"href":"https:\/\/keluvo.com\/se\/wp-json\/wp\/v2\/types\/product"}],"replies":[{"embeddable":true,"href":"https:\/\/keluvo.com\/se\/wp-json\/wp\/v2\/comments?post=27334"}],"wp:featuredmedia":[{"embeddable":true,"href":"https:\/\/keluvo.com\/se\/wp-json\/wp\/v2\/media\/27330"}],"wp:attachment":[{"href":"https:\/\/keluvo.com\/se\/wp-json\/wp\/v2\/media?parent=27334"}],"wp:term":[{"taxonomy":"product_brand","embeddable":true,"href":"https:\/\/keluvo.com\/se\/wp-json\/wp\/v2\/product_brand?post=27334"},{"taxonomy":"product_cat","embeddable":true,"href":"https:\/\/keluvo.com\/se\/wp-json\/wp\/v2\/product_cat?post=27334"},{"taxonomy":"product_tag","embeddable":true,"href":"https:\/\/keluvo.com\/se\/wp-json\/wp\/v2\/product_tag?post=27334"}],"curies":[{"name":"wp","href":"https:\/\/api.w.org\/{rel}","templated":true}]}}