{"id":27226,"date":"2025-09-10T14:45:09","date_gmt":"2025-09-10T11:45:09","guid":{"rendered":"https:\/\/keluvo.com\/se\/product\/m41-tradlosa-oronsnackor\/"},"modified":"2025-09-16T01:26:08","modified_gmt":"2025-09-15T22:26:08","slug":"m41-tradlosa-oronsnackor","status":"publish","type":"product","link":"https:\/\/keluvo.com\/se\/product\/m41-tradlosa-oronsnackor\/","title":{"rendered":"M41 tr\u00e5dl\u00f6sa \u00f6ronsn\u00e4ckor"},"content":{"rendered":"<p style=\"text-align: center\"><strong>S\u00e4tt fart p\u00e5 ditt ljud \u2013 med M41 tr\u00e5dl\u00f6sa \u00f6ronsn\u00e4ckor!<\/strong><\/p>\n<p style=\"text-align: center\"><span style=\"font-weight: 400\">Spelklara, snygga och byggda f\u00f6r att h\u00e5lla <\/span><span style=\"font-size: 16px;font-weight: 400\">Dessa \u00f6ronsn\u00e4ckor ansluts snabbt, l\u00e5ter fantastiskt och lyser till och med upp med coola andningslampor. Inga sladdar. Inga begr\u00e4nsningar. Bara rent ljud och smart design.<\/span><\/p>\n<p><img decoding=\"async\" class=\"size-full wp-image-16341 aligncenter\" src=\"https:\/\/keluvo.com\/template\/wp-content\/uploads\/sites\/5\/2025\/04\/f6082734-8592-46d6-a8a5-03a57a80d94d-ezgif.com-video-to-webp-converter.webp\" alt=\"\" \/><\/p>\n<h2 style=\"text-align: center\">Huvudf\u00f6rdelar<\/h2>\n<p><span style=\"font-weight: 400\">\u2705 <\/span><b>\u00c4kta tr\u00e5dl\u00f6s frihet<\/b><span style=\"font-weight: 400\"> \u2013 Inga kablar, bara rent och enkelt ljud<\/span><\/p>\n<p><span style=\"font-weight: 400\"> \u2705 <\/span><b>Coolt LED-sken<\/b><span style=\"font-weight: 400\"> \u2013 F\u00e4rgglatt andningsljus visar upp din stil<\/span><\/p>\n<p><span style=\"font-weight: 400\"> \u2705 <\/span><b>Bluetooth 5.3-uppgradering<\/b><span style=\"font-weight: 400\"> \u2013 Snabbare parkoppling, l\u00e5g f\u00f6rdr\u00f6jning och l\u00e4ngre speltid<\/span><\/p>\n<p><span style=\"font-weight: 400\"> \u2705 <\/span><b>Kraft hela dagen<\/b><span style=\"font-weight: 400\"> \u2013 Anv\u00e4nd fodralet som laddare f\u00f6r dina \u00f6ronsn\u00e4ckor <\/span><span style=\"font-weight: 400\">och<\/span><span style=\"font-weight: 400\"> din telefon<\/span><\/p>\n<p><span style=\"font-weight: 400\"> \u2705 <\/span><b>Stark och tuff<\/b><span style=\"font-weight: 400\"> \u2013 Metallfinishen motst\u00e5r repor och ger en elegant, spelklar look<\/span><\/p>\n<p><span style=\"font-weight: 400\"> \u2705 <\/span><b>Smart automatisk anslutning<\/b><span style=\"font-weight: 400\"> \u2013 Anslut en g\u00e5ng, s\u00e5 kommer den ih\u00e5g dig n\u00e4sta g\u00e5ng<\/span><\/p>\n<p><img decoding=\"async\" class=\"size-full wp-image-16334 aligncenter\" src=\"https:\/\/keluvo.com\/template\/wp-content\/uploads\/sites\/5\/2025\/04\/6a878fbd-9a45-41cf-9f33-0e578b9e9717.webp\" alt=\"\" \/><\/p>\n<h2 style=\"text-align: center\">Exceptionell teknik<\/h2>\n<p style=\"text-align: center\"><span style=\"font-weight: 400\">F\u00e5 mer \u00e4n bara \u00f6ronsn\u00e4ckor. Du f\u00e5r klara samtal, djup bas och en futuristisk look &#8211; allt i ett kompakt fodral som \u00e4ven fungerar som powerbank. Oavsett om du spelar, tr\u00e4nar eller bara slappnar av \u00e4r de h\u00e4r \u00f6ronsn\u00e4ckorna redo. L\u00e4tta, vattent\u00e4ta och brusreducerande &#8211; gjorda f\u00f6r att f\u00f6lja med dig \u00f6verallt.<\/span><\/p>\n<h2 style=\"text-align: center\">Anv\u00e4ndning<\/h2>\n<ol>\n<li style=\"font-weight: 400\"><span style=\"font-weight: 400\">\u00d6ppna fodralet och sl\u00e5 p\u00e5 Bluetooth p\u00e5 din telefon.<\/span><\/li>\n<li style=\"font-weight: 400\"><span style=\"font-weight: 400\">Anslut en g\u00e5ng (n\u00e4sta g\u00e5ng ansluter de av sig sj\u00e4lva!).<\/span><\/li>\n<li style=\"font-weight: 400\"><span style=\"font-weight: 400\">S\u00e4tt i \u00f6ronsn\u00e4ckorna och njut av musiken eller samtalet.<\/span><\/li>\n<li style=\"font-weight: 400\"><span style=\"font-weight: 400\">Anv\u00e4nd fodralet f\u00f6r att ladda \u00f6ronsn\u00e4ckorna &#8211; eller till och med telefonen!<\/span><\/li>\n<\/ol>\n<h2 style=\"text-align: center\">Paketet inneh\u00e5ller<\/h2>\n<ul>\n<li style=\"font-weight: 400\"><span style=\"font-weight: 400\">1x par M41 true wireless-\u00f6ronsn\u00e4ckor<\/span><\/li>\n<li style=\"font-weight: 400\"><span style=\"font-weight: 400\">1x laddningsfodral med inbyggd powerbank<\/span><\/li>\n<li style=\"font-weight: 400\"><span style=\"font-weight: 400\">1x USB-laddningskabel<\/span><\/li>\n<li style=\"font-weight: 400\"><span style=\"font-weight: 400\">1x anv\u00e4ndarhandbok.<\/span><\/li>\n<\/ul>\n","protected":false},"excerpt":{"rendered":"<p>S\u00e4tt fart p\u00e5 ditt ljud \u2013 med M41 tr\u00e5dl\u00f6sa \u00f6ronsn\u00e4ckor! Spelklara, snygga och byggda f\u00f6r att h\u00e5lla Dessa \u00f6ronsn\u00e4ckor ansluts [&hellip;]<\/p>\n","protected":false},"featured_media":27222,"comment_status":"open","ping_status":"closed","template":"","meta":{"site-sidebar-layout":"default","site-content-layout":"","ast-site-content-layout":"default","site-content-style":"default","site-sidebar-style":"default","ast-global-header-display":"","ast-banner-title-visibility":"","ast-main-header-display":"","ast-hfb-above-header-display":"","ast-hfb-below-header-display":"","ast-hfb-mobile-header-display":"","site-post-title":"","ast-breadcrumbs-content":"","ast-featured-img":"","footer-sml-layout":"","theme-transparent-header-meta":"default","adv-header-id-meta":"","stick-header-meta":"","header-above-stick-meta":"","header-main-stick-meta":"","header-below-stick-meta":"","astra-migrate-meta-layouts":"set","ast-page-background-enabled":"default","ast-page-background-meta":{"desktop":{"background-color":"var(--ast-global-color-4)","background-image":"","background-repeat":"repeat","background-position":"center center","background-size":"auto","background-attachment":"scroll","background-type":"","background-media":"","overlay-type":"","overlay-color":"","overlay-opacity":"","overlay-gradient":""},"tablet":{"background-color":"","background-image":"","background-repeat":"repeat","background-position":"center center","background-size":"auto","background-attachment":"scroll","background-type":"","background-media":"","overlay-type":"","overlay-color":"","overlay-opacity":"","overlay-gradient":""},"mobile":{"background-color":"","background-image":"","background-repeat":"repeat","background-position":"center center","background-size":"auto","background-attachment":"scroll","background-type":"","background-media":"","overlay-type":"","overlay-color":"","overlay-opacity":"","overlay-gradient":""}},"ast-content-background-meta":{"desktop":{"background-color":"var(--ast-global-color-5)","background-image":"","background-repeat":"repeat","background-position":"center center","background-size":"auto","background-attachment":"scroll","background-type":"","background-media":"","overlay-type":"","overlay-color":"","overlay-opacity":"","overlay-gradient":""},"tablet":{"background-color":"var(--ast-global-color-5)","background-image":"","background-repeat":"repeat","background-position":"center center","background-size":"auto","background-attachment":"scroll","background-type":"","background-media":"","overlay-type":"","overlay-color":"","overlay-opacity":"","overlay-gradient":""},"mobile":{"background-color":"var(--ast-global-color-5)","background-image":"","background-repeat":"repeat","background-position":"center center","background-size":"auto","background-attachment":"scroll","background-type":"","background-media":"","overlay-type":"","overlay-color":"","overlay-opacity":"","overlay-gradient":""}}},"product_brand":[],"product_cat":[15],"product_tag":[],"class_list":{"0":"post-27226","1":"product","2":"type-product","3":"status-publish","4":"has-post-thumbnail","6":"product_cat-uncategorized","7":"pa_34090_6n6y6kxo-svart","8":"pa_34090_6n6y6kxo-vit","9":"desktop-align-left","10":"tablet-align-left","11":"mobile-align-left","13":"first","14":"instock","15":"shipping-taxable","16":"purchasable","17":"product-type-variable"},"_links":{"self":[{"href":"https:\/\/keluvo.com\/se\/wp-json\/wp\/v2\/product\/27226","targetHints":{"allow":["GET"]}}],"collection":[{"href":"https:\/\/keluvo.com\/se\/wp-json\/wp\/v2\/product"}],"about":[{"href":"https:\/\/keluvo.com\/se\/wp-json\/wp\/v2\/types\/product"}],"replies":[{"embeddable":true,"href":"https:\/\/keluvo.com\/se\/wp-json\/wp\/v2\/comments?post=27226"}],"wp:featuredmedia":[{"embeddable":true,"href":"https:\/\/keluvo.com\/se\/wp-json\/wp\/v2\/media\/27222"}],"wp:attachment":[{"href":"https:\/\/keluvo.com\/se\/wp-json\/wp\/v2\/media?parent=27226"}],"wp:term":[{"taxonomy":"product_brand","embeddable":true,"href":"https:\/\/keluvo.com\/se\/wp-json\/wp\/v2\/product_brand?post=27226"},{"taxonomy":"product_cat","embeddable":true,"href":"https:\/\/keluvo.com\/se\/wp-json\/wp\/v2\/product_cat?post=27226"},{"taxonomy":"product_tag","embeddable":true,"href":"https:\/\/keluvo.com\/se\/wp-json\/wp\/v2\/product_tag?post=27226"}],"curies":[{"name":"wp","href":"https:\/\/api.w.org\/{rel}","templated":true}]}}