{"id":27183,"date":"2025-09-10T14:43:00","date_gmt":"2025-09-10T11:43:00","guid":{"rendered":"https:\/\/keluvo.com\/se\/product\/pannband-2\/"},"modified":"2025-09-16T01:24:55","modified_gmt":"2025-09-15T22:24:55","slug":"pannband-2","status":"publish","type":"product","link":"https:\/\/keluvo.com\/se\/product\/pannband-2\/","title":{"rendered":"Pannband"},"content":{"rendered":"<p style=\"text-align: center\"><strong>Styla h\u00e5ret p\u00e5 n\u00e5gra sekunder \u2013 med pannbandet med dubbelklips!<\/strong><\/p>\n<p style=\"text-align: center\"><span style=\"font-weight: 400\">H\u00e5ll dig s\u00f6t, bekv\u00e4m och i kontroll. <\/span><span style=\"font-size: 16px;font-weight: 400\">Det h\u00e4r pannbandet \u00e4r l\u00e4tt, starkt och superenkelt att anv\u00e4nda. Det h\u00e5ller h\u00e5ret p\u00e5 plats och l\u00e5ter dig skapa roliga stilar n\u00e4r som helst, var som helst.<\/span><\/p>\n<p><img decoding=\"async\" class=\"size-full wp-image-16280 aligncenter\" src=\"https:\/\/keluvo.com\/template\/wp-content\/uploads\/sites\/5\/2025\/04\/798e9d3d-94b2-4317-95f9-8c77f90002f6-ezgif.com-video-to-webp-converter.webp\" alt=\"\" \/><\/p>\n<h2 style=\"text-align: center\">Huvudf\u00f6rdelar<\/h2>\n<p><span style=\"font-weight: 400\">\u2705 <\/span><b>Mjukt och flexibelt<\/b><span style=\"font-weight: 400\"> \u2013 Tillverkat av starkt men skonsamt ABS-harts<\/span><\/p>\n<p><span style=\"font-weight: 400\"> \u2705 <\/span><b>L\u00e4tt att b\u00e4ra<\/b><span style=\"font-weight: 400\"> \u2013 K\u00e4nns l\u00e4tt och bekv\u00e4mt p\u00e5 huvudet<\/span><\/p>\n<p><span style=\"font-weight: 400\"> \u2705 <\/span><b>Ingen skada<\/b><span style=\"font-weight: 400\"> \u2013 H\u00e5ller h\u00e5ret utan att dra eller g\u00f6ra ont<\/span><\/p>\n<p><span style=\"font-weight: 400\"> \u2705 <\/span><b>Anpassade stilar<\/b><span style=\"font-weight: 400\"> \u2013 8 inbyggda clips l\u00e5ter dig forma h\u00e5ret som du vill<\/span><\/p>\n<p><span style=\"font-weight: 400\"> \u2705 <\/span><b>Design med dubbla lager<\/b><span style=\"font-weight: 400\"> \u2013 Ett lager h\u00e5ller luggen, det andra h\u00e5ller h\u00e5ret borta fr\u00e5n ansiktet<\/span><\/p>\n<p><img decoding=\"async\" class=\"size-full wp-image-16285 aligncenter\" src=\"https:\/\/keluvo.com\/template\/wp-content\/uploads\/sites\/5\/2025\/04\/2-12.jpg\" alt=\"\" \/><\/p>\n<h2 style=\"text-align: center\">Detta \u00e4r inte bara ett pannband \u2013 det \u00e4r din vardagliga h\u00e5rhj\u00e4lpare.<\/h2>\n<p style=\"text-align: center\"><span style=\"font-weight: 400\">Anv\u00e4nd den f\u00f6r att skapa roliga stilar f\u00f6r skolan, jobbet eller f\u00f6r att koppla av hemma. Det \u00e4r perfekt f\u00f6r alla h\u00e5rtyper &#8211; l\u00e5ngt, kort, rakt eller lockigt. Perfekt f\u00f6r smink, yoga eller bara f\u00f6r att h\u00e5lla h\u00e5ret snyggt och stilfullt!<\/span><\/p>\n<h2 style=\"text-align: center\">Hur man anv\u00e4nder<\/h2>\n<ol>\n<li style=\"font-weight: 400\"><span style=\"font-weight: 400\">S\u00e4tt pannbandet p\u00e5 huvudet.<\/span><\/li>\n<li style=\"font-weight: 400\"><span style=\"font-weight: 400\">Plocka en liten h\u00e5rslinga.<\/span><\/li>\n<li style=\"font-weight: 400\"><span style=\"font-weight: 400\">Tvinna den lite och f\u00e4st den med clips.<\/span><\/li>\n<li style=\"font-weight: 400\"><span style=\"font-weight: 400\">Anv\u00e4nd s\u00e5 m\u00e5nga clips du vill f\u00f6r att forma din stil.<\/span><\/li>\n<\/ol>\n<h2 style=\"text-align: center\">paketet inneh\u00e5ller<\/h2>\n<ul>\n<li style=\"font-weight: 400\"><span style=\"font-weight: 400\">1x clip pannband.<\/span><\/li>\n<\/ul>\n","protected":false},"excerpt":{"rendered":"<p>Styla h\u00e5ret p\u00e5 n\u00e5gra sekunder \u2013 med pannbandet med dubbelklips! H\u00e5ll dig s\u00f6t, bekv\u00e4m och i kontroll. Det h\u00e4r pannbandet [&hellip;]<\/p>\n","protected":false},"featured_media":27179,"comment_status":"open","ping_status":"closed","template":"","meta":{"site-sidebar-layout":"default","site-content-layout":"","ast-site-content-layout":"default","site-content-style":"default","site-sidebar-style":"default","ast-global-header-display":"","ast-banner-title-visibility":"","ast-main-header-display":"","ast-hfb-above-header-display":"","ast-hfb-below-header-display":"","ast-hfb-mobile-header-display":"","site-post-title":"","ast-breadcrumbs-content":"","ast-featured-img":"","footer-sml-layout":"","theme-transparent-header-meta":"default","adv-header-id-meta":"","stick-header-meta":"","header-above-stick-meta":"","header-main-stick-meta":"","header-below-stick-meta":"","astra-migrate-meta-layouts":"set","ast-page-background-enabled":"default","ast-page-background-meta":{"desktop":{"background-color":"var(--ast-global-color-4)","background-image":"","background-repeat":"repeat","background-position":"center center","background-size":"auto","background-attachment":"scroll","background-type":"","background-media":"","overlay-type":"","overlay-color":"","overlay-opacity":"","overlay-gradient":""},"tablet":{"background-color":"","background-image":"","background-repeat":"repeat","background-position":"center center","background-size":"auto","background-attachment":"scroll","background-type":"","background-media":"","overlay-type":"","overlay-color":"","overlay-opacity":"","overlay-gradient":""},"mobile":{"background-color":"","background-image":"","background-repeat":"repeat","background-position":"center center","background-size":"auto","background-attachment":"scroll","background-type":"","background-media":"","overlay-type":"","overlay-color":"","overlay-opacity":"","overlay-gradient":""}},"ast-content-background-meta":{"desktop":{"background-color":"var(--ast-global-color-5)","background-image":"","background-repeat":"repeat","background-position":"center center","background-size":"auto","background-attachment":"scroll","background-type":"","background-media":"","overlay-type":"","overlay-color":"","overlay-opacity":"","overlay-gradient":""},"tablet":{"background-color":"var(--ast-global-color-5)","background-image":"","background-repeat":"repeat","background-position":"center center","background-size":"auto","background-attachment":"scroll","background-type":"","background-media":"","overlay-type":"","overlay-color":"","overlay-opacity":"","overlay-gradient":""},"mobile":{"background-color":"var(--ast-global-color-5)","background-image":"","background-repeat":"repeat","background-position":"center center","background-size":"auto","background-attachment":"scroll","background-type":"","background-media":"","overlay-type":"","overlay-color":"","overlay-opacity":"","overlay-gradient":""}}},"product_brand":[],"product_cat":[15],"product_tag":[],"class_list":{"0":"post-27183","1":"product","2":"type-product","3":"status-publish","4":"has-post-thumbnail","6":"product_cat-uncategorized","7":"pa_36272_fu7wb3vd-brun","8":"pa_36272_fu7wb3vd-svart","9":"desktop-align-left","10":"tablet-align-left","11":"mobile-align-left","13":"first","14":"instock","15":"shipping-taxable","16":"purchasable","17":"product-type-variable"},"_links":{"self":[{"href":"https:\/\/keluvo.com\/se\/wp-json\/wp\/v2\/product\/27183","targetHints":{"allow":["GET"]}}],"collection":[{"href":"https:\/\/keluvo.com\/se\/wp-json\/wp\/v2\/product"}],"about":[{"href":"https:\/\/keluvo.com\/se\/wp-json\/wp\/v2\/types\/product"}],"replies":[{"embeddable":true,"href":"https:\/\/keluvo.com\/se\/wp-json\/wp\/v2\/comments?post=27183"}],"wp:featuredmedia":[{"embeddable":true,"href":"https:\/\/keluvo.com\/se\/wp-json\/wp\/v2\/media\/27179"}],"wp:attachment":[{"href":"https:\/\/keluvo.com\/se\/wp-json\/wp\/v2\/media?parent=27183"}],"wp:term":[{"taxonomy":"product_brand","embeddable":true,"href":"https:\/\/keluvo.com\/se\/wp-json\/wp\/v2\/product_brand?post=27183"},{"taxonomy":"product_cat","embeddable":true,"href":"https:\/\/keluvo.com\/se\/wp-json\/wp\/v2\/product_cat?post=27183"},{"taxonomy":"product_tag","embeddable":true,"href":"https:\/\/keluvo.com\/se\/wp-json\/wp\/v2\/product_tag?post=27183"}],"curies":[{"name":"wp","href":"https:\/\/api.w.org\/{rel}","templated":true}]}}