{"id":27170,"date":"2025-09-10T14:42:17","date_gmt":"2025-09-10T11:42:17","guid":{"rendered":"https:\/\/keluvo.com\/se\/product\/kakelskararpennan\/"},"modified":"2025-09-10T14:42:23","modified_gmt":"2025-09-10T11:42:23","slug":"kakelskararpennan","status":"publish","type":"product","link":"https:\/\/keluvo.com\/se\/product\/kakelskararpennan\/","title":{"rendered":"Kakelsk\u00e4rarpennan"},"content":{"rendered":"<h2 style=\"text-align: center\">Din vassa och starka hj\u00e4lpreda f\u00f6r sl\u00e4ta m\u00e4rken<\/h2>\n<p style=\"text-align: center\"><span style=\"font-weight: 400\">Den h\u00e4r pennan g\u00f6r det superenkelt att sk\u00e4ra och markera kakel eller glas. Den ser ut som en vanlig penna, men den \u00e4r byggd f\u00f6r tuffa jobb!<\/span><\/p>\n<h2 style=\"text-align: center\"><img decoding=\"async\" class=\"size-full wp-image-16845 aligncenter\" src=\"https:\/\/keluvo.com\/template\/wp-content\/uploads\/sites\/5\/2025\/04\/juWCpobP30OMUgaczT20-Trim-ezgif.com-video-to-webp-converter-1.webp\" alt=\"\" \/>Huvudf\u00f6rdelar<\/h2>\n<p><b>\u2714 Markerar h\u00e5rda ytor snabbt<\/b><span style=\"font-weight: 400\"> \u2013 Fungerar p\u00e5 kakel, glas, st\u00e5l och till och med marmor<\/span><\/p>\n<p><b>\u2714 Stark och h\u00e5llbar<\/b><span style=\"font-weight: 400\"> \u2013 Tillverkad av h\u00e5rt volframst\u00e5l som inte slits ut<\/span><\/p>\n<p><b>\u2714 L\u00e4tt att b\u00e4ra<\/b><span style=\"font-weight: 400\"> \u2013 Precis som en penna, f\u00e4st den i fickan och g\u00e5<\/span><\/p>\n<p><b>\u2714 Bekv\u00e4m att anv\u00e4nda<\/b><span style=\"font-weight: 400\"> \u2013 Halkfritt grepp och sl\u00e4t spets f\u00f6r enkel kontroll<\/span><\/p>\n<p><b>\u2714 Exakta och sl\u00e4ta linjer<\/b><span style=\"font-weight: 400\"> \u2013 Ett svep \u00e4r allt som kr\u00e4vs f\u00f6r att l\u00e4mna en ren markering<\/span><\/p>\n<h2 style=\"text-align: center\"><img decoding=\"async\" class=\"size-full wp-image-16843 aligncenter\" src=\"https:\/\/keluvo.com\/template\/wp-content\/uploads\/sites\/5\/2025\/04\/ads-Trim-ezgif.com-video-to-webp-converter-1.webp\" alt=\"\" \/>Ett enkelt verktyg f\u00f6r ett stort jobb!<\/h2>\n<p style=\"text-align: center\"><span style=\"font-weight: 400\">Beh\u00f6ver du ett enkelt verktyg som g\u00f6r ett stort jobb? Denna kakelsk\u00e4rarpennan \u00e4r perfekt f\u00f6r byggare, hantverkare och DIY-\u00e4lskare. Den \u00e4r liten, stark och superpraktisk f\u00f6r att g\u00f6ra snabba, exakta markeringar p\u00e5 metall, kakel eller glas. Oavsett om du arbetar hemma eller p\u00e5 plats \u00e4r det h\u00e4r verktyget alltid redo att hj\u00e4lpa till.<\/span><\/p>\n<h2 style=\"text-align: center\"><img decoding=\"async\" class=\"size-full wp-image-16272 aligncenter\" src=\"https:\/\/keluvo.com\/template\/wp-content\/uploads\/sites\/5\/2025\/04\/77433b1d-3f60-4f43-bffb-dfb31dc6df7a.webp.jpg\" alt=\"\" \/>Anv\u00e4ndning<\/h2>\n<ol>\n<li style=\"font-weight: 400\"><span style=\"font-weight: 400\">H\u00e5ll den som en vanlig penna.<\/span><\/li>\n<li style=\"font-weight: 400\"><span style=\"font-weight: 400\">Tryck l\u00e4tt mot ytan.<\/span><span style=\"font-weight: 400\"><br \/>\n<\/span><\/li>\n<li style=\"font-weight: 400\"><span style=\"font-weight: 400\">Dra din linje eller markera d\u00e4r det beh\u00f6vs.<\/span><span style=\"font-weight: 400\"><br \/>\n<\/span><\/li>\n<li style=\"font-weight: 400\"><span style=\"font-weight: 400\">Klart! Du \u00e4r redo att sk\u00e4ra eller m\u00e4ta.<\/span><\/li>\n<\/ol>\n<h2 style=\"text-align: center\">Paketet inneh\u00e5ller<\/h2>\n<p style=\"text-align: center\"><span style=\"font-weight: 400\">N\u00e4r du k\u00f6per den h\u00e4r produkten f\u00e5r du:<\/span><\/p>\n<ul>\n<li style=\"font-weight: 400\"><span style=\"font-weight: 400\">1x rillsk\u00e4rarpennan (145mm).<\/span><\/li>\n<\/ul>\n","protected":false},"excerpt":{"rendered":"<p>Din vassa och starka hj\u00e4lpreda f\u00f6r sl\u00e4ta m\u00e4rken Den h\u00e4r pennan g\u00f6r det superenkelt att sk\u00e4ra och markera kakel eller [&hellip;]<\/p>\n","protected":false},"featured_media":27166,"comment_status":"open","ping_status":"closed","template":"","meta":{"site-sidebar-layout":"default","site-content-layout":"","ast-site-content-layout":"default","site-content-style":"default","site-sidebar-style":"default","ast-global-header-display":"","ast-banner-title-visibility":"","ast-main-header-display":"","ast-hfb-above-header-display":"","ast-hfb-below-header-display":"","ast-hfb-mobile-header-display":"","site-post-title":"","ast-breadcrumbs-content":"","ast-featured-img":"","footer-sml-layout":"","theme-transparent-header-meta":"default","adv-header-id-meta":"","stick-header-meta":"","header-above-stick-meta":"","header-main-stick-meta":"","header-below-stick-meta":"","astra-migrate-meta-layouts":"set","ast-page-background-enabled":"default","ast-page-background-meta":{"desktop":{"background-color":"var(--ast-global-color-4)","background-image":"","background-repeat":"repeat","background-position":"center center","background-size":"auto","background-attachment":"scroll","background-type":"","background-media":"","overlay-type":"","overlay-color":"","overlay-opacity":"","overlay-gradient":""},"tablet":{"background-color":"","background-image":"","background-repeat":"repeat","background-position":"center center","background-size":"auto","background-attachment":"scroll","background-type":"","background-media":"","overlay-type":"","overlay-color":"","overlay-opacity":"","overlay-gradient":""},"mobile":{"background-color":"","background-image":"","background-repeat":"repeat","background-position":"center center","background-size":"auto","background-attachment":"scroll","background-type":"","background-media":"","overlay-type":"","overlay-color":"","overlay-opacity":"","overlay-gradient":""}},"ast-content-background-meta":{"desktop":{"background-color":"var(--ast-global-color-5)","background-image":"","background-repeat":"repeat","background-position":"center center","background-size":"auto","background-attachment":"scroll","background-type":"","background-media":"","overlay-type":"","overlay-color":"","overlay-opacity":"","overlay-gradient":""},"tablet":{"background-color":"var(--ast-global-color-5)","background-image":"","background-repeat":"repeat","background-position":"center center","background-size":"auto","background-attachment":"scroll","background-type":"","background-media":"","overlay-type":"","overlay-color":"","overlay-opacity":"","overlay-gradient":""},"mobile":{"background-color":"var(--ast-global-color-5)","background-image":"","background-repeat":"repeat","background-position":"center center","background-size":"auto","background-attachment":"scroll","background-type":"","background-media":"","overlay-type":"","overlay-color":"","overlay-opacity":"","overlay-gradient":""}}},"product_brand":[],"product_cat":[996],"product_tag":[],"class_list":{"0":"post-27170","1":"product","2":"type-product","3":"status-publish","4":"has-post-thumbnail","6":"product_cat-tools","7":"pa_42983_kzacq8zb-guld","8":"pa_42983_kzacq8zb-silver","9":"desktop-align-left","10":"tablet-align-left","11":"mobile-align-left","13":"first","14":"instock","15":"shipping-taxable","16":"purchasable","17":"product-type-variable"},"_links":{"self":[{"href":"https:\/\/keluvo.com\/se\/wp-json\/wp\/v2\/product\/27170","targetHints":{"allow":["GET"]}}],"collection":[{"href":"https:\/\/keluvo.com\/se\/wp-json\/wp\/v2\/product"}],"about":[{"href":"https:\/\/keluvo.com\/se\/wp-json\/wp\/v2\/types\/product"}],"replies":[{"embeddable":true,"href":"https:\/\/keluvo.com\/se\/wp-json\/wp\/v2\/comments?post=27170"}],"wp:featuredmedia":[{"embeddable":true,"href":"https:\/\/keluvo.com\/se\/wp-json\/wp\/v2\/media\/27166"}],"wp:attachment":[{"href":"https:\/\/keluvo.com\/se\/wp-json\/wp\/v2\/media?parent=27170"}],"wp:term":[{"taxonomy":"product_brand","embeddable":true,"href":"https:\/\/keluvo.com\/se\/wp-json\/wp\/v2\/product_brand?post=27170"},{"taxonomy":"product_cat","embeddable":true,"href":"https:\/\/keluvo.com\/se\/wp-json\/wp\/v2\/product_cat?post=27170"},{"taxonomy":"product_tag","embeddable":true,"href":"https:\/\/keluvo.com\/se\/wp-json\/wp\/v2\/product_tag?post=27170"}],"curies":[{"name":"wp","href":"https:\/\/api.w.org\/{rel}","templated":true}]}}