{"id":27148,"date":"2025-09-10T14:41:11","date_gmt":"2025-09-10T11:41:11","guid":{"rendered":"https:\/\/keluvo.com\/se\/product\/plaster-for-reparation-av-skor\/"},"modified":"2025-09-16T01:24:57","modified_gmt":"2025-09-15T22:24:57","slug":"plaster-for-reparation-av-skor","status":"publish","type":"product","link":"https:\/\/keluvo.com\/se\/product\/plaster-for-reparation-av-skor\/","title":{"rendered":"Pl\u00e5ster f\u00f6r reparation av skor"},"content":{"rendered":"<p style=\"text-align: center\"><b>\ud83d\udc5e Fixa dina skor snabbt &#8211; med skoreparationslappen! \ud83d\udc5f<\/b><\/p>\n<p style=\"text-align: center\"><span style=\"font-weight: 400\">Den h\u00e4r lappen hj\u00e4lper dig att fixa slitna fl\u00e4ckar inuti dina skor. Klistra bara p\u00e5 lappen s\u00e5 k\u00e4nns skorna som nya igen. Inget lim, inga verktyg, bara dra av och klistra fast.<\/span><\/p>\n<p><img decoding=\"async\" class=\"size-full wp-image-15744 aligncenter\" src=\"https:\/\/keluvo.com\/template\/wp-content\/uploads\/sites\/5\/2025\/04\/shoe-ezgif.com-video-to-webp-converter.webp\" alt=\"\" \/><\/p>\n<h2 style=\"text-align: center\">Huvudf\u00f6rdelar<\/h2>\n<p><b><\/b><span style=\"font-weight: 400\"> \u2705 <\/span><b>Fixa skoh\u00e5l snabbt<\/b><span style=\"font-weight: 400\"> \u2013 T\u00e4ck \u00f6ver slitna eller trasiga fl\u00e4ckar inuti dina skor<\/span><\/p>\n<p><span style=\"font-weight: 400\"> \u2705 <\/span><b>G\u00f6r att skorna h\u00e5ller l\u00e4ngre<\/b><span style=\"font-weight: 400\"> \u2013 Skyddar klackar och t\u00e5r fr\u00e5n att slitas ut<\/span><\/p>\n<p><span style=\"font-weight: 400\"> \u2705 <\/span><b>L\u00e4tt att anv\u00e4nda<\/b><span style=\"font-weight: 400\"> \u2013 Bara dra av och klistra fast, ingen r\u00f6ra eller lim beh\u00f6vs<\/span><\/p>\n<p><span style=\"font-weight: 400\"> \u2705 <\/span><b>K\u00e4nns mjukt och bekv\u00e4mt<\/b><span style=\"font-weight: 400\"> \u2013 Tillverkat av andningsbart, mjukt fiberl\u00e4der<\/span><\/p>\n<p><span style=\"font-weight: 400\"> \u2705 <\/span><b>Sm\u00e4lter in perfekt<\/b><span style=\"font-weight: 400\"> \u2013 Fungerar f\u00f6r n\u00e4stan alla skotyper och f\u00e4rger<\/span><\/p>\n<p><img decoding=\"async\" class=\"size-full wp-image-15748 aligncenter\" src=\"https:\/\/keluvo.com\/template\/wp-content\/uploads\/sites\/5\/2025\/04\/e66c9af8-3e2a-4c8d-87a3-fe8f331bcb0f.webp\" alt=\"\" \/><\/p>\n<h2 style=\"text-align: center\">En bra fix f\u00f6r alla skor!<\/h2>\n<p style=\"text-align: center\"><span style=\"font-weight: 400\">Den h\u00e4r produkten \u00e4r perfekt om dina skor h\u00e5ller p\u00e5 att slitas ut inuti. Oavsett om det \u00e4r h\u00e4len, t\u00e5n eller sidan, klistra bara p\u00e5 en lapp och forts\u00e4tt att b\u00e4ra dina skor som om inget n\u00e5gonsin h\u00e4nt! Perfekt f\u00f6r sneakers, st\u00f6vlar, klackar och mycket mer.<\/span><\/p>\n<h2 style=\"text-align: center\">Anv\u00e4ndning<\/h2>\n<ol>\n<li style=\"font-weight: 400\"><span style=\"font-weight: 400\">V\u00e4lj ett pl\u00e5ster som passar det slitna omr\u00e5det.<\/span><\/li>\n<li style=\"font-weight: 400\"><span style=\"font-weight: 400\">Skala av baksidan.<\/span><\/li>\n<li style=\"font-weight: 400\"><span style=\"font-weight: 400\">Klistra fast det ordentligt p\u00e5 insidan av skon.<\/span><\/li>\n<li style=\"font-weight: 400\"><span style=\"font-weight: 400\">Tryck ner det i n\u00e5gra sekunder &#8211; klart!<\/span><\/li>\n<\/ol>\n<h2 style=\"text-align: center\">Paketet inneh\u00e5ller<\/h2>\n<ul>\n<li style=\"font-weight: 400\"><span style=\"font-weight: 400\">4x sj\u00e4lvh\u00e4ftande skoreparationslappar<\/span><\/li>\n<\/ul>\n","protected":false},"excerpt":{"rendered":"<p>\ud83d\udc5e Fixa dina skor snabbt &#8211; med skoreparationslappen! \ud83d\udc5f Den h\u00e4r lappen hj\u00e4lper dig att fixa slitna fl\u00e4ckar inuti dina [&hellip;]<\/p>\n","protected":false},"featured_media":27144,"comment_status":"open","ping_status":"closed","template":"","meta":{"site-sidebar-layout":"default","site-content-layout":"","ast-site-content-layout":"default","site-content-style":"default","site-sidebar-style":"default","ast-global-header-display":"","ast-banner-title-visibility":"","ast-main-header-display":"","ast-hfb-above-header-display":"","ast-hfb-below-header-display":"","ast-hfb-mobile-header-display":"","site-post-title":"","ast-breadcrumbs-content":"","ast-featured-img":"","footer-sml-layout":"","theme-transparent-header-meta":"default","adv-header-id-meta":"","stick-header-meta":"","header-above-stick-meta":"","header-main-stick-meta":"","header-below-stick-meta":"","astra-migrate-meta-layouts":"set","ast-page-background-enabled":"default","ast-page-background-meta":{"desktop":{"background-color":"var(--ast-global-color-4)","background-image":"","background-repeat":"repeat","background-position":"center center","background-size":"auto","background-attachment":"scroll","background-type":"","background-media":"","overlay-type":"","overlay-color":"","overlay-opacity":"","overlay-gradient":""},"tablet":{"background-color":"","background-image":"","background-repeat":"repeat","background-position":"center center","background-size":"auto","background-attachment":"scroll","background-type":"","background-media":"","overlay-type":"","overlay-color":"","overlay-opacity":"","overlay-gradient":""},"mobile":{"background-color":"","background-image":"","background-repeat":"repeat","background-position":"center center","background-size":"auto","background-attachment":"scroll","background-type":"","background-media":"","overlay-type":"","overlay-color":"","overlay-opacity":"","overlay-gradient":""}},"ast-content-background-meta":{"desktop":{"background-color":"var(--ast-global-color-5)","background-image":"","background-repeat":"repeat","background-position":"center center","background-size":"auto","background-attachment":"scroll","background-type":"","background-media":"","overlay-type":"","overlay-color":"","overlay-opacity":"","overlay-gradient":""},"tablet":{"background-color":"var(--ast-global-color-5)","background-image":"","background-repeat":"repeat","background-position":"center center","background-size":"auto","background-attachment":"scroll","background-type":"","background-media":"","overlay-type":"","overlay-color":"","overlay-opacity":"","overlay-gradient":""},"mobile":{"background-color":"var(--ast-global-color-5)","background-image":"","background-repeat":"repeat","background-position":"center center","background-size":"auto","background-attachment":"scroll","background-type":"","background-media":"","overlay-type":"","overlay-color":"","overlay-opacity":"","overlay-gradient":""}}},"product_brand":[],"product_cat":[15],"product_tag":[],"class_list":{"0":"post-27148","1":"product","2":"type-product","3":"status-publish","4":"has-post-thumbnail","6":"product_cat-uncategorized","7":"pa_16315_tlddsv8a-beige","8":"pa_16315_tlddsv8a-gra","9":"pa_16315_tlddsv8a-rod","10":"pa_16315_tlddsv8a-svart","11":"pa_16315_tlddsv8a-vit","12":"desktop-align-left","13":"tablet-align-left","14":"mobile-align-left","16":"first","17":"instock","18":"shipping-taxable","19":"purchasable","20":"product-type-variable"},"_links":{"self":[{"href":"https:\/\/keluvo.com\/se\/wp-json\/wp\/v2\/product\/27148","targetHints":{"allow":["GET"]}}],"collection":[{"href":"https:\/\/keluvo.com\/se\/wp-json\/wp\/v2\/product"}],"about":[{"href":"https:\/\/keluvo.com\/se\/wp-json\/wp\/v2\/types\/product"}],"replies":[{"embeddable":true,"href":"https:\/\/keluvo.com\/se\/wp-json\/wp\/v2\/comments?post=27148"}],"wp:featuredmedia":[{"embeddable":true,"href":"https:\/\/keluvo.com\/se\/wp-json\/wp\/v2\/media\/27144"}],"wp:attachment":[{"href":"https:\/\/keluvo.com\/se\/wp-json\/wp\/v2\/media?parent=27148"}],"wp:term":[{"taxonomy":"product_brand","embeddable":true,"href":"https:\/\/keluvo.com\/se\/wp-json\/wp\/v2\/product_brand?post=27148"},{"taxonomy":"product_cat","embeddable":true,"href":"https:\/\/keluvo.com\/se\/wp-json\/wp\/v2\/product_cat?post=27148"},{"taxonomy":"product_tag","embeddable":true,"href":"https:\/\/keluvo.com\/se\/wp-json\/wp\/v2\/product_tag?post=27148"}],"curies":[{"name":"wp","href":"https:\/\/api.w.org\/{rel}","templated":true}]}}