{"id":27109,"date":"2025-09-10T14:39:13","date_gmt":"2025-09-10T11:39:13","guid":{"rendered":"https:\/\/keluvo.com\/se\/product\/magiskt-fargskiftande-lappstift\/"},"modified":"2025-09-16T01:25:14","modified_gmt":"2025-09-15T22:25:14","slug":"magiskt-fargskiftande-lappstift","status":"publish","type":"product","link":"https:\/\/keluvo.com\/se\/product\/magiskt-fargskiftande-lappstift\/","title":{"rendered":"Magiskt f\u00e4rgskiftande l\u00e4ppstift"},"content":{"rendered":"<p style=\"text-align: center\"><strong>Gl\u00e4ns med mjuka, vackra l\u00e4ppar hela dagen \ud83d\udc84<\/strong><\/p>\n<p style=\"text-align: center\"><span style=\"font-weight: 400\">Det h\u00e4r unika l\u00e4ppstiftet \u00e4ndrar f\u00e4rg med din kroppstemperatur. Det h\u00e5ller dina l\u00e4ppar fuktiga, lena och gl\u00f6dande p\u00e5 ett naturligt s\u00e4tt &#8211; allt i en vacker gel\u00e9blommedesign!<\/span><\/p>\n<h2 style=\"text-align: center\"><img decoding=\"async\" class=\"size-full wp-image-16842 aligncenter\" src=\"https:\/\/keluvo.com\/template\/wp-content\/uploads\/sites\/5\/2025\/04\/OeFVDquMufXi97ldNgNw-Trim-ezgif.com-video-to-webp-converter-1.webp\" alt=\"\" \/>Huvudf\u00f6rdelar \ud83d\udc8b<\/h2>\n<p>\u00c4ndrar f\u00e4rg med dina l\u00e4ppar<span style=\"font-weight: 400\"> \u2013 Ger dig en unik, naturlig nyans varje g\u00e5ng<\/span><span style=\"font-weight: 400\"><br \/>\n<\/span><\/p>\n<p>Fuktar i timmar<span style=\"font-weight: 400\"> \u2013 H\u00e5ller dina l\u00e4ppar mjuka och \u00e5terfuktade hela dagen<\/span><span style=\"font-weight: 400\"><br \/>\n<\/span><\/p>\n<p>Ligger som en blomma i glas<span style=\"font-weight: 400\"> \u2013 Klar gel\u00e9 med riktig blomma inuti<\/span><span style=\"font-weight: 400\"><br \/>\n<\/span><\/p>\n<p>Ger en mjuk, glansig glans<span style=\"font-weight: 400\"> \u2013 F\u00f6r en fr\u00e4sch och gl\u00f6dande look<\/span><span style=\"font-weight: 400\"><br \/>\n<\/span><\/p>\n<p>Perfekt f\u00f6r alla looks<span style=\"font-weight: 400\"> \u2013 Perfekt f\u00f6r dag- eller kv\u00e4llsmakeup<\/span><\/p>\n<h2 style=\"text-align: center\"><img decoding=\"async\" class=\"size-full wp-image-16140 aligncenter\" src=\"https:\/\/keluvo.com\/template\/wp-content\/uploads\/sites\/5\/2025\/04\/main-image-2-24.jpeg\" alt=\"\" \/><br \/>\nProduktspecifikationer \ud83d\udccf<\/h2>\n<ul>\n<li style=\"font-weight: 400\"><span style=\"font-weight: 400\">Nettovikt: 3.2g<\/span><span style=\"font-weight: 400\"><br \/>\n<\/span><\/li>\n<li style=\"font-weight: 400\"><span style=\"font-weight: 400\">Storlek: 2,2 x 2,2 x 7,7 cm<\/span><\/li>\n<li>H\u00e5llbarhet: 3 \u00e5r<\/li>\n<\/ul>\n<p style=\"text-align: center\">\n<h2 style=\"text-align: center\"><img decoding=\"async\" class=\"size-full wp-image-16141 aligncenter\" src=\"https:\/\/keluvo.com\/template\/wp-content\/uploads\/sites\/5\/2025\/04\/76cbde49-5bad-48a1-b57d-868b135e2200-1.webp-1.webp\" alt=\"\" \/>Hur man anv\u00e4nder \ud83d\udccc<\/h2>\n<ol>\n<li style=\"font-weight: 400\"><span style=\"font-weight: 400\">\u00d6ppna l\u00e4ppstiftets lock.<\/span><span style=\"font-weight: 400\"><br \/>\n<\/span><\/li>\n<li style=\"font-weight: 400\"><span style=\"font-weight: 400\">Applicera direkt p\u00e5 l\u00e4pparna.<\/span><span style=\"font-weight: 400\"><br \/>\n<\/span><\/li>\n<li style=\"font-weight: 400\"><span style=\"font-weight: 400\">Se hur f\u00e4rgen \u00e4ndras f\u00f6r att matcha din naturliga ton.<\/span><span style=\"font-weight: 400\"><br \/>\n<\/span><\/li>\n<li style=\"font-weight: 400\"><span style=\"font-weight: 400\">Applicera igen efter behov f\u00f6r fukt och glans.<\/span><span style=\"font-weight: 400\"><br \/>\n<\/span><\/li>\n<\/ol>\n<p><img fetchpriority=\"high\" decoding=\"async\" class=\"size-full wp-image-16142 aligncenter\" src=\"https:\/\/keluvo.com\/template\/wp-content\/uploads\/sites\/5\/2025\/04\/919adefe-1c40-4aa7-9f8c-189bdbca7c4a.webp.jpg\" alt=\"\" width=\"1000\" height=\"1000\" \/><\/p>\n<h2 style=\"text-align: center\">Paketet inneh\u00e5ller \ud83d\udce6<\/h2>\n<ul>\n<li style=\"font-weight: 400\"><span style=\"font-weight: 400\">1x f\u00e4rgskiftande l\u00e4ppstift.<\/span><\/li>\n<\/ul>\n","protected":false},"excerpt":{"rendered":"<p>Gl\u00e4ns med mjuka, vackra l\u00e4ppar hela dagen \ud83d\udc84 Det h\u00e4r unika l\u00e4ppstiftet \u00e4ndrar f\u00e4rg med din kroppstemperatur. Det h\u00e5ller dina [&hellip;]<\/p>\n","protected":false},"featured_media":27106,"comment_status":"open","ping_status":"closed","template":"","meta":{"site-sidebar-layout":"default","site-content-layout":"","ast-site-content-layout":"default","site-content-style":"default","site-sidebar-style":"default","ast-global-header-display":"","ast-banner-title-visibility":"","ast-main-header-display":"","ast-hfb-above-header-display":"","ast-hfb-below-header-display":"","ast-hfb-mobile-header-display":"","site-post-title":"","ast-breadcrumbs-content":"","ast-featured-img":"","footer-sml-layout":"","theme-transparent-header-meta":"default","adv-header-id-meta":"","stick-header-meta":"","header-above-stick-meta":"","header-main-stick-meta":"","header-below-stick-meta":"","astra-migrate-meta-layouts":"set","ast-page-background-enabled":"default","ast-page-background-meta":{"desktop":{"background-color":"var(--ast-global-color-4)","background-image":"","background-repeat":"repeat","background-position":"center center","background-size":"auto","background-attachment":"scroll","background-type":"","background-media":"","overlay-type":"","overlay-color":"","overlay-opacity":"","overlay-gradient":""},"tablet":{"background-color":"","background-image":"","background-repeat":"repeat","background-position":"center center","background-size":"auto","background-attachment":"scroll","background-type":"","background-media":"","overlay-type":"","overlay-color":"","overlay-opacity":"","overlay-gradient":""},"mobile":{"background-color":"","background-image":"","background-repeat":"repeat","background-position":"center center","background-size":"auto","background-attachment":"scroll","background-type":"","background-media":"","overlay-type":"","overlay-color":"","overlay-opacity":"","overlay-gradient":""}},"ast-content-background-meta":{"desktop":{"background-color":"var(--ast-global-color-5)","background-image":"","background-repeat":"repeat","background-position":"center center","background-size":"auto","background-attachment":"scroll","background-type":"","background-media":"","overlay-type":"","overlay-color":"","overlay-opacity":"","overlay-gradient":""},"tablet":{"background-color":"var(--ast-global-color-5)","background-image":"","background-repeat":"repeat","background-position":"center center","background-size":"auto","background-attachment":"scroll","background-type":"","background-media":"","overlay-type":"","overlay-color":"","overlay-opacity":"","overlay-gradient":""},"mobile":{"background-color":"var(--ast-global-color-5)","background-image":"","background-repeat":"repeat","background-position":"center center","background-size":"auto","background-attachment":"scroll","background-type":"","background-media":"","overlay-type":"","overlay-color":"","overlay-opacity":"","overlay-gradient":""}}},"product_brand":[],"product_cat":[992],"product_tag":[],"class_list":{"0":"post-27109","1":"product","2":"type-product","3":"status-publish","4":"has-post-thumbnail","6":"product_cat-beauty-and-hygiene-products","7":"pa_21678_52ysgohl-bla-ros","8":"pa_21678_52ysgohl-orange-ros","9":"pa_21678_52ysgohl-rod-ros","10":"desktop-align-left","11":"tablet-align-left","12":"mobile-align-left","14":"first","15":"instock","16":"shipping-taxable","17":"purchasable","18":"product-type-variable"},"_links":{"self":[{"href":"https:\/\/keluvo.com\/se\/wp-json\/wp\/v2\/product\/27109","targetHints":{"allow":["GET"]}}],"collection":[{"href":"https:\/\/keluvo.com\/se\/wp-json\/wp\/v2\/product"}],"about":[{"href":"https:\/\/keluvo.com\/se\/wp-json\/wp\/v2\/types\/product"}],"replies":[{"embeddable":true,"href":"https:\/\/keluvo.com\/se\/wp-json\/wp\/v2\/comments?post=27109"}],"wp:featuredmedia":[{"embeddable":true,"href":"https:\/\/keluvo.com\/se\/wp-json\/wp\/v2\/media\/27106"}],"wp:attachment":[{"href":"https:\/\/keluvo.com\/se\/wp-json\/wp\/v2\/media?parent=27109"}],"wp:term":[{"taxonomy":"product_brand","embeddable":true,"href":"https:\/\/keluvo.com\/se\/wp-json\/wp\/v2\/product_brand?post=27109"},{"taxonomy":"product_cat","embeddable":true,"href":"https:\/\/keluvo.com\/se\/wp-json\/wp\/v2\/product_cat?post=27109"},{"taxonomy":"product_tag","embeddable":true,"href":"https:\/\/keluvo.com\/se\/wp-json\/wp\/v2\/product_tag?post=27109"}],"curies":[{"name":"wp","href":"https:\/\/api.w.org\/{rel}","templated":true}]}}