{"id":27078,"date":"2025-09-10T14:37:52","date_gmt":"2025-09-10T11:37:52","guid":{"rendered":"https:\/\/keluvo.com\/se\/product\/kattunge-ljusstake\/"},"modified":"2025-09-16T01:24:51","modified_gmt":"2025-09-15T22:24:51","slug":"kattunge-ljusstake","status":"publish","type":"product","link":"https:\/\/keluvo.com\/se\/product\/kattunge-ljusstake\/","title":{"rendered":"Kattunge ljusstake"},"content":{"rendered":"<p style=\"text-align: center\"><strong>S\u00f6t, Mysig, Och Full Av Charm \ud83d\udc08\ud83d\udd6f<\/strong><\/p>\n<p style=\"text-align: center\"><span style=\"font-weight: 400\">Den h\u00e4r bed\u00e5rande kattformade ljusstaken ger v\u00e4rme och personlighet till alla rum. Det \u00e4r det perfekta s\u00e4ttet att f\u00e5 ett leende till ditt rum!<\/span><\/p>\n<h2 style=\"text-align: center\"><img decoding=\"async\" class=\"size-full wp-image-16111 aligncenter\" src=\"https:\/\/keluvo.com\/template\/wp-content\/uploads\/sites\/5\/2025\/04\/f61f482c-9a0c-42b1-a679-0d0da237df27.webp.webp\" alt=\"\" \/>\ud83d\udd6f Huvudf\u00f6rdelar<\/h2>\n<p>S\u00f6t och unik<span style=\"font-weight: 400\"> \u2013 Rolig kattunge-design som katt\u00e4lskare kommer att \u00e4lska<\/span><span style=\"font-weight: 400\"><br \/>\n<\/span><\/p>\n<p>Perfekt f\u00f6r alla rum<span style=\"font-weight: 400\"> \u2013 Ser bra ut p\u00e5 bord, hyllor eller mantlar<\/span><span style=\"font-weight: 400\"><br \/>\n<\/span><\/p>\n<p>Handgjord sk\u00f6nhet<span style=\"font-weight: 400\"> \u2013 Varje bit \u00e4r handgjord och unik<\/span><span style=\"font-weight: 400\"><br \/>\n<\/span><\/p>\n<p>S\u00e4ker och stadig<span style=\"font-weight: 400\"> \u2013 H\u00e5ller ljusen stadigt med en stabil bas<\/span><\/p>\n<p>En bra presentid\u00e9<span style=\"font-weight: 400\"> \u2013 H\u00e4rligt val f\u00f6r f\u00f6delsedagar, inflyttningar eller speciella middagar<\/span><\/p>\n<h2 style=\"text-align: center\"><img decoding=\"async\" class=\"size-full wp-image-16113 aligncenter\" src=\"https:\/\/keluvo.com\/template\/wp-content\/uploads\/sites\/5\/2025\/04\/ed492d35-e1cd-4036-845c-bfb0e8f362c6.webp.webp\" alt=\"\" \/><\/h2>\n<h2 style=\"text-align: center\">\ud83d\udc08 Du Kommer Att \u00c4lska Den!<\/h2>\n<p style=\"text-align: center\"><span style=\"font-weight: 400\">Den h\u00e4r ljusstaken \u00e4r mer \u00e4n bara dekor &#8211; det \u00e4r en s\u00f6t liten v\u00e4n som lyser upp ditt rum. Den \u00e4r tillverkad av kvalitetsharts och formad som en lekfull kattunge och ger gl\u00e4dje i ditt hem eller \u00e4r en omt\u00e4nksam present. L\u00e4gg till mjukt ljus och leenden till alla utrymmen med denna charmiga bit.<\/span><\/p>\n<h2 style=\"text-align: center\">\ud83d\udccc Hur Man Anv\u00e4nder<\/h2>\n<ol>\n<li style=\"font-weight: 400\"><span style=\"font-weight: 400\">S\u00e4tt ditt v\u00e4rmeljus eller votivljus i h\u00e5llaren.<\/span><\/li>\n<li style=\"font-weight: 400\"><span style=\"font-weight: 400\">St\u00e4ll den p\u00e5 en plan yta.<\/span><\/li>\n<li style=\"font-weight: 400\"><span style=\"font-weight: 400\">T\u00e4nd ljuset och njut av det mysiga skenet.<\/span><span style=\"font-weight: 400\"><br \/>\n<\/span><\/li>\n<\/ol>\n<p><img fetchpriority=\"high\" decoding=\"async\" class=\"size-full wp-image-16114 aligncenter\" src=\"https:\/\/keluvo.com\/template\/wp-content\/uploads\/sites\/5\/2025\/04\/48c2cd57-4821-4a6c-9469-4dbc2e404553.webp.webp\" alt=\"\" width=\"800\" height=\"800\" \/><\/p>\n<h2 style=\"text-align: center\">\ud83d\udce6 Paketet Inneh\u00e5ller<\/h2>\n<ul>\n<li style=\"font-weight: 400\"><span style=\"font-weight: 400\">1x kitten ljush\u00e5llare (6cm x 6cm)<\/span><span style=\"font-weight: 400\">.<\/span><\/li>\n<\/ul>\n<p>&nbsp;<\/p>\n","protected":false},"excerpt":{"rendered":"<p>S\u00f6t, Mysig, Och Full Av Charm \ud83d\udc08\ud83d\udd6f Den h\u00e4r bed\u00e5rande kattformade ljusstaken ger v\u00e4rme och personlighet till alla rum. Det [&hellip;]<\/p>\n","protected":false},"featured_media":27074,"comment_status":"open","ping_status":"closed","template":"","meta":{"site-sidebar-layout":"default","site-content-layout":"","ast-site-content-layout":"default","site-content-style":"default","site-sidebar-style":"default","ast-global-header-display":"","ast-banner-title-visibility":"","ast-main-header-display":"","ast-hfb-above-header-display":"","ast-hfb-below-header-display":"","ast-hfb-mobile-header-display":"","site-post-title":"","ast-breadcrumbs-content":"","ast-featured-img":"","footer-sml-layout":"","theme-transparent-header-meta":"default","adv-header-id-meta":"","stick-header-meta":"","header-above-stick-meta":"","header-main-stick-meta":"","header-below-stick-meta":"","astra-migrate-meta-layouts":"set","ast-page-background-enabled":"default","ast-page-background-meta":{"desktop":{"background-color":"var(--ast-global-color-4)","background-image":"","background-repeat":"repeat","background-position":"center center","background-size":"auto","background-attachment":"scroll","background-type":"","background-media":"","overlay-type":"","overlay-color":"","overlay-opacity":"","overlay-gradient":""},"tablet":{"background-color":"","background-image":"","background-repeat":"repeat","background-position":"center center","background-size":"auto","background-attachment":"scroll","background-type":"","background-media":"","overlay-type":"","overlay-color":"","overlay-opacity":"","overlay-gradient":""},"mobile":{"background-color":"","background-image":"","background-repeat":"repeat","background-position":"center center","background-size":"auto","background-attachment":"scroll","background-type":"","background-media":"","overlay-type":"","overlay-color":"","overlay-opacity":"","overlay-gradient":""}},"ast-content-background-meta":{"desktop":{"background-color":"var(--ast-global-color-5)","background-image":"","background-repeat":"repeat","background-position":"center center","background-size":"auto","background-attachment":"scroll","background-type":"","background-media":"","overlay-type":"","overlay-color":"","overlay-opacity":"","overlay-gradient":""},"tablet":{"background-color":"var(--ast-global-color-5)","background-image":"","background-repeat":"repeat","background-position":"center center","background-size":"auto","background-attachment":"scroll","background-type":"","background-media":"","overlay-type":"","overlay-color":"","overlay-opacity":"","overlay-gradient":""},"mobile":{"background-color":"var(--ast-global-color-5)","background-image":"","background-repeat":"repeat","background-position":"center center","background-size":"auto","background-attachment":"scroll","background-type":"","background-media":"","overlay-type":"","overlay-color":"","overlay-opacity":"","overlay-gradient":""}}},"product_brand":[],"product_cat":[1001],"product_tag":[],"class_list":{"0":"post-27078","1":"product","2":"type-product","3":"status-publish","4":"has-post-thumbnail","6":"product_cat-household-goods","7":"pa_18757_if3fbaqg-brun-och-svart","8":"pa_18757_if3fbaqg-vit","9":"desktop-align-left","10":"tablet-align-left","11":"mobile-align-left","13":"first","14":"instock","15":"shipping-taxable","16":"purchasable","17":"product-type-variable"},"_links":{"self":[{"href":"https:\/\/keluvo.com\/se\/wp-json\/wp\/v2\/product\/27078","targetHints":{"allow":["GET"]}}],"collection":[{"href":"https:\/\/keluvo.com\/se\/wp-json\/wp\/v2\/product"}],"about":[{"href":"https:\/\/keluvo.com\/se\/wp-json\/wp\/v2\/types\/product"}],"replies":[{"embeddable":true,"href":"https:\/\/keluvo.com\/se\/wp-json\/wp\/v2\/comments?post=27078"}],"wp:featuredmedia":[{"embeddable":true,"href":"https:\/\/keluvo.com\/se\/wp-json\/wp\/v2\/media\/27074"}],"wp:attachment":[{"href":"https:\/\/keluvo.com\/se\/wp-json\/wp\/v2\/media?parent=27078"}],"wp:term":[{"taxonomy":"product_brand","embeddable":true,"href":"https:\/\/keluvo.com\/se\/wp-json\/wp\/v2\/product_brand?post=27078"},{"taxonomy":"product_cat","embeddable":true,"href":"https:\/\/keluvo.com\/se\/wp-json\/wp\/v2\/product_cat?post=27078"},{"taxonomy":"product_tag","embeddable":true,"href":"https:\/\/keluvo.com\/se\/wp-json\/wp\/v2\/product_tag?post=27078"}],"curies":[{"name":"wp","href":"https:\/\/api.w.org\/{rel}","templated":true}]}}