{"id":26996,"date":"2025-09-10T12:35:54","date_gmt":"2025-09-10T09:35:54","guid":{"rendered":"https:\/\/keluvo.com\/se\/product\/armband-2\/"},"modified":"2025-09-11T18:22:08","modified_gmt":"2025-09-11T15:22:08","slug":"armband-2","status":"publish","type":"product","link":"https:\/\/keluvo.com\/se\/product\/armband-2\/","title":{"rendered":"Armband"},"content":{"rendered":"<p style=\"text-align: center\"><strong>L\u00e4gg till en touch av stil till din vardagslook med detta eleganta armband \ud83d\udc67<\/strong><\/p>\n<p style=\"text-align: center\"><span style=\"font-weight: 400\">Detta armband kombinerar kvalitetsmaterial med en elegant design, vilket g\u00f6r det till en m\u00e5ngsidig accessoar f\u00f6r alla garderober. Oavsett om du kl\u00e4r upp dig f\u00f6r ett speciellt tillf\u00e4lle eller l\u00e4gger till en elegant touch till din vardagskl\u00e4dsel \u00e4r det h\u00e4r armbandet ett perfekt val. Skaffa ditt idag och njut av blandningen av komfort och elegans.<\/span><\/p>\n<p><img decoding=\"async\" class=\"size-full wp-image-14760 aligncenter\" src=\"https:\/\/keluvo.com\/template\/wp-content\/uploads\/sites\/5\/2025\/04\/e8FjKHW4u5z5ru2Sds1l.jpg\" alt=\"\" \/><\/p>\n<h2 style=\"text-align: center\">Huvudf\u00f6rdelar<\/h2>\n<p><span style=\"font-weight: 400\">F\u00f6rb\u00e4ttrar din outfit med en snygg touch<\/span><span style=\"font-weight: 400\"><br \/>\n<\/span><\/p>\n<p><span style=\"font-weight: 400\">Komfortabelt att b\u00e4ra hela dagen<\/span><span style=\"font-weight: 400\"><br \/>\n<\/span><\/p>\n<p><span style=\"font-weight: 400\">Passar f\u00f6r olika tillf\u00e4llen<\/span><span style=\"font-weight: 400\"><br \/>\n<\/span><\/p>\n<p><span style=\"font-weight: 400\">G\u00f6r en bra present till n\u00e4ra och k\u00e4ra<br \/>\n<\/span><span style=\"font-weight: 400\">\u200b<\/span><span style=\"font-weight: 400\"><br \/>\n<\/span><img decoding=\"async\" class=\"size-full wp-image-14761 aligncenter\" src=\"https:\/\/keluvo.com\/template\/wp-content\/uploads\/sites\/5\/2025\/04\/jGCUuFMLDP1tv7FKCAlI.jpg\" alt=\"\" \/><\/p>\n<h2 style=\"text-align: center\">Vad du f\u00e5r<\/h2>\n<p style=\"text-align: center\"><span style=\"font-weight: 400\">N\u00e4r du k\u00f6per den h\u00e4r produkten f\u00e5r du:<\/span><\/p>\n<ul>\n<li>1x armband<\/li>\n<\/ul>\n<p><img decoding=\"async\" class=\"size-full wp-image-14770 aligncenter\" src=\"https:\/\/keluvo.com\/template\/wp-content\/uploads\/sites\/5\/2025\/04\/A3uZpMmHcy3NZmk0KxkG.jpg\" alt=\"\" \/><\/p>\n","protected":false},"excerpt":{"rendered":"<p>L\u00e4gg till en touch av stil till din vardagslook med detta eleganta armband \ud83d\udc67 Detta armband kombinerar kvalitetsmaterial med en [&hellip;]<\/p>\n","protected":false},"featured_media":26992,"comment_status":"open","ping_status":"closed","template":"","meta":{"site-sidebar-layout":"default","site-content-layout":"","ast-site-content-layout":"default","site-content-style":"default","site-sidebar-style":"default","ast-global-header-display":"","ast-banner-title-visibility":"","ast-main-header-display":"","ast-hfb-above-header-display":"","ast-hfb-below-header-display":"","ast-hfb-mobile-header-display":"","site-post-title":"","ast-breadcrumbs-content":"","ast-featured-img":"","footer-sml-layout":"","theme-transparent-header-meta":"default","adv-header-id-meta":"","stick-header-meta":"","header-above-stick-meta":"","header-main-stick-meta":"","header-below-stick-meta":"","astra-migrate-meta-layouts":"set","ast-page-background-enabled":"default","ast-page-background-meta":{"desktop":{"background-color":"var(--ast-global-color-4)","background-image":"","background-repeat":"repeat","background-position":"center center","background-size":"auto","background-attachment":"scroll","background-type":"","background-media":"","overlay-type":"","overlay-color":"","overlay-opacity":"","overlay-gradient":""},"tablet":{"background-color":"","background-image":"","background-repeat":"repeat","background-position":"center center","background-size":"auto","background-attachment":"scroll","background-type":"","background-media":"","overlay-type":"","overlay-color":"","overlay-opacity":"","overlay-gradient":""},"mobile":{"background-color":"","background-image":"","background-repeat":"repeat","background-position":"center center","background-size":"auto","background-attachment":"scroll","background-type":"","background-media":"","overlay-type":"","overlay-color":"","overlay-opacity":"","overlay-gradient":""}},"ast-content-background-meta":{"desktop":{"background-color":"var(--ast-global-color-5)","background-image":"","background-repeat":"repeat","background-position":"center center","background-size":"auto","background-attachment":"scroll","background-type":"","background-media":"","overlay-type":"","overlay-color":"","overlay-opacity":"","overlay-gradient":""},"tablet":{"background-color":"var(--ast-global-color-5)","background-image":"","background-repeat":"repeat","background-position":"center center","background-size":"auto","background-attachment":"scroll","background-type":"","background-media":"","overlay-type":"","overlay-color":"","overlay-opacity":"","overlay-gradient":""},"mobile":{"background-color":"var(--ast-global-color-5)","background-image":"","background-repeat":"repeat","background-position":"center center","background-size":"auto","background-attachment":"scroll","background-type":"","background-media":"","overlay-type":"","overlay-color":"","overlay-opacity":"","overlay-gradient":""}}},"product_brand":[],"product_cat":[993],"product_tag":[],"class_list":{"0":"post-26996","1":"product","2":"type-product","3":"status-publish","4":"has-post-thumbnail","6":"product_cat-footwear-accessories","7":"pa_34519_3drxsr3x-blanda","8":"pa_34519_3drxsr3x-gron","9":"pa_34519_3drxsr3x-ljusbla","10":"pa_34519_3drxsr3x-morkbla","11":"desktop-align-left","12":"tablet-align-left","13":"mobile-align-left","15":"first","16":"instock","17":"shipping-taxable","18":"purchasable","19":"product-type-variable"},"_links":{"self":[{"href":"https:\/\/keluvo.com\/se\/wp-json\/wp\/v2\/product\/26996","targetHints":{"allow":["GET"]}}],"collection":[{"href":"https:\/\/keluvo.com\/se\/wp-json\/wp\/v2\/product"}],"about":[{"href":"https:\/\/keluvo.com\/se\/wp-json\/wp\/v2\/types\/product"}],"replies":[{"embeddable":true,"href":"https:\/\/keluvo.com\/se\/wp-json\/wp\/v2\/comments?post=26996"}],"wp:featuredmedia":[{"embeddable":true,"href":"https:\/\/keluvo.com\/se\/wp-json\/wp\/v2\/media\/26992"}],"wp:attachment":[{"href":"https:\/\/keluvo.com\/se\/wp-json\/wp\/v2\/media?parent=26996"}],"wp:term":[{"taxonomy":"product_brand","embeddable":true,"href":"https:\/\/keluvo.com\/se\/wp-json\/wp\/v2\/product_brand?post=26996"},{"taxonomy":"product_cat","embeddable":true,"href":"https:\/\/keluvo.com\/se\/wp-json\/wp\/v2\/product_cat?post=26996"},{"taxonomy":"product_tag","embeddable":true,"href":"https:\/\/keluvo.com\/se\/wp-json\/wp\/v2\/product_tag?post=26996"}],"curies":[{"name":"wp","href":"https:\/\/api.w.org\/{rel}","templated":true}]}}