{"id":26983,"date":"2025-09-10T12:35:22","date_gmt":"2025-09-10T09:35:22","guid":{"rendered":"https:\/\/keluvo.com\/se\/product\/talt-for-lek\/"},"modified":"2025-09-11T18:21:14","modified_gmt":"2025-09-11T15:21:14","slug":"talt-for-lek","status":"publish","type":"product","link":"https:\/\/keluvo.com\/se\/product\/talt-for-lek\/","title":{"rendered":"T\u00e4lt f\u00f6r lek"},"content":{"rendered":"<p style=\"text-align: center\"><strong>L\u00e5t Ditt Barns Fantasi Fl\u00f6da Med Det H\u00e4r Roliga Och Mysiga Lekt\u00e4ltet \ud83d\uded5<\/strong><\/p>\n<p style=\"text-align: center\"><span style=\"font-weight: 400\">Det h\u00e4r lekt\u00e4ltet \u00e4r ett utm\u00e4rkt komplement till alla barns lekstunder. Det \u00e4r enkelt att anv\u00e4nda, roligt och hj\u00e4lper till att utveckla kreativiteten. Skaffa ditt idag och se ditt barns fantasi v\u00e4xa.<\/span><\/p>\n<h2 style=\"text-align: center\"><img decoding=\"async\" class=\"size-full wp-image-14788 aligncenter\" src=\"https:\/\/keluvo.com\/template\/wp-content\/uploads\/sites\/5\/2025\/04\/fr4LDqhP43KtsiNvodYo-Trim-ezgif.com-video-to-webp-converter.webp\" alt=\"\" \/>Huvudf\u00f6rdelar<\/h2>\n<ul>\n<li style=\"font-weight: 400\"><span style=\"font-weight: 400\">Uppmuntrar till kreativ och fantasifull lek<\/span><span style=\"font-weight: 400\"><br \/>\n<\/span><\/li>\n<li style=\"font-weight: 400\"><span style=\"font-weight: 400\">Ger ett privat utrymme f\u00f6r ditt barn<\/span><span style=\"font-weight: 400\"><br \/>\n<\/span><\/li>\n<li><span style=\"font-weight: 400\">L\u00e4tt att s\u00e4tta upp och ta ner<\/span><\/li>\n<li><span style=\"font-weight: 400\">L\u00e4tt och b\u00e4rbar f\u00f6r resor\u200b<br \/>\n<img decoding=\"async\" class=\"size-full wp-image-14790 aligncenter\" src=\"https:\/\/keluvo.com\/template\/wp-content\/uploads\/sites\/5\/2025\/04\/main-image-8-2.jpeg\" alt=\"\" \/><\/span><\/li>\n<\/ul>\n<h2 style=\"text-align: center\">Specifikationer<\/h2>\n<ul>\n<li style=\"font-weight: 400\"><span style=\"font-weight: 400\">L\u00e4ngd: 105 cm\u00a0<\/span><span style=\"font-weight: 400\"><br \/>\n<\/span><\/li>\n<li style=\"font-weight: 400\"><span style=\"font-weight: 400\">Bredd: 105 cm\u00a0<\/span><span style=\"font-weight: 400\"><br \/>\n<\/span><\/li>\n<li style=\"font-weight: 400\"><span style=\"font-weight: 400\">H\u00f6jd: 135 cm<\/span><span style=\"font-weight: 400\"><br \/>\n<\/span><\/li>\n<li><span style=\"font-weight: 400\">L\u00e4mpligt f\u00f6r barn fr\u00e5n 6 m\u00e5nader och upp\u00e5t\u200b<br \/>\n<img fetchpriority=\"high\" decoding=\"async\" class=\"size-full wp-image-14792 aligncenter\" src=\"https:\/\/keluvo.com\/template\/wp-content\/uploads\/sites\/5\/2025\/04\/main-image-5-7.jpeg\" alt=\"\" width=\"800\" height=\"800\" \/><\/span><\/li>\n<\/ul>\n<h2 style=\"text-align: center\">Vad Du F\u00e5r<\/h2>\n<ul>\n<li><span style=\"font-weight: 400\">1x lekt\u00e4lt f\u00f6r barn\u200b<\/span><span style=\"font-weight: 400\"><br \/>\n<\/span><\/li>\n<li>1x fodral f\u00f6r t\u00e4lt<br \/>\n<img decoding=\"async\" class=\"size-full wp-image-14798 aligncenter\" src=\"https:\/\/keluvo.com\/template\/wp-content\/uploads\/sites\/5\/2025\/04\/main-image-1-10.jpeg\" alt=\"\" width=\"636\" height=\"800\" \/><\/li>\n<\/ul>\n","protected":false},"excerpt":{"rendered":"<p>L\u00e5t Ditt Barns Fantasi Fl\u00f6da Med Det H\u00e4r Roliga Och Mysiga Lekt\u00e4ltet \ud83d\uded5 Det h\u00e4r lekt\u00e4ltet \u00e4r ett utm\u00e4rkt komplement [&hellip;]<\/p>\n","protected":false},"featured_media":26979,"comment_status":"open","ping_status":"closed","template":"","meta":{"site-sidebar-layout":"default","site-content-layout":"","ast-site-content-layout":"default","site-content-style":"default","site-sidebar-style":"default","ast-global-header-display":"","ast-banner-title-visibility":"","ast-main-header-display":"","ast-hfb-above-header-display":"","ast-hfb-below-header-display":"","ast-hfb-mobile-header-display":"","site-post-title":"","ast-breadcrumbs-content":"","ast-featured-img":"","footer-sml-layout":"","theme-transparent-header-meta":"default","adv-header-id-meta":"","stick-header-meta":"","header-above-stick-meta":"","header-main-stick-meta":"","header-below-stick-meta":"","astra-migrate-meta-layouts":"set","ast-page-background-enabled":"default","ast-page-background-meta":{"desktop":{"background-color":"var(--ast-global-color-4)","background-image":"","background-repeat":"repeat","background-position":"center center","background-size":"auto","background-attachment":"scroll","background-type":"","background-media":"","overlay-type":"","overlay-color":"","overlay-opacity":"","overlay-gradient":""},"tablet":{"background-color":"","background-image":"","background-repeat":"repeat","background-position":"center center","background-size":"auto","background-attachment":"scroll","background-type":"","background-media":"","overlay-type":"","overlay-color":"","overlay-opacity":"","overlay-gradient":""},"mobile":{"background-color":"","background-image":"","background-repeat":"repeat","background-position":"center center","background-size":"auto","background-attachment":"scroll","background-type":"","background-media":"","overlay-type":"","overlay-color":"","overlay-opacity":"","overlay-gradient":""}},"ast-content-background-meta":{"desktop":{"background-color":"var(--ast-global-color-5)","background-image":"","background-repeat":"repeat","background-position":"center center","background-size":"auto","background-attachment":"scroll","background-type":"","background-media":"","overlay-type":"","overlay-color":"","overlay-opacity":"","overlay-gradient":""},"tablet":{"background-color":"var(--ast-global-color-5)","background-image":"","background-repeat":"repeat","background-position":"center center","background-size":"auto","background-attachment":"scroll","background-type":"","background-media":"","overlay-type":"","overlay-color":"","overlay-opacity":"","overlay-gradient":""},"mobile":{"background-color":"var(--ast-global-color-5)","background-image":"","background-repeat":"repeat","background-position":"center center","background-size":"auto","background-attachment":"scroll","background-type":"","background-media":"","overlay-type":"","overlay-color":"","overlay-opacity":"","overlay-gradient":""}}},"product_brand":[],"product_cat":[990],"product_tag":[],"class_list":{"0":"post-26983","1":"product","2":"type-product","3":"status-publish","4":"has-post-thumbnail","6":"product_cat-toys-childrens-and-baby-products","7":"pa_19820_t8pe2ok3-bla","8":"pa_19820_t8pe2ok3-rosa","9":"desktop-align-left","10":"tablet-align-left","11":"mobile-align-left","13":"first","14":"instock","15":"shipping-taxable","16":"purchasable","17":"product-type-variable"},"_links":{"self":[{"href":"https:\/\/keluvo.com\/se\/wp-json\/wp\/v2\/product\/26983","targetHints":{"allow":["GET"]}}],"collection":[{"href":"https:\/\/keluvo.com\/se\/wp-json\/wp\/v2\/product"}],"about":[{"href":"https:\/\/keluvo.com\/se\/wp-json\/wp\/v2\/types\/product"}],"replies":[{"embeddable":true,"href":"https:\/\/keluvo.com\/se\/wp-json\/wp\/v2\/comments?post=26983"}],"wp:featuredmedia":[{"embeddable":true,"href":"https:\/\/keluvo.com\/se\/wp-json\/wp\/v2\/media\/26979"}],"wp:attachment":[{"href":"https:\/\/keluvo.com\/se\/wp-json\/wp\/v2\/media?parent=26983"}],"wp:term":[{"taxonomy":"product_brand","embeddable":true,"href":"https:\/\/keluvo.com\/se\/wp-json\/wp\/v2\/product_brand?post=26983"},{"taxonomy":"product_cat","embeddable":true,"href":"https:\/\/keluvo.com\/se\/wp-json\/wp\/v2\/product_cat?post=26983"},{"taxonomy":"product_tag","embeddable":true,"href":"https:\/\/keluvo.com\/se\/wp-json\/wp\/v2\/product_tag?post=26983"}],"curies":[{"name":"wp","href":"https:\/\/api.w.org\/{rel}","templated":true}]}}