{"id":26974,"date":"2025-09-10T12:34:51","date_gmt":"2025-09-10T09:34:51","guid":{"rendered":"https:\/\/keluvo.com\/se\/product\/spel-med-studsande-bollar\/"},"modified":"2025-09-10T12:34:51","modified_gmt":"2025-09-10T09:34:51","slug":"spel-med-studsande-bollar","status":"publish","type":"product","link":"https:\/\/keluvo.com\/se\/product\/spel-med-studsande-bollar\/","title":{"rendered":"Spel med studsande bollar"},"content":{"rendered":"<p style=\"text-align: center\"><strong>\ud83d\udfe1 Ett Roligt Och Sp\u00e4nnande Bordsspel Som Ger Gl\u00e4dje Till B\u00e5de Barn Och Vuxna \ud83d\udd35<\/strong><\/p>\n<p style=\"text-align: center\">Bolla, spela och ha kul! <span style=\"font-weight: 400\">Det h\u00e4r spelet \u00e4r perfekt f\u00f6r familjesammankomster, fester eller bara en rolig stund hemma. Det hj\u00e4lper till att f\u00f6rb\u00e4ttra hand-\u00f6ga-koordination och strategiskt t\u00e4nkande samtidigt som det underh\u00e5ller alla.<\/span><\/p>\n<p><img decoding=\"async\" class=\"size-full wp-image-14979 aligncenter\" src=\"https:\/\/keluvo.com\/template\/wp-content\/uploads\/sites\/5\/2025\/04\/bouncingballgame-ezgif.com-video-to-webp-converter.webp\" alt=\"\" \/><\/p>\n<h2 style=\"text-align: center\">F\u00f6rb\u00e4ttrar Hand-\u00d6ga-Koordination Och Fokus<span style=\"font-weight: 400\"><br \/>\n<\/span><\/h2>\n<p><span style=\"font-weight: 400\">\u2714 Uppmuntrar strategiskt t\u00e4nkande och lagarbete<\/span><span style=\"font-weight: 400\"><br \/>\n<\/span><\/p>\n<p><span style=\"font-weight: 400\">\u2714 L\u00e4mpligt f\u00f6r 2 till 4 spelare<\/span><span style=\"font-weight: 400\"><br \/>\n<\/span><\/p>\n<p><span style=\"font-weight: 400\">\u2714 L\u00e4tt att l\u00e4ra sig och spela<\/span><span style=\"font-weight: 400\"><br \/>\n<\/span><\/p>\n<p><span style=\"font-weight: 400\">\u2714 Perfekt f\u00f6r alla \u00e5ldrar<\/span><\/p>\n<p><img decoding=\"async\" class=\"size-full wp-image-14977 aligncenter\" src=\"https:\/\/keluvo.com\/template\/wp-content\/uploads\/sites\/5\/2025\/04\/main-image-8-1.webp\" alt=\"\" \/><\/p>\n<h2 style=\"text-align: center\">S\u00e5 H\u00e4r Spelar Du<\/h2>\n<p style=\"text-align: center\"><span style=\"font-weight: 400\">Dela in i tv\u00e5 lag baserat p\u00e5 bollf\u00e4rg. Dra ett utmaningskort och f\u00f6rs\u00f6k att studsa dina bollar in i spelplanen f\u00f6r att matcha m\u00f6nstret p\u00e5 kortet. Det f\u00f6rsta laget som f\u00e5r ihop m\u00f6nstret vinner kortet. Det lag som har flest kort i slutet vinner spelet.<\/span><\/p>\n<h2 style=\"text-align: center\">Vad Du F\u00e5r<\/h2>\n<p style=\"text-align: center\"><span style=\"font-weight: 400\">N\u00e4r du k\u00f6per den h\u00e4r produkten f\u00e5r du:<\/span><\/p>\n<ul>\n<li style=\"font-weight: 400\"><span style=\"font-weight: 400\">1x spelbr\u00e4da<\/span><span style=\"font-weight: 400\"><br \/>\n<\/span><\/li>\n<li style=\"font-weight: 400\"><span style=\"font-weight: 400\">16x studsbollar (8 gula, 8 bl\u00e5)<\/span><span style=\"font-weight: 400\"><br \/>\n<\/span><\/li>\n<li style=\"font-weight: 400\"><span style=\"font-weight: 400\">9x utmaningskort<\/span><span style=\"font-weight: 400\"><br \/>\n<\/span><\/li>\n<li style=\"font-weight: 400\"><span style=\"font-weight: 400\">4x bollh\u00e5llare.<\/span><\/li>\n<\/ul>\n","protected":false},"excerpt":{"rendered":"<p>\ud83d\udfe1 Ett Roligt Och Sp\u00e4nnande Bordsspel Som Ger Gl\u00e4dje Till B\u00e5de Barn Och Vuxna \ud83d\udd35 Bolla, spela och ha kul! [&hellip;]<\/p>\n","protected":false},"featured_media":26970,"comment_status":"open","ping_status":"closed","template":"","meta":{"site-sidebar-layout":"default","site-content-layout":"","ast-site-content-layout":"default","site-content-style":"default","site-sidebar-style":"default","ast-global-header-display":"","ast-banner-title-visibility":"","ast-main-header-display":"","ast-hfb-above-header-display":"","ast-hfb-below-header-display":"","ast-hfb-mobile-header-display":"","site-post-title":"","ast-breadcrumbs-content":"","ast-featured-img":"","footer-sml-layout":"","theme-transparent-header-meta":"default","adv-header-id-meta":"","stick-header-meta":"","header-above-stick-meta":"","header-main-stick-meta":"","header-below-stick-meta":"","astra-migrate-meta-layouts":"set","ast-page-background-enabled":"default","ast-page-background-meta":{"desktop":{"background-color":"var(--ast-global-color-4)","background-image":"","background-repeat":"repeat","background-position":"center center","background-size":"auto","background-attachment":"scroll","background-type":"","background-media":"","overlay-type":"","overlay-color":"","overlay-opacity":"","overlay-gradient":""},"tablet":{"background-color":"","background-image":"","background-repeat":"repeat","background-position":"center center","background-size":"auto","background-attachment":"scroll","background-type":"","background-media":"","overlay-type":"","overlay-color":"","overlay-opacity":"","overlay-gradient":""},"mobile":{"background-color":"","background-image":"","background-repeat":"repeat","background-position":"center center","background-size":"auto","background-attachment":"scroll","background-type":"","background-media":"","overlay-type":"","overlay-color":"","overlay-opacity":"","overlay-gradient":""}},"ast-content-background-meta":{"desktop":{"background-color":"var(--ast-global-color-5)","background-image":"","background-repeat":"repeat","background-position":"center center","background-size":"auto","background-attachment":"scroll","background-type":"","background-media":"","overlay-type":"","overlay-color":"","overlay-opacity":"","overlay-gradient":""},"tablet":{"background-color":"var(--ast-global-color-5)","background-image":"","background-repeat":"repeat","background-position":"center center","background-size":"auto","background-attachment":"scroll","background-type":"","background-media":"","overlay-type":"","overlay-color":"","overlay-opacity":"","overlay-gradient":""},"mobile":{"background-color":"var(--ast-global-color-5)","background-image":"","background-repeat":"repeat","background-position":"center center","background-size":"auto","background-attachment":"scroll","background-type":"","background-media":"","overlay-type":"","overlay-color":"","overlay-opacity":"","overlay-gradient":""}}},"product_brand":[],"product_cat":[990],"product_tag":[],"class_list":{"0":"post-26974","1":"product","2":"type-product","3":"status-publish","4":"has-post-thumbnail","6":"product_cat-toys-childrens-and-baby-products","7":"desktop-align-left","8":"tablet-align-left","9":"mobile-align-left","11":"first","12":"instock","13":"shipping-taxable","14":"purchasable","15":"product-type-simple"},"_links":{"self":[{"href":"https:\/\/keluvo.com\/se\/wp-json\/wp\/v2\/product\/26974","targetHints":{"allow":["GET"]}}],"collection":[{"href":"https:\/\/keluvo.com\/se\/wp-json\/wp\/v2\/product"}],"about":[{"href":"https:\/\/keluvo.com\/se\/wp-json\/wp\/v2\/types\/product"}],"replies":[{"embeddable":true,"href":"https:\/\/keluvo.com\/se\/wp-json\/wp\/v2\/comments?post=26974"}],"wp:featuredmedia":[{"embeddable":true,"href":"https:\/\/keluvo.com\/se\/wp-json\/wp\/v2\/media\/26970"}],"wp:attachment":[{"href":"https:\/\/keluvo.com\/se\/wp-json\/wp\/v2\/media?parent=26974"}],"wp:term":[{"taxonomy":"product_brand","embeddable":true,"href":"https:\/\/keluvo.com\/se\/wp-json\/wp\/v2\/product_brand?post=26974"},{"taxonomy":"product_cat","embeddable":true,"href":"https:\/\/keluvo.com\/se\/wp-json\/wp\/v2\/product_cat?post=26974"},{"taxonomy":"product_tag","embeddable":true,"href":"https:\/\/keluvo.com\/se\/wp-json\/wp\/v2\/product_tag?post=26974"}],"curies":[{"name":"wp","href":"https:\/\/api.w.org\/{rel}","templated":true}]}}