{"id":26936,"date":"2025-09-10T12:33:23","date_gmt":"2025-09-10T09:33:23","guid":{"rendered":"https:\/\/keluvo.com\/se\/product\/glodande-boll\/"},"modified":"2025-09-10T12:33:33","modified_gmt":"2025-09-10T09:33:33","slug":"glodande-boll","status":"publish","type":"product","link":"https:\/\/keluvo.com\/se\/product\/glodande-boll\/","title":{"rendered":"Gl\u00f6dande boll"},"content":{"rendered":"<p style=\"text-align: center\"><strong>Ett F\u00e4rgglatt Och Vattent\u00e4tt S\u00e4tt Att Lysa Upp Ditt Utomhusutrymme \ud83d\udca1<\/strong><\/p>\n<p style=\"text-align: center\"><span style=\"font-weight: 400\">F\u00e5 din tr\u00e4dg\u00e5rd, uteplats eller fest att lysa med denna gl\u00f6dande ljuskula. Den \u00e4ndrar f\u00e4rg och \u00e4r l\u00e4tt att anv\u00e4nda. Perfekt f\u00f6r br\u00f6llop, helgdagar eller vardagsskoj.<\/span><\/p>\n<h2 style=\"text-align: center\"><img decoding=\"async\" class=\"size-full wp-image-15130 aligncenter\" src=\"https:\/\/keluvo.com\/template\/wp-content\/uploads\/sites\/5\/2025\/04\/be6da464-26a3-4598-b966-ca696e4b9b25.webp\" alt=\"\" \/>Huvudf\u00f6rdelar<\/h2>\n<p><span style=\"font-weight: 400\">16 f\u00e4rger att v\u00e4lja mellan<\/span><\/p>\n<p><span style=\"font-weight: 400\">4 belysningsl\u00e4gen: blixt, strobe, blekning och j\u00e4mn<\/span><\/p>\n<p><span style=\"font-weight: 400\">Vararar i 8-10 timmar efter laddning<\/span><\/p>\n<p><span style=\"font-weight: 400\">Vattent\u00e4t och s\u00e4ker f\u00f6r utomhusbruk<\/span><\/p>\n<p><span style=\"font-weight: 400\">Fj\u00e4rrkontroll f\u00f6r enkla f\u00e4rgbyten<\/span><\/p>\n<h2 style=\"text-align: center\"><img decoding=\"async\" class=\"size-full wp-image-15131 aligncenter\" src=\"https:\/\/keluvo.com\/template\/wp-content\/uploads\/sites\/5\/2025\/04\/e022b739-58f8-4c90-ace3-7b9758815c60.webp\" alt=\"\" \/>Paketet Inneh\u00e5ller<\/h2>\n<ul>\n<li><span style=\"font-weight: 400\">1x gl\u00f6dande bollbelysning (v\u00e4lj mellan storlekarna 10 cm till 25 cm)<\/span><\/li>\n<li><span style=\"font-weight: 400\">1x USB-laddningskabel<\/span><\/li>\n<li><span style=\"font-weight: 400\">1x fj\u00e4rrkontroll.<\/span><\/li>\n<\/ul>\n<p><img decoding=\"async\" class=\"size-full wp-image-15132 aligncenter\" src=\"https:\/\/keluvo.com\/template\/wp-content\/uploads\/sites\/5\/2025\/04\/f37de792-8354-4f9f-9846-38b69adc8184.webp\" alt=\"\" \/><\/p>\n<h2 style=\"text-align: center\">Anv\u00e4ndning<\/h2>\n<p style=\"text-align: center\"><span style=\"font-weight: 400\">Ladda bollen med USB-kabeln i ca 6 timmar. Anv\u00e4nd fj\u00e4rrkontrollen f\u00f6r att v\u00e4lja din favoritf\u00e4rg eller ditt favoritl\u00e4ge. Placera den var som helst utomhus f\u00f6r att njuta av skenet.<\/span><\/p>\n<p style=\"text-align: center\"><b>Observera:<\/b><\/p>\n<p style=\"text-align: center\"><span style=\"font-weight: 400\">Ljuset har ett inbyggt batteri. Den \u00e4r vattent\u00e4t (IP65), men s\u00e4nk inte ner den i vatten.<\/span><\/p>\n<p style=\"text-align: center\"><span style=\"font-weight: 400\">L\u00e4gg till en magisk touch till ditt utomhusutrymme med den gl\u00f6dande tr\u00e4dg\u00e5rdslampan.<\/span><\/p>\n","protected":false},"excerpt":{"rendered":"<p>Ett F\u00e4rgglatt Och Vattent\u00e4tt S\u00e4tt Att Lysa Upp Ditt Utomhusutrymme \ud83d\udca1 F\u00e5 din tr\u00e4dg\u00e5rd, uteplats eller fest att lysa med [&hellip;]<\/p>\n","protected":false},"featured_media":26932,"comment_status":"open","ping_status":"closed","template":"","meta":{"site-sidebar-layout":"default","site-content-layout":"","ast-site-content-layout":"default","site-content-style":"default","site-sidebar-style":"default","ast-global-header-display":"","ast-banner-title-visibility":"","ast-main-header-display":"","ast-hfb-above-header-display":"","ast-hfb-below-header-display":"","ast-hfb-mobile-header-display":"","site-post-title":"","ast-breadcrumbs-content":"","ast-featured-img":"","footer-sml-layout":"","theme-transparent-header-meta":"default","adv-header-id-meta":"","stick-header-meta":"","header-above-stick-meta":"","header-main-stick-meta":"","header-below-stick-meta":"","astra-migrate-meta-layouts":"set","ast-page-background-enabled":"default","ast-page-background-meta":{"desktop":{"background-color":"var(--ast-global-color-4)","background-image":"","background-repeat":"repeat","background-position":"center center","background-size":"auto","background-attachment":"scroll","background-type":"","background-media":"","overlay-type":"","overlay-color":"","overlay-opacity":"","overlay-gradient":""},"tablet":{"background-color":"","background-image":"","background-repeat":"repeat","background-position":"center center","background-size":"auto","background-attachment":"scroll","background-type":"","background-media":"","overlay-type":"","overlay-color":"","overlay-opacity":"","overlay-gradient":""},"mobile":{"background-color":"","background-image":"","background-repeat":"repeat","background-position":"center center","background-size":"auto","background-attachment":"scroll","background-type":"","background-media":"","overlay-type":"","overlay-color":"","overlay-opacity":"","overlay-gradient":""}},"ast-content-background-meta":{"desktop":{"background-color":"var(--ast-global-color-5)","background-image":"","background-repeat":"repeat","background-position":"center center","background-size":"auto","background-attachment":"scroll","background-type":"","background-media":"","overlay-type":"","overlay-color":"","overlay-opacity":"","overlay-gradient":""},"tablet":{"background-color":"var(--ast-global-color-5)","background-image":"","background-repeat":"repeat","background-position":"center center","background-size":"auto","background-attachment":"scroll","background-type":"","background-media":"","overlay-type":"","overlay-color":"","overlay-opacity":"","overlay-gradient":""},"mobile":{"background-color":"var(--ast-global-color-5)","background-image":"","background-repeat":"repeat","background-position":"center center","background-size":"auto","background-attachment":"scroll","background-type":"","background-media":"","overlay-type":"","overlay-color":"","overlay-opacity":"","overlay-gradient":""}}},"product_brand":[],"product_cat":[15],"product_tag":[],"class_list":{"0":"post-26936","1":"product","2":"type-product","3":"status-publish","4":"has-post-thumbnail","6":"product_cat-uncategorized","7":"pa_31412_gmzbcyl1-12-cm","8":"pa_31412_gmzbcyl1-15-cm","9":"pa_31412_gmzbcyl1-20-cm","10":"pa_31412_gmzbcyl1-25-cm","11":"desktop-align-left","12":"tablet-align-left","13":"mobile-align-left","15":"first","16":"instock","17":"shipping-taxable","18":"purchasable","19":"product-type-variable"},"_links":{"self":[{"href":"https:\/\/keluvo.com\/se\/wp-json\/wp\/v2\/product\/26936","targetHints":{"allow":["GET"]}}],"collection":[{"href":"https:\/\/keluvo.com\/se\/wp-json\/wp\/v2\/product"}],"about":[{"href":"https:\/\/keluvo.com\/se\/wp-json\/wp\/v2\/types\/product"}],"replies":[{"embeddable":true,"href":"https:\/\/keluvo.com\/se\/wp-json\/wp\/v2\/comments?post=26936"}],"wp:featuredmedia":[{"embeddable":true,"href":"https:\/\/keluvo.com\/se\/wp-json\/wp\/v2\/media\/26932"}],"wp:attachment":[{"href":"https:\/\/keluvo.com\/se\/wp-json\/wp\/v2\/media?parent=26936"}],"wp:term":[{"taxonomy":"product_brand","embeddable":true,"href":"https:\/\/keluvo.com\/se\/wp-json\/wp\/v2\/product_brand?post=26936"},{"taxonomy":"product_cat","embeddable":true,"href":"https:\/\/keluvo.com\/se\/wp-json\/wp\/v2\/product_cat?post=26936"},{"taxonomy":"product_tag","embeddable":true,"href":"https:\/\/keluvo.com\/se\/wp-json\/wp\/v2\/product_tag?post=26936"}],"curies":[{"name":"wp","href":"https:\/\/api.w.org\/{rel}","templated":true}]}}