{"id":26890,"date":"2025-09-10T12:31:40","date_gmt":"2025-09-10T09:31:40","guid":{"rendered":"https:\/\/keluvo.com\/se\/product\/fotfil\/"},"modified":"2025-09-11T18:17:08","modified_gmt":"2025-09-11T15:17:08","slug":"fotfil","status":"publish","type":"product","link":"https:\/\/keluvo.com\/se\/product\/fotfil\/","title":{"rendered":"Fotfil"},"content":{"rendered":"<p style=\"text-align: center\"><strong>G\u00f6r Dina F\u00f6tter Mjuka Och Lena Med Denna L\u00e4ttanv\u00e4nda Fotfil \ud83e\uddb6<\/strong><\/p>\n<p style=\"text-align: center\"><span style=\"font-weight: 400\">Den h\u00e4r fotfilen \u00e4r ett enkelt och effektivt s\u00e4tt att ta hand om dina f\u00f6tter. Den \u00e4r l\u00e4tt att anv\u00e4nda och hj\u00e4lper till att h\u00e5lla dina f\u00f6tter fr\u00e4scha. Skaffa din idag och njut av mjuka, friska f\u00f6tter.<\/span><\/p>\n<h2 style=\"text-align: center\"><img decoding=\"async\" class=\"size-full wp-image-14912 aligncenter\" src=\"https:\/\/keluvo.com\/template\/wp-content\/uploads\/sites\/5\/2025\/04\/66afcff4-270d-49ad-ad50-6b74f6f3d2cf.webp\" alt=\"\" \/>Huvudf\u00f6rdelar<\/h2>\n<p><span style=\"font-weight: 400\">Tar bort tjocka f\u00f6rh\u00e5rdnader och grov hud<\/span><span style=\"font-weight: 400\"><br \/>\n<\/span><\/p>\n<p><span style=\"font-weight: 400\">F\u00e5r f\u00f6tterna att k\u00e4nnas mjuka och lena<\/span><span style=\"font-weight: 400\"><br \/>\n<\/span><\/p>\n<p><span style=\"font-weight: 400\">L\u00e4tt att anv\u00e4nda hemma<\/span><\/p>\n<h2 style=\"text-align: center\"><span style=\"font-weight: 400\"><br \/>\n<img decoding=\"async\" class=\"size-full wp-image-14913 aligncenter\" src=\"https:\/\/keluvo.com\/template\/wp-content\/uploads\/sites\/5\/2025\/04\/531c33df-c625-4cd7-b5b2-c33e415bfa52.webp\" alt=\"\" \/><\/span>Nyckelfunktioner<\/h2>\n<ul>\n<li style=\"font-weight: 400\"><span style=\"font-weight: 400\">Tillverkad av starkt 304 rostfritt st\u00e5l<\/span><span style=\"font-weight: 400\"><br \/>\n<\/span><\/li>\n<li style=\"font-weight: 400\"><span style=\"font-weight: 400\">\u00d6ver 200 sm\u00e5 blad f\u00f6r effektiv reng\u00f6ring<\/span><span style=\"font-weight: 400\"><br \/>\n<\/span><\/li>\n<li style=\"font-weight: 400\"><span style=\"font-weight: 400\">Inbyggd uppsamlare samlar d\u00f6d hud<\/span><span style=\"font-weight: 400\"><br \/>\n<\/span><\/li>\n<li style=\"font-weight: 400\"><span style=\"font-weight: 400\">Komfortabelt handtag f\u00f6r enkelt grepp<\/span><\/li>\n<li style=\"font-weight: 400\">Kan anv\u00e4ndas p\u00e5 v\u00e5ta eller torra f\u00f6tter<\/li>\n<\/ul>\n<p><span style=\"font-weight: 400\"><span style=\"font-weight: 400\"><img decoding=\"async\" class=\"size-full wp-image-14914 aligncenter\" src=\"https:\/\/keluvo.com\/template\/wp-content\/uploads\/sites\/5\/2025\/04\/a98c1937-1a2a-4013-9bd4-fb0e29a88464.webp\" alt=\"\" \/><\/span><\/span><\/p>\n<h2 style=\"text-align: center\">Specifikationer<\/h2>\n<ul>\n<li style=\"font-weight: 400\"><span style=\"font-weight: 400\">Storlek: 20,5 cm x 5,5 cm<\/span><span style=\"font-weight: 400\"><br \/>\n<\/span><\/li>\n<li style=\"font-weight: 400\"><span style=\"font-weight: 400\">Vikt: 60 gram<\/span><\/li>\n<li style=\"font-weight: 400\">Material: 304 rostfritt st\u00e5l och ps plast\u200b<\/li>\n<\/ul>\n<h2 style=\"text-align: center\"><span style=\"font-weight: 400\">Vad Du F\u00e5r<\/span><\/h2>\n<p style=\"text-align: center\"><span style=\"font-weight: 400\">N\u00e4r du k\u00f6per den h\u00e4r produkten f\u00e5r du:\u200b<\/span><\/p>\n<ul>\n<li><span style=\"font-weight: 400\">1x fotfil i rostfritt st\u00e5l\u200b<\/span><span style=\"font-weight: 400\">.<br \/>\n<img decoding=\"async\" class=\"size-full wp-image-14916 aligncenter\" src=\"https:\/\/keluvo.com\/template\/wp-content\/uploads\/sites\/5\/2025\/04\/dcf9ea34-fee9-449f-8103-4a69feeb8a04.webp\" alt=\"\" \/><br \/>\n<\/span><\/li>\n<\/ul>\n","protected":false},"excerpt":{"rendered":"<p>G\u00f6r Dina F\u00f6tter Mjuka Och Lena Med Denna L\u00e4ttanv\u00e4nda Fotfil \ud83e\uddb6 Den h\u00e4r fotfilen \u00e4r ett enkelt och effektivt s\u00e4tt [&hellip;]<\/p>\n","protected":false},"featured_media":26886,"comment_status":"open","ping_status":"closed","template":"","meta":{"site-sidebar-layout":"default","site-content-layout":"","ast-site-content-layout":"default","site-content-style":"default","site-sidebar-style":"default","ast-global-header-display":"","ast-banner-title-visibility":"","ast-main-header-display":"","ast-hfb-above-header-display":"","ast-hfb-below-header-display":"","ast-hfb-mobile-header-display":"","site-post-title":"","ast-breadcrumbs-content":"","ast-featured-img":"","footer-sml-layout":"","theme-transparent-header-meta":"default","adv-header-id-meta":"","stick-header-meta":"","header-above-stick-meta":"","header-main-stick-meta":"","header-below-stick-meta":"","astra-migrate-meta-layouts":"set","ast-page-background-enabled":"default","ast-page-background-meta":{"desktop":{"background-color":"var(--ast-global-color-4)","background-image":"","background-repeat":"repeat","background-position":"center center","background-size":"auto","background-attachment":"scroll","background-type":"","background-media":"","overlay-type":"","overlay-color":"","overlay-opacity":"","overlay-gradient":""},"tablet":{"background-color":"","background-image":"","background-repeat":"repeat","background-position":"center center","background-size":"auto","background-attachment":"scroll","background-type":"","background-media":"","overlay-type":"","overlay-color":"","overlay-opacity":"","overlay-gradient":""},"mobile":{"background-color":"","background-image":"","background-repeat":"repeat","background-position":"center center","background-size":"auto","background-attachment":"scroll","background-type":"","background-media":"","overlay-type":"","overlay-color":"","overlay-opacity":"","overlay-gradient":""}},"ast-content-background-meta":{"desktop":{"background-color":"var(--ast-global-color-5)","background-image":"","background-repeat":"repeat","background-position":"center center","background-size":"auto","background-attachment":"scroll","background-type":"","background-media":"","overlay-type":"","overlay-color":"","overlay-opacity":"","overlay-gradient":""},"tablet":{"background-color":"var(--ast-global-color-5)","background-image":"","background-repeat":"repeat","background-position":"center center","background-size":"auto","background-attachment":"scroll","background-type":"","background-media":"","overlay-type":"","overlay-color":"","overlay-opacity":"","overlay-gradient":""},"mobile":{"background-color":"var(--ast-global-color-5)","background-image":"","background-repeat":"repeat","background-position":"center center","background-size":"auto","background-attachment":"scroll","background-type":"","background-media":"","overlay-type":"","overlay-color":"","overlay-opacity":"","overlay-gradient":""}}},"product_brand":[],"product_cat":[992],"product_tag":[],"class_list":{"0":"post-26890","1":"product","2":"type-product","3":"status-publish","4":"has-post-thumbnail","6":"product_cat-beauty-and-hygiene-products","7":"pa_35257_xoykcuwq-svart","8":"pa_35257_xoykcuwq-vit","9":"desktop-align-left","10":"tablet-align-left","11":"mobile-align-left","13":"first","14":"instock","15":"shipping-taxable","16":"purchasable","17":"product-type-variable"},"_links":{"self":[{"href":"https:\/\/keluvo.com\/se\/wp-json\/wp\/v2\/product\/26890","targetHints":{"allow":["GET"]}}],"collection":[{"href":"https:\/\/keluvo.com\/se\/wp-json\/wp\/v2\/product"}],"about":[{"href":"https:\/\/keluvo.com\/se\/wp-json\/wp\/v2\/types\/product"}],"replies":[{"embeddable":true,"href":"https:\/\/keluvo.com\/se\/wp-json\/wp\/v2\/comments?post=26890"}],"wp:featuredmedia":[{"embeddable":true,"href":"https:\/\/keluvo.com\/se\/wp-json\/wp\/v2\/media\/26886"}],"wp:attachment":[{"href":"https:\/\/keluvo.com\/se\/wp-json\/wp\/v2\/media?parent=26890"}],"wp:term":[{"taxonomy":"product_brand","embeddable":true,"href":"https:\/\/keluvo.com\/se\/wp-json\/wp\/v2\/product_brand?post=26890"},{"taxonomy":"product_cat","embeddable":true,"href":"https:\/\/keluvo.com\/se\/wp-json\/wp\/v2\/product_cat?post=26890"},{"taxonomy":"product_tag","embeddable":true,"href":"https:\/\/keluvo.com\/se\/wp-json\/wp\/v2\/product_tag?post=26890"}],"curies":[{"name":"wp","href":"https:\/\/api.w.org\/{rel}","templated":true}]}}