{"id":26875,"date":"2025-09-10T12:30:57","date_gmt":"2025-09-10T09:30:57","guid":{"rendered":"https:\/\/keluvo.com\/se\/product\/fjarrstyrt-flygplan\/"},"modified":"2025-09-11T18:15:44","modified_gmt":"2025-09-11T15:15:44","slug":"fjarrstyrt-flygplan","status":"publish","type":"product","link":"https:\/\/keluvo.com\/se\/product\/fjarrstyrt-flygplan\/","title":{"rendered":"Fj\u00e4rrstyrt flygplan"},"content":{"rendered":"<p style=\"text-align: center\"><strong>Flyg h\u00f6gt och ha kul med det h\u00e4r l\u00e4ttanv\u00e4nda fj\u00e4rrstyrda flygplanet \u2708<\/strong><\/p>\n<p style=\"text-align: center\"><span style=\"font-weight: 400\">Det h\u00e4r fj\u00e4rrstyrda flygplanet \u00e4r perfekt f\u00f6r alla som vill njuta av att flyga. Det \u00e4r enkelt att anv\u00e4nda, h\u00e5llbart och ger timmar av skoj. Skaffa ditt idag och ta dig upp i skyn.<\/span><\/p>\n<p><img decoding=\"async\" class=\"size-full wp-image-14923 aligncenter\" src=\"https:\/\/keluvo.com\/template\/wp-content\/uploads\/sites\/5\/2025\/04\/NregQ13vIfDpTP9yrOi0-Trim-ezgif.com-video-to-webp-converter.webp\" alt=\"\" \/><\/p>\n<h2 style=\"text-align: center\">Huvudf\u00f6rdelar<\/h2>\n<p><span style=\"font-weight: 400\">Klart att flyga ur l\u00e5dan<\/span><span style=\"font-weight: 400\"><br \/>\n<\/span><\/p>\n<p><span style=\"font-weight: 400\">L\u00e4tt och stark design<\/span><span style=\"font-weight: 400\"><br \/>\n<\/span><\/p>\n<p><span style=\"font-weight: 400\">L\u00e4tt att styra, \u00e4ven f\u00f6r nyb\u00f6rjare<\/span><\/p>\n<p>Roligt f\u00f6r barn och vuxna\u200b<\/p>\n<p style=\"text-align: center\"><span style=\"font-weight: 400\"><img decoding=\"async\" class=\"size-full wp-image-14929 aligncenter\" src=\"https:\/\/keluvo.com\/template\/wp-content\/uploads\/sites\/5\/2025\/04\/e86870d9-651c-4dd4-8ff7-bba191da1300.jpg\" alt=\"\" \/><b><\/b><\/span><\/p>\n<h2 style=\"text-align: center\"><span style=\"font-weight: 400\">Nyckelfunktioner<br \/>\n<\/span><\/h2>\n<ul>\n<li style=\"font-weight: 400\"><span style=\"font-weight: 400\">Tillverkad av h\u00e5llbart epp-skum<\/span><span style=\"font-weight: 400\"><br \/>\n<\/span><\/li>\n<li style=\"font-weight: 400\"><span style=\"font-weight: 400\">Imiterar det klassiska su-35 stridsflygplanet<\/span><span style=\"font-weight: 400\"><br \/>\n<\/span><\/li>\n<li style=\"font-weight: 400\"><span style=\"font-weight: 400\">2,4ghz fj\u00e4rrkontroll med 2 kanaler<\/span><span style=\"font-weight: 400\"><br \/>\n<\/span><\/li>\n<li style=\"font-weight: 400\"><span style=\"font-weight: 400\">Kan flyga upp, ner, v\u00e4nster och h\u00f6ger<\/span><span style=\"font-weight: 400\"><br \/>\n<\/span><\/li>\n<li style=\"font-weight: 400\"><span style=\"font-weight: 400\">Kraftfull motor f\u00f6r enkel start<\/span><\/li>\n<li style=\"font-weight: 400\">F\u00e4rgalternativ: gul, bl\u00e5, r\u00f6d\u200b<\/li>\n<\/ul>\n<h2 style=\"text-align: center\"><span style=\"font-weight: 400\"><img decoding=\"async\" class=\"size-full wp-image-14930 aligncenter\" src=\"https:\/\/keluvo.com\/template\/wp-content\/uploads\/sites\/5\/2025\/04\/da525a7c-b8fb-48e0-a915-3049162d2675.webp\" alt=\"\" \/><\/span>Specifikationer<\/h2>\n<ul>\n<li style=\"font-weight: 400\"><span style=\"font-weight: 400\">Flygtid: ca 12-15 minuter<\/span><span style=\"font-weight: 400\"><br \/>\n<\/span><\/li>\n<li style=\"font-weight: 400\"><span style=\"font-weight: 400\">Laddningstid: ca 30-40 minuter<\/span><span style=\"font-weight: 400\"><br \/>\n<\/span><\/li>\n<li style=\"font-weight: 400\"><span style=\"font-weight: 400\">Flygbatteri: 3.7v litiumbatteri<\/span><span style=\"font-weight: 400\"><br \/>\n<\/span><\/li>\n<li style=\"font-weight: 400\"><span style=\"font-weight: 400\">Avst\u00e5nd till fj\u00e4rrkontroll: cirka 120 meter<\/span><span style=\"font-weight: 400\"><br \/>\n<\/span><\/li>\n<li style=\"font-weight: 400\"><span style=\"font-weight: 400\">Batteri f\u00f6r s\u00e4ndare: 2*aa-batterier (ing\u00e5r ej)<\/span><\/li>\n<li style=\"font-weight: 400\"><span style=\"font-weight: 400\">Sp\u00e4nnvidd: 290 mm\u00a0<\/span><\/li>\n<li style=\"font-weight: 400\"><span style=\"font-weight: 400\">L\u00e4ngd: 365 mm\u00a0<\/span><\/li>\n<li style=\"font-weight: 400\">H\u00f6jd: 95 mm<\/li>\n<\/ul>\n<h2 style=\"text-align: center\"><img fetchpriority=\"high\" decoding=\"async\" class=\"size-full wp-image-14932 aligncenter\" src=\"https:\/\/keluvo.com\/template\/wp-content\/uploads\/sites\/5\/2025\/04\/main-image-4-10.jpeg\" alt=\"\" width=\"1600\" height=\"1600\" \/>Paketet inneh\u00e5ller<\/h2>\n<p style=\"text-align: center\"><span style=\"font-weight: 400\">N\u00e4r du k\u00f6per den h\u00e4r produkten f\u00e5r du:<\/span><\/p>\n<ul>\n<li style=\"font-weight: 400\"><span style=\"font-weight: 400\">1x fj\u00e4rrstyrt flygplan<\/span><span style=\"font-weight: 400\"><br \/>\n<\/span><\/li>\n<li style=\"font-weight: 400\"><span style=\"font-weight: 400\">1x fj\u00e4rrkontroll<\/span><span style=\"font-weight: 400\"><br \/>\n<\/span><\/li>\n<li style=\"font-weight: 400\"><span style=\"font-weight: 400\">1x par propellrar<\/span><span style=\"font-weight: 400\"><br \/>\n<\/span><\/li>\n<li style=\"font-weight: 400\"><span style=\"font-weight: 400\">1x skumlim<\/span><span style=\"font-weight: 400\"><br \/>\n<\/span><\/li>\n<li style=\"font-weight: 400\"><span style=\"font-weight: 400\">1x USB-laddare<\/span><span style=\"font-weight: 400\"><br \/>\n<\/span><\/li>\n<li style=\"font-weight: 400\"><span style=\"font-weight: 400\">1x engelsk manual<\/span><\/li>\n<li style=\"font-weight: 400\"><span style=\"font-weight: 400\">1x upps\u00e4ttning med 2 f\u00e4rgglada led-lampor\u200b<\/span><\/li>\n<\/ul>\n<p style=\"text-align: center\">Allt du beh\u00f6ver f\u00f6r att b\u00f6rja flyga direkt.<\/p>\n<h2 style=\"text-align: center\"><\/h2>\n","protected":false},"excerpt":{"rendered":"<p>Flyg h\u00f6gt och ha kul med det h\u00e4r l\u00e4ttanv\u00e4nda fj\u00e4rrstyrda flygplanet \u2708 Det h\u00e4r fj\u00e4rrstyrda flygplanet \u00e4r perfekt f\u00f6r alla [&hellip;]<\/p>\n","protected":false},"featured_media":26871,"comment_status":"open","ping_status":"closed","template":"","meta":{"site-sidebar-layout":"default","site-content-layout":"","ast-site-content-layout":"default","site-content-style":"default","site-sidebar-style":"default","ast-global-header-display":"","ast-banner-title-visibility":"","ast-main-header-display":"","ast-hfb-above-header-display":"","ast-hfb-below-header-display":"","ast-hfb-mobile-header-display":"","site-post-title":"","ast-breadcrumbs-content":"","ast-featured-img":"","footer-sml-layout":"","theme-transparent-header-meta":"default","adv-header-id-meta":"","stick-header-meta":"","header-above-stick-meta":"","header-main-stick-meta":"","header-below-stick-meta":"","astra-migrate-meta-layouts":"set","ast-page-background-enabled":"default","ast-page-background-meta":{"desktop":{"background-color":"var(--ast-global-color-4)","background-image":"","background-repeat":"repeat","background-position":"center center","background-size":"auto","background-attachment":"scroll","background-type":"","background-media":"","overlay-type":"","overlay-color":"","overlay-opacity":"","overlay-gradient":""},"tablet":{"background-color":"","background-image":"","background-repeat":"repeat","background-position":"center center","background-size":"auto","background-attachment":"scroll","background-type":"","background-media":"","overlay-type":"","overlay-color":"","overlay-opacity":"","overlay-gradient":""},"mobile":{"background-color":"","background-image":"","background-repeat":"repeat","background-position":"center center","background-size":"auto","background-attachment":"scroll","background-type":"","background-media":"","overlay-type":"","overlay-color":"","overlay-opacity":"","overlay-gradient":""}},"ast-content-background-meta":{"desktop":{"background-color":"var(--ast-global-color-5)","background-image":"","background-repeat":"repeat","background-position":"center center","background-size":"auto","background-attachment":"scroll","background-type":"","background-media":"","overlay-type":"","overlay-color":"","overlay-opacity":"","overlay-gradient":""},"tablet":{"background-color":"var(--ast-global-color-5)","background-image":"","background-repeat":"repeat","background-position":"center center","background-size":"auto","background-attachment":"scroll","background-type":"","background-media":"","overlay-type":"","overlay-color":"","overlay-opacity":"","overlay-gradient":""},"mobile":{"background-color":"var(--ast-global-color-5)","background-image":"","background-repeat":"repeat","background-position":"center center","background-size":"auto","background-attachment":"scroll","background-type":"","background-media":"","overlay-type":"","overlay-color":"","overlay-opacity":"","overlay-gradient":""}}},"product_brand":[],"product_cat":[990],"product_tag":[],"class_list":{"0":"post-26875","1":"product","2":"type-product","3":"status-publish","4":"has-post-thumbnail","6":"product_cat-toys-childrens-and-baby-products","7":"pa_19270_o1dzufe8-bla","8":"pa_19270_o1dzufe8-gul","9":"pa_19270_o1dzufe8-rod","10":"desktop-align-left","11":"tablet-align-left","12":"mobile-align-left","14":"first","15":"instock","16":"shipping-taxable","17":"purchasable","18":"product-type-variable"},"_links":{"self":[{"href":"https:\/\/keluvo.com\/se\/wp-json\/wp\/v2\/product\/26875","targetHints":{"allow":["GET"]}}],"collection":[{"href":"https:\/\/keluvo.com\/se\/wp-json\/wp\/v2\/product"}],"about":[{"href":"https:\/\/keluvo.com\/se\/wp-json\/wp\/v2\/types\/product"}],"replies":[{"embeddable":true,"href":"https:\/\/keluvo.com\/se\/wp-json\/wp\/v2\/comments?post=26875"}],"wp:featuredmedia":[{"embeddable":true,"href":"https:\/\/keluvo.com\/se\/wp-json\/wp\/v2\/media\/26871"}],"wp:attachment":[{"href":"https:\/\/keluvo.com\/se\/wp-json\/wp\/v2\/media?parent=26875"}],"wp:term":[{"taxonomy":"product_brand","embeddable":true,"href":"https:\/\/keluvo.com\/se\/wp-json\/wp\/v2\/product_brand?post=26875"},{"taxonomy":"product_cat","embeddable":true,"href":"https:\/\/keluvo.com\/se\/wp-json\/wp\/v2\/product_cat?post=26875"},{"taxonomy":"product_tag","embeddable":true,"href":"https:\/\/keluvo.com\/se\/wp-json\/wp\/v2\/product_tag?post=26875"}],"curies":[{"name":"wp","href":"https:\/\/api.w.org\/{rel}","templated":true}]}}