{"id":26831,"date":"2025-09-10T12:28:50","date_gmt":"2025-09-10T09:28:50","guid":{"rendered":"https:\/\/keluvo.com\/se\/product\/forvaringspase-for-livsmedel\/"},"modified":"2025-09-11T18:12:41","modified_gmt":"2025-09-11T15:12:41","slug":"forvaringspase-for-livsmedel","status":"publish","type":"product","link":"https:\/\/keluvo.com\/se\/product\/forvaringspase-for-livsmedel\/","title":{"rendered":"F\u00f6rvaringsp\u00e5se f\u00f6r livsmedel"},"content":{"rendered":"<p style=\"text-align: center\"><strong>H\u00e5ll maten fr\u00e4sch och k\u00f6ket snyggt med den h\u00e4r praktiska matf\u00f6rvaringsp\u00e5sen<\/strong><\/p>\n<p style=\"text-align: center\"><span style=\"font-weight: 400\">Den h\u00e4r matf\u00f6rvaringsp\u00e5sen \u00e4r ett utm\u00e4rkt komplement till alla k\u00f6k. Den \u00e4r enkel att anv\u00e4nda, s\u00e4ker och hj\u00e4lper till att h\u00e5lla ordning p\u00e5 maten. Skaffa din idag och njut av ett renare och mer effektivt k\u00f6k.<\/span><\/p>\n<h2 style=\"text-align: center\"><img decoding=\"async\" class=\"size-full wp-image-14959 aligncenter\" src=\"https:\/\/keluvo.com\/template\/wp-content\/uploads\/sites\/5\/2025\/04\/3T9DwXFYH43GA4CqjTcC-Trim-ezgif.com-video-to-webp-converter.webp\" alt=\"\" \/>Huvudf\u00f6rdelar<\/h2>\n<ul>\n<li style=\"font-weight: 400\"><span style=\"font-weight: 400\">Tillverkad av s\u00e4ker, livsmedelsgodk\u00e4nd plast<\/span><span style=\"font-weight: 400\"><br \/>\n<\/span><\/li>\n<li style=\"font-weight: 400\"><span style=\"font-weight: 400\">Bpa-fri och h\u00e5llbar<\/span><span style=\"font-weight: 400\"><br \/>\n<\/span><\/li>\n<li style=\"font-weight: 400\"><span style=\"font-weight: 400\">L\u00e4tt att h\u00e4lla med snedst\u00e4lld mynningsdesign<\/span><span style=\"font-weight: 400\"><br \/>\n<\/span><\/li>\n<li style=\"font-weight: 400\"><span style=\"font-weight: 400\">B\u00e4rbart handtag f\u00f6r enkel transport<\/span><span style=\"font-weight: 400\"><br \/>\n<\/span><\/li>\n<li style=\"font-weight: 400\"><span style=\"font-weight: 400\">St\u00e5r uppr\u00e4tt f\u00f6r bekv\u00e4m f\u00f6rvaring<\/span><span style=\"font-weight: 400\"><br \/>\n<\/span><\/li>\n<li style=\"font-weight: 400\"><span style=\"font-weight: 400\">\u00c5teranv\u00e4ndbar och milj\u00f6v\u00e4nlig\u200b<\/span><span style=\"font-weight: 400\"><br \/>\n<\/span><\/li>\n<\/ul>\n<h2 style=\"text-align: center\"><img decoding=\"async\" class=\"size-full wp-image-15001 aligncenter\" src=\"https:\/\/keluvo.com\/template\/wp-content\/uploads\/sites\/5\/2025\/04\/main-image-6-8.jpeg\" alt=\"\" \/>Nyckelfunktioner<\/h2>\n<ul>\n<li style=\"font-weight: 400\"><span style=\"font-weight: 400\">Transparent material f\u00f6r att enkelt se inneh\u00e5llet<\/span><span style=\"font-weight: 400\"><br \/>\n<\/span><\/li>\n<li style=\"font-weight: 400\"><span style=\"font-weight: 400\">Bred och f\u00f6rtjockad botten f\u00f6r stabilitet<\/span><span style=\"font-weight: 400\"><br \/>\n<\/span><\/li>\n<li style=\"font-weight: 400\"><span style=\"font-weight: 400\">L\u00e4mplig f\u00f6r f\u00f6rvaring av snacks, kryddor, fullkorn med mera\u200b<\/span><span style=\"font-weight: 400\"><br \/>\n<\/span><\/li>\n<\/ul>\n<h2 style=\"text-align: center\"><img decoding=\"async\" class=\"size-full wp-image-15002 aligncenter\" src=\"https:\/\/keluvo.com\/template\/wp-content\/uploads\/sites\/5\/2025\/04\/main-image-4-12.jpeg\" alt=\"\" \/>F\u00f6rpackningen Inneh\u00e5ller<\/h2>\n<ul>\n<li><span style=\"font-weight: 400\">1x \u00e5teranv\u00e4ndbar matf\u00f6rvaringsp\u00e5se\u200b<\/span><\/li>\n<\/ul>\n<p style=\"text-align: center\"><span style=\"font-weight: 400\">V\u00e4lj den storlek som passar dina behov:\u200b<\/span><\/p>\n<ul>\n<li style=\"font-weight: 400\"><span style=\"font-weight: 400\">Liten: 10 x 16 cm<\/span><span style=\"font-weight: 400\"><br \/>\n<\/span><\/li>\n<li style=\"font-weight: 400\"><span style=\"font-weight: 400\">Medium: 14 x 20 cm<\/span><span style=\"font-weight: 400\"><br \/>\n<\/span><\/li>\n<li style=\"font-weight: 400\"><span style=\"font-weight: 400\">Stor: 25 x 23 cm<\/span><\/li>\n<\/ul>\n<p style=\"text-align: center\"><span style=\"font-weight: 400\">Den h\u00e4r p\u00e5sen \u00e4r perfekt f\u00f6r f\u00f6rvaring av snacks, spannm\u00e5l och mycket mer.\u200b<\/span><\/p>\n","protected":false},"excerpt":{"rendered":"<p>H\u00e5ll maten fr\u00e4sch och k\u00f6ket snyggt med den h\u00e4r praktiska matf\u00f6rvaringsp\u00e5sen Den h\u00e4r matf\u00f6rvaringsp\u00e5sen \u00e4r ett utm\u00e4rkt komplement till alla [&hellip;]<\/p>\n","protected":false},"featured_media":26827,"comment_status":"open","ping_status":"closed","template":"","meta":{"site-sidebar-layout":"default","site-content-layout":"","ast-site-content-layout":"default","site-content-style":"default","site-sidebar-style":"default","ast-global-header-display":"","ast-banner-title-visibility":"","ast-main-header-display":"","ast-hfb-above-header-display":"","ast-hfb-below-header-display":"","ast-hfb-mobile-header-display":"","site-post-title":"","ast-breadcrumbs-content":"","ast-featured-img":"","footer-sml-layout":"","theme-transparent-header-meta":"default","adv-header-id-meta":"","stick-header-meta":"","header-above-stick-meta":"","header-main-stick-meta":"","header-below-stick-meta":"","astra-migrate-meta-layouts":"set","ast-page-background-enabled":"default","ast-page-background-meta":{"desktop":{"background-color":"var(--ast-global-color-4)","background-image":"","background-repeat":"repeat","background-position":"center center","background-size":"auto","background-attachment":"scroll","background-type":"","background-media":"","overlay-type":"","overlay-color":"","overlay-opacity":"","overlay-gradient":""},"tablet":{"background-color":"","background-image":"","background-repeat":"repeat","background-position":"center center","background-size":"auto","background-attachment":"scroll","background-type":"","background-media":"","overlay-type":"","overlay-color":"","overlay-opacity":"","overlay-gradient":""},"mobile":{"background-color":"","background-image":"","background-repeat":"repeat","background-position":"center center","background-size":"auto","background-attachment":"scroll","background-type":"","background-media":"","overlay-type":"","overlay-color":"","overlay-opacity":"","overlay-gradient":""}},"ast-content-background-meta":{"desktop":{"background-color":"var(--ast-global-color-5)","background-image":"","background-repeat":"repeat","background-position":"center center","background-size":"auto","background-attachment":"scroll","background-type":"","background-media":"","overlay-type":"","overlay-color":"","overlay-opacity":"","overlay-gradient":""},"tablet":{"background-color":"var(--ast-global-color-5)","background-image":"","background-repeat":"repeat","background-position":"center center","background-size":"auto","background-attachment":"scroll","background-type":"","background-media":"","overlay-type":"","overlay-color":"","overlay-opacity":"","overlay-gradient":""},"mobile":{"background-color":"var(--ast-global-color-5)","background-image":"","background-repeat":"repeat","background-position":"center center","background-size":"auto","background-attachment":"scroll","background-type":"","background-media":"","overlay-type":"","overlay-color":"","overlay-opacity":"","overlay-gradient":""}}},"product_brand":[],"product_cat":[1001],"product_tag":[],"class_list":{"0":"post-26831","1":"product","2":"type-product","3":"status-publish","4":"has-post-thumbnail","6":"product_cat-household-goods","7":"pa_41187_1vbyniu7-1000g","8":"pa_41187_1vbyniu7-1500g","9":"pa_41187_1vbyniu7-500g","10":"pa_41187_87unbdlf-1-st","11":"pa_41187_87unbdlf-10-st","12":"pa_41187_87unbdlf-5-st","13":"desktop-align-left","14":"tablet-align-left","15":"mobile-align-left","17":"first","18":"instock","19":"shipping-taxable","20":"purchasable","21":"product-type-variable","22":"has-default-attributes"},"_links":{"self":[{"href":"https:\/\/keluvo.com\/se\/wp-json\/wp\/v2\/product\/26831","targetHints":{"allow":["GET"]}}],"collection":[{"href":"https:\/\/keluvo.com\/se\/wp-json\/wp\/v2\/product"}],"about":[{"href":"https:\/\/keluvo.com\/se\/wp-json\/wp\/v2\/types\/product"}],"replies":[{"embeddable":true,"href":"https:\/\/keluvo.com\/se\/wp-json\/wp\/v2\/comments?post=26831"}],"wp:featuredmedia":[{"embeddable":true,"href":"https:\/\/keluvo.com\/se\/wp-json\/wp\/v2\/media\/26827"}],"wp:attachment":[{"href":"https:\/\/keluvo.com\/se\/wp-json\/wp\/v2\/media?parent=26831"}],"wp:term":[{"taxonomy":"product_brand","embeddable":true,"href":"https:\/\/keluvo.com\/se\/wp-json\/wp\/v2\/product_brand?post=26831"},{"taxonomy":"product_cat","embeddable":true,"href":"https:\/\/keluvo.com\/se\/wp-json\/wp\/v2\/product_cat?post=26831"},{"taxonomy":"product_tag","embeddable":true,"href":"https:\/\/keluvo.com\/se\/wp-json\/wp\/v2\/product_tag?post=26831"}],"curies":[{"name":"wp","href":"https:\/\/api.w.org\/{rel}","templated":true}]}}