{"id":26795,"date":"2025-09-10T12:27:01","date_gmt":"2025-09-10T09:27:01","guid":{"rendered":"https:\/\/keluvo.com\/se\/product\/silikonskydd\/"},"modified":"2025-09-10T12:27:12","modified_gmt":"2025-09-10T09:27:12","slug":"silikonskydd","status":"publish","type":"product","link":"https:\/\/keluvo.com\/se\/product\/silikonskydd\/","title":{"rendered":"Silikonskydd"},"content":{"rendered":"<h2 style=\"text-align: center\">H\u00e5ller Maten Fr\u00e4sch L\u00e4ngre<\/h2>\n<p style=\"text-align: center\">Silikonskyddet skapar en luftt\u00e4t f\u00f6rsegling som h\u00e5ller maten fr\u00e4sch och skyddad fr\u00e5n lukt. Det \u00e4r perfekt f\u00f6r att t\u00e4cka sk\u00e5lar, krukor och till och med skurna frukter och hj\u00e4lper till att minska matsvinnet genom att bevara rester och f\u00e4rska ingredienser.<\/p>\n<p><img decoding=\"async\" class=\"alignnone size-medium wp-image-10938 aligncenter\" src=\"https:\/\/keluvo.com\/template\/wp-content\/uploads\/sites\/5\/2025\/02\/7850a6a0-26e3-4d1b-bf8b-5e96cb47f135.webp\" alt=\"\" \/><\/p>\n<h2 style=\"text-align: center\">T\u00f6jbar Och M\u00e5ngsidig Passform<\/h2>\n<p style=\"text-align: center\">Dessa \u00e5teranv\u00e4ndbara silikon\u00f6verdrag finns i olika storlekar och t\u00f6jer sig l\u00e4tt f\u00f6r att passa olika former och beh\u00e5llare. Fr\u00e5n sm\u00e5 fruktsk\u00e5lar till stora krukor, de ger en bra passform, vilket s\u00e4kerst\u00e4ller att inget spill eller l\u00e4ckage.<\/p>\n<h2 style=\"text-align: center\"><img decoding=\"async\" class=\"alignnone size-medium wp-image-10940 aligncenter\" src=\"https:\/\/keluvo.com\/template\/wp-content\/uploads\/sites\/5\/2025\/02\/S51bbc4d3a7314f7d88bbd9203954ce62l.jpg_960x960q75.jpg_.jpeg\" alt=\"\" \/>Vad Finns I F\u00f6rpackningen<\/h2>\n<ul>\n<li style=\"font-weight: 400\"><span style=\"font-weight: 400\">6x silikon stretchskydd i olika storlekar<\/span><span style=\"font-weight: 400\"><br \/>\n<\/span><\/li>\n<li style=\"font-weight: 400\"><span style=\"font-weight: 400\">Varje skydd \u00e4r flexibelt och h\u00e5llbart<\/span><span style=\"font-weight: 400\"><br \/>\n<\/span><\/li>\n<li style=\"font-weight: 400\"><span style=\"font-weight: 400\">Levereras i en praktisk f\u00f6rvaringsp\u00e5se<\/span><span style=\"font-weight: 400\"><br \/>\n<\/span><\/li>\n<\/ul>\n<p style=\"text-align: center\"><span style=\"font-weight: 400\">Dessa silikonskydd \u00e4r ett smart val f\u00f6r varje k\u00f6k. De g\u00f6r det enkelt att f\u00f6rvara mat och hj\u00e4lper dig att h\u00e5lla ditt k\u00f6k organiserat.<\/span><\/p>\n","protected":false},"excerpt":{"rendered":"<p>H\u00e5ller Maten Fr\u00e4sch L\u00e4ngre Silikonskyddet skapar en luftt\u00e4t f\u00f6rsegling som h\u00e5ller maten fr\u00e4sch och skyddad fr\u00e5n lukt. Det \u00e4r perfekt [&hellip;]<\/p>\n","protected":false},"featured_media":26791,"comment_status":"open","ping_status":"closed","template":"","meta":{"site-sidebar-layout":"default","site-content-layout":"","ast-site-content-layout":"default","site-content-style":"default","site-sidebar-style":"default","ast-global-header-display":"","ast-banner-title-visibility":"","ast-main-header-display":"","ast-hfb-above-header-display":"","ast-hfb-below-header-display":"","ast-hfb-mobile-header-display":"","site-post-title":"","ast-breadcrumbs-content":"","ast-featured-img":"","footer-sml-layout":"","theme-transparent-header-meta":"default","adv-header-id-meta":"","stick-header-meta":"","header-above-stick-meta":"","header-main-stick-meta":"","header-below-stick-meta":"","astra-migrate-meta-layouts":"set","ast-page-background-enabled":"default","ast-page-background-meta":{"desktop":{"background-color":"var(--ast-global-color-4)","background-image":"","background-repeat":"repeat","background-position":"center center","background-size":"auto","background-attachment":"scroll","background-type":"","background-media":"","overlay-type":"","overlay-color":"","overlay-opacity":"","overlay-gradient":""},"tablet":{"background-color":"","background-image":"","background-repeat":"repeat","background-position":"center center","background-size":"auto","background-attachment":"scroll","background-type":"","background-media":"","overlay-type":"","overlay-color":"","overlay-opacity":"","overlay-gradient":""},"mobile":{"background-color":"","background-image":"","background-repeat":"repeat","background-position":"center center","background-size":"auto","background-attachment":"scroll","background-type":"","background-media":"","overlay-type":"","overlay-color":"","overlay-opacity":"","overlay-gradient":""}},"ast-content-background-meta":{"desktop":{"background-color":"var(--ast-global-color-5)","background-image":"","background-repeat":"repeat","background-position":"center center","background-size":"auto","background-attachment":"scroll","background-type":"","background-media":"","overlay-type":"","overlay-color":"","overlay-opacity":"","overlay-gradient":""},"tablet":{"background-color":"var(--ast-global-color-5)","background-image":"","background-repeat":"repeat","background-position":"center center","background-size":"auto","background-attachment":"scroll","background-type":"","background-media":"","overlay-type":"","overlay-color":"","overlay-opacity":"","overlay-gradient":""},"mobile":{"background-color":"var(--ast-global-color-5)","background-image":"","background-repeat":"repeat","background-position":"center center","background-size":"auto","background-attachment":"scroll","background-type":"","background-media":"","overlay-type":"","overlay-color":"","overlay-opacity":"","overlay-gradient":""}}},"product_brand":[],"product_cat":[1001],"product_tag":[],"class_list":{"0":"post-26795","1":"product","2":"type-product","3":"status-publish","4":"has-post-thumbnail","6":"product_cat-household-goods","7":"pa_39824_1j2iugnf-bla","8":"pa_39824_1j2iugnf-gul","9":"pa_39824_1j2iugnf-rosa","10":"pa_39824_1j2iugnf-vit","11":"desktop-align-left","12":"tablet-align-left","13":"mobile-align-left","15":"first","16":"instock","17":"shipping-taxable","18":"purchasable","19":"product-type-variable"},"_links":{"self":[{"href":"https:\/\/keluvo.com\/se\/wp-json\/wp\/v2\/product\/26795","targetHints":{"allow":["GET"]}}],"collection":[{"href":"https:\/\/keluvo.com\/se\/wp-json\/wp\/v2\/product"}],"about":[{"href":"https:\/\/keluvo.com\/se\/wp-json\/wp\/v2\/types\/product"}],"replies":[{"embeddable":true,"href":"https:\/\/keluvo.com\/se\/wp-json\/wp\/v2\/comments?post=26795"}],"wp:featuredmedia":[{"embeddable":true,"href":"https:\/\/keluvo.com\/se\/wp-json\/wp\/v2\/media\/26791"}],"wp:attachment":[{"href":"https:\/\/keluvo.com\/se\/wp-json\/wp\/v2\/media?parent=26795"}],"wp:term":[{"taxonomy":"product_brand","embeddable":true,"href":"https:\/\/keluvo.com\/se\/wp-json\/wp\/v2\/product_brand?post=26795"},{"taxonomy":"product_cat","embeddable":true,"href":"https:\/\/keluvo.com\/se\/wp-json\/wp\/v2\/product_cat?post=26795"},{"taxonomy":"product_tag","embeddable":true,"href":"https:\/\/keluvo.com\/se\/wp-json\/wp\/v2\/product_tag?post=26795"}],"curies":[{"name":"wp","href":"https:\/\/api.w.org\/{rel}","templated":true}]}}