{"id":26782,"date":"2025-09-10T12:26:24","date_gmt":"2025-09-10T09:26:24","guid":{"rendered":"https:\/\/keluvo.com\/se\/product\/saker-nyckelhallare\/"},"modified":"2025-09-11T18:06:27","modified_gmt":"2025-09-11T15:06:27","slug":"saker-nyckelhallare","status":"publish","type":"product","link":"https:\/\/keluvo.com\/se\/product\/saker-nyckelhallare\/","title":{"rendered":"S\u00e4ker nyckelh\u00e5llare"},"content":{"rendered":"<p style=\"text-align: center\"><strong><span class=\"relative -mx-px my-[-0.2rem] rounded px-px py-[0.2rem] transition-colors duration-100 ease-in-out\">\ud83d\udd11 H\u00e5ll dina nycklar s\u00e4kra och skyddade med den h\u00e4r s\u00e4kra nyckelh\u00e5llaren \ud83d\udd10<\/span><\/strong><\/p>\n<p style=\"text-align: center\">Tappa aldrig bort dina nycklar igen! <span class=\"relative -mx-px my-[-0.2rem] rounded px-px py-[0.2rem] transition-colors duration-100 ease-in-out\">Den h\u00e4r s\u00e4kra nyckelh\u00e5llaren \u00e4r ett praktiskt och p\u00e5litligt tillbeh\u00f6r f\u00f6r vardagsbruk.<\/span> <span class=\"relative -mx-px my-[-0.2rem] rounded px-px py-[0.2rem] transition-colors duration-100 ease-in-out\">Den h\u00e5ller ordning p\u00e5 dina nycklar och har extra s\u00e4kerhetsfunktioner f\u00f6r att skydda dig.<\/span> <span class=\"relative -mx-px my-[-0.2rem] rounded px-px py-[0.2rem] transition-colors duration-100 ease-in-out\">Skaffa din idag och njut av bekv\u00e4mligheten och s\u00e4kerheten som den erbjuder.<\/span><\/p>\n<p><img decoding=\"async\" class=\"size-full wp-image-15084 aligncenter\" src=\"https:\/\/keluvo.com\/template\/wp-content\/uploads\/sites\/5\/2025\/04\/keyholder-ezgif.com-video-to-webp-converter.webp\" alt=\"\" \/><\/p>\n<h2 style=\"text-align: center\" data-start=\"465\" data-end=\"482\">Huvudf\u00f6rdelar<\/h2>\n<p class=\"\" data-start=\"486\" data-end=\"525\"><span class=\"relative -mx-px my-[-0.2rem] rounded px-px py-[0.2rem] transition-colors duration-100 ease-in-out\">\u2714 H\u00e5ller dina nycklar s\u00e4kra och l\u00e4ttillg\u00e4ngliga<\/span><\/p>\n<p class=\"\" data-start=\"528\" data-end=\"567\"><span class=\"relative -mx-px my-[-0.2rem] rounded px-px py-[0.2rem] transition-colors duration-100 ease-in-out\">\u2714 Ger personliga s\u00e4kerhetsfunktioner f\u00f6r sinnesfrid<\/span><\/p>\n<p class=\"\" data-start=\"570\" data-end=\"609\"><span class=\"relative -mx-px my-[-0.2rem] rounded px-px py-[0.2rem] transition-colors duration-100 ease-in-out\">\u2714 H\u00e5llbar och h\u00e5llbar design<\/span><\/p>\n<p class=\"\" data-start=\"612\" data-end=\"697\"><span class=\"relative -mx-px my-[-0.2rem] rounded px-px py-[0.2rem] transition-colors duration-100 ease-in-out\">\u2714 L\u00e4tt och enkel att b\u00e4ra<\/span><\/p>\n<p data-start=\"612\" data-end=\"697\"><img decoding=\"async\" class=\"size-full wp-image-15075 aligncenter\" src=\"https:\/\/keluvo.com\/template\/wp-content\/uploads\/sites\/5\/2025\/04\/960ad7bb-757c-4c03-bc85-6521be905b37.webp\" alt=\"\" \/><\/p>\n<h2 style=\"text-align: center\" data-start=\"704\" data-end=\"720\">Nyckelfunktioner<\/h2>\n<ul data-start=\"722\" data-end=\"977\">\n<li class=\"\" data-start=\"722\" data-end=\"763\">\n<p class=\"\" data-start=\"724\" data-end=\"763\"><span class=\"relative -mx-px my-[-0.2rem] rounded px-px py-[0.2rem] transition-colors duration-100 ease-in-out\">Den inf\u00e4llbara sladden str\u00e4cker sig upp till 70 cm<\/span><\/p>\n<\/li>\n<li class=\"\" data-start=\"764\" data-end=\"805\">\n<p class=\"\" data-start=\"766\" data-end=\"805\"><span class=\"relative -mx-px my-[-0.2rem] rounded px-px py-[0.2rem] transition-colors duration-100 ease-in-out\">H\u00e5ller upp till 8-10 nycklar med en 200 g lastkapacitet<\/span><\/p>\n<\/li>\n<li class=\"\" data-start=\"806\" data-end=\"847\">\n<p class=\"\" data-start=\"808\" data-end=\"847\"><span class=\"relative -mx-px my-[-0.2rem] rounded px-px py-[0.2rem] transition-colors duration-100 ease-in-out\">Tillverkad av rostfritt st\u00e5l och zinklegering<\/span><\/p>\n<\/li>\n<\/ul>\n<h2 style=\"text-align: center\" data-start=\"111\" data-end=\"127\">Paketet inneh\u00e5ller<\/h2>\n<ul data-start=\"212\" data-end=\"375\">\n<li class=\"\" data-start=\"212\" data-end=\"251\">\n<p class=\"\" data-start=\"214\" data-end=\"251\"><span class=\"relative -mx-px my-[-0.2rem] rounded px-px py-[0.2rem] transition-colors duration-100 ease-in-out\">1x s\u00e4ker nyckelh\u00e5llare med inf\u00e4llbar sladd<\/span><\/p>\n<\/li>\n<\/ul>\n<p class=\"\" style=\"text-align: center\" data-start=\"377\" data-end=\"458\"><span class=\"relative -mx-px my-[-0.2rem] rounded px-px py-[0.2rem] transition-colors duration-100 ease-in-out\">Den h\u00e4r nyckelh\u00e5llaren \u00e4r perfekt f\u00f6r att h\u00e5lla dina nycklar organiserade och ge extra s\u00e4kerhet.<\/span>\u200b\u200b<\/p>\n","protected":false},"excerpt":{"rendered":"<p>\ud83d\udd11 H\u00e5ll dina nycklar s\u00e4kra och skyddade med den h\u00e4r s\u00e4kra nyckelh\u00e5llaren \ud83d\udd10 Tappa aldrig bort dina nycklar igen! Den [&hellip;]<\/p>\n","protected":false},"featured_media":26778,"comment_status":"open","ping_status":"closed","template":"","meta":{"site-sidebar-layout":"default","site-content-layout":"","ast-site-content-layout":"default","site-content-style":"default","site-sidebar-style":"default","ast-global-header-display":"","ast-banner-title-visibility":"","ast-main-header-display":"","ast-hfb-above-header-display":"","ast-hfb-below-header-display":"","ast-hfb-mobile-header-display":"","site-post-title":"","ast-breadcrumbs-content":"","ast-featured-img":"","footer-sml-layout":"","theme-transparent-header-meta":"default","adv-header-id-meta":"","stick-header-meta":"","header-above-stick-meta":"","header-main-stick-meta":"","header-below-stick-meta":"","astra-migrate-meta-layouts":"set","ast-page-background-enabled":"default","ast-page-background-meta":{"desktop":{"background-color":"var(--ast-global-color-4)","background-image":"","background-repeat":"repeat","background-position":"center center","background-size":"auto","background-attachment":"scroll","background-type":"","background-media":"","overlay-type":"","overlay-color":"","overlay-opacity":"","overlay-gradient":""},"tablet":{"background-color":"","background-image":"","background-repeat":"repeat","background-position":"center center","background-size":"auto","background-attachment":"scroll","background-type":"","background-media":"","overlay-type":"","overlay-color":"","overlay-opacity":"","overlay-gradient":""},"mobile":{"background-color":"","background-image":"","background-repeat":"repeat","background-position":"center center","background-size":"auto","background-attachment":"scroll","background-type":"","background-media":"","overlay-type":"","overlay-color":"","overlay-opacity":"","overlay-gradient":""}},"ast-content-background-meta":{"desktop":{"background-color":"var(--ast-global-color-5)","background-image":"","background-repeat":"repeat","background-position":"center center","background-size":"auto","background-attachment":"scroll","background-type":"","background-media":"","overlay-type":"","overlay-color":"","overlay-opacity":"","overlay-gradient":""},"tablet":{"background-color":"var(--ast-global-color-5)","background-image":"","background-repeat":"repeat","background-position":"center center","background-size":"auto","background-attachment":"scroll","background-type":"","background-media":"","overlay-type":"","overlay-color":"","overlay-opacity":"","overlay-gradient":""},"mobile":{"background-color":"var(--ast-global-color-5)","background-image":"","background-repeat":"repeat","background-position":"center center","background-size":"auto","background-attachment":"scroll","background-type":"","background-media":"","overlay-type":"","overlay-color":"","overlay-opacity":"","overlay-gradient":""}}},"product_brand":[],"product_cat":[1001],"product_tag":[],"class_list":{"0":"post-26782","1":"product","2":"type-product","3":"status-publish","4":"has-post-thumbnail","6":"product_cat-household-goods","7":"pa_18575_hhkarx4t-svart","8":"pa_18575_hhkarx4t-vit","9":"desktop-align-left","10":"tablet-align-left","11":"mobile-align-left","13":"first","14":"instock","15":"shipping-taxable","16":"purchasable","17":"product-type-variable"},"_links":{"self":[{"href":"https:\/\/keluvo.com\/se\/wp-json\/wp\/v2\/product\/26782","targetHints":{"allow":["GET"]}}],"collection":[{"href":"https:\/\/keluvo.com\/se\/wp-json\/wp\/v2\/product"}],"about":[{"href":"https:\/\/keluvo.com\/se\/wp-json\/wp\/v2\/types\/product"}],"replies":[{"embeddable":true,"href":"https:\/\/keluvo.com\/se\/wp-json\/wp\/v2\/comments?post=26782"}],"wp:featuredmedia":[{"embeddable":true,"href":"https:\/\/keluvo.com\/se\/wp-json\/wp\/v2\/media\/26778"}],"wp:attachment":[{"href":"https:\/\/keluvo.com\/se\/wp-json\/wp\/v2\/media?parent=26782"}],"wp:term":[{"taxonomy":"product_brand","embeddable":true,"href":"https:\/\/keluvo.com\/se\/wp-json\/wp\/v2\/product_brand?post=26782"},{"taxonomy":"product_cat","embeddable":true,"href":"https:\/\/keluvo.com\/se\/wp-json\/wp\/v2\/product_cat?post=26782"},{"taxonomy":"product_tag","embeddable":true,"href":"https:\/\/keluvo.com\/se\/wp-json\/wp\/v2\/product_tag?post=26782"}],"curies":[{"name":"wp","href":"https:\/\/api.w.org\/{rel}","templated":true}]}}