{"id":26769,"date":"2025-09-10T12:25:36","date_gmt":"2025-09-10T09:25:36","guid":{"rendered":"https:\/\/keluvo.com\/se\/product\/magnetisk-timer\/"},"modified":"2025-10-07T15:32:33","modified_gmt":"2025-10-07T12:32:33","slug":"magnetisk-timer","status":"publish","type":"product","link":"https:\/\/keluvo.com\/se\/product\/magnetisk-timer\/","title":{"rendered":"Magnetisk timer"},"content":{"rendered":"<p style=\"text-align: center\"><strong>\u23f2 Ett snyggt och p\u00e5litligt verktyg som hj\u00e4lper dig att hantera tiden effektivt i k\u00f6ket, p\u00e5 kontoret eller i klassrummet \u23f3<\/strong><\/p>\n<p style=\"text-align: center\">Hantera tiden med l\u00e4tthet! <span style=\"font-weight: 400\">Denna timer \u00e4r tillverkad av h\u00f6gkvalitativt 304 rostfritt st\u00e5l, vilket garanterar h\u00e5llbarhet och korrosionsbest\u00e4ndighet. Den magnetiska baksidan g\u00f6r att du kan f\u00e4sta den p\u00e5 valfri metallyta, s\u00e5 att den alltid \u00e4r inom r\u00e4ckh\u00e5ll. Den stora ratten och det h\u00f6gljudda mekaniska larmet p\u00e5 85 dB s\u00e4kerst\u00e4ller att du aldrig missar en varning, inte ens i bullriga milj\u00f6er.<\/span><\/p>\n<p><img decoding=\"async\" class=\"size-full wp-image-15065 aligncenter\" src=\"https:\/\/keluvo.com\/template\/wp-content\/uploads\/sites\/5\/2025\/04\/timervideo-ezgif.com-gif-to-webp-converter.webp\" alt=\"\" \/><\/p>\n<h2 style=\"text-align: center\">L\u00e4mplig f\u00f6r k\u00f6k, kontor, klassrum och mycket mer<\/h2>\n<p><span style=\"font-weight: 400\">\u2714 H\u00e5llbar konstruktion i 304 rostfritt st\u00e5l<\/span><span style=\"font-weight: 400\"><br \/>\n<\/span><\/p>\n<p><span style=\"font-weight: 400\"> \u2714 Magnetisk baksida f\u00f6r bekv\u00e4m placering<\/span><span style=\"font-weight: 400\"><br \/>\n<\/span><\/p>\n<p><span style=\"font-weight: 400\">\u2714 H\u00f6gljutt mekaniskt larm p\u00e5 85 dB<\/span><span style=\"font-weight: 400\"><br \/>\n<\/span><\/p>\n<p><span style=\"font-weight: 400\">\u2714 Inga batterier kr\u00e4vs<\/span><span style=\"font-weight: 400\"><br \/>\n<\/span><\/p>\n<p><img decoding=\"async\" class=\"size-full wp-image-15060 aligncenter\" src=\"https:\/\/keluvo.com\/template\/wp-content\/uploads\/sites\/5\/2025\/04\/ca174875-7e50-4bdb-8e9c-cf23e3255a4c.webp\" alt=\"\" \/><\/p>\n<h2 style=\"text-align: center\">Hur man anv\u00e4nder den magnetiska timern?<\/h2>\n<p style=\"text-align: center\"><span style=\"font-weight: 400\">Vrid bara p\u00e5 ratten f\u00f6r att st\u00e4lla in \u00f6nskad tid, s\u00e5 r\u00e4knar timern ner exakt. N\u00e4r tiden har g\u00e5tt ut kommer det h\u00f6ga larmet att meddela dig omedelbart. Den mekaniska designen inneb\u00e4r att det inte beh\u00f6vs n\u00e5gra batterier, vilket g\u00f6r den till ett milj\u00f6v\u00e4nligt val.<\/span><\/p>\n<h2 style=\"text-align: center\">Package includes<\/h2>\n<ul>\n<li><span style=\"font-weight: 400\">1 x magnetisk timer ing\u00e5r i paketet.<\/span><span style=\"font-weight: 400\"><br \/>\n<\/span><\/li>\n<\/ul>\n","protected":false},"excerpt":{"rendered":"<p>\u23f2 Ett snyggt och p\u00e5litligt verktyg som hj\u00e4lper dig att hantera tiden effektivt i k\u00f6ket, p\u00e5 kontoret eller i klassrummet [&hellip;]<\/p>\n","protected":false},"featured_media":26765,"comment_status":"open","ping_status":"closed","template":"","meta":{"site-sidebar-layout":"default","site-content-layout":"","ast-site-content-layout":"default","site-content-style":"default","site-sidebar-style":"default","ast-global-header-display":"","ast-banner-title-visibility":"","ast-main-header-display":"","ast-hfb-above-header-display":"","ast-hfb-below-header-display":"","ast-hfb-mobile-header-display":"","site-post-title":"","ast-breadcrumbs-content":"","ast-featured-img":"","footer-sml-layout":"","theme-transparent-header-meta":"default","adv-header-id-meta":"","stick-header-meta":"","header-above-stick-meta":"","header-main-stick-meta":"","header-below-stick-meta":"","astra-migrate-meta-layouts":"set","ast-page-background-enabled":"default","ast-page-background-meta":{"desktop":{"background-color":"var(--ast-global-color-4)","background-image":"","background-repeat":"repeat","background-position":"center center","background-size":"auto","background-attachment":"scroll","background-type":"","background-media":"","overlay-type":"","overlay-color":"","overlay-opacity":"","overlay-gradient":""},"tablet":{"background-color":"","background-image":"","background-repeat":"repeat","background-position":"center center","background-size":"auto","background-attachment":"scroll","background-type":"","background-media":"","overlay-type":"","overlay-color":"","overlay-opacity":"","overlay-gradient":""},"mobile":{"background-color":"","background-image":"","background-repeat":"repeat","background-position":"center center","background-size":"auto","background-attachment":"scroll","background-type":"","background-media":"","overlay-type":"","overlay-color":"","overlay-opacity":"","overlay-gradient":""}},"ast-content-background-meta":{"desktop":{"background-color":"var(--ast-global-color-5)","background-image":"","background-repeat":"repeat","background-position":"center center","background-size":"auto","background-attachment":"scroll","background-type":"","background-media":"","overlay-type":"","overlay-color":"","overlay-opacity":"","overlay-gradient":""},"tablet":{"background-color":"var(--ast-global-color-5)","background-image":"","background-repeat":"repeat","background-position":"center center","background-size":"auto","background-attachment":"scroll","background-type":"","background-media":"","overlay-type":"","overlay-color":"","overlay-opacity":"","overlay-gradient":""},"mobile":{"background-color":"var(--ast-global-color-5)","background-image":"","background-repeat":"repeat","background-position":"center center","background-size":"auto","background-attachment":"scroll","background-type":"","background-media":"","overlay-type":"","overlay-color":"","overlay-opacity":"","overlay-gradient":""}}},"product_brand":[],"product_cat":[1001],"product_tag":[],"class_list":{"0":"post-26769","1":"product","2":"type-product","3":"status-publish","4":"has-post-thumbnail","6":"product_cat-household-goods","7":"pa_18864_2bfcxqnc-svart","8":"pa_18864_2bfcxqnc-vit","9":"desktop-align-left","10":"tablet-align-left","11":"mobile-align-left","13":"first","14":"instock","15":"shipping-taxable","16":"purchasable","17":"product-type-variable"},"_links":{"self":[{"href":"https:\/\/keluvo.com\/se\/wp-json\/wp\/v2\/product\/26769","targetHints":{"allow":["GET"]}}],"collection":[{"href":"https:\/\/keluvo.com\/se\/wp-json\/wp\/v2\/product"}],"about":[{"href":"https:\/\/keluvo.com\/se\/wp-json\/wp\/v2\/types\/product"}],"replies":[{"embeddable":true,"href":"https:\/\/keluvo.com\/se\/wp-json\/wp\/v2\/comments?post=26769"}],"wp:featuredmedia":[{"embeddable":true,"href":"https:\/\/keluvo.com\/se\/wp-json\/wp\/v2\/media\/26765"}],"wp:attachment":[{"href":"https:\/\/keluvo.com\/se\/wp-json\/wp\/v2\/media?parent=26769"}],"wp:term":[{"taxonomy":"product_brand","embeddable":true,"href":"https:\/\/keluvo.com\/se\/wp-json\/wp\/v2\/product_brand?post=26769"},{"taxonomy":"product_cat","embeddable":true,"href":"https:\/\/keluvo.com\/se\/wp-json\/wp\/v2\/product_cat?post=26769"},{"taxonomy":"product_tag","embeddable":true,"href":"https:\/\/keluvo.com\/se\/wp-json\/wp\/v2\/product_tag?post=26769"}],"curies":[{"name":"wp","href":"https:\/\/api.w.org\/{rel}","templated":true}]}}