{"id":26760,"date":"2025-09-10T12:25:06","date_gmt":"2025-09-10T09:25:06","guid":{"rendered":"https:\/\/keluvo.com\/se\/product\/kompakt-massageapparat\/"},"modified":"2025-09-10T12:25:06","modified_gmt":"2025-09-10T09:25:06","slug":"kompakt-massageapparat","status":"publish","type":"product","link":"https:\/\/keluvo.com\/se\/product\/kompakt-massageapparat\/","title":{"rendered":"Kompakt massageapparat"},"content":{"rendered":"<p style=\"text-align: center\"><strong>\ud83d\udc86\u200d\u2642\ufe0f En Kompakt Och L\u00e4ttanv\u00e4nd Enhet Som \u00c4r Utformad F\u00f6r Att Slappna Av I Kroppen Och Lindra Muskelsp\u00e4nningar\u26a1<\/strong><\/p>\n<p style=\"text-align: center\">Slappna av n\u00e4r som helst, var som helst! <span style=\"font-weight: 400\">Den h\u00e4r lilla massageapparaten \u00e4r perfekt f\u00f6r att mjuka upp nacke, rygg, midja, h\u00f6fter, ben och mycket mer. Med 60 justerbara l\u00e4gen kan du v\u00e4lja den massage som k\u00e4nns b\u00e4st f\u00f6r dig. Den \u00e4r l\u00e4tt och b\u00e4rbar, vilket g\u00f6r den enkel att b\u00e4ra och f\u00f6rvara.<\/span><\/p>\n<p><img decoding=\"async\" class=\"size-full wp-image-15044 aligncenter\" src=\"https:\/\/keluvo.com\/template\/wp-content\/uploads\/sites\/5\/2025\/04\/c7a21f55-0356-4465-aa1f-41ea3584a58d-ezgif.com-gif-to-webp-converter.webp\" alt=\"\" \/><\/p>\n<h2 style=\"text-align: center\">6 Justerbara Massagel\u00e4gen<span style=\"font-weight: 400\"><br \/>\n<\/span><\/h2>\n<p><span style=\"font-weight: 400\">\u2714 Riktar sig mot flera kroppsomr\u00e5den<\/span><span style=\"font-weight: 400\"><br \/>\n<\/span><\/p>\n<p><span style=\"font-weight: 400\">\u2714 L\u00e4tt och enkel att b\u00e4ra<\/span><span style=\"font-weight: 400\"><br \/>\n<\/span><\/p>\n<p><span style=\"font-weight: 400\">\u2714 Enkel anv\u00e4ndning med en knapp<\/span><span style=\"font-weight: 400\"><br \/>\n<\/span><\/p>\n<p><span style=\"font-weight: 400\">\u2714 Hj\u00e4lper till att lindra muskelsp\u00e4nningar och stress<\/span><\/p>\n<p><img decoding=\"async\" class=\"size-full wp-image-15050 aligncenter\" src=\"https:\/\/keluvo.com\/template\/wp-content\/uploads\/sites\/5\/2025\/04\/52ab7e48-4223-4dd1-803c-81fa0af3dfe1-ezgif.com-gif-to-webp-converter.webp\" alt=\"\" \/><\/p>\n<h2 style=\"text-align: center\">Hur Man Anv\u00e4nder Den Kompakta Massageapparaten?<\/h2>\n<p style=\"text-align: center\"><span style=\"font-weight: 400\">S\u00e4tt i 2x AAA-batterier (ing\u00e5r ej) i enheten. F\u00e4st massagepl\u00e5stret p\u00e5 det omr\u00e5de som du vill massera. Tryck p\u00e5 &#8221;on&#8221;-knappen f\u00f6r att starta och v\u00e4lj \u00f6nskat l\u00e4ge. Justera intensiteten till din komfortniv\u00e5. Njut av en 12-minuters massagesession som hj\u00e4lper dig att k\u00e4nna dig uppfriskad och avslappnad.<\/span><\/p>\n<h2 style=\"text-align: center\">Paketet Inneh\u00e5ller<\/h2>\n<p style=\"text-align: center\"><span style=\"font-weight: 400\">N\u00e4r du k\u00f6per den h\u00e4r produkten f\u00e5r du:<\/span><\/p>\n<ul>\n<li style=\"font-weight: 400\"><span style=\"font-weight: 400\">1x massageapparat<\/span><span style=\"font-weight: 400\"><br \/>\n<\/span><\/li>\n<li style=\"font-weight: 400\"><span style=\"font-weight: 400\">1x massagepl\u00e5ster<\/span><span style=\"font-weight: 400\"><br \/>\n<\/span><\/li>\n<\/ul>\n<p style=\"text-align: center\"><span style=\"font-weight: 400\">Den h\u00e4r massageapparaten \u00e4r utformad f\u00f6r bekv\u00e4mlighet och komfort, s\u00e5 att du kan njuta av en avslappnande massage var du \u00e4n \u00e4r.<\/span><\/p>\n","protected":false},"excerpt":{"rendered":"<p>\ud83d\udc86\u200d\u2642\ufe0f En Kompakt Och L\u00e4ttanv\u00e4nd Enhet Som \u00c4r Utformad F\u00f6r Att Slappna Av I Kroppen Och Lindra Muskelsp\u00e4nningar\u26a1 Slappna av [&hellip;]<\/p>\n","protected":false},"featured_media":26756,"comment_status":"open","ping_status":"closed","template":"","meta":{"site-sidebar-layout":"default","site-content-layout":"","ast-site-content-layout":"default","site-content-style":"default","site-sidebar-style":"default","ast-global-header-display":"","ast-banner-title-visibility":"","ast-main-header-display":"","ast-hfb-above-header-display":"","ast-hfb-below-header-display":"","ast-hfb-mobile-header-display":"","site-post-title":"","ast-breadcrumbs-content":"","ast-featured-img":"","footer-sml-layout":"","theme-transparent-header-meta":"default","adv-header-id-meta":"","stick-header-meta":"","header-above-stick-meta":"","header-main-stick-meta":"","header-below-stick-meta":"","astra-migrate-meta-layouts":"set","ast-page-background-enabled":"default","ast-page-background-meta":{"desktop":{"background-color":"var(--ast-global-color-4)","background-image":"","background-repeat":"repeat","background-position":"center center","background-size":"auto","background-attachment":"scroll","background-type":"","background-media":"","overlay-type":"","overlay-color":"","overlay-opacity":"","overlay-gradient":""},"tablet":{"background-color":"","background-image":"","background-repeat":"repeat","background-position":"center center","background-size":"auto","background-attachment":"scroll","background-type":"","background-media":"","overlay-type":"","overlay-color":"","overlay-opacity":"","overlay-gradient":""},"mobile":{"background-color":"","background-image":"","background-repeat":"repeat","background-position":"center center","background-size":"auto","background-attachment":"scroll","background-type":"","background-media":"","overlay-type":"","overlay-color":"","overlay-opacity":"","overlay-gradient":""}},"ast-content-background-meta":{"desktop":{"background-color":"var(--ast-global-color-5)","background-image":"","background-repeat":"repeat","background-position":"center center","background-size":"auto","background-attachment":"scroll","background-type":"","background-media":"","overlay-type":"","overlay-color":"","overlay-opacity":"","overlay-gradient":""},"tablet":{"background-color":"var(--ast-global-color-5)","background-image":"","background-repeat":"repeat","background-position":"center center","background-size":"auto","background-attachment":"scroll","background-type":"","background-media":"","overlay-type":"","overlay-color":"","overlay-opacity":"","overlay-gradient":""},"mobile":{"background-color":"var(--ast-global-color-5)","background-image":"","background-repeat":"repeat","background-position":"center center","background-size":"auto","background-attachment":"scroll","background-type":"","background-media":"","overlay-type":"","overlay-color":"","overlay-opacity":"","overlay-gradient":""}}},"product_brand":[],"product_cat":[991],"product_tag":[],"class_list":{"0":"post-26760","1":"product","2":"type-product","3":"status-publish","4":"has-post-thumbnail","6":"product_cat-health-care-supplies","7":"desktop-align-left","8":"tablet-align-left","9":"mobile-align-left","11":"first","12":"instock","13":"shipping-taxable","14":"purchasable","15":"product-type-simple"},"_links":{"self":[{"href":"https:\/\/keluvo.com\/se\/wp-json\/wp\/v2\/product\/26760","targetHints":{"allow":["GET"]}}],"collection":[{"href":"https:\/\/keluvo.com\/se\/wp-json\/wp\/v2\/product"}],"about":[{"href":"https:\/\/keluvo.com\/se\/wp-json\/wp\/v2\/types\/product"}],"replies":[{"embeddable":true,"href":"https:\/\/keluvo.com\/se\/wp-json\/wp\/v2\/comments?post=26760"}],"wp:featuredmedia":[{"embeddable":true,"href":"https:\/\/keluvo.com\/se\/wp-json\/wp\/v2\/media\/26756"}],"wp:attachment":[{"href":"https:\/\/keluvo.com\/se\/wp-json\/wp\/v2\/media?parent=26760"}],"wp:term":[{"taxonomy":"product_brand","embeddable":true,"href":"https:\/\/keluvo.com\/se\/wp-json\/wp\/v2\/product_brand?post=26760"},{"taxonomy":"product_cat","embeddable":true,"href":"https:\/\/keluvo.com\/se\/wp-json\/wp\/v2\/product_cat?post=26760"},{"taxonomy":"product_tag","embeddable":true,"href":"https:\/\/keluvo.com\/se\/wp-json\/wp\/v2\/product_tag?post=26760"}],"curies":[{"name":"wp","href":"https:\/\/api.w.org\/{rel}","templated":true}]}}