{"id":26743,"date":"2025-09-10T12:24:27","date_gmt":"2025-09-10T09:24:27","guid":{"rendered":"https:\/\/keluvo.com\/se\/product\/vattenflaska-for-hund\/"},"modified":"2025-09-10T12:24:38","modified_gmt":"2025-09-10T09:24:38","slug":"vattenflaska-for-hund","status":"publish","type":"product","link":"https:\/\/keluvo.com\/se\/product\/vattenflaska-for-hund\/","title":{"rendered":"Vattenflaska f\u00f6r hund"},"content":{"rendered":"<p style=\"text-align: center\"><strong>\ud83d\udc36 Ett Smart Och Enkelt S\u00e4tt Att H\u00e5lla Ditt Husdjur \u00c5terfuktat Under Promenader, Vandringar Eller Resor \ud83e\udd64<\/strong><\/p>\n<p style=\"text-align: center\">H\u00e5ll ditt husdjur lyckligt och \u00e5terfuktat! <span style=\"font-weight: 400\">Den h\u00e4r flaskan har ett 7 cm brett tr\u00e5g, vilket g\u00f6r det enkelt f\u00f6r hundar, katter och sm\u00e5 husdjur att dricka utan att spilla. Om ditt husdjur inte dricker upp vattnet, tryck p\u00e5 en knapp f\u00f6r att \u00e5terf\u00f6ra det till flaskan och spara varje droppe.<\/span><\/p>\n<p><img decoding=\"async\" class=\"size-full wp-image-14990 aligncenter\" src=\"https:\/\/keluvo.com\/template\/wp-content\/uploads\/sites\/5\/2025\/04\/dogwaterbottle-ezgif.com-video-to-webp-converter.webp\" alt=\"\" \/><\/p>\n<h2 style=\"text-align: center\">Huvudf\u00f6rdelar<\/h2>\n<p><span style=\"font-weight: 400\">\u2714 Enkel enhandsman\u00f6vrering<\/span><span style=\"font-weight: 400\"><br \/>\n<\/span><\/p>\n<p><span style=\"font-weight: 400\">\u2714 L\u00e4cks\u00e4ker design med ett s\u00e4kert l\u00e5s<\/span><span style=\"font-weight: 400\"><br \/>\n<\/span><\/p>\n<p><span style=\"font-weight: 400\">\u2714 B\u00e4rbar och l\u00e4tt<\/span><span style=\"font-weight: 400\"><br \/>\n<\/span><\/p>\n<p><span style=\"font-weight: 400\">\u2714 Tillverkad av s\u00e4ker, livsmedelsklassad plast<\/span><span style=\"font-weight: 400\"><br \/>\n<\/span><\/p>\n<p><span style=\"font-weight: 400\">\u2714 L\u00e4tt att reng\u00f6ra och \u00e5teranv\u00e4nda<\/span><\/p>\n<p><img decoding=\"async\" class=\"size-full wp-image-14995 aligncenter\" src=\"https:\/\/keluvo.com\/template\/wp-content\/uploads\/sites\/5\/2025\/04\/dog-bottle.jpeg\" alt=\"\" \/><\/p>\n<h2 style=\"text-align: center\">Hur Den Anv\u00e4nds?<\/h2>\n<p style=\"text-align: center\"><span style=\"font-weight: 400\">L\u00e5s upp flaskan, tryck p\u00e5 knappen f\u00f6r att fylla tr\u00e5get och l\u00e5t ditt husdjur dricka. sl\u00e4pp knappen f\u00f6r att stoppa fl\u00f6det. Om det finns kvar vatten, tryck p\u00e5 knappen igen f\u00f6r att \u00e5terf\u00f6ra det till flaskan.<\/span><\/p>\n<h2 style=\"text-align: center\">Vad Du F\u00e5r<\/h2>\n<p style=\"text-align: center\"><span style=\"font-weight: 400\">N\u00e4r du k\u00f6per den h\u00e4r produkten f\u00e5r du:<\/span><\/p>\n<ul>\n<li style=\"font-weight: 400\"><span style=\"font-weight: 400\">1x hundvattenflaska (250 ml kapacitet)<\/span><span style=\"font-weight: 400\"><br \/>\n<\/span><\/li>\n<li style=\"font-weight: 400\"><span style=\"font-weight: 400\">1x rep f\u00f6r enkel transport.<\/span><\/li>\n<\/ul>\n","protected":false},"excerpt":{"rendered":"<p>\ud83d\udc36 Ett Smart Och Enkelt S\u00e4tt Att H\u00e5lla Ditt Husdjur \u00c5terfuktat Under Promenader, Vandringar Eller Resor \ud83e\udd64 H\u00e5ll ditt husdjur [&hellip;]<\/p>\n","protected":false},"featured_media":26739,"comment_status":"open","ping_status":"closed","template":"","meta":{"site-sidebar-layout":"default","site-content-layout":"","ast-site-content-layout":"default","site-content-style":"default","site-sidebar-style":"default","ast-global-header-display":"","ast-banner-title-visibility":"","ast-main-header-display":"","ast-hfb-above-header-display":"","ast-hfb-below-header-display":"","ast-hfb-mobile-header-display":"","site-post-title":"","ast-breadcrumbs-content":"","ast-featured-img":"","footer-sml-layout":"","theme-transparent-header-meta":"default","adv-header-id-meta":"","stick-header-meta":"","header-above-stick-meta":"","header-main-stick-meta":"","header-below-stick-meta":"","astra-migrate-meta-layouts":"set","ast-page-background-enabled":"default","ast-page-background-meta":{"desktop":{"background-color":"var(--ast-global-color-4)","background-image":"","background-repeat":"repeat","background-position":"center center","background-size":"auto","background-attachment":"scroll","background-type":"","background-media":"","overlay-type":"","overlay-color":"","overlay-opacity":"","overlay-gradient":""},"tablet":{"background-color":"","background-image":"","background-repeat":"repeat","background-position":"center center","background-size":"auto","background-attachment":"scroll","background-type":"","background-media":"","overlay-type":"","overlay-color":"","overlay-opacity":"","overlay-gradient":""},"mobile":{"background-color":"","background-image":"","background-repeat":"repeat","background-position":"center center","background-size":"auto","background-attachment":"scroll","background-type":"","background-media":"","overlay-type":"","overlay-color":"","overlay-opacity":"","overlay-gradient":""}},"ast-content-background-meta":{"desktop":{"background-color":"var(--ast-global-color-5)","background-image":"","background-repeat":"repeat","background-position":"center center","background-size":"auto","background-attachment":"scroll","background-type":"","background-media":"","overlay-type":"","overlay-color":"","overlay-opacity":"","overlay-gradient":""},"tablet":{"background-color":"var(--ast-global-color-5)","background-image":"","background-repeat":"repeat","background-position":"center center","background-size":"auto","background-attachment":"scroll","background-type":"","background-media":"","overlay-type":"","overlay-color":"","overlay-opacity":"","overlay-gradient":""},"mobile":{"background-color":"var(--ast-global-color-5)","background-image":"","background-repeat":"repeat","background-position":"center center","background-size":"auto","background-attachment":"scroll","background-type":"","background-media":"","overlay-type":"","overlay-color":"","overlay-opacity":"","overlay-gradient":""}}},"product_brand":[],"product_cat":[997],"product_tag":[],"class_list":{"0":"post-26743","1":"product","2":"type-product","3":"status-publish","4":"has-post-thumbnail","6":"product_cat-pets-products","7":"pa_47067_317sx9sk-s","8":"pa_47067_317sx9sk-l","9":"pa_47067_3yk08xm0-bla","10":"pa_47067_3yk08xm0-rosa","11":"desktop-align-left","12":"tablet-align-left","13":"mobile-align-left","15":"first","16":"instock","17":"shipping-taxable","18":"purchasable","19":"product-type-variable","20":"has-default-attributes"},"_links":{"self":[{"href":"https:\/\/keluvo.com\/se\/wp-json\/wp\/v2\/product\/26743","targetHints":{"allow":["GET"]}}],"collection":[{"href":"https:\/\/keluvo.com\/se\/wp-json\/wp\/v2\/product"}],"about":[{"href":"https:\/\/keluvo.com\/se\/wp-json\/wp\/v2\/types\/product"}],"replies":[{"embeddable":true,"href":"https:\/\/keluvo.com\/se\/wp-json\/wp\/v2\/comments?post=26743"}],"wp:featuredmedia":[{"embeddable":true,"href":"https:\/\/keluvo.com\/se\/wp-json\/wp\/v2\/media\/26739"}],"wp:attachment":[{"href":"https:\/\/keluvo.com\/se\/wp-json\/wp\/v2\/media?parent=26743"}],"wp:term":[{"taxonomy":"product_brand","embeddable":true,"href":"https:\/\/keluvo.com\/se\/wp-json\/wp\/v2\/product_brand?post=26743"},{"taxonomy":"product_cat","embeddable":true,"href":"https:\/\/keluvo.com\/se\/wp-json\/wp\/v2\/product_cat?post=26743"},{"taxonomy":"product_tag","embeddable":true,"href":"https:\/\/keluvo.com\/se\/wp-json\/wp\/v2\/product_tag?post=26743"}],"curies":[{"name":"wp","href":"https:\/\/api.w.org\/{rel}","templated":true}]}}