{"id":26734,"date":"2025-09-10T12:23:50","date_gmt":"2025-09-10T09:23:50","guid":{"rendered":"https:\/\/keluvo.com\/se\/product\/ring-av-naturlig-mossa\/"},"modified":"2025-09-10T12:23:50","modified_gmt":"2025-09-10T09:23:50","slug":"ring-av-naturlig-mossa","status":"publish","type":"product","link":"https:\/\/keluvo.com\/se\/product\/ring-av-naturlig-mossa\/","title":{"rendered":"Ring av naturlig mossa"},"content":{"rendered":"<p style=\"text-align: center\"><strong>\ud83d\udc8d Ett unikt och elegant smycke f\u00f6r speciella stunder. \ud83d\udc9a<\/strong><\/p>\n<p style=\"text-align: center\">En fantastisk naturlig look! <span class=\"relative -mx-px my-[-0.2rem] rounded px-px py-[0.2rem] transition-colors duration-100 ease-in-out\">Den h\u00e4r ringen har en \u00e4kta mossagatsten infattad i massivt 925 silver.<\/span> <span class=\"relative -mx-px my-[-0.2rem] rounded px-px py-[0.2rem] transition-colors duration-100 ease-in-out\">Varje sten har sina egna naturliga m\u00f6nster, vilket g\u00f6r varje ring unik.<\/span> <span class=\"relative -mx-px my-[-0.2rem] rounded px-px py-[0.2rem] transition-colors duration-100 ease-in-out\">Perfekt f\u00f6r br\u00f6llop, f\u00f6rlovningar, fester eller som en omt\u00e4nksam g\u00e5va.<\/span><\/p>\n<p><img decoding=\"async\" class=\"size-full wp-image-15123 aligncenter\" src=\"https:\/\/keluvo.com\/template\/wp-content\/uploads\/sites\/5\/2025\/04\/ring-ezgif.com-video-to-webp-converter.webp\" alt=\"\" \/><\/p>\n<h2 style=\"text-align: center\"><span class=\"relative -mx-px my-[-0.2rem] rounded px-px py-[0.2rem] transition-colors duration-100 ease-in-out\">Tillverkad Med \u00c4kta Mossagatsten<\/span><\/h2>\n<p style=\"text-align: left\"><span class=\"relative -mx-px my-[-0.2rem] rounded px-px py-[0.2rem] bg-[#FCECC1] dark:bg-[#64572A] transition-colors duration-100 ease-in-out\">\u2714 Massivt 925 sterling silverband<\/span><\/p>\n<p style=\"text-align: left\"><span class=\"relative -mx-px my-[-0.2rem] rounded px-px py-[0.2rem] transition-colors duration-100 ease-in-out\"><span class=\"relative -mx-px my-[-0.2rem] rounded px-px py-[0.2rem] bg-[#FCECC1] dark:bg-[#64572A] transition-colors duration-100 ease-in-out\">\u2714 <\/span>Varje ring har en unik naturlig design<\/span><\/p>\n<p style=\"text-align: left\"><span class=\"relative -mx-px my-[-0.2rem] rounded px-px py-[0.2rem] transition-colors duration-100 ease-in-out\"><span class=\"relative -mx-px my-[-0.2rem] rounded px-px py-[0.2rem] bg-[#FCECC1] dark:bg-[#64572A] transition-colors duration-100 ease-in-out\">\u2714 <\/span>Elegant och tidl\u00f6s stil<\/span><\/p>\n<p style=\"text-align: left\"><span class=\"relative -mx-px my-[-0.2rem] rounded px-px py-[0.2rem] transition-colors duration-100 ease-in-out\"><span class=\"relative -mx-px my-[-0.2rem] rounded px-px py-[0.2rem] bg-[#FCECC1] dark:bg-[#64572A] transition-colors duration-100 ease-in-out\">\u2714 <\/span>Passar f\u00f6r olika tillf\u00e4llen<\/span><\/p>\n<p><img decoding=\"async\" class=\"size-full wp-image-15127 aligncenter\" src=\"https:\/\/keluvo.com\/template\/wp-content\/uploads\/sites\/5\/2025\/04\/d2e8b00b-cbbf-4097-9715-13260b18d27d.webp\" alt=\"\" \/><\/p>\n<h2 style=\"text-align: center\">Perfekt F\u00f6r Varje Tillf\u00e4lle<\/h2>\n<p style=\"text-align: center\"><span class=\"relative -mx-px my-[-0.2rem] rounded px-px py-[0.2rem] transition-colors duration-100 ease-in-out\">B\u00e4r ringen p\u00e5 fingret f\u00f6r att ge en touch av naturlig sk\u00f6nhet till din outfit.<\/span> <span class=\"relative -mx-px my-[-0.2rem] rounded px-px py-[0.2rem] transition-colors duration-100 ease-in-out\">F\u00f6rvara den i den medf\u00f6ljande presentf\u00f6rpackningen n\u00e4r den inte anv\u00e4nds f\u00f6r att h\u00e5lla den s\u00e4ker och ren.<\/span><\/p>\n<h2 style=\"text-align: center\">F\u00f6rpackningen Inneh\u00e5ller<\/h2>\n<ul>\n<li><span class=\"relative -mx-px my-[-0.2rem] rounded px-px py-[0.2rem] transition-colors duration-100 ease-in-out\">1x naturlig mossagatring med en 13x18mm oval sten<\/span><\/li>\n<\/ul>\n<p><strong data-start=\"856\" data-end=\"872\">Observera:<\/strong><br data-start=\"872\" data-end=\"875\" \/><span class=\"relative -mx-px my-[-0.2rem] rounded px-px py-[0.2rem] transition-colors duration-100 ease-in-out\">Eftersom varje mossagatsten \u00e4r naturlig kan m\u00f6nster och f\u00e4rger variera n\u00e5got. Detta bidrar till att g\u00f6ra varje ring unik.<\/span><\/p>\n","protected":false},"excerpt":{"rendered":"<p>\ud83d\udc8d Ett unikt och elegant smycke f\u00f6r speciella stunder. \ud83d\udc9a En fantastisk naturlig look! Den h\u00e4r ringen har en \u00e4kta [&hellip;]<\/p>\n","protected":false},"featured_media":26730,"comment_status":"open","ping_status":"closed","template":"","meta":{"site-sidebar-layout":"default","site-content-layout":"","ast-site-content-layout":"default","site-content-style":"default","site-sidebar-style":"default","ast-global-header-display":"","ast-banner-title-visibility":"","ast-main-header-display":"","ast-hfb-above-header-display":"","ast-hfb-below-header-display":"","ast-hfb-mobile-header-display":"","site-post-title":"","ast-breadcrumbs-content":"","ast-featured-img":"","footer-sml-layout":"","theme-transparent-header-meta":"default","adv-header-id-meta":"","stick-header-meta":"","header-above-stick-meta":"","header-main-stick-meta":"","header-below-stick-meta":"","astra-migrate-meta-layouts":"set","ast-page-background-enabled":"default","ast-page-background-meta":{"desktop":{"background-color":"var(--ast-global-color-4)","background-image":"","background-repeat":"repeat","background-position":"center center","background-size":"auto","background-attachment":"scroll","background-type":"","background-media":"","overlay-type":"","overlay-color":"","overlay-opacity":"","overlay-gradient":""},"tablet":{"background-color":"","background-image":"","background-repeat":"repeat","background-position":"center center","background-size":"auto","background-attachment":"scroll","background-type":"","background-media":"","overlay-type":"","overlay-color":"","overlay-opacity":"","overlay-gradient":""},"mobile":{"background-color":"","background-image":"","background-repeat":"repeat","background-position":"center center","background-size":"auto","background-attachment":"scroll","background-type":"","background-media":"","overlay-type":"","overlay-color":"","overlay-opacity":"","overlay-gradient":""}},"ast-content-background-meta":{"desktop":{"background-color":"var(--ast-global-color-5)","background-image":"","background-repeat":"repeat","background-position":"center center","background-size":"auto","background-attachment":"scroll","background-type":"","background-media":"","overlay-type":"","overlay-color":"","overlay-opacity":"","overlay-gradient":""},"tablet":{"background-color":"var(--ast-global-color-5)","background-image":"","background-repeat":"repeat","background-position":"center center","background-size":"auto","background-attachment":"scroll","background-type":"","background-media":"","overlay-type":"","overlay-color":"","overlay-opacity":"","overlay-gradient":""},"mobile":{"background-color":"var(--ast-global-color-5)","background-image":"","background-repeat":"repeat","background-position":"center center","background-size":"auto","background-attachment":"scroll","background-type":"","background-media":"","overlay-type":"","overlay-color":"","overlay-opacity":"","overlay-gradient":""}}},"product_brand":[],"product_cat":[992],"product_tag":[],"class_list":{"0":"post-26734","1":"product","2":"type-product","3":"status-publish","4":"has-post-thumbnail","6":"product_cat-beauty-and-hygiene-products","7":"desktop-align-left","8":"tablet-align-left","9":"mobile-align-left","11":"first","12":"instock","13":"shipping-taxable","14":"purchasable","15":"product-type-simple"},"_links":{"self":[{"href":"https:\/\/keluvo.com\/se\/wp-json\/wp\/v2\/product\/26734","targetHints":{"allow":["GET"]}}],"collection":[{"href":"https:\/\/keluvo.com\/se\/wp-json\/wp\/v2\/product"}],"about":[{"href":"https:\/\/keluvo.com\/se\/wp-json\/wp\/v2\/types\/product"}],"replies":[{"embeddable":true,"href":"https:\/\/keluvo.com\/se\/wp-json\/wp\/v2\/comments?post=26734"}],"wp:featuredmedia":[{"embeddable":true,"href":"https:\/\/keluvo.com\/se\/wp-json\/wp\/v2\/media\/26730"}],"wp:attachment":[{"href":"https:\/\/keluvo.com\/se\/wp-json\/wp\/v2\/media?parent=26734"}],"wp:term":[{"taxonomy":"product_brand","embeddable":true,"href":"https:\/\/keluvo.com\/se\/wp-json\/wp\/v2\/product_brand?post=26734"},{"taxonomy":"product_cat","embeddable":true,"href":"https:\/\/keluvo.com\/se\/wp-json\/wp\/v2\/product_cat?post=26734"},{"taxonomy":"product_tag","embeddable":true,"href":"https:\/\/keluvo.com\/se\/wp-json\/wp\/v2\/product_tag?post=26734"}],"curies":[{"name":"wp","href":"https:\/\/api.w.org\/{rel}","templated":true}]}}