{"id":26724,"date":"2025-09-10T12:23:14","date_gmt":"2025-09-10T09:23:14","guid":{"rendered":"https:\/\/keluvo.com\/se\/product\/magnetisk-fonstertvatt\/"},"modified":"2025-09-11T18:00:59","modified_gmt":"2025-09-11T15:00:59","slug":"magnetisk-fonstertvatt","status":"publish","type":"product","link":"https:\/\/keluvo.com\/se\/product\/magnetisk-fonstertvatt\/","title":{"rendered":"Magnetisk f\u00f6nstertv\u00e4tt"},"content":{"rendered":"<p style=\"text-align: center\"><strong>\ud83e\uddf2 Ett smart och s\u00e4kert s\u00e4tt att reng\u00f6ra b\u00e5da sidor av f\u00f6nstren utan att g\u00e5 ut. \ud83e\uddfd<\/strong><\/p>\n<p style=\"text-align: center\">Putsar f\u00f6nster p\u00e5 ett s\u00e4kert och enkelt s\u00e4tt. <span style=\"font-weight: 400\">Det h\u00e4r verktyget anv\u00e4nder starka magneter f\u00f6r att h\u00e5lla ihop tv\u00e5 reng\u00f6ringsdynor genom glaset. Du flyttar den inre dynan och den yttre f\u00f6ljer efter och reng\u00f6r b\u00e5da sidorna samtidigt. Det \u00e4r perfekt f\u00f6r h\u00f6ga f\u00f6nster eller sv\u00e5r\u00e5tkomliga st\u00e4llen.<\/span><\/p>\n<p><img decoding=\"async\" class=\"size-full wp-image-14961 aligncenter\" src=\"https:\/\/keluvo.com\/template\/wp-content\/uploads\/sites\/5\/2025\/04\/windowcleaner-ezgif.com-video-to-webp-converter.webp\" alt=\"\" \/><\/p>\n<h2 style=\"text-align: center\">Reng\u00f6r B\u00e5da Sidor Av F\u00f6nstret Samtidigt!<\/h2>\n<p><span style=\"font-weight: 400\">\u2714 Starka magneter h\u00e5ller reng\u00f6ringsmedlet p\u00e5 plats<\/span><span style=\"font-weight: 400\"><br \/>\n<\/span><\/p>\n<p><span style=\"font-weight: 400\">\u2714 Triangul\u00e4r design n\u00e5r enkelt h\u00f6rn<\/span><span style=\"font-weight: 400\"><br \/>\n<\/span><\/p>\n<p><span style=\"font-weight: 400\">\u2714 Vattenf\u00f6rvaring h\u00e5ller svamparna fuktiga f\u00f6r b\u00e4ttre reng\u00f6ring<\/span><span style=\"font-weight: 400\"><br \/>\n<\/span><\/p>\n<p><span style=\"font-weight: 400\">\u2714 Justerbar magnetisk kraft passar olika glastjocklekar<\/span><span style=\"font-weight: 400\"><br \/>\n<\/span><\/p>\n<p><span style=\"font-weight: 400\">\u2714 S\u00e4kerhetsrep f\u00f6rhindrar att den yttre dynan faller<\/span><span style=\"font-weight: 400\"><br \/>\n<\/span><\/p>\n<p><img decoding=\"async\" class=\"size-full wp-image-15223 aligncenter\" src=\"https:\/\/keluvo.com\/template\/wp-content\/uploads\/sites\/5\/2025\/04\/WhatsApp-Image-2025-04-22-at-15.38.55_9a549982.jpg\" alt=\"\" \/><\/p>\n<h2 style=\"text-align: center\">Hur Man Anv\u00e4nder Den Magnetiska F\u00f6nsterreng\u00f6raren?<\/h2>\n<p style=\"text-align: center\"><span style=\"font-weight: 400\">F\u00e4st s\u00e4kerhetsrepet p\u00e5 din handled. Separera de tv\u00e5 reng\u00f6ringsdynorna. Fukta tv\u00e4ttsvamparna med vatten och lite reng\u00f6ringsmedel. Placera den ena dynan p\u00e5 insidan och den andra p\u00e5 utsidan av f\u00f6nstret. Flytta den inre dynan f\u00f6r att reng\u00f6ra b\u00e5da sidor av glaset.<\/span><\/p>\n<h2 style=\"text-align: center\">Vad Du F\u00e5r<\/h2>\n<p style=\"text-align: center\"><span style=\"font-weight: 400\">N\u00e4r du k\u00f6per den h\u00e4r produkten f\u00e5r du:<\/span><\/p>\n<ul>\n<li style=\"font-weight: 400\"><span style=\"font-weight: 400\">1x par magnetiska f\u00f6nsterputsare (3-8mm)<\/span><\/li>\n<li style=\"font-weight: 400\"><span style=\"font-weight: 400\">10x utbytbara reng\u00f6ringssvampar<\/span><\/li>\n<li style=\"font-weight: 400\"><span style=\"font-weight: 400\">2x ers\u00e4ttningstorkarremsor<\/span><\/li>\n<li style=\"font-weight: 400\"><span style=\"font-weight: 400\">1x skiljev\u00e4ggsf\u00e4ste<\/span><\/li>\n<li><span style=\"font-weight: 400\">1x s\u00e4kerhetsrep.<\/span><span style=\"font-weight: 400\"><br \/>\n<\/span><\/li>\n<\/ul>\n","protected":false},"excerpt":{"rendered":"<p>\ud83e\uddf2 Ett smart och s\u00e4kert s\u00e4tt att reng\u00f6ra b\u00e5da sidor av f\u00f6nstren utan att g\u00e5 ut. \ud83e\uddfd Putsar f\u00f6nster p\u00e5 [&hellip;]<\/p>\n","protected":false},"featured_media":26720,"comment_status":"open","ping_status":"closed","template":"","meta":{"site-sidebar-layout":"default","site-content-layout":"","ast-site-content-layout":"default","site-content-style":"default","site-sidebar-style":"default","ast-global-header-display":"","ast-banner-title-visibility":"","ast-main-header-display":"","ast-hfb-above-header-display":"","ast-hfb-below-header-display":"","ast-hfb-mobile-header-display":"","site-post-title":"","ast-breadcrumbs-content":"","ast-featured-img":"","footer-sml-layout":"","theme-transparent-header-meta":"default","adv-header-id-meta":"","stick-header-meta":"","header-above-stick-meta":"","header-main-stick-meta":"","header-below-stick-meta":"","astra-migrate-meta-layouts":"set","ast-page-background-enabled":"default","ast-page-background-meta":{"desktop":{"background-color":"var(--ast-global-color-4)","background-image":"","background-repeat":"repeat","background-position":"center center","background-size":"auto","background-attachment":"scroll","background-type":"","background-media":"","overlay-type":"","overlay-color":"","overlay-opacity":"","overlay-gradient":""},"tablet":{"background-color":"","background-image":"","background-repeat":"repeat","background-position":"center center","background-size":"auto","background-attachment":"scroll","background-type":"","background-media":"","overlay-type":"","overlay-color":"","overlay-opacity":"","overlay-gradient":""},"mobile":{"background-color":"","background-image":"","background-repeat":"repeat","background-position":"center center","background-size":"auto","background-attachment":"scroll","background-type":"","background-media":"","overlay-type":"","overlay-color":"","overlay-opacity":"","overlay-gradient":""}},"ast-content-background-meta":{"desktop":{"background-color":"var(--ast-global-color-5)","background-image":"","background-repeat":"repeat","background-position":"center center","background-size":"auto","background-attachment":"scroll","background-type":"","background-media":"","overlay-type":"","overlay-color":"","overlay-opacity":"","overlay-gradient":""},"tablet":{"background-color":"var(--ast-global-color-5)","background-image":"","background-repeat":"repeat","background-position":"center center","background-size":"auto","background-attachment":"scroll","background-type":"","background-media":"","overlay-type":"","overlay-color":"","overlay-opacity":"","overlay-gradient":""},"mobile":{"background-color":"var(--ast-global-color-5)","background-image":"","background-repeat":"repeat","background-position":"center center","background-size":"auto","background-attachment":"scroll","background-type":"","background-media":"","overlay-type":"","overlay-color":"","overlay-opacity":"","overlay-gradient":""}}},"product_brand":[],"product_cat":[1001],"product_tag":[],"class_list":{"0":"post-26724","1":"product","2":"type-product","3":"status-publish","4":"has-post-thumbnail","6":"product_cat-household-goods","7":"pa_28113_s4wd8ljp-bla","8":"pa_28113_s4wd8ljp-gron","9":"pa_28113_s4wd8ljp-orange","10":"pa_28113_s4wd8ljp-rod","11":"desktop-align-left","12":"tablet-align-left","13":"mobile-align-left","15":"first","16":"instock","17":"shipping-taxable","18":"purchasable","19":"product-type-simple"},"_links":{"self":[{"href":"https:\/\/keluvo.com\/se\/wp-json\/wp\/v2\/product\/26724","targetHints":{"allow":["GET"]}}],"collection":[{"href":"https:\/\/keluvo.com\/se\/wp-json\/wp\/v2\/product"}],"about":[{"href":"https:\/\/keluvo.com\/se\/wp-json\/wp\/v2\/types\/product"}],"replies":[{"embeddable":true,"href":"https:\/\/keluvo.com\/se\/wp-json\/wp\/v2\/comments?post=26724"}],"wp:featuredmedia":[{"embeddable":true,"href":"https:\/\/keluvo.com\/se\/wp-json\/wp\/v2\/media\/26720"}],"wp:attachment":[{"href":"https:\/\/keluvo.com\/se\/wp-json\/wp\/v2\/media?parent=26724"}],"wp:term":[{"taxonomy":"product_brand","embeddable":true,"href":"https:\/\/keluvo.com\/se\/wp-json\/wp\/v2\/product_brand?post=26724"},{"taxonomy":"product_cat","embeddable":true,"href":"https:\/\/keluvo.com\/se\/wp-json\/wp\/v2\/product_cat?post=26724"},{"taxonomy":"product_tag","embeddable":true,"href":"https:\/\/keluvo.com\/se\/wp-json\/wp\/v2\/product_tag?post=26724"}],"curies":[{"name":"wp","href":"https:\/\/api.w.org\/{rel}","templated":true}]}}