{"id":26698,"date":"2025-09-10T12:22:18","date_gmt":"2025-09-10T09:22:18","guid":{"rendered":"https:\/\/keluvo.com\/se\/product\/kudde-for-lugnande-husdjur\/"},"modified":"2025-09-11T18:00:12","modified_gmt":"2025-09-11T15:00:12","slug":"kudde-for-lugnande-husdjur","status":"publish","type":"product","link":"https:\/\/keluvo.com\/se\/product\/kudde-for-lugnande-husdjur\/","title":{"rendered":"Kudde f\u00f6r lugnande husdjur"},"content":{"rendered":"<p style=\"text-align: center\"><strong>\ud83d\udc36 En mjuk och mysig s\u00e4ng som hj\u00e4lper din lilla hund eller katt att k\u00e4nna sig trygg och avslappnad \ud83d\ude3b<\/strong><\/p>\n<p style=\"text-align: center\">Hj\u00e4lp ditt husdjur att k\u00e4nna sig lugn och glad! <span style=\"font-weight: 400\">Den h\u00e4r kudden \u00e4r perfekt f\u00f6r husdjur som gillar att rulla ihop sig. Den ger dem en varm och s\u00e4ker plats att vila p\u00e5. Det mjuka materialet bidrar till att minska stress och \u00e5ngest, vilket g\u00f6r att ditt husdjur k\u00e4nner sig mer bekv\u00e4mt och tillfreds.<\/span><\/p>\n<p><img decoding=\"async\" class=\"size-full wp-image-14868 aligncenter\" src=\"https:\/\/keluvo.com\/template\/wp-content\/uploads\/sites\/5\/2025\/04\/74443d2c-a0a2-43e3-88cd-29e39a084ddb.webp\" alt=\"\" \/><\/p>\n<h2 style=\"text-align: center\">Ger Ditt Husdjur En Mysig Plats Att Koppla Av<span style=\"font-weight: 400\"><br \/>\n<\/span><\/h2>\n<p><span style=\"font-weight: 400\">\u2714 Bidrar till att minska \u00e5ngest och stress<\/span><span style=\"font-weight: 400\"><br \/>\n<\/span><\/p>\n<p><span style=\"font-weight: 400\">\u2714 Bidrar till b\u00e4ttre s\u00f6mn och allm\u00e4n h\u00e4lsa<\/span><span style=\"font-weight: 400\"><br \/>\n<\/span><\/p>\n<p><span style=\"font-weight: 400\">\u2714 L\u00e4tt att reng\u00f6ra och underh\u00e5lla\u200b<\/span><span style=\"font-weight: 400\"><br \/>\n<\/span><\/p>\n<p><img decoding=\"async\" class=\"size-full wp-image-14866 aligncenter\" src=\"https:\/\/keluvo.com\/template\/wp-content\/uploads\/sites\/5\/2025\/04\/5ca01ee4-e255-45c3-add7-a7b4d1f57831.webp\" alt=\"\" \/><\/p>\n<h2 style=\"text-align: center\">Maskintv\u00e4ttbar<\/h2>\n<p style=\"text-align: center\"><span style=\"font-weight: 400\">Placera kudden p\u00e5 ditt husdjurs favoritplats. Den kan tv\u00e4ttas i maskin s\u00e5 att du kan h\u00e5lla den ren och fr\u00e4sch. Tv\u00e4tta och torka den bara efter behov f\u00f6r att bibeh\u00e5lla dess mjukhet och komfort.<\/span><\/p>\n<h2 style=\"text-align: center\">Vad Du F\u00e5r<\/h2>\n<p style=\"text-align: center\"><span style=\"font-weight: 400\">N\u00e4r du k\u00f6per den h\u00e4r produkten f\u00e5r du:<\/span><\/p>\n<ul>\n<li style=\"font-weight: 400\"><span style=\"font-weight: 400\">1x lugnande kudde f\u00f6r sm\u00e5 hundar eller katter<\/span><\/li>\n<\/ul>\n<p style=\"text-align: center\"><span style=\"font-weight: 400\">Kudden \u00e4r tillverkad av mjuk fuskp\u00e4ls och fylld med bekv\u00e4m bomull. Den m\u00e4ter ca 27 x 6 x 6 cm och \u00e4r l\u00e4mplig f\u00f6r husdjur upp till 5 kg.<\/span><\/p>\n","protected":false},"excerpt":{"rendered":"<p>\ud83d\udc36 En mjuk och mysig s\u00e4ng som hj\u00e4lper din lilla hund eller katt att k\u00e4nna sig trygg och avslappnad \ud83d\ude3b [&hellip;]<\/p>\n","protected":false},"featured_media":26694,"comment_status":"open","ping_status":"closed","template":"","meta":{"site-sidebar-layout":"default","site-content-layout":"","ast-site-content-layout":"default","site-content-style":"default","site-sidebar-style":"default","ast-global-header-display":"","ast-banner-title-visibility":"","ast-main-header-display":"","ast-hfb-above-header-display":"","ast-hfb-below-header-display":"","ast-hfb-mobile-header-display":"","site-post-title":"","ast-breadcrumbs-content":"","ast-featured-img":"","footer-sml-layout":"","theme-transparent-header-meta":"default","adv-header-id-meta":"","stick-header-meta":"","header-above-stick-meta":"","header-main-stick-meta":"","header-below-stick-meta":"","astra-migrate-meta-layouts":"set","ast-page-background-enabled":"default","ast-page-background-meta":{"desktop":{"background-color":"var(--ast-global-color-4)","background-image":"","background-repeat":"repeat","background-position":"center center","background-size":"auto","background-attachment":"scroll","background-type":"","background-media":"","overlay-type":"","overlay-color":"","overlay-opacity":"","overlay-gradient":""},"tablet":{"background-color":"","background-image":"","background-repeat":"repeat","background-position":"center center","background-size":"auto","background-attachment":"scroll","background-type":"","background-media":"","overlay-type":"","overlay-color":"","overlay-opacity":"","overlay-gradient":""},"mobile":{"background-color":"","background-image":"","background-repeat":"repeat","background-position":"center center","background-size":"auto","background-attachment":"scroll","background-type":"","background-media":"","overlay-type":"","overlay-color":"","overlay-opacity":"","overlay-gradient":""}},"ast-content-background-meta":{"desktop":{"background-color":"var(--ast-global-color-5)","background-image":"","background-repeat":"repeat","background-position":"center center","background-size":"auto","background-attachment":"scroll","background-type":"","background-media":"","overlay-type":"","overlay-color":"","overlay-opacity":"","overlay-gradient":""},"tablet":{"background-color":"var(--ast-global-color-5)","background-image":"","background-repeat":"repeat","background-position":"center center","background-size":"auto","background-attachment":"scroll","background-type":"","background-media":"","overlay-type":"","overlay-color":"","overlay-opacity":"","overlay-gradient":""},"mobile":{"background-color":"var(--ast-global-color-5)","background-image":"","background-repeat":"repeat","background-position":"center center","background-size":"auto","background-attachment":"scroll","background-type":"","background-media":"","overlay-type":"","overlay-color":"","overlay-opacity":"","overlay-gradient":""}}},"product_brand":[],"product_cat":[997],"product_tag":[],"class_list":{"0":"post-26698","1":"product","2":"type-product","3":"status-publish","4":"has-post-thumbnail","6":"product_cat-pets-products","7":"pa_46538_4osagmy8-gra","8":"pa_46538_4osagmy8-gul","9":"pa_46538_4osagmy8-himmelbla","10":"pa_46538_4osagmy8-lila","11":"pa_46538_4osagmy8-marinbla","12":"pa_46538_4osagmy8-rosa","13":"pa_46538_4osagmy8-vit","14":"desktop-align-left","15":"tablet-align-left","16":"mobile-align-left","18":"first","19":"instock","20":"shipping-taxable","21":"purchasable","22":"product-type-variable"},"_links":{"self":[{"href":"https:\/\/keluvo.com\/se\/wp-json\/wp\/v2\/product\/26698","targetHints":{"allow":["GET"]}}],"collection":[{"href":"https:\/\/keluvo.com\/se\/wp-json\/wp\/v2\/product"}],"about":[{"href":"https:\/\/keluvo.com\/se\/wp-json\/wp\/v2\/types\/product"}],"replies":[{"embeddable":true,"href":"https:\/\/keluvo.com\/se\/wp-json\/wp\/v2\/comments?post=26698"}],"wp:featuredmedia":[{"embeddable":true,"href":"https:\/\/keluvo.com\/se\/wp-json\/wp\/v2\/media\/26694"}],"wp:attachment":[{"href":"https:\/\/keluvo.com\/se\/wp-json\/wp\/v2\/media?parent=26698"}],"wp:term":[{"taxonomy":"product_brand","embeddable":true,"href":"https:\/\/keluvo.com\/se\/wp-json\/wp\/v2\/product_brand?post=26698"},{"taxonomy":"product_cat","embeddable":true,"href":"https:\/\/keluvo.com\/se\/wp-json\/wp\/v2\/product_cat?post=26698"},{"taxonomy":"product_tag","embeddable":true,"href":"https:\/\/keluvo.com\/se\/wp-json\/wp\/v2\/product_tag?post=26698"}],"curies":[{"name":"wp","href":"https:\/\/api.w.org\/{rel}","templated":true}]}}